{"id":896,"date":"2022-06-28T02:18:16","date_gmt":"2022-06-28T02:18:16","guid":{"rendered":"https:\/\/store.linhlinhdan.servisense.xyz\/?page_id=896"},"modified":"2023-11-24T10:15:55","modified_gmt":"2023-11-24T03:15:55","slug":"garden-service","status":"publish","type":"page","link":"https:\/\/linhlinhdan.com\/vi\/service\/garden-service\/","title":{"rendered":"D\u1ecbch v\u1ee5 b\u1ea3o tr\u00ec s\u00e2n v\u01b0\u1eddn"},"content":{"rendered":"<div id=\"page-header-231557246\" class=\"page-header-wrapper\">\n  <div class=\"page-title dark featured-title\">\n\n    \n    <div class=\"page-title-inner container align-center text-center flex-row-col medium-flex-wrap\" >\n              <div class=\"title-wrapper flex-col\">\n          <h1 class=\"entry-title mb-0\">\n            D\u1ecaCH V\u1ee4 CHUY\u00caN BI\u1ec6T          <\/h1>\n        <\/div>\n                    <div class=\"title-content flex-col\">\n        <div class=\"title-breadcrumbs pb-half pt-half\"><\/div>      <\/div>\n    <\/div>\n\n       <\/div>\n    <\/div>\n  \n\t<div id=\"gap-1310042507\" class=\"gap-element clearfix\" style=\"display:block; height:auto;\">\n\t\t\n<style>\n#gap-1310042507 {\n  padding-top: 3em;\n}\n<\/style>\n\t<\/div>\n\t\n<div class=\"row\"  id=\"row-154794540\">\n\n\t<div id=\"col-758268460\" class=\"col col-sidebar medium-3 small-12 large-3\"  >\n\t\t\t\t<div class=\"col-inner\"  >\n\t\t\t\n\t\t\t\n<h5>B\u1ea2O TR\u00cc<\/h5>\n<ul>\n<li><a href=\"https:\/\/linhlinhdan.com\/vi\/service\/pool-service\/\">D\u1ecbch v\u1ee5 b\u1ea3o tr\u00ec h\u1ed3 b\u01a1i chuy\u00ean nghi\u1ec7p<\/a><\/li>\n<li><a href=\"https:\/\/linhlinhdan.com\/vi\/service\/steam-sauna-service\/\">D\u1ecbch v\u1ee5 b\u1ea3o tr\u00ec ph\u00f2ng spa h\u01a1i &amp; sauna<\/a><\/li>\n<li><a href=\"https:\/\/linhlinhdan.com\/vi\/service\/garden-service\/\">D\u1ecbch v\u1ee5 b\u1ea3o tr\u00ec s\u00e2n v\u01b0\u1eddn<\/a><\/li>\n<li><a href=\"https:\/\/linhlinhdan.com\/vi\/service\/commercial-service\/\">D\u1ecbch v\u1ee5 b\u1ea3o tr\u00ec th\u01b0\u01a1ng m\u1ea1i<\/a><\/li>\n<\/ul>\n<div class=\"is-divider divider clearfix\" style=\"max-width:100%;height:1px;background-color:rgb(34, 56, 200);\"><\/div>\n\n<h5>S\u1eecA CH\u1eeeA TR\u00d9NG TU<\/h5>\n<ul>\n<li><a href=\"https:\/\/linhlinhdan.com\/vi\/service\/acid-wash-service\/\">T\u1ea9y s\u1ea1ch ax\u00edt<\/a><\/li>\n<li><a href=\"https:\/\/linhlinhdan.com\/vi\/service\/pool-sand-replacement\/\">Thay c\u00e1t h\u1ed3 b\u01a1i<\/a><\/li>\n<li><a href=\"https:\/\/linhlinhdan.com\/vi\/service\/pool-filter-clean-up\/\">L\u00e0m s\u1ea1ch h\u1ec7 th\u1ed1ng l\u1ecdc h\u1ed3<\/a><\/li>\n<li><a href=\"https:\/\/linhlinhdan.com\/vi\/service\/salt-cell-install-service\/\">C\u00e0i \u0111\u1eb7t \u00f4 mu\u1ed1i<\/a><\/li>\n<li><a href=\"https:\/\/linhlinhdan.com\/vi\/service\/pool-plumping-repair\/\">S\u1eefa ch\u1eefa m\u00e1y b\u01a1m h\u1ed3 b\u01a1i<\/a><\/li>\n<li><a href=\"https:\/\/linhlinhdan.com\/vi\/service\/pool-draining\/\">H\u00fat c\u1ea1n h\u1ed3 b\u01a1i<\/a><\/li>\n<li><a href=\"https:\/\/linhlinhdan.com\/vi\/service\/pool-heater-tune-up\/\">Ch\u1ec9nh b\u1ed9 nhi\u1ec7t n\u00f3ng h\u1ed3 b\u01a1i<\/a><\/li>\n<li><a href=\"https:\/\/linhlinhdan.com\/vi\/service\/pool-tile-care\/\">Ch\u0103m s\u00f3c g\u1ea1ch h\u1ed3<\/a><\/li>\n<\/ul>\n\t<div id=\"text-457966747\" class=\"text hidden\">\n\t\t\n\n<h5>XEM TH\u00caM<\/h5>\n<ul>\n<li><a href=\"#\">D\u1ecbch v\u1ee5 l\u1eafp \u0111\u1eb7t<\/a><\/li>\n<li><a href=\"#\">C\u00e2u h\u1ecfi th\u01b0\u1eddng g\u1eb7p v\u1ec1 d\u1ef1 \u00e1n v\u00e0 x\u00e2y d\u1ef1ng<\/a><\/li>\n<li><a href=\"#\">D\u1ef1 to\u00e1n d\u1ef1 \u00e1n<\/a><\/li>\n<li><a href=\"https:\/\/linhlinhdan.com\/vi\/community\/\">C\u1ed9ng \u0110\u1ed3ng<\/a><\/li>\n<\/ul>\n\t\t\t<\/div>\n\t\n\t\t<\/div>\n\t\t\t\t\t<\/div>\n\n\t\n\n\t<div id=\"col-205506802\" class=\"col stack_table single-post block-page-title medium-9 small-12 large-9\"  >\n\t\t\t\t<div class=\"col-inner\"  >\n\t\t\t\n\t\t\t\n\t<div id=\"gap-574331638\" class=\"gap-element clearfix\" style=\"display:block; height:auto;\">\n\t\t\n<style>\n#gap-574331638 {\n  padding-top: 20px;\n}\n<\/style>\n\t<\/div>\n\t\n  <div id=\"page-header-1129233798\" class=\"page-header-wrapper\">\n  <div class=\"page-title service_title light simple-title\">\n\n    \n    <div class=\"page-title-inner container align-top flex-row medium-flex-wrap\" >\n              <div class=\"title-wrapper uppercase flex-col text-left medium-text-center\">\n          <h1 class=\"entry-title mb-0\">\n            D\u1ecbch v\u1ee5 b\u1ea3o tr\u00ec s\u00e2n v\u01b0\u1eddn          <\/h1>\n        <\/div>\n                    <div class=\"title-content flex-col flex-right text-right medium-text-center\">\n        <div class=\"title-breadcrumbs pb-half pt-half\"><\/div>      <\/div>\n    <\/div>\n\n       <\/div>\n    <\/div>\n  \n<p><span style=\"font-weight: 400\">T\u1ea1i Linh Linh Dan, ch\u00fang t\u00f4i lu\u00f4n quan t\u00e2m \u0111\u1ebfn s\u1ef1 k\u1ebft n\u1ed1i v\u00e0 t\u1ea1o ni\u1ec1m tin t\u01b0\u1edfng v\u1edbi t\u1eebng qu\u00fd kh\u00e1ch h\u00e0ng s\u1eed d\u1ee5ng d\u1ecbch v\u1ee5 c\u1ee7a ch\u00fang t\u00f4i. V\u00ec th\u1ebf, ch\u00fang t\u00f4i lu\u00f4n cung c\u1ea5p nhi\u1ec1u d\u1ecbch v\u1ee5 chuy\u00ean bi\u1ec7t kh\u00e1c nhau nh\u1eb1m \u0111\u00e1p \u1ee9ng \u0111\u01b0\u1ee3c nh\u1eefng y\u00eau c\u1ea7u ri\u00eang. Ch\u00fang t\u00f4i kh\u00f4ng ch\u1ec9 l\u00e0 chuy\u00ean gia trong l\u0129nh v\u1ef1c x\u00e2y d\u1ef1ng v\u00e0 b\u1ea3o tr\u00ec h\u1ed3 b\u01a1i &amp; spa, nh\u01b0ng c\u00f2n l\u00e0 m\u1ed9t \u0111\u1ed9i ri\u00eang bi\u1ec7t lu\u00f4n quan t\u00e2m \u0111\u1ebfn gia \u0111\u00ecnh kh\u00e1ch h\u00e0ng. Ch\u00fang t\u00f4i c\u00f3 th\u1ec3 d\u1ecdn d\u1eb9p v\u01b0\u1eddn b\u1ea1n cho ng\u0103n n\u1eafp, t\u1ec9a c\u00e2y, ng\u1eaft hoa h\u00e9o, r\u1ea3i ph\u00e2n b\u00f3n v\u00e0 nhi\u1ec1u h\u01a1n n\u1eefa. \u0110\u1eb7c bi\u1ec7t quan t\u00e2m \u0111\u1ebfn t\u1eebng ng\u00f3c ng\u00e1ch nh\u1ecf c\u1ee7a s\u00e2n v\u01b0\u1eddn qu\u00fd kh\u00e1ch. <\/span><\/p>\n\t<div id=\"text-3388041542\" class=\"text d-flex text-inline\">\n\t\t\n\t\t\t<\/div>\n\t\n\t<div id=\"gap-1496725341\" class=\"gap-element clearfix\" style=\"display:block; height:auto;\">\n\t\t\n<style>\n#gap-1496725341 {\n  padding-top: 2em;\n}\n<\/style>\n\t<\/div>\n\t\n<p><span style=\"font-weight: 400\">D\u1ecbch v\u1ee5 ch\u0103m s\u00f3c, b\u1ea3o tr\u00ec v\u01b0\u1eddn c\u1ee7a ch\u00fang t\u00f4i g\u1ed3m c\u00f3:<\/span><\/p>\n<ul>\n<li style=\"font-weight: 400\"><span style=\"font-weight: 400\">Lo\u1ea1i b\u1ecf c\u00e1c lo\u00e0i c\u1ecf d\u1ea1i x\u00e2m l\u1ea5n<\/span><\/li>\n<li style=\"font-weight: 400\"><span style=\"font-weight: 400\">\u0110\u1ec1 ph\u00f2ng \u0111\u1ea5t ch\u1eb7t<\/span><\/li>\n<li style=\"font-weight: 400\"><span style=\"font-weight: 400\">T\u01b0\u1edbi n\u01b0\u1edbc, c\u1eaft t\u1ec9a c\u00e0nh v\u00e0 c\u1eaft c\u1ecf s\u00e2n v\u01b0\u1eddn<\/span><\/li>\n<li>B\u00f3n ph\u00e2n, x\u1ecbt thu\u1ed1c tr\u1eeb s\u00e2u v\u00e0 x\u1eed l\u00fd s\u00e2u b\u1ec7nh<\/li>\n<li style=\"font-weight: 400\"><span style=\"font-weight: 400\">D\u1ecbch v\u1ee5 th\u1ee7y l\u1ee3i<\/span><\/li>\n<li style=\"font-weight: 400\"><span style=\"font-weight: 400\">D\u1ecbch v\u1ee5 mulching<\/span><\/li>\n<\/ul>\n<p><span style=\"font-weight: 400\">V\u00e0 nhi\u1ec1u h\u01a1n n\u1eefa <\/span><\/p>\n<p><span style=\"font-weight: 400\">LLD pool &amp; spa s\u1ebd l\u00ean k\u1ebf ho\u1ea1ch \u0111\u1eb7c bi\u1ec7t ph\u00f9 h\u1ee3p theo nhu c\u1ea7u c\u1ee7a qu\u00fd kh\u00e1ch v\u00e0 \u0111\u1ea3m b\u1ea3o v\u01b0\u1eddn nh\u00e0 lu\u00f4n xanh t\u01b0\u01a1i, s\u1ea1ch s\u1ebd v\u00e0 tr\u00f4ng \u1ea5n t\u01b0\u1ee3ng nh\u1ea5t c\u00f3 th\u1ec3. <\/span><\/p>\n<p><span style=\"font-weight: 400\">H\u00e3y li\u00ean h\u1ec7 v\u1edbi ch\u00fang t\u00f4i \u0111\u1ec3 \u0111\u01b0\u1ee3c t\u01b0 v\u1ea5n v\u00e0 s\u1eed d\u1ee5ng d\u1ecbch v\u1ee5<\/span><\/p>\n\t<div id=\"gap-988807094\" class=\"gap-element clearfix\" style=\"display:block; height:auto;\">\n\t\t\n<style>\n#gap-988807094 {\n  padding-top: 3em;\n}\n<\/style>\n\t<\/div>\n\t\n\t<div id=\"text-1685840599\" class=\"text\">\n\t\t\n<p>LLD x\u00e1c \u0111\u1ecbnh c\u00e1c v\u1eadt li\u1ec7u v\u00e0 thi\u1ebft b\u1ecb s\u1eed d\u1ee5ng l\u00e0 ch\u1ea5t l\u01b0\u1ee3ng cao nh\u1ea5t. \u0110\u01b0\u1ee3c l\u1ef1a ch\u1ecdn c\u1ea9n th\u1eadn v\u00e0 ph\u00f9 h\u1ee3p v\u1edbi t\u00fai ti\u1ec1n cho m\u1ecdi \u0111\u1ed1i t\u01b0\u1ee3ng. H\u00e3y \u0111\u1ec3 Linh Linh Dan, c\u00f9ng v\u1edbi tay ngh\u1ec1 chuy\u00ean nghi\u1ec7p v\u00e0 kinh nghi\u1ec7m l\u00e2u n\u0103m mang \u0111\u1ebfn cho qu\u00fd kh\u00e1ch nh\u1eefng tr\u1ea3i nghi\u1ec7m t\u1ed1t nh\u1ea5t trong d\u1ecbch v\u1ee5 h\u1ed3 b\u01a1i v\u00e0 s\u00e2n v\u01b0\u1eddn.<\/p>\n<p><strong>Linh Linh \u0110an cung c\u1ea5p c\u00e1c g\u00f3i d\u1ecbch v\u1ee5 gi\u00e1 c\u1ea3 ph\u1ea3i ch\u0103ng cho c\u00e1c ch\u1ee7 nh\u00e0 v\u00e0 c\u00e1c gi\u1ea3i ph\u00e1p t\u1ed1i \u01b0u \u0111\u1ebfn cho c\u00e1c d\u1ef1 \u00e1n th\u01b0\u01a1ng m\u1ea1i. S\u1eed d\u1ee5ng d\u1ecbch v\u1ee5 c\u1ee7a Linh Linh Dan l\u00e0 s\u1ef1 l\u1ef1a ch\u1ecdn an to\u00e0n, chuy\u00ean nghi\u1ec7p, \u0111\u00e1ng tin c\u1eady v\u00e0 ph\u00f9 h\u1ee3p nh\u1ea5t cho t\u1ea5t c\u1ea3 c\u00e1c nhu c\u1ea7u d\u1ecbch v\u1ee5 c\u1ee7a qu\u00fd kh\u00e1ch. Gi\u00fap duy tr\u00ec ng\u00f4i nh\u00e0 \/ d\u1ef1 \u00e1n xinh \u0111\u1eb9p c\u1ee7a qu\u00fd kh\u00e1ch tr\u1edf th\u00e0nh m\u1ed9t tr\u1ea3i nghi\u1ec7m t\u1ed1t \u0111\u1eb9p.<\/strong><br \/>\n\t\t\n<style>\n#text-1685840599 {\n  font-size: 1.0625rem;\n}\n<\/style>\n\t<\/div>\n\t\n\t<div id=\"gap-1664910019\" class=\"gap-element clearfix\" style=\"display:block; height:auto;\">\n\t\t\n<style>\n#gap-1664910019 {\n  padding-top: 1.5em;\n}\n<\/style>\n\t<\/div>\n\t\n<a href=\"https:\/\/linhlinhdan.com\/vi\/service\/free-service-estimation\/\" target=\"_self\" class=\"button primary btn-full\"  style=\"border-radius:25px;\">\n    <span>\u0110\u1eb6T H\u1eb8N D\u1ecaCH V\u1ee4 C\u1ee6A CH\u00daNG T\u00d4I NGAY H\u00d4M NAY<\/span>\n  <\/a>\n\n\t\t<\/div>\n\t\t\t\t\t<\/div>\n\n\t\n<\/div>\n\t<section class=\"section section_counter_white\" id=\"section_632984464\">\n\t\t<div class=\"bg section-bg fill bg-fill  bg-loaded\" >\n\n\t\t\t\n\t\t\t\n\t\t\t\n\n\t\t<\/div>\n\n\t\t<div class=\"section-content relative\">\n\t\t\t\n\n\t\t<div class=\"wase\">\n\t\t\t\t\n\n<svg xmlns=\"http:\/\/www.w3.org\/2000\/svg\" width=\"1918\" height=\"226.888\" viewbox=\"0 0 1918 226.888\">\n  <path id=\"Path_1\" data-name=\"Path 1\" d=\"M1921,1745V1518.112c-57.278,14.256-428.156,87.547-827,78.888-430.983-9.356-445.135-102.1-1091-19.22V1745Z\" transform=\"translate(-3 -1518.112)\" fill=\"#77aabc\"\/>\n<\/svg>\n\t\t<\/div>\n\t\n<div class=\"row row_counter\"  id=\"row-1700970653\">\n\n\n\t<div id=\"col-1828186431\" class=\"col small-12 large-12\"  >\n\t\t\t\t<div class=\"col-inner\"  >\n\t\t\t\n\t\t\t\n\n\t<div id=\"stack-3113553497\" class=\"stack stack-row justify-between items-end\">\n\t\t\n\n\t<div id=\"text-3080455988\" class=\"text\">\n\t\t\n\n<h4><span class=\"count-up\">337<\/span><\/h4>\n<p>H\u1ed8 GIA \u0110\u00ccNH<\/p>\n\t\t\n<style>\n#text-3080455988 {\n  text-align: center;\n}\n<\/style>\n\t<\/div>\n\t\n\t<div id=\"text-463468680\" class=\"text\">\n\t\t\n\n<h4><span class=\"count-up\">1000<\/span><\/h4>\n<p>D\u1ecaCH V\u1ee4 S\u1eec D\u1ee4NG<\/p>\n\t\t\n<style>\n#text-463468680 {\n  text-align: center;\n}\n<\/style>\n\t<\/div>\n\t\n\t<div id=\"text-2107081721\" class=\"text\">\n\t\t\n\n<h4><span class=\"count-up\">1000<\/span><\/h4>\n<p>H\u1ed2 B\u01a0I THI C\u00d4NG<\/p>\n\t\t\n<style>\n#text-2107081721 {\n  text-align: center;\n}\n<\/style>\n\t<\/div>\n\t\n\t<div id=\"text-2694561090\" class=\"text\">\n\t\t\n\n<h4><span class=\"count-up\">24<br \/><\/span><\/h4>\n<p>N\u0102M KINH NGHI\u1ec6M<\/p>\n\t\t\n<style>\n#text-2694561090 {\n  text-align: center;\n}\n<\/style>\n\t<\/div>\n\t\n\n\t\t\n<style>\n#stack-3113553497 > * {\n  --stack-gap: 0rem;\n}\n<\/style>\n\t<\/div>\n\t\n\n\t\t<\/div>\n\t\t\t\t\t<\/div>\n\n\t\n\n<\/div>\n\n\t\t<\/div>\n\n\t\t\n<style>\n#section_632984464 {\n  padding-top: 60px;\n  padding-bottom: 60px;\n}\n<\/style>\n\t<\/section>","protected":false},"excerpt":{"rendered":"","protected":false},"author":2,"featured_media":0,"parent":377,"menu_order":0,"comment_status":"closed","ping_status":"closed","template":"page-blank.php","meta":{"footnotes":""},"class_list":["post-896","page","type-page","status-publish","hentry"],"yoast_head":"<!-- This site is optimized with the Yoast SEO plugin v20.13 - https:\/\/yoast.com\/wordpress\/plugins\/seo\/ -->\n<title>Garden Service - Linh Linh Dan Store<\/title>\n<meta name=\"robots\" content=\"index, follow, max-snippet:-1, max-image-preview:large, max-video-preview:-1\" \/>\n<link rel=\"canonical\" href=\"https:\/\/linhlinhdan.com\/vi\/service\/garden-service\/\" \/>\n<meta property=\"og:locale\" content=\"vi_VN\" \/>\n<meta property=\"og:type\" content=\"article\" \/>\n<meta property=\"og:title\" content=\"Garden Service - Linh Linh Dan Store\" \/>\n<meta property=\"og:url\" content=\"https:\/\/linhlinhdan.com\/vi\/service\/garden-service\/\" \/>\n<meta property=\"og:site_name\" content=\"Linh Linh Dan Store\" \/>\n<meta property=\"article:modified_time\" content=\"2023-11-24T03:15:55+00:00\" \/>\n<meta name=\"twitter:card\" content=\"summary_large_image\" \/>\n<meta name=\"twitter:label1\" content=\"\u01af\u1edbc t\u00ednh th\u1eddi gian \u0111\u1ecdc\" \/>\n\t<meta name=\"twitter:data1\" content=\"2 ph\u00fat\" \/>\n<script type=\"application\/ld+json\" class=\"yoast-schema-graph\">{\"@context\":\"https:\/\/schema.org\",\"@graph\":[{\"@type\":\"WebPage\",\"@id\":\"https:\/\/linhlinhdan.com\/service\/garden-service\/\",\"url\":\"https:\/\/linhlinhdan.com\/service\/garden-service\/\",\"name\":\"Garden Service - Linh Linh Dan Store\",\"isPartOf\":{\"@id\":\"https:\/\/linhlinhdan.com\/#website\"},\"datePublished\":\"2022-06-28T02:18:16+00:00\",\"dateModified\":\"2023-11-24T03:15:55+00:00\",\"breadcrumb\":{\"@id\":\"https:\/\/linhlinhdan.com\/service\/garden-service\/#breadcrumb\"},\"inLanguage\":\"vi\",\"potentialAction\":[{\"@type\":\"ReadAction\",\"target\":[\"https:\/\/linhlinhdan.com\/service\/garden-service\/\"]}]},{\"@type\":\"BreadcrumbList\",\"@id\":\"https:\/\/linhlinhdan.com\/service\/garden-service\/#breadcrumb\",\"itemListElement\":[{\"@type\":\"ListItem\",\"position\":1,\"name\":\"Home\",\"item\":\"https:\/\/linhlinhdan.com\/\"},{\"@type\":\"ListItem\",\"position\":2,\"name\":\"Service\",\"item\":\"https:\/\/linhlinhdan.com\/service\/\"},{\"@type\":\"ListItem\",\"position\":3,\"name\":\"Garden Service\"}]},{\"@type\":\"WebSite\",\"@id\":\"https:\/\/linhlinhdan.com\/#website\",\"url\":\"https:\/\/linhlinhdan.com\/\",\"name\":\"Linh Linh Dan Store\",\"description\":\"\",\"potentialAction\":[{\"@type\":\"SearchAction\",\"target\":{\"@type\":\"EntryPoint\",\"urlTemplate\":\"https:\/\/linhlinhdan.com\/?s={search_term_string}\"},\"query-input\":\"required name=search_term_string\"}],\"inLanguage\":\"vi\"}]}<\/script>\n<!-- \/ Yoast SEO plugin. -->","yoast_head_json":{"title":"Garden Service - Linh Linh Dan Store","robots":{"index":"index","follow":"follow","max-snippet":"max-snippet:-1","max-image-preview":"max-image-preview:large","max-video-preview":"max-video-preview:-1"},"canonical":"https:\/\/linhlinhdan.com\/vi\/service\/garden-service\/","og_locale":"vi_VN","og_type":"article","og_title":"Garden Service - Linh Linh Dan Store","og_url":"https:\/\/linhlinhdan.com\/vi\/service\/garden-service\/","og_site_name":"Linh Linh Dan Store","article_modified_time":"2023-11-24T03:15:55+00:00","twitter_card":"summary_large_image","twitter_misc":{"\u01af\u1edbc t\u00ednh th\u1eddi gian \u0111\u1ecdc":"2 ph\u00fat"},"schema":{"@context":"https:\/\/schema.org","@graph":[{"@type":"WebPage","@id":"https:\/\/linhlinhdan.com\/service\/garden-service\/","url":"https:\/\/linhlinhdan.com\/service\/garden-service\/","name":"Garden Service - Linh Linh Dan Store","isPartOf":{"@id":"https:\/\/linhlinhdan.com\/#website"},"datePublished":"2022-06-28T02:18:16+00:00","dateModified":"2023-11-24T03:15:55+00:00","breadcrumb":{"@id":"https:\/\/linhlinhdan.com\/service\/garden-service\/#breadcrumb"},"inLanguage":"vi","potentialAction":[{"@type":"ReadAction","target":["https:\/\/linhlinhdan.com\/service\/garden-service\/"]}]},{"@type":"BreadcrumbList","@id":"https:\/\/linhlinhdan.com\/service\/garden-service\/#breadcrumb","itemListElement":[{"@type":"ListItem","position":1,"name":"Home","item":"https:\/\/linhlinhdan.com\/"},{"@type":"ListItem","position":2,"name":"Service","item":"https:\/\/linhlinhdan.com\/service\/"},{"@type":"ListItem","position":3,"name":"Garden Service"}]},{"@type":"WebSite","@id":"https:\/\/linhlinhdan.com\/#website","url":"https:\/\/linhlinhdan.com\/","name":"Linh Linh Dan Store","description":"","potentialAction":[{"@type":"SearchAction","target":{"@type":"EntryPoint","urlTemplate":"https:\/\/linhlinhdan.com\/?s={search_term_string}"},"query-input":"required name=search_term_string"}],"inLanguage":"vi"}]}},"_links":{"self":[{"href":"https:\/\/linhlinhdan.com\/vi\/wp-json\/wp\/v2\/pages\/896","targetHints":{"allow":["GET"]}}],"collection":[{"href":"https:\/\/linhlinhdan.com\/vi\/wp-json\/wp\/v2\/pages"}],"about":[{"href":"https:\/\/linhlinhdan.com\/vi\/wp-json\/wp\/v2\/types\/page"}],"author":[{"embeddable":true,"href":"https:\/\/linhlinhdan.com\/vi\/wp-json\/wp\/v2\/users\/2"}],"replies":[{"embeddable":true,"href":"https:\/\/linhlinhdan.com\/vi\/wp-json\/wp\/v2\/comments?post=896"}],"version-history":[{"count":5,"href":"https:\/\/linhlinhdan.com\/vi\/wp-json\/wp\/v2\/pages\/896\/revisions"}],"predecessor-version":[{"id":3114,"href":"https:\/\/linhlinhdan.com\/vi\/wp-json\/wp\/v2\/pages\/896\/revisions\/3114"}],"up":[{"embeddable":true,"href":"https:\/\/linhlinhdan.com\/vi\/wp-json\/wp\/v2\/pages\/377"}],"wp:attachment":[{"href":"https:\/\/linhlinhdan.com\/vi\/wp-json\/wp\/v2\/media?parent=896"}],"curies":[{"name":"wp","href":"https:\/\/api.w.org\/{rel}","templated":true}]}}