{"id":902,"date":"2022-06-28T02:26:47","date_gmt":"2022-06-28T02:26:47","guid":{"rendered":"https:\/\/store.linhlinhdan.servisense.xyz\/?page_id=902"},"modified":"2023-02-03T11:49:30","modified_gmt":"2023-02-03T04:49:30","slug":"acid-wash-service","status":"publish","type":"page","link":"https:\/\/linhlinhdan.com\/vi\/service\/acid-wash-service\/","title":{"rendered":"T\u1ea9y s\u1ea1ch ax\u00edt"},"content":{"rendered":"<div id=\"page-header-1139280406\" class=\"page-header-wrapper\">\n  <div class=\"page-title dark featured-title\">\n\n    \n    <div class=\"page-title-inner container align-center text-center flex-row-col medium-flex-wrap\" >\n              <div class=\"title-wrapper flex-col\">\n          <h1 class=\"entry-title mb-0\">\n            D\u1ecaCH V\u1ee4 CHUY\u00caN BI\u1ec6T          <\/h1>\n        <\/div>\n                    <div class=\"title-content flex-col\">\n        <div class=\"title-breadcrumbs pb-half pt-half\"><\/div>      <\/div>\n    <\/div>\n\n       <\/div>\n    <\/div>\n  \n\t<div id=\"gap-2092160116\" class=\"gap-element clearfix\" style=\"display:block; height:auto;\">\n\t\t\n<style>\n#gap-2092160116 {\n  padding-top: 3em;\n}\n<\/style>\n\t<\/div>\n\t\n<div class=\"row\"  id=\"row-1173907713\">\n\n\t<div id=\"col-620207595\" class=\"col col-sidebar medium-3 small-12 large-3\"  >\n\t\t\t\t<div class=\"col-inner\"  >\n\t\t\t\n\t\t\t\n<h5>B\u1ea2O TR\u00cc<\/h5>\n<ul>\n<li><a href=\"https:\/\/linhlinhdan.com\/vi\/service\/pool-service\/\">D\u1ecbch v\u1ee5 b\u1ea3o tr\u00ec h\u1ed3 b\u01a1i chuy\u00ean nghi\u1ec7p<\/a><\/li>\n<li><a href=\"https:\/\/linhlinhdan.com\/vi\/service\/steam-sauna-service\/\">D\u1ecbch v\u1ee5 b\u1ea3o tr\u00ec ph\u00f2ng spa h\u01a1i &amp; sauna<\/a><\/li>\n<li><a href=\"https:\/\/linhlinhdan.com\/vi\/service\/garden-service\/\">D\u1ecbch v\u1ee5 b\u1ea3o tr\u00ec s\u00e2n v\u01b0\u1eddn<\/a><\/li>\n<li><a href=\"https:\/\/linhlinhdan.com\/vi\/service\/commercial-service\/\">D\u1ecbch v\u1ee5 b\u1ea3o tr\u00ec th\u01b0\u01a1ng m\u1ea1i<\/a><\/li>\n<\/ul>\n<div class=\"is-divider divider clearfix\" style=\"max-width:100%;height:1px;background-color:rgb(34, 56, 200);\"><\/div>\n\n<h5>S\u1eecA CH\u1eeeA TR\u00d9NG TU<\/h5>\n<ul>\n<li><a href=\"https:\/\/linhlinhdan.com\/vi\/service\/acid-wash-service\/\">T\u1ea9y s\u1ea1ch ax\u00edt<\/a><\/li>\n<li><a href=\"https:\/\/linhlinhdan.com\/vi\/service\/pool-sand-replacement\/\">Thay c\u00e1t h\u1ed3 b\u01a1i<\/a><\/li>\n<li><a href=\"https:\/\/linhlinhdan.com\/vi\/service\/pool-filter-clean-up\/\">L\u00e0m s\u1ea1ch h\u1ec7 th\u1ed1ng l\u1ecdc h\u1ed3<\/a><\/li>\n<li><a href=\"https:\/\/linhlinhdan.com\/vi\/service\/salt-cell-install-service\/\">C\u00e0i \u0111\u1eb7t \u00f4 mu\u1ed1i<\/a><\/li>\n<li><a href=\"https:\/\/linhlinhdan.com\/vi\/service\/pool-plumping-repair\/\">S\u1eefa ch\u1eefa m\u00e1y b\u01a1m h\u1ed3 b\u01a1i<\/a><\/li>\n<li><a href=\"https:\/\/linhlinhdan.com\/vi\/service\/pool-draining\/\">H\u00fat c\u1ea1n h\u1ed3 b\u01a1i<\/a><\/li>\n<li><a href=\"https:\/\/linhlinhdan.com\/vi\/service\/pool-heater-tune-up\/\">Ch\u1ec9nh b\u1ed9 nhi\u1ec7t n\u00f3ng h\u1ed3 b\u01a1i<\/a><\/li>\n<li><a href=\"https:\/\/linhlinhdan.com\/vi\/service\/pool-tile-care\/\">Ch\u0103m s\u00f3c g\u1ea1ch h\u1ed3<\/a><\/li>\n<\/ul>\n\t<div id=\"text-1000706019\" class=\"text hidden\">\n\t\t\n\n<h5>XEM TH\u00caM<\/h5>\n<ul>\n<li><a href=\"#\">D\u1ecbch v\u1ee5 l\u1eafp \u0111\u1eb7t<\/a><\/li>\n<li><a href=\"#\">C\u00e2u h\u1ecfi th\u01b0\u1eddng g\u1eb7p v\u1ec1 d\u1ef1 \u00e1n v\u00e0 x\u00e2y d\u1ef1ng<\/a><\/li>\n<li><a href=\"#\">D\u1ef1 to\u00e1n d\u1ef1 \u00e1n<\/a><\/li>\n<li><a href=\"https:\/\/linhlinhdan.com\/vi\/community\/\">C\u1ed9ng \u0110\u1ed3ng<\/a><\/li>\n<\/ul>\n\t\t\t<\/div>\n\t\n\t\t<\/div>\n\t\t\t\t\t<\/div>\n\n\t\n\n\t<div id=\"col-1164835885\" class=\"col stack_table single-post block-page-title medium-9 small-12 large-9\"  >\n\t\t\t\t<div class=\"col-inner\"  >\n\t\t\t\n\t\t\t\n\t<div id=\"gap-1097557244\" class=\"gap-element clearfix\" style=\"display:block; height:auto;\">\n\t\t\n<style>\n#gap-1097557244 {\n  padding-top: 20px;\n}\n<\/style>\n\t<\/div>\n\t\n  <div id=\"page-header-1222765760\" class=\"page-header-wrapper\">\n  <div class=\"page-title service_title light simple-title\">\n\n    \n    <div class=\"page-title-inner container align-top flex-row medium-flex-wrap\" >\n              <div class=\"title-wrapper uppercase flex-col text-left medium-text-center\">\n          <h1 class=\"entry-title mb-0\">\n            T\u1ea9y s\u1ea1ch ax\u00edt          <\/h1>\n        <\/div>\n                    <div class=\"title-content flex-col flex-right text-right medium-text-center\">\n        <div class=\"title-breadcrumbs pb-half pt-half\"><\/div>      <\/div>\n    <\/div>\n\n       <\/div>\n    <\/div>\n  \n<p><b>T\u1ea1m bi\u1ec7t h\u1ed3 b\u01a1i k\u00e9m th\u1ea9m m\u1ef9 v\u1edbi d\u1ecbch v\u1ee5 t\u1ea9y r\u1eeda ax\u00edt c\u1ee7a Linh Linh Dan!\u00a0<\/b><\/p>\n<p><span style=\"font-weight: 400\">V\u1ea5n \u0111\u1ec1 \u1ed1 b\u1ea9n \u1edf \u0111\u00e1y h\u1ed3 b\u01a1i l\u00e0 r\u1ea5t ph\u1ed5 bi\u1ebfn trong s\u1ed1 c\u00e1c kh\u00e1ch h\u00e0ng c\u1ee7a ch\u00fang t\u00f4i. Nh\u1eefng h\u1ed3 \u0111\u00e3 b\u1ecb t\u1ea3o tr\u00e0n v\u00e0o trong m\u1ed9t th\u1eddi gian d\u00e0i m\u00e0 kh\u00f4ng \u0111\u01b0\u1ee3c b\u1ea3o d\u01b0\u1ee1ng \u0111\u00fang c\u00e1ch s\u1ebd tr\u00f4ng r\u1ea5t b\u1ea9n v\u00e0 c\u00f3 h\u1ea1i cho s\u1ee9c kh\u1ecfe. R\u1eeda axit lo\u1ea1i b\u1ecf m\u1ed9t n\u0103m l\u1edbp v\u1eefa m\u1ecfng tr\u00ean b\u1ec1 m\u1eb7t h\u1ed3 b\u01a1i. \u0110i\u1ec1u n\u00e0y l\u00e0m s\u1ea1ch \u0111\u00e1y v\u00e0 c\u00e1c th\u00e0nh b\u00ean trong h\u1ed3 b\u01a1i c\u1ee7a b\u1ea1n kh\u1ecfi t\u1ea3o, kho\u00e1ng ch\u1ea5t, v\u1ebft b\u1ea9n tr\u00ean \u0111\u1ea5t ho\u1eb7c clo qu\u00e1 h\u1ea1n. Nh\u1eefng v\u1ebft b\u1ea9n n\u00e0y th\u01b0\u1eddng g\u1ea7n nh\u01b0 kh\u00f4ng th\u1ec3 lo\u1ea1i b\u1ecf b\u1eb1ng h\u00f3a ch\u1ea5t t\u1ea9y r\u1eeda th\u00f4ng th\u01b0\u1eddng. D\u1ecbch v\u1ee5 r\u1eeda axit l\u00e0 nh\u1eefng g\u00ec b\u1ea1n c\u1ea7n \u0111\u1ec3 kh\u1eafc ph\u1ee5c s\u1ef1 c\u1ed1! <\/span><\/p>\n\t<div id=\"text-1265926384\" class=\"text d-flex text-inline\">\n\t\t\n\t\t\t<\/div>\n\t\n\t<div id=\"gap-947686614\" class=\"gap-element clearfix\" style=\"display:block; height:auto;\">\n\t\t\n<style>\n#gap-947686614 {\n  padding-top: 2em;\n}\n<\/style>\n\t<\/div>\n\t\n<p><strong>T\u1ea9y axit l\u00e0 g\u00ec?<\/strong><\/p>\n<p><span style=\"font-weight: 400\">R\u1eeda axit l\u00e0 m\u1ed9t quy tr\u00ecnh g\u1ed3m nhi\u1ec1u b\u01b0\u1edbc li\u00ean quan \u0111\u1ebfn vi\u1ec7c lo\u1ea1i b\u1ecf c\u00e1c l\u1edbp ron m\u1ecfng kh\u1ecfi h\u1ed3 b\u01a1i c\u1ee7a b\u1ea1n b\u1eb1ng c\u00e1ch s\u1eed d\u1ee5ng h\u00f3a ch\u1ea5t axit chuy\u00ean d\u1ee5ng \u0111\u01b0\u1ee3c g\u1ecdi l\u00e0 Clohydric axit. Lo\u1ea1i axit n\u00e0y l\u00e0 \u200cm\u1ed9t gi\u1ea3i ph\u00e1p tuy\u1ec7t v\u1eddi \u0111\u1ec3 l\u00e0m s\u1ea1ch g\u1ea1ch, lo\u1ea1i b\u1ecf v\u1ebft b\u1ea9n, h\u00f2a tan c\u1eb7n canxi v\u00e0 lo\u1ea1i b\u1ecf n\u1ea5m m\u1ed1c v\u00e0 t\u1ea3o c\u00f2n s\u00f3t l\u1ea1i \u1edf \u0111\u00e1y v\u00e0 th\u00e0nh b\u1ec3 b\u01a1i c\u1ee7a b\u1ea1n.<\/span><\/p>\n<p><strong>T\u1ea9y axit c\u00f3 l\u00e0m h\u1ecfng h\u1ed3 b\u01a1i kh\u00f4ng?<\/strong><\/p>\n<p><span style=\"font-weight: 400\">Axit sau khi s\u1eed d\u1ee5ng s\u1ebd \u0111\u01b0\u1ee3c lo\u1ea1i b\u1ecf c\u1ea9n th\u1eadn v\u00e0 s\u1ebd kh\u00f4ng g\u00e2y t\u1ed5n h\u1ea1i t\u1edbi th\u00e0nh h\u1ed3 khi n\u01b0\u1edbc \u0111\u01b0\u1ee3c b\u01a1m v\u00e0o. T\u1ea9y axit n\u00ean \u0111\u01b0\u1ee3c th\u00eam v\u00e0o quy tr\u00ecnh b\u1ea3o tr\u00ec h\u00e0ng n\u0103m ho\u1eb7c khi c\u00f3 v\u1ebft b\u1ea9n c\u1ea7n \u0111\u01b0\u1ee3c x\u1eed l\u00fd. N\u00ean nh\u1edb r\u1eb1ng, ch\u1ec9 n\u00ean t\u1ea9y axit m\u1ed9t l\u1ea7n m\u1ed7i n\u0103m, v\u00e0 b\u1ea1n s\u1ebd ph\u1ea3i t\u00f4 tr\u00e1t \u0111\u01b0\u1eddng ron l\u1ea1i n\u1ebfu k\u1ef9 thu\u1eadt n\u00e0y \u0111\u01b0\u1ee3c s\u1eed d\u1ee5ng qu\u00e1 th\u01b0\u1eddng xuy\u00ean. T\u1ea9y axit kh\u00f4ng d\u00e0nh cho h\u1ed3 c\u00f3 l\u1edbp ron c\u0169 v\u00e0 m\u1ecfng, v\u00e0 c\u00f3 th\u1ec3 s\u1ebd kh\u00f4ng hi\u1ec7u qu\u1ea3 v\u1edbi c\u00e1c v\u1ebft b\u1ea9n s\u00e2u (?).<\/span><\/p>\n<p><strong>H\u00e3y \u0110\u1ec3 C\u00e1c Chuy\u00ean Gia T\u1ea9y Axit c\u1ee7a Linh Linh Dan ph\u1ee5c v\u1ee5 H\u1ed3 B\u01a1i C\u1ee7a Qu\u00fd Kh\u00e1ch\u00a0<\/strong><\/p>\n<p><span style=\"font-weight: 400\">R\u1eeda axit \u0111\u00f2i h\u1ecfi nh\u00e2n vi\u00ean v\u1edbi k\u0129 thu\u1eadt chuy\u00ean s\u00e2u v\u00e0 h\u00f3a ch\u1ea5t chuy\u00ean d\u1ee5ng. Axit, \u0111\u01b0\u1ee3c s\u1eed d\u1ee5ng \u0111\u1ec3 r\u1eeda b\u1eb1ng axit, l\u00e0 m\u1ed9t h\u00f3a ch\u1ea5t \u0111\u1ed9c h\u1ea1i ph\u00e1t ra h\u01a1i \u0111\u1ed9c. V\u1eadn h\u00e0nh kh\u00f4ng \u0111\u00fang c\u00e1ch c\u00f3 th\u1ec3 d\u1eabn \u0111\u1ebfn c\u00e1c tai n\u1ea1n nguy hi\u1ec3m v\u00e0 kh\u1ea3 n\u0103ng x\u1ea3y ra h\u01b0 h\u1ecfng kh\u00f4ng mong mu\u1ed1n khi\u1ebfn b\u1ea1n t\u1ed1n th\u00eam ph\u00ed s\u1eeda ch\u1eefa.\u00a0<\/span><\/p>\n<p>&nbsp;<\/p>\n<p><em><span style=\"font-weight: 400\">Linh Linh \u0110an c\u00f3 nh\u1eefng g\u00ec b\u1ea1n \u0111ang t\u00ecm ki\u1ebfm, m\u1ed9t \u0111\u1ed9i ng\u0169 chuy\u00ean gia h\u1ed3 b\u01a1i c\u00f3 tr\u00ecnh \u0111\u1ed9 t\u1ed1t v\u00e0 trang thi\u1ebft b\u1ecb c\u1ea7n thi\u1ebft ch\u1ea5t l\u01b0\u1ee3ng cao \u0111\u1ec3 th\u1ef1c hi\u1ec7n c\u00f4ng vi\u1ec7c n\u00e0y m\u1ed9t c\u00e1ch an to\u00e0n v\u00e0 t\u1ed1t nh\u1ea5t nh\u01b0 nh\u1eefng g\u00ec c\u1ea7n l\u00e0m!<\/span><\/em><\/p>\n\t<div id=\"gap-83343125\" class=\"gap-element clearfix\" style=\"display:block; height:auto;\">\n\t\t\n<style>\n#gap-83343125 {\n  padding-top: 3em;\n}\n<\/style>\n\t<\/div>\n\t\n\t<div id=\"text-2352378878\" class=\"text\">\n\t\t\n<p>LLD x\u00e1c \u0111\u1ecbnh c\u00e1c v\u1eadt li\u1ec7u v\u00e0 thi\u1ebft b\u1ecb s\u1eed d\u1ee5ng l\u00e0 ch\u1ea5t l\u01b0\u1ee3ng cao nh\u1ea5t. \u0110\u01b0\u1ee3c l\u1ef1a ch\u1ecdn c\u1ea9n th\u1eadn v\u00e0 ph\u00f9 h\u1ee3p v\u1edbi t\u00fai ti\u1ec1n cho m\u1ecdi \u0111\u1ed1i t\u01b0\u1ee3ng. H\u00e3y \u0111\u1ec3 Linh Linh Dan, c\u00f9ng v\u1edbi tay ngh\u1ec1 chuy\u00ean nghi\u1ec7p v\u00e0 kinh nghi\u1ec7m l\u00e2u n\u0103m mang \u0111\u1ebfn cho qu\u00fd kh\u00e1ch nh\u1eefng tr\u1ea3i nghi\u1ec7m t\u1ed1t nh\u1ea5t trong d\u1ecbch v\u1ee5 h\u1ed3 b\u01a1i v\u00e0 s\u00e2n v\u01b0\u1eddn.<\/p>\n<p><strong>Linh Linh \u0110an cung c\u1ea5p c\u00e1c g\u00f3i d\u1ecbch v\u1ee5 gi\u00e1 c\u1ea3 ph\u1ea3i ch\u0103ng cho c\u00e1c ch\u1ee7 nh\u00e0 v\u00e0 c\u00e1c gi\u1ea3i ph\u00e1p t\u1ed1i \u01b0u \u0111\u1ebfn cho c\u00e1c d\u1ef1 \u00e1n th\u01b0\u01a1ng m\u1ea1i. S\u1eed d\u1ee5ng d\u1ecbch v\u1ee5 c\u1ee7a Linh Linh Dan l\u00e0 s\u1ef1 l\u1ef1a ch\u1ecdn an to\u00e0n, chuy\u00ean nghi\u1ec7p, \u0111\u00e1ng tin c\u1eady v\u00e0 ph\u00f9 h\u1ee3p nh\u1ea5t cho t\u1ea5t c\u1ea3 c\u00e1c nhu c\u1ea7u d\u1ecbch v\u1ee5 c\u1ee7a qu\u00fd kh\u00e1ch. Gi\u00fap duy tr\u00ec ng\u00f4i nh\u00e0 \/ d\u1ef1 \u00e1n xinh \u0111\u1eb9p c\u1ee7a qu\u00fd kh\u00e1ch tr\u1edf th\u00e0nh m\u1ed9t tr\u1ea3i nghi\u1ec7m t\u1ed1t \u0111\u1eb9p.<\/strong><br \/>\n\t\t\n<style>\n#text-2352378878 {\n  font-size: 1.0625rem;\n}\n<\/style>\n\t<\/div>\n\t\n\t<div id=\"gap-210684051\" class=\"gap-element clearfix\" style=\"display:block; height:auto;\">\n\t\t\n<style>\n#gap-210684051 {\n  padding-top: 1.5em;\n}\n<\/style>\n\t<\/div>\n\t\n<a href=\"https:\/\/linhlinhdan.com\/vi\/service\/free-service-estimation\/\" target=\"_self\" class=\"button primary btn-full\"  style=\"border-radius:25px;\">\n    <span>\u0110\u1eb6T H\u1eb8N D\u1ecaCH V\u1ee4 C\u1ee6A CH\u00daNG T\u00d4I NGAY H\u00d4M NAY<\/span>\n  <\/a>\n\n\t\t<\/div>\n\t\t\t\t\t<\/div>\n\n\t\n<\/div>\n\t<section class=\"section section_counter_white\" id=\"section_1213297644\">\n\t\t<div class=\"bg section-bg fill bg-fill  bg-loaded\" >\n\n\t\t\t\n\t\t\t\n\t\t\t\n\n\t\t<\/div>\n\n\t\t<div class=\"section-content relative\">\n\t\t\t\n\n\t\t<div class=\"wase\">\n\t\t\t\t\n\n<svg xmlns=\"http:\/\/www.w3.org\/2000\/svg\" width=\"1918\" height=\"226.888\" viewbox=\"0 0 1918 226.888\">\n  <path id=\"Path_1\" data-name=\"Path 1\" d=\"M1921,1745V1518.112c-57.278,14.256-428.156,87.547-827,78.888-430.983-9.356-445.135-102.1-1091-19.22V1745Z\" transform=\"translate(-3 -1518.112)\" fill=\"#77aabc\"\/>\n<\/svg>\n\t\t<\/div>\n\t\n<div class=\"row row_counter\"  id=\"row-445700984\">\n\n\n\t<div id=\"col-409086317\" class=\"col small-12 large-12\"  >\n\t\t\t\t<div class=\"col-inner\"  >\n\t\t\t\n\t\t\t\n\n\t<div id=\"stack-1109273019\" class=\"stack stack-row justify-between items-end\">\n\t\t\n\n\t<div id=\"text-1329346799\" class=\"text\">\n\t\t\n\n<h4><span class=\"count-up\">337<\/span><\/h4>\n<p>H\u1ed8 GIA \u0110\u00ccNH<\/p>\n\t\t\n<style>\n#text-1329346799 {\n  text-align: center;\n}\n<\/style>\n\t<\/div>\n\t\n\t<div id=\"text-571023486\" class=\"text\">\n\t\t\n\n<h4><span class=\"count-up\">1000<\/span><\/h4>\n<p>D\u1ecaCH V\u1ee4 S\u1eec D\u1ee4NG<\/p>\n\t\t\n<style>\n#text-571023486 {\n  text-align: center;\n}\n<\/style>\n\t<\/div>\n\t\n\t<div id=\"text-749498654\" class=\"text\">\n\t\t\n\n<h4><span class=\"count-up\">1000<\/span><\/h4>\n<p>H\u1ed2 B\u01a0I THI C\u00d4NG<\/p>\n\t\t\n<style>\n#text-749498654 {\n  text-align: center;\n}\n<\/style>\n\t<\/div>\n\t\n\t<div id=\"text-55602313\" class=\"text\">\n\t\t\n\n<h4><span class=\"count-up\">24<br \/><\/span><\/h4>\n<p>N\u0102M KINH NGHI\u1ec6M<\/p>\n\t\t\n<style>\n#text-55602313 {\n  text-align: center;\n}\n<\/style>\n\t<\/div>\n\t\n\n\t\t\n<style>\n#stack-1109273019 > * {\n  --stack-gap: 0rem;\n}\n<\/style>\n\t<\/div>\n\t\n\n\t\t<\/div>\n\t\t\t\t\t<\/div>\n\n\t\n\n<\/div>\n\n\t\t<\/div>\n\n\t\t\n<style>\n#section_1213297644 {\n  padding-top: 60px;\n  padding-bottom: 60px;\n}\n<\/style>\n\t<\/section>","protected":false},"excerpt":{"rendered":"","protected":false},"author":2,"featured_media":0,"parent":377,"menu_order":0,"comment_status":"closed","ping_status":"closed","template":"page-blank.php","meta":{"footnotes":""},"class_list":["post-902","page","type-page","status-publish","hentry"],"yoast_head":"<!-- This site is optimized with the Yoast SEO plugin v20.13 - https:\/\/yoast.com\/wordpress\/plugins\/seo\/ -->\n<title>Acid Wash Service - Linh Linh Dan Store<\/title>\n<meta name=\"robots\" content=\"index, follow, max-snippet:-1, max-image-preview:large, max-video-preview:-1\" \/>\n<link rel=\"canonical\" href=\"https:\/\/linhlinhdan.com\/vi\/service\/acid-wash-service\/\" \/>\n<meta property=\"og:locale\" content=\"vi_VN\" \/>\n<meta property=\"og:type\" content=\"article\" \/>\n<meta property=\"og:title\" content=\"Acid Wash Service - Linh Linh Dan Store\" \/>\n<meta property=\"og:url\" content=\"https:\/\/linhlinhdan.com\/vi\/service\/acid-wash-service\/\" \/>\n<meta property=\"og:site_name\" content=\"Linh Linh Dan Store\" \/>\n<meta property=\"article:modified_time\" content=\"2023-02-03T04:49:30+00:00\" \/>\n<meta name=\"twitter:card\" content=\"summary_large_image\" \/>\n<meta name=\"twitter:label1\" content=\"\u01af\u1edbc t\u00ednh th\u1eddi gian \u0111\u1ecdc\" \/>\n\t<meta name=\"twitter:data1\" content=\"3 ph\u00fat\" \/>\n<script type=\"application\/ld+json\" class=\"yoast-schema-graph\">{\"@context\":\"https:\/\/schema.org\",\"@graph\":[{\"@type\":\"WebPage\",\"@id\":\"https:\/\/linhlinhdan.com\/service\/acid-wash-service\/\",\"url\":\"https:\/\/linhlinhdan.com\/service\/acid-wash-service\/\",\"name\":\"Acid Wash Service - Linh Linh Dan Store\",\"isPartOf\":{\"@id\":\"https:\/\/linhlinhdan.com\/#website\"},\"datePublished\":\"2022-06-28T02:26:47+00:00\",\"dateModified\":\"2023-02-03T04:49:30+00:00\",\"breadcrumb\":{\"@id\":\"https:\/\/linhlinhdan.com\/service\/acid-wash-service\/#breadcrumb\"},\"inLanguage\":\"vi\",\"potentialAction\":[{\"@type\":\"ReadAction\",\"target\":[\"https:\/\/linhlinhdan.com\/service\/acid-wash-service\/\"]}]},{\"@type\":\"BreadcrumbList\",\"@id\":\"https:\/\/linhlinhdan.com\/service\/acid-wash-service\/#breadcrumb\",\"itemListElement\":[{\"@type\":\"ListItem\",\"position\":1,\"name\":\"Home\",\"item\":\"https:\/\/linhlinhdan.com\/\"},{\"@type\":\"ListItem\",\"position\":2,\"name\":\"Service\",\"item\":\"https:\/\/linhlinhdan.com\/service\/\"},{\"@type\":\"ListItem\",\"position\":3,\"name\":\"Acid Wash Service\"}]},{\"@type\":\"WebSite\",\"@id\":\"https:\/\/linhlinhdan.com\/#website\",\"url\":\"https:\/\/linhlinhdan.com\/\",\"name\":\"Linh Linh Dan Store\",\"description\":\"\",\"potentialAction\":[{\"@type\":\"SearchAction\",\"target\":{\"@type\":\"EntryPoint\",\"urlTemplate\":\"https:\/\/linhlinhdan.com\/?s={search_term_string}\"},\"query-input\":\"required name=search_term_string\"}],\"inLanguage\":\"vi\"}]}<\/script>\n<!-- \/ Yoast SEO plugin. -->","yoast_head_json":{"title":"Acid Wash Service - Linh Linh Dan Store","robots":{"index":"index","follow":"follow","max-snippet":"max-snippet:-1","max-image-preview":"max-image-preview:large","max-video-preview":"max-video-preview:-1"},"canonical":"https:\/\/linhlinhdan.com\/vi\/service\/acid-wash-service\/","og_locale":"vi_VN","og_type":"article","og_title":"Acid Wash Service - Linh Linh Dan Store","og_url":"https:\/\/linhlinhdan.com\/vi\/service\/acid-wash-service\/","og_site_name":"Linh Linh Dan Store","article_modified_time":"2023-02-03T04:49:30+00:00","twitter_card":"summary_large_image","twitter_misc":{"\u01af\u1edbc t\u00ednh th\u1eddi gian \u0111\u1ecdc":"3 ph\u00fat"},"schema":{"@context":"https:\/\/schema.org","@graph":[{"@type":"WebPage","@id":"https:\/\/linhlinhdan.com\/service\/acid-wash-service\/","url":"https:\/\/linhlinhdan.com\/service\/acid-wash-service\/","name":"Acid Wash Service - Linh Linh Dan Store","isPartOf":{"@id":"https:\/\/linhlinhdan.com\/#website"},"datePublished":"2022-06-28T02:26:47+00:00","dateModified":"2023-02-03T04:49:30+00:00","breadcrumb":{"@id":"https:\/\/linhlinhdan.com\/service\/acid-wash-service\/#breadcrumb"},"inLanguage":"vi","potentialAction":[{"@type":"ReadAction","target":["https:\/\/linhlinhdan.com\/service\/acid-wash-service\/"]}]},{"@type":"BreadcrumbList","@id":"https:\/\/linhlinhdan.com\/service\/acid-wash-service\/#breadcrumb","itemListElement":[{"@type":"ListItem","position":1,"name":"Home","item":"https:\/\/linhlinhdan.com\/"},{"@type":"ListItem","position":2,"name":"Service","item":"https:\/\/linhlinhdan.com\/service\/"},{"@type":"ListItem","position":3,"name":"Acid Wash Service"}]},{"@type":"WebSite","@id":"https:\/\/linhlinhdan.com\/#website","url":"https:\/\/linhlinhdan.com\/","name":"Linh Linh Dan Store","description":"","potentialAction":[{"@type":"SearchAction","target":{"@type":"EntryPoint","urlTemplate":"https:\/\/linhlinhdan.com\/?s={search_term_string}"},"query-input":"required name=search_term_string"}],"inLanguage":"vi"}]}},"_links":{"self":[{"href":"https:\/\/linhlinhdan.com\/vi\/wp-json\/wp\/v2\/pages\/902","targetHints":{"allow":["GET"]}}],"collection":[{"href":"https:\/\/linhlinhdan.com\/vi\/wp-json\/wp\/v2\/pages"}],"about":[{"href":"https:\/\/linhlinhdan.com\/vi\/wp-json\/wp\/v2\/types\/page"}],"author":[{"embeddable":true,"href":"https:\/\/linhlinhdan.com\/vi\/wp-json\/wp\/v2\/users\/2"}],"replies":[{"embeddable":true,"href":"https:\/\/linhlinhdan.com\/vi\/wp-json\/wp\/v2\/comments?post=902"}],"version-history":[{"count":6,"href":"https:\/\/linhlinhdan.com\/vi\/wp-json\/wp\/v2\/pages\/902\/revisions"}],"predecessor-version":[{"id":1868,"href":"https:\/\/linhlinhdan.com\/vi\/wp-json\/wp\/v2\/pages\/902\/revisions\/1868"}],"up":[{"embeddable":true,"href":"https:\/\/linhlinhdan.com\/vi\/wp-json\/wp\/v2\/pages\/377"}],"wp:attachment":[{"href":"https:\/\/linhlinhdan.com\/vi\/wp-json\/wp\/v2\/media?parent=902"}],"curies":[{"name":"wp","href":"https:\/\/api.w.org\/{rel}","templated":true}]}}