{"id":907,"date":"2022-06-28T02:35:26","date_gmt":"2022-06-28T02:35:26","guid":{"rendered":"https:\/\/store.linhlinhdan.servisense.xyz\/?page_id=907"},"modified":"2022-07-04T02:44:33","modified_gmt":"2022-07-04T02:44:33","slug":"pool-filter-clean-up","status":"publish","type":"page","link":"https:\/\/linhlinhdan.com\/vi\/service\/pool-filter-clean-up\/","title":{"rendered":"L\u00e0m s\u1ea1ch h\u1ec7 th\u1ed1ng l\u1ecdc h\u1ed3"},"content":{"rendered":"<div id=\"page-header-2042286673\" class=\"page-header-wrapper\">\n  <div class=\"page-title dark featured-title\">\n\n    \n    <div class=\"page-title-inner container align-center text-center flex-row-col medium-flex-wrap\" >\n              <div class=\"title-wrapper flex-col\">\n          <h1 class=\"entry-title mb-0\">\n            D\u1ecaCH V\u1ee4 CHUY\u00caN BI\u1ec6T          <\/h1>\n        <\/div>\n                    <div class=\"title-content flex-col\">\n        <div class=\"title-breadcrumbs pb-half pt-half\"><\/div>      <\/div>\n    <\/div>\n\n       <\/div>\n    <\/div>\n  \n\t<div id=\"gap-1857685996\" class=\"gap-element clearfix\" style=\"display:block; height:auto;\">\n\t\t\n<style>\n#gap-1857685996 {\n  padding-top: 3em;\n}\n<\/style>\n\t<\/div>\n\t\n<div class=\"row\"  id=\"row-646163580\">\n\n\t<div id=\"col-287401199\" class=\"col col-sidebar medium-3 small-12 large-3\"  >\n\t\t\t\t<div class=\"col-inner\"  >\n\t\t\t\n\t\t\t\n<h5>B\u1ea2O TR\u00cc<\/h5>\n<ul>\n<li><a href=\"https:\/\/linhlinhdan.com\/vi\/service\/pool-service\/\">D\u1ecbch v\u1ee5 b\u1ea3o tr\u00ec h\u1ed3 b\u01a1i chuy\u00ean nghi\u1ec7p<\/a><\/li>\n<li><a href=\"https:\/\/linhlinhdan.com\/vi\/service\/steam-sauna-service\/\">D\u1ecbch v\u1ee5 b\u1ea3o tr\u00ec ph\u00f2ng spa h\u01a1i &amp; sauna<\/a><\/li>\n<li><a href=\"https:\/\/linhlinhdan.com\/vi\/service\/garden-service\/\">D\u1ecbch v\u1ee5 b\u1ea3o tr\u00ec s\u00e2n v\u01b0\u1eddn<\/a><\/li>\n<li><a href=\"https:\/\/linhlinhdan.com\/vi\/service\/commercial-service\/\">D\u1ecbch v\u1ee5 b\u1ea3o tr\u00ec th\u01b0\u01a1ng m\u1ea1i<\/a><\/li>\n<\/ul>\n<div class=\"is-divider divider clearfix\" style=\"max-width:100%;height:1px;background-color:rgb(34, 56, 200);\"><\/div>\n\n<h5>S\u1eecA CH\u1eeeA TR\u00d9NG TU<\/h5>\n<ul>\n<li><a href=\"https:\/\/linhlinhdan.com\/vi\/service\/acid-wash-service\/\">T\u1ea9y s\u1ea1ch ax\u00edt<\/a><\/li>\n<li><a href=\"https:\/\/linhlinhdan.com\/vi\/service\/pool-sand-replacement\/\">Thay c\u00e1t h\u1ed3 b\u01a1i<\/a><\/li>\n<li><a href=\"https:\/\/linhlinhdan.com\/vi\/service\/pool-filter-clean-up\/\">L\u00e0m s\u1ea1ch h\u1ec7 th\u1ed1ng l\u1ecdc h\u1ed3<\/a><\/li>\n<li><a href=\"https:\/\/linhlinhdan.com\/vi\/service\/salt-cell-install-service\/\">C\u00e0i \u0111\u1eb7t \u00f4 mu\u1ed1i<\/a><\/li>\n<li><a href=\"https:\/\/linhlinhdan.com\/vi\/service\/pool-plumping-repair\/\">S\u1eefa ch\u1eefa m\u00e1y b\u01a1m h\u1ed3 b\u01a1i<\/a><\/li>\n<li><a href=\"https:\/\/linhlinhdan.com\/vi\/service\/pool-draining\/\">H\u00fat c\u1ea1n h\u1ed3 b\u01a1i<\/a><\/li>\n<li><a href=\"https:\/\/linhlinhdan.com\/vi\/service\/pool-heater-tune-up\/\">Ch\u1ec9nh b\u1ed9 nhi\u1ec7t n\u00f3ng h\u1ed3 b\u01a1i<\/a><\/li>\n<li><a href=\"https:\/\/linhlinhdan.com\/vi\/service\/pool-tile-care\/\">Ch\u0103m s\u00f3c g\u1ea1ch h\u1ed3<\/a><\/li>\n<\/ul>\n\t<div id=\"text-1078015065\" class=\"text hidden\">\n\t\t\n\n<h5>XEM TH\u00caM<\/h5>\n<ul>\n<li><a href=\"#\">D\u1ecbch v\u1ee5 l\u1eafp \u0111\u1eb7t<\/a><\/li>\n<li><a href=\"#\">C\u00e2u h\u1ecfi th\u01b0\u1eddng g\u1eb7p v\u1ec1 d\u1ef1 \u00e1n v\u00e0 x\u00e2y d\u1ef1ng<\/a><\/li>\n<li><a href=\"#\">D\u1ef1 to\u00e1n d\u1ef1 \u00e1n<\/a><\/li>\n<li><a href=\"https:\/\/linhlinhdan.com\/vi\/community\/\">C\u1ed9ng \u0110\u1ed3ng<\/a><\/li>\n<\/ul>\n\t\t\t<\/div>\n\t\n\t\t<\/div>\n\t\t\t\t\t<\/div>\n\n\t\n\n\t<div id=\"col-2105348741\" class=\"col stack_table single-post block-page-title medium-9 small-12 large-9\"  >\n\t\t\t\t<div class=\"col-inner\"  >\n\t\t\t\n\t\t\t\n\t<div id=\"gap-216251905\" class=\"gap-element clearfix\" style=\"display:block; height:auto;\">\n\t\t\n<style>\n#gap-216251905 {\n  padding-top: 20px;\n}\n<\/style>\n\t<\/div>\n\t\n  <div id=\"page-header-1605650533\" class=\"page-header-wrapper\">\n  <div class=\"page-title service_title light simple-title\">\n\n    \n    <div class=\"page-title-inner container align-top flex-row medium-flex-wrap\" >\n              <div class=\"title-wrapper uppercase flex-col text-left medium-text-center\">\n          <h1 class=\"entry-title mb-0\">\n            L\u00e0m s\u1ea1ch h\u1ec7 th\u1ed1ng l\u1ecdc h\u1ed3          <\/h1>\n        <\/div>\n                    <div class=\"title-content flex-col flex-right text-right medium-text-center\">\n        <div class=\"title-breadcrumbs pb-half pt-half\"><\/div>      <\/div>\n    <\/div>\n\n       <\/div>\n    <\/div>\n  \n<p><b>D\u1ecbch v\u1ee5 b\u1ed9 l\u1ecdc h\u1ed3 b\u01a1i c\u1ee7a LLD Pool &amp; Spa - Ki\u1ec3m Tra v\u00e0 L\u00e0m s\u1ea1ch b\u1ed9 l\u1ecdc h\u1ed3 b\u01a1i. D\u1ecbch v\u1ee5 Uy T\u00edn Nh\u1ea5t c\u1ee7a Linh Linh Dan!\u00a0<\/b><\/p>\n<p><span style=\"font-weight: 400\">C\u00e1c d\u1ecbch v\u1ee5 li\u00ean quan t\u1edbi b\u1ed9 l\u1ecdc h\u1ed3 b\u01a1i \u0111\u1ec1u r\u1ea5t quan tr\u1ecdng. H\u1ea7u h\u1ebft c\u00e1c b\u1ed9 l\u1ecdc trong h\u1ed3 b\u01a1i gia \u0111\u00ecnh \u0111\u1ec1u s\u1eed d\u1ee5ng b\u1ed9t tr\u1ee3 l\u1ecdc ho\u1eb7c c\u1ed9t l\u1ecdc gi\u1ea5y. S\u1ed1 \u00edt c\u00f2n l\u1ea1i s\u1eed d\u1ee5ng b\u1ed9 l\u1ecdc c\u00e1t nh\u01b0 c\u00e1c h\u1ed3 b\u01a1i th\u01b0\u01a1ng m\u1ea1i ho\u1eb7c c\u00f3 k\u00edch c\u1ee1 l\u1edbn v\u00ec ch\u00fang b\u1ec1n v\u00e0 chi ph\u00ed th\u1ea5p h\u01a1n. \u0110\u1ec3 th\u00e1o d\u1ee1 v\u00e0 l\u00e0m s\u1ea1ch b\u1ed9 l\u1ecdc c\u00e1t, b\u1ea1n c\u1ea7n ph\u1ea3i thay c\u00e1t.<\/span><\/p>\n<p><span style=\"font-weight: 400\">B\u1ed9 l\u1ecdc d\u01a1 l\u00e0 nguy\u00ean do g\u00e2y t\u1ed1n \u0111i\u1ec7n l\u1edbn nh\u1ea5t c\u1ee7a h\u1ed3 b\u01a1i. Khi b\u1ed9 l\u1ecdc b\u1ea1n \u0111\u01b0\u1ee3c l\u00e0m s\u1ea1ch, h\u00f3a \u0111\u01a1n \u0111i\u1ec7n h\u00e0ng th\u00e1ng c\u1ee7a b\u1ea1n gi\u1ea3m, n\u01b0\u1edbc h\u1ed3 b\u01a1i trong s\u1ea1ch h\u01a1n, v\u00e0 tu\u1ed5i \u0111\u1eddi b\u1ed9 l\u1ecdc v\u00e0 m\u00f4 t\u01a1 b\u01a1m n\u01b0\u1edbc \u0111\u01b0\u1ee3c k\u00e9o d\u00e0i. <\/span><\/p>\n\t<div id=\"text-1346013760\" class=\"text d-flex text-inline\">\n\t\t\n\t\t\t<\/div>\n\t\n\t<div id=\"gap-1597979886\" class=\"gap-element clearfix\" style=\"display:block; height:auto;\">\n\t\t\n<style>\n#gap-1597979886 {\n  padding-top: 2em;\n}\n<\/style>\n\t<\/div>\n\t\n<p><span style=\"font-weight: 400\">C\u00e1c nh\u00e0 cung c\u1ea5p b\u1ed9 l\u1ecdc h\u1ed3 b\u01a1i v\u00e0 c\u00f4ng ty x\u00e2y d\u1ef1ng h\u1ed3 b\u01a1i c\u1ea7n b\u1ea1n ph\u1ea3i l\u00e0m s\u1ea1ch b\u1ed9 l\u1ecdc th\u01b0\u1eddng xuy\u00ean \u0111\u1ec3 ti\u1ebfp t\u1ee5c b\u1ea3o h\u00e0nh s\u1ea3n ph\u1ea9m c\u1ee7a h\u1ecd. Th\u01b0\u1eddng h\u1ecd s\u1ebd khuy\u00ean b\u1ea1n l\u00e0m s\u1ea1ch m\u1ed7i 3-6 th\u00e1ng t\u00f9y v\u00e0o lo\u1ea1i b\u1ed9 l\u1ecdc b\u1ea1n \u0111ang s\u1eed d\u1ee5ng. \u0110\u1ec3 ti\u1ebft ki\u1ec7m chi ph\u00ed \u0111i\u1ec7n, b\u1ea1n n\u00ean thu\u00ea d\u1ecbch v\u1ee5 l\u1ecdc h\u1ed3 v\u00ec b\u1ed9 l\u1ecdc s\u1ea1ch s\u1eed d\u1ee5ng \u00edt ampe h\u01a1n r\u1ea5t nhi\u1ec1u.\u00a0<\/span><\/p>\n<p><em><span style=\"font-weight: 400\">D\u1ecbch v\u1ee5 l\u1ecdc h\u1ed3 c\u1ee7a ch\u00fang t\u00f4i bao g\u1ed3m:<\/span><\/em><\/p>\n<ul>\n<li style=\"font-weight: 400\"><span style=\"font-weight: 400\">Th\u00e1o g\u1ee1 ho\u00e0n to\u00e0n m\u1ea1ng l\u01b0\u1edbi b\u00ean trong b\u1ed9 l\u1ecdc h\u1ed3<\/span><\/li>\n<li style=\"font-weight: 400\"><span style=\"font-weight: 400\">L\u00e0m s\u1ea1ch \u1edf trong v\u00e0 c\u00e1c b\u1ed9 ph\u1eadn b\u00ean trong b\u00ecnh l\u1ecdc<\/span><\/li>\n<li style=\"font-weight: 400\"><span style=\"font-weight: 400\">D\u00f9ng dung dich axit \u0111\u1ec3 lo\u1ea1i b\u1ecf c\u1eb7n canxi trong m\u1ea1ng l\u01b0\u1edbi<\/span><\/li>\n<li style=\"font-weight: 400\"><span style=\"font-weight: 400\">Tra d\u1ea7u v\u00e0 b\u00f4i tr\u01a1n van r\u1eeda ng\u01b0\u1ee3c (n\u1ebfu l\u00e0 lo\u1ea1i k\u00e9o-\u0111\u1ea9y ho\u1eb7c tr\u01b0\u1ee3t)<\/span><\/li>\n<li style=\"font-weight: 400\"><span style=\"font-weight: 400\">\u0110\u00f3ng k\u00edn b\u00ecnh l\u1ecdc l\u1ea1i<\/span><\/li>\n<li style=\"font-weight: 400\"><span style=\"font-weight: 400\">S\u1ea1c l\u1ea1i b\u00ecnh l\u1ecdc b\u1eb1ng b\u1ed9t tr\u1ee3 l\u1ecdc (n\u1ebfu c\u1ea7n thi\u1ebft)<\/span><\/li>\n<li style=\"font-weight: 400\"><span style=\"font-weight: 400\">Ki\u1ec3m tra b\u1ed9 l\u1ecdc v\u1eadn h\u00e0nh \u0111\u00fang c\u00e1ch<\/span><\/li>\n<\/ul>\n\t<div id=\"gap-431342949\" class=\"gap-element clearfix\" style=\"display:block; height:auto;\">\n\t\t\n<style>\n#gap-431342949 {\n  padding-top: 3em;\n}\n<\/style>\n\t<\/div>\n\t\n\t<div id=\"text-2099070635\" class=\"text\">\n\t\t\n<p>LLD x\u00e1c \u0111\u1ecbnh c\u00e1c v\u1eadt li\u1ec7u v\u00e0 thi\u1ebft b\u1ecb s\u1eed d\u1ee5ng l\u00e0 ch\u1ea5t l\u01b0\u1ee3ng cao nh\u1ea5t. \u0110\u01b0\u1ee3c l\u1ef1a ch\u1ecdn c\u1ea9n th\u1eadn v\u00e0 ph\u00f9 h\u1ee3p v\u1edbi t\u00fai ti\u1ec1n cho m\u1ecdi \u0111\u1ed1i t\u01b0\u1ee3ng. H\u00e3y \u0111\u1ec3 Linh Linh Dan, c\u00f9ng v\u1edbi tay ngh\u1ec1 chuy\u00ean nghi\u1ec7p v\u00e0 kinh nghi\u1ec7m l\u00e2u n\u0103m mang \u0111\u1ebfn cho qu\u00fd kh\u00e1ch nh\u1eefng tr\u1ea3i nghi\u1ec7m t\u1ed1t nh\u1ea5t trong d\u1ecbch v\u1ee5 h\u1ed3 b\u01a1i v\u00e0 s\u00e2n v\u01b0\u1eddn.<\/p>\n<p><strong>Linh Linh \u0110an cung c\u1ea5p c\u00e1c g\u00f3i d\u1ecbch v\u1ee5 gi\u00e1 c\u1ea3 ph\u1ea3i ch\u0103ng cho c\u00e1c ch\u1ee7 nh\u00e0 v\u00e0 c\u00e1c gi\u1ea3i ph\u00e1p t\u1ed1i \u01b0u \u0111\u1ebfn cho c\u00e1c d\u1ef1 \u00e1n th\u01b0\u01a1ng m\u1ea1i. Giao ti\u1ebfp ch\u1eb7t ch\u1ebd v\u1edbi c\u00e1c chuy\u00ean gia \u0111\u01b0\u1ee3c \u0111\u00e0o t\u1ea1o b\u00e0i b\u1ea3n, D\u1ecbch v\u1ee5 H\u1ed3 b\u01a1i Linh Linh Dan l\u00e0 s\u1ef1 l\u1ef1a ch\u1ecdn an to\u00e0n, chuy\u00ean nghi\u1ec7p, \u0111\u00e1ng tin c\u1eady v\u00e0 ph\u00f9 h\u1ee3p nh\u1ea5t cho t\u1ea5t c\u1ea3 c\u00e1c nhu c\u1ea7u s\u1eeda ch\u1eefa v\u00e0 d\u1ecbch v\u1ee5 h\u1ed3 b\u01a1i c\u1ee7a qu\u00fd kh\u00e1ch. Gi\u00fap duy tr\u00ec ng\u00f4i nh\u00e0 \/ d\u1ef1 \u00e1n xinh \u0111\u1eb9p c\u1ee7a qu\u00fd kh\u00e1ch tr\u1edf th\u00e0nh m\u1ed9t tr\u1ea3i nghi\u1ec7m t\u1ed1t \u0111\u1eb9p.<\/strong><br \/>\n\t\t\n<style>\n#text-2099070635 {\n  font-size: 1.0625rem;\n}\n<\/style>\n\t<\/div>\n\t\n\t<div id=\"gap-575195783\" class=\"gap-element clearfix\" style=\"display:block; height:auto;\">\n\t\t\n<style>\n#gap-575195783 {\n  padding-top: 1.5em;\n}\n<\/style>\n\t<\/div>\n\t\n<a href=\"https:\/\/linhlinhdan.com\/vi\/service\/free-service-estimation\/\" target=\"_self\" class=\"button primary btn-full\"  style=\"border-radius:25px;\">\n    <span>\u0110\u1eb6T H\u1eb8N D\u1ecaCH V\u1ee4 C\u1ee6A CH\u00daNG T\u00d4I NGAY H\u00d4M NAY<\/span>\n  <\/a>\n\n\t\t<\/div>\n\t\t\t\t\t<\/div>\n\n\t\n<\/div>\n\t<section class=\"section section_counter_white\" id=\"section_1351825235\">\n\t\t<div class=\"bg section-bg fill bg-fill  bg-loaded\" >\n\n\t\t\t\n\t\t\t\n\t\t\t\n\n\t\t<\/div>\n\n\t\t<div class=\"section-content relative\">\n\t\t\t\n\n\t\t<div class=\"wase\">\n\t\t\t\t\n\n<svg xmlns=\"http:\/\/www.w3.org\/2000\/svg\" width=\"1918\" height=\"226.888\" viewbox=\"0 0 1918 226.888\">\n  <path id=\"Path_1\" data-name=\"Path 1\" d=\"M1921,1745V1518.112c-57.278,14.256-428.156,87.547-827,78.888-430.983-9.356-445.135-102.1-1091-19.22V1745Z\" transform=\"translate(-3 -1518.112)\" fill=\"#77aabc\"\/>\n<\/svg>\n\t\t<\/div>\n\t\n<div class=\"row row_counter\"  id=\"row-115870838\">\n\n\n\t<div id=\"col-1844210693\" class=\"col small-12 large-12\"  >\n\t\t\t\t<div class=\"col-inner\"  >\n\t\t\t\n\t\t\t\n\n\t<div id=\"stack-700585728\" class=\"stack stack-row justify-between items-end\">\n\t\t\n\n\t<div id=\"text-3815003185\" class=\"text\">\n\t\t\n\n<h4><span class=\"count-up\">337<\/span><\/h4>\n<p>H\u1ed8 GIA \u0110\u00ccNH<\/p>\n\t\t\n<style>\n#text-3815003185 {\n  text-align: center;\n}\n<\/style>\n\t<\/div>\n\t\n\t<div id=\"text-4025360136\" class=\"text\">\n\t\t\n\n<h4><span class=\"count-up\">1000<\/span><\/h4>\n<p>D\u1ecaCH V\u1ee4 S\u1eec D\u1ee4NG<\/p>\n\t\t\n<style>\n#text-4025360136 {\n  text-align: center;\n}\n<\/style>\n\t<\/div>\n\t\n\t<div id=\"text-4072639954\" class=\"text\">\n\t\t\n\n<h4><span class=\"count-up\">1000<\/span><\/h4>\n<p>H\u1ed2 B\u01a0I THI C\u00d4NG<\/p>\n\t\t\n<style>\n#text-4072639954 {\n  text-align: center;\n}\n<\/style>\n\t<\/div>\n\t\n\t<div id=\"text-3118122295\" class=\"text\">\n\t\t\n\n<h4><span class=\"count-up\">24<br \/><\/span><\/h4>\n<p>N\u0102M KINH NGHI\u1ec6M<\/p>\n\t\t\n<style>\n#text-3118122295 {\n  text-align: center;\n}\n<\/style>\n\t<\/div>\n\t\n\n\t\t\n<style>\n#stack-700585728 > * {\n  --stack-gap: 0rem;\n}\n<\/style>\n\t<\/div>\n\t\n\n\t\t<\/div>\n\t\t\t\t\t<\/div>\n\n\t\n\n<\/div>\n\n\t\t<\/div>\n\n\t\t\n<style>\n#section_1351825235 {\n  padding-top: 60px;\n  padding-bottom: 60px;\n}\n<\/style>\n\t<\/section>","protected":false},"excerpt":{"rendered":"","protected":false},"author":2,"featured_media":0,"parent":377,"menu_order":0,"comment_status":"closed","ping_status":"closed","template":"page-blank.php","meta":{"footnotes":""},"class_list":["post-907","page","type-page","status-publish","hentry"],"yoast_head":"<!-- This site is optimized with the Yoast SEO plugin v20.13 - https:\/\/yoast.com\/wordpress\/plugins\/seo\/ -->\n<title>Pool Filter Clean up - Linh Linh Dan Store<\/title>\n<meta name=\"robots\" content=\"index, follow, max-snippet:-1, max-image-preview:large, max-video-preview:-1\" \/>\n<link rel=\"canonical\" href=\"https:\/\/linhlinhdan.com\/vi\/service\/pool-filter-clean-up\/\" \/>\n<meta property=\"og:locale\" content=\"vi_VN\" \/>\n<meta property=\"og:type\" content=\"article\" \/>\n<meta property=\"og:title\" content=\"Pool Filter Clean up - Linh Linh Dan Store\" \/>\n<meta property=\"og:url\" content=\"https:\/\/linhlinhdan.com\/vi\/service\/pool-filter-clean-up\/\" \/>\n<meta property=\"og:site_name\" content=\"Linh Linh Dan Store\" \/>\n<meta property=\"article:modified_time\" content=\"2022-07-04T02:44:33+00:00\" \/>\n<meta name=\"twitter:card\" content=\"summary_large_image\" \/>\n<meta name=\"twitter:label1\" content=\"\u01af\u1edbc t\u00ednh th\u1eddi gian \u0111\u1ecdc\" \/>\n\t<meta name=\"twitter:data1\" content=\"2 ph\u00fat\" \/>\n<script type=\"application\/ld+json\" class=\"yoast-schema-graph\">{\"@context\":\"https:\/\/schema.org\",\"@graph\":[{\"@type\":\"WebPage\",\"@id\":\"https:\/\/linhlinhdan.com\/service\/pool-filter-clean-up\/\",\"url\":\"https:\/\/linhlinhdan.com\/service\/pool-filter-clean-up\/\",\"name\":\"Pool Filter Clean up - Linh Linh Dan Store\",\"isPartOf\":{\"@id\":\"https:\/\/linhlinhdan.com\/#website\"},\"datePublished\":\"2022-06-28T02:35:26+00:00\",\"dateModified\":\"2022-07-04T02:44:33+00:00\",\"breadcrumb\":{\"@id\":\"https:\/\/linhlinhdan.com\/service\/pool-filter-clean-up\/#breadcrumb\"},\"inLanguage\":\"vi\",\"potentialAction\":[{\"@type\":\"ReadAction\",\"target\":[\"https:\/\/linhlinhdan.com\/service\/pool-filter-clean-up\/\"]}]},{\"@type\":\"BreadcrumbList\",\"@id\":\"https:\/\/linhlinhdan.com\/service\/pool-filter-clean-up\/#breadcrumb\",\"itemListElement\":[{\"@type\":\"ListItem\",\"position\":1,\"name\":\"Home\",\"item\":\"https:\/\/linhlinhdan.com\/\"},{\"@type\":\"ListItem\",\"position\":2,\"name\":\"Service\",\"item\":\"https:\/\/linhlinhdan.com\/service\/\"},{\"@type\":\"ListItem\",\"position\":3,\"name\":\"Pool Filter Clean up\"}]},{\"@type\":\"WebSite\",\"@id\":\"https:\/\/linhlinhdan.com\/#website\",\"url\":\"https:\/\/linhlinhdan.com\/\",\"name\":\"Linh Linh Dan Store\",\"description\":\"\",\"potentialAction\":[{\"@type\":\"SearchAction\",\"target\":{\"@type\":\"EntryPoint\",\"urlTemplate\":\"https:\/\/linhlinhdan.com\/?s={search_term_string}\"},\"query-input\":\"required name=search_term_string\"}],\"inLanguage\":\"vi\"}]}<\/script>\n<!-- \/ Yoast SEO plugin. -->","yoast_head_json":{"title":"Pool Filter Clean up - Linh Linh Dan Store","robots":{"index":"index","follow":"follow","max-snippet":"max-snippet:-1","max-image-preview":"max-image-preview:large","max-video-preview":"max-video-preview:-1"},"canonical":"https:\/\/linhlinhdan.com\/vi\/service\/pool-filter-clean-up\/","og_locale":"vi_VN","og_type":"article","og_title":"Pool Filter Clean up - Linh Linh Dan Store","og_url":"https:\/\/linhlinhdan.com\/vi\/service\/pool-filter-clean-up\/","og_site_name":"Linh Linh Dan Store","article_modified_time":"2022-07-04T02:44:33+00:00","twitter_card":"summary_large_image","twitter_misc":{"\u01af\u1edbc t\u00ednh th\u1eddi gian \u0111\u1ecdc":"2 ph\u00fat"},"schema":{"@context":"https:\/\/schema.org","@graph":[{"@type":"WebPage","@id":"https:\/\/linhlinhdan.com\/service\/pool-filter-clean-up\/","url":"https:\/\/linhlinhdan.com\/service\/pool-filter-clean-up\/","name":"Pool Filter Clean up - Linh Linh Dan Store","isPartOf":{"@id":"https:\/\/linhlinhdan.com\/#website"},"datePublished":"2022-06-28T02:35:26+00:00","dateModified":"2022-07-04T02:44:33+00:00","breadcrumb":{"@id":"https:\/\/linhlinhdan.com\/service\/pool-filter-clean-up\/#breadcrumb"},"inLanguage":"vi","potentialAction":[{"@type":"ReadAction","target":["https:\/\/linhlinhdan.com\/service\/pool-filter-clean-up\/"]}]},{"@type":"BreadcrumbList","@id":"https:\/\/linhlinhdan.com\/service\/pool-filter-clean-up\/#breadcrumb","itemListElement":[{"@type":"ListItem","position":1,"name":"Home","item":"https:\/\/linhlinhdan.com\/"},{"@type":"ListItem","position":2,"name":"Service","item":"https:\/\/linhlinhdan.com\/service\/"},{"@type":"ListItem","position":3,"name":"Pool Filter Clean up"}]},{"@type":"WebSite","@id":"https:\/\/linhlinhdan.com\/#website","url":"https:\/\/linhlinhdan.com\/","name":"Linh Linh Dan Store","description":"","potentialAction":[{"@type":"SearchAction","target":{"@type":"EntryPoint","urlTemplate":"https:\/\/linhlinhdan.com\/?s={search_term_string}"},"query-input":"required name=search_term_string"}],"inLanguage":"vi"}]}},"_links":{"self":[{"href":"https:\/\/linhlinhdan.com\/vi\/wp-json\/wp\/v2\/pages\/907","targetHints":{"allow":["GET"]}}],"collection":[{"href":"https:\/\/linhlinhdan.com\/vi\/wp-json\/wp\/v2\/pages"}],"about":[{"href":"https:\/\/linhlinhdan.com\/vi\/wp-json\/wp\/v2\/types\/page"}],"author":[{"embeddable":true,"href":"https:\/\/linhlinhdan.com\/vi\/wp-json\/wp\/v2\/users\/2"}],"replies":[{"embeddable":true,"href":"https:\/\/linhlinhdan.com\/vi\/wp-json\/wp\/v2\/comments?post=907"}],"version-history":[{"count":3,"href":"https:\/\/linhlinhdan.com\/vi\/wp-json\/wp\/v2\/pages\/907\/revisions"}],"predecessor-version":[{"id":1047,"href":"https:\/\/linhlinhdan.com\/vi\/wp-json\/wp\/v2\/pages\/907\/revisions\/1047"}],"up":[{"embeddable":true,"href":"https:\/\/linhlinhdan.com\/vi\/wp-json\/wp\/v2\/pages\/377"}],"wp:attachment":[{"href":"https:\/\/linhlinhdan.com\/vi\/wp-json\/wp\/v2\/media?parent=907"}],"curies":[{"name":"wp","href":"https:\/\/api.w.org\/{rel}","templated":true}]}}