{"id":912,"date":"2022-06-28T02:37:28","date_gmt":"2022-06-28T02:37:28","guid":{"rendered":"https:\/\/store.linhlinhdan.servisense.xyz\/?page_id=912"},"modified":"2022-07-04T02:48:05","modified_gmt":"2022-07-04T02:48:05","slug":"pool-plumping-repair","status":"publish","type":"page","link":"https:\/\/linhlinhdan.com\/vi\/service\/pool-plumping-repair\/","title":{"rendered":"S\u1eefa ch\u1eefa m\u00e1y b\u01a1m h\u1ed3 b\u01a1i"},"content":{"rendered":"<div id=\"page-header-1191279018\" class=\"page-header-wrapper\">\n  <div class=\"page-title dark featured-title\">\n\n    \n    <div class=\"page-title-inner container align-center text-center flex-row-col medium-flex-wrap\" >\n              <div class=\"title-wrapper flex-col\">\n          <h1 class=\"entry-title mb-0\">\n            D\u1ecaCH V\u1ee4 CHUY\u00caN BI\u1ec6T          <\/h1>\n        <\/div>\n                    <div class=\"title-content flex-col\">\n        <div class=\"title-breadcrumbs pb-half pt-half\"><\/div>      <\/div>\n    <\/div>\n\n       <\/div>\n    <\/div>\n  \n\t<div id=\"gap-1562603501\" class=\"gap-element clearfix\" style=\"display:block; height:auto;\">\n\t\t\n<style>\n#gap-1562603501 {\n  padding-top: 3em;\n}\n<\/style>\n\t<\/div>\n\t\n<div class=\"row\"  id=\"row-660080387\">\n\n\t<div id=\"col-1308549185\" class=\"col col-sidebar medium-3 small-12 large-3\"  >\n\t\t\t\t<div class=\"col-inner\"  >\n\t\t\t\n\t\t\t\n<h5>B\u1ea2O TR\u00cc<\/h5>\n<ul>\n<li><a href=\"https:\/\/linhlinhdan.com\/vi\/service\/pool-service\/\">D\u1ecbch v\u1ee5 b\u1ea3o tr\u00ec h\u1ed3 b\u01a1i chuy\u00ean nghi\u1ec7p<\/a><\/li>\n<li><a href=\"https:\/\/linhlinhdan.com\/vi\/service\/steam-sauna-service\/\">D\u1ecbch v\u1ee5 b\u1ea3o tr\u00ec ph\u00f2ng spa h\u01a1i &amp; sauna<\/a><\/li>\n<li><a href=\"https:\/\/linhlinhdan.com\/vi\/service\/garden-service\/\">D\u1ecbch v\u1ee5 b\u1ea3o tr\u00ec s\u00e2n v\u01b0\u1eddn<\/a><\/li>\n<li><a href=\"https:\/\/linhlinhdan.com\/vi\/service\/commercial-service\/\">D\u1ecbch v\u1ee5 b\u1ea3o tr\u00ec th\u01b0\u01a1ng m\u1ea1i<\/a><\/li>\n<\/ul>\n<div class=\"is-divider divider clearfix\" style=\"max-width:100%;height:1px;background-color:rgb(34, 56, 200);\"><\/div>\n\n<h5>S\u1eecA CH\u1eeeA TR\u00d9NG TU<\/h5>\n<ul>\n<li><a href=\"https:\/\/linhlinhdan.com\/vi\/service\/acid-wash-service\/\">T\u1ea9y s\u1ea1ch ax\u00edt<\/a><\/li>\n<li><a href=\"https:\/\/linhlinhdan.com\/vi\/service\/pool-sand-replacement\/\">Thay c\u00e1t h\u1ed3 b\u01a1i<\/a><\/li>\n<li><a href=\"https:\/\/linhlinhdan.com\/vi\/service\/pool-filter-clean-up\/\">L\u00e0m s\u1ea1ch h\u1ec7 th\u1ed1ng l\u1ecdc h\u1ed3<\/a><\/li>\n<li><a href=\"https:\/\/linhlinhdan.com\/vi\/service\/salt-cell-install-service\/\">C\u00e0i \u0111\u1eb7t \u00f4 mu\u1ed1i<\/a><\/li>\n<li><a href=\"https:\/\/linhlinhdan.com\/vi\/service\/pool-plumping-repair\/\">S\u1eefa ch\u1eefa m\u00e1y b\u01a1m h\u1ed3 b\u01a1i<\/a><\/li>\n<li><a href=\"https:\/\/linhlinhdan.com\/vi\/service\/pool-draining\/\">H\u00fat c\u1ea1n h\u1ed3 b\u01a1i<\/a><\/li>\n<li><a href=\"https:\/\/linhlinhdan.com\/vi\/service\/pool-heater-tune-up\/\">Ch\u1ec9nh b\u1ed9 nhi\u1ec7t n\u00f3ng h\u1ed3 b\u01a1i<\/a><\/li>\n<li><a href=\"https:\/\/linhlinhdan.com\/vi\/service\/pool-tile-care\/\">Ch\u0103m s\u00f3c g\u1ea1ch h\u1ed3<\/a><\/li>\n<\/ul>\n\t<div id=\"text-157214257\" class=\"text hidden\">\n\t\t\n\n<h5>XEM TH\u00caM<\/h5>\n<ul>\n<li><a href=\"#\">D\u1ecbch v\u1ee5 l\u1eafp \u0111\u1eb7t<\/a><\/li>\n<li><a href=\"#\">C\u00e2u h\u1ecfi th\u01b0\u1eddng g\u1eb7p v\u1ec1 d\u1ef1 \u00e1n v\u00e0 x\u00e2y d\u1ef1ng<\/a><\/li>\n<li><a href=\"#\">D\u1ef1 to\u00e1n d\u1ef1 \u00e1n<\/a><\/li>\n<li><a href=\"https:\/\/linhlinhdan.com\/vi\/community\/\">C\u1ed9ng \u0110\u1ed3ng<\/a><\/li>\n<\/ul>\n\t\t\t<\/div>\n\t\n\t\t<\/div>\n\t\t\t\t\t<\/div>\n\n\t\n\n\t<div id=\"col-205774378\" class=\"col stack_table single-post block-page-title medium-9 small-12 large-9\"  >\n\t\t\t\t<div class=\"col-inner\"  >\n\t\t\t\n\t\t\t\n\t<div id=\"gap-10757368\" class=\"gap-element clearfix\" style=\"display:block; height:auto;\">\n\t\t\n<style>\n#gap-10757368 {\n  padding-top: 20px;\n}\n<\/style>\n\t<\/div>\n\t\n  <div id=\"page-header-1749634306\" class=\"page-header-wrapper\">\n  <div class=\"page-title service_title light simple-title\">\n\n    \n    <div class=\"page-title-inner container align-top flex-row medium-flex-wrap\" >\n              <div class=\"title-wrapper uppercase flex-col text-left medium-text-center\">\n          <h1 class=\"entry-title mb-0\">\n            S\u1eefa ch\u1eefa m\u00e1y b\u01a1m h\u1ed3 b\u01a1i          <\/h1>\n        <\/div>\n                    <div class=\"title-content flex-col flex-right text-right medium-text-center\">\n        <div class=\"title-breadcrumbs pb-half pt-half\"><\/div>      <\/div>\n    <\/div>\n\n       <\/div>\n    <\/div>\n  \n<p><span style=\"font-weight: 400\">S\u1eeda ch\u1eefa h\u1ec7 th\u1ed1ng b\u01a1m c\u00f3 th\u1ec3 g\u00e2y kh\u00e1 nhi\u1ec1u c\u0103ng th\u1eb3ng cho b\u1ea1n n\u1ebfu b\u1ea1n kh\u00f4ng bi\u1ebft r\u00f5 c\u00e1ch v\u1eadn h\u00e0nh c\u1ee7a h\u1ec7 th\u1ed1ng b\u01a1m. LLD pool &amp; spa s\u1ebd h\u1ed7 tr\u1ee3 b\u1ea1n v\u1edbi b\u1ea5t k\u00ec v\u1ea5n \u0111\u1ec1 n\u00e0o li\u00ean quan t\u1edbi h\u1ec7 th\u1ed1ng b\u01a1m m\u00e0 b\u1ea1n \u0111ang ph\u1ea3i \u0111\u1ed1i m\u1eb7t. \u0110\u00e2y l\u00e0 nh\u1eefng d\u1ecbch v\u1ee5 ph\u1ed5 bi\u1ebfn nh\u1ea5t c\u1ee7a ch\u00fang t\u00f4i:\u00a0\u00a0<\/span><\/p>\n<p><strong>Ph\u00e1t hi\u1ec7n r\u00f2 r\u1ec9<\/strong><\/p>\n<p><span style=\"font-weight: 400\">Ph\u00e1t hi\u1ec7n r\u00f2 r\u1ec9 v\u00e0 s\u1eeda ch\u1eefa h\u1ec7 th\u1ed1ng b\u01a1m s\u1ebd k\u00e9o d\u00e0i tu\u1ed5i th\u1ecd c\u1ee7a nh\u1eefng b\u1ed9 ph\u1eadn t\u1ed1n k\u00e9m nh\u1ea5t trong h\u1ec7 th\u1ed1ng b\u01a1m v\u00e0 tu\u1ea7n ho\u00e0n n\u01b0\u1edbc c\u1ee7a b\u1ea1n. Vi\u1ec7c n\u00e0y s\u1ebd gi\u00fap b\u1ea1n ti\u1ebft ki\u1ec7m chi ph\u00ed b\u1ea3o tr\u00ec h\u1ed3 b\u01a1i.\u00a0<\/span><\/p>\n<p><strong>L\u00e0m th\u00f4ng \u1ed1ng n\u01b0\u1edbc<\/strong><\/p>\n<p><span style=\"font-weight: 400\">\u0110\u01b0\u1eddng \u1ed1ng h\u00fat th\u01b0\u1eddng xuy\u00ean b\u1ecb t\u1eafc ngh\u1ebdn b\u1edfi l\u00e1 kh\u00f4. Lo\u1ea1i b\u1ecf r\u00e1c nh\u01b0 l\u00e1 kh\u00f4 v\u00e0 \u0111\u1ea5t s\u1ebd l\u00e0m th\u00f4ng \u0111\u01b0\u1eddng \u1ed1ng h\u00fat.<\/span><\/p>\n<p><strong>C\u00e2n b\u1eb1ng th\u1ee7y l\u1ef1c<\/strong><\/p>\n<p><span style=\"font-weight: 400\">C\u00e2n b\u1eb1ng th\u1ee7y l\u1ef1c b\u1eb1ng c\u00e1ch \u0111i\u1ec1u ch\u1ec9nh van h\u1ec7 th\u1ed1ng tu\u1ea7n ho\u00e0n, l\u1ed7 v\u00e0o v\u00e0 c\u00e1c b\u1ed9 ph\u1eadn nh\u1ecf c\u1ee7a h\u1ec7 th\u1ed1ng b\u01a1m n\u01b0\u1edbc theo lu\u1ed3ng n\u01b0\u1edbc c\u1ee7a h\u1ec7 th\u1ed1ng b\u01a1m. M\u1ed9t h\u1ec7 th\u1ed1ng kh\u00f4ng c\u00e2n b\u1eb1ng c\u00f3 th\u1ec3 d\u1eabn t\u1edbi chi ph\u00ed n\u0103ng l\u01b0\u1ee3ng v\u00e0 s\u1eeda ch\u1eefa r\u1ea5t cao. T\u1ed1i \u0111a h\u00f3a n\u0103ng su\u1ea5t tu\u1ea7n ho\u00e0n, lu\u1ed3ng ch\u1ea3y v\u00e0 n\u0103ng l\u01b0\u1ee3ng s\u1ebd cho b\u1ea1n ch\u1ea5t l\u01b0\u1ee3ng n\u01b0\u1edbc cao h\u01a1n v\u00e0 chi ph\u00ed \u0111i\u1ec7n th\u1ea5p h\u01a1n. <\/span><\/p>\n\t<div id=\"text-355209514\" class=\"text d-flex text-inline\">\n\t\t\n\t\t\t<\/div>\n\t\n\t<div id=\"gap-807732444\" class=\"gap-element clearfix\" style=\"display:block; height:auto;\">\n\t\t\n<style>\n#gap-807732444 {\n  padding-top: 2em;\n}\n<\/style>\n\t<\/div>\n\t\n<p>D\u1ecbch v\u1ee5 h\u1ed3 b\u01a1i c\u1ee7a LLD Pool Service, tin r\u1eb1ng qu\u00fd kh\u00e1ch th\u00edch b\u01a1i trong h\u1ed3 b\u01a1i c\u1ee7a m\u00ecnh h\u01a1n l\u00e0 l\u00e0m s\u1ea1ch n\u00f3. M\u1ed9t h\u1ed3 b\u01a1i s\u1ea1ch s\u1ebd, ti\u1ec7n d\u1ee5ng l\u00e0 \u0111i\u1ec1u lu\u00f4n \u0111\u01b0\u1ee3c \u01b0u ti\u1ebfn h\u00e0ng \u0111\u1ea7u. Ch\u00fang t\u00f4i th\u1ef1c hi\u1ec7n d\u1ecbch v\u1ee5 v\u1ec7 sinh h\u1ed3 b\u01a1i truy\u1ec1n th\u1ed1ng h\u00e0ng tu\u1ea7n. D\u1ecbch v\u1ee5 v\u1ec7 sinh h\u1ed3 b\u01a1i tr\u1ecdn g\u00f3i bao g\u1ed3m: c\u1ecd to\u00e0n b\u1ed9 t\u01b0\u1eddng &amp; g\u1ea1ch, b\u0103ng gh\u1ebf, b\u1eadc tam c\u1ea5p; l\u01b0\u1edbi v\u1edbt, l\u00e0m s\u1ea1ch t\u1ea5t c\u1ea3 c\u00e1c gi\u1ecf; ki\u1ec3m tra v\u00e0 c\u00e2n b\u1eb1ng h\u00f3a ch\u1ea5t, v\u00e0 ki\u1ec3m tra tr\u1ef1c quan thi\u1ebft b\u1ecb.<\/p>\n\t<div id=\"gap-1179985478\" class=\"gap-element clearfix\" style=\"display:block; height:auto;\">\n\t\t\n<style>\n#gap-1179985478 {\n  padding-top: 3em;\n}\n<\/style>\n\t<\/div>\n\t\n\t<div id=\"text-1707871037\" class=\"text\">\n\t\t\n<p>LLD x\u00e1c \u0111\u1ecbnh c\u00e1c v\u1eadt li\u1ec7u v\u00e0 thi\u1ebft b\u1ecb s\u1eed d\u1ee5ng l\u00e0 ch\u1ea5t l\u01b0\u1ee3ng cao nh\u1ea5t. \u0110\u01b0\u1ee3c l\u1ef1a ch\u1ecdn c\u1ea9n th\u1eadn v\u00e0 ph\u00f9 h\u1ee3p v\u1edbi t\u00fai ti\u1ec1n cho m\u1ecdi \u0111\u1ed1i t\u01b0\u1ee3ng. Gi\u00fap qu\u00fd kh\u00e1ch c\u00f3 \u0111\u01b0\u1ee3c tr\u1ea3i nghi\u1ec7m t\u1ed1t nh\u1ea5t v\u1edbi s\u1ed1 ti\u1ec1n b\u1ecf ra. H\u00e3y \u0111\u1ec3 Linh Linh Dan, c\u00f9ng v\u1edbi tay ngh\u1ec1 chuy\u00ean nghi\u1ec7p v\u00e0 kinh nghi\u1ec7m l\u00e2u n\u0103m mang \u0111\u1ebfn cho qu\u00fd kh\u00e1ch nh\u1eefng tr\u1ea3i nghi\u1ec7m t\u1ed1t nh\u1ea5t trong s\u1eeda ch\u1eefa h\u1ed3 b\u01a1i.<\/p>\n<p><strong>Linh Linh \u0110an cung c\u1ea5p c\u00e1c g\u00f3i d\u1ecbch v\u1ee5 gi\u00e1 c\u1ea3 ph\u1ea3i ch\u0103ng cho c\u00e1c ch\u1ee7 nh\u00e0 v\u00e0 c\u00e1c gi\u1ea3i ph\u00e1p t\u1ed1i \u01b0u \u0111\u1ebfn cho c\u00e1c d\u1ef1 \u00e1n th\u01b0\u01a1ng m\u1ea1i. Giao ti\u1ebfp ch\u1eb7t ch\u1ebd v\u1edbi c\u00e1c chuy\u00ean gia \u0111\u01b0\u1ee3c \u0111\u00e0o t\u1ea1o b\u00e0i b\u1ea3n, D\u1ecbch v\u1ee5 H\u1ed3 b\u01a1i Linh Linh Dan l\u00e0 s\u1ef1 l\u1ef1a ch\u1ecdn an to\u00e0n, chuy\u00ean nghi\u1ec7p, \u0111\u00e1ng tin c\u1eady v\u00e0 ph\u00f9 h\u1ee3p nh\u1ea5t cho t\u1ea5t c\u1ea3 c\u00e1c nhu c\u1ea7u s\u1eeda ch\u1eefa v\u00e0 d\u1ecbch v\u1ee5 h\u1ed3 b\u01a1i c\u1ee7a qu\u00fd kh\u00e1ch. Gi\u00fap duy tr\u00ec ng\u00f4i nh\u00e0 \/ d\u1ef1 \u00e1n xinh \u0111\u1eb9p c\u1ee7a qu\u00fd kh\u00e1ch tr\u1edf th\u00e0nh m\u1ed9t tr\u1ea3i nghi\u1ec7m t\u1ed1t \u0111\u1eb9p.<\/strong><br \/>\n\t\t\n<style>\n#text-1707871037 {\n  font-size: 1.0625rem;\n}\n<\/style>\n\t<\/div>\n\t\n\t<div id=\"gap-1451297310\" class=\"gap-element clearfix\" style=\"display:block; height:auto;\">\n\t\t\n<style>\n#gap-1451297310 {\n  padding-top: 1.5em;\n}\n<\/style>\n\t<\/div>\n\t\n<a href=\"https:\/\/linhlinhdan.com\/vi\/service\/free-service-estimation\/\" target=\"_self\" class=\"button primary btn-full\"  style=\"border-radius:25px;\">\n    <span>\u0110\u1eb6T H\u1eb8N D\u1ecaCH V\u1ee4 C\u1ee6A CH\u00daNG T\u00d4I NGAY H\u00d4M NAY<\/span>\n  <\/a>\n\n\t\t<\/div>\n\t\t\t\t\t<\/div>\n\n\t\n<\/div>\n\t<section class=\"section section_counter_white\" id=\"section_548980149\">\n\t\t<div class=\"bg section-bg fill bg-fill  bg-loaded\" >\n\n\t\t\t\n\t\t\t\n\t\t\t\n\n\t\t<\/div>\n\n\t\t<div class=\"section-content relative\">\n\t\t\t\n\n\t\t<div class=\"wase\">\n\t\t\t\t\n\n<svg xmlns=\"http:\/\/www.w3.org\/2000\/svg\" width=\"1918\" height=\"226.888\" viewbox=\"0 0 1918 226.888\">\n  <path id=\"Path_1\" data-name=\"Path 1\" d=\"M1921,1745V1518.112c-57.278,14.256-428.156,87.547-827,78.888-430.983-9.356-445.135-102.1-1091-19.22V1745Z\" transform=\"translate(-3 -1518.112)\" fill=\"#77aabc\"\/>\n<\/svg>\n\t\t<\/div>\n\t\n<div class=\"row row_counter\"  id=\"row-1819554572\">\n\n\n\t<div id=\"col-523457176\" class=\"col small-12 large-12\"  >\n\t\t\t\t<div class=\"col-inner\"  >\n\t\t\t\n\t\t\t\n\n\t<div id=\"stack-1640464031\" class=\"stack stack-row justify-between items-end\">\n\t\t\n\n\t<div id=\"text-129432499\" class=\"text\">\n\t\t\n\n<h4><span class=\"count-up\">337<\/span><\/h4>\n<p>H\u1ed8 GIA \u0110\u00ccNH<\/p>\n\t\t\n<style>\n#text-129432499 {\n  text-align: center;\n}\n<\/style>\n\t<\/div>\n\t\n\t<div id=\"text-3292745628\" class=\"text\">\n\t\t\n\n<h4><span class=\"count-up\">1000<\/span><\/h4>\n<p>D\u1ecaCH V\u1ee4 S\u1eec D\u1ee4NG<\/p>\n\t\t\n<style>\n#text-3292745628 {\n  text-align: center;\n}\n<\/style>\n\t<\/div>\n\t\n\t<div id=\"text-2595095670\" class=\"text\">\n\t\t\n\n<h4><span class=\"count-up\">1000<\/span><\/h4>\n<p>H\u1ed2 B\u01a0I THI C\u00d4NG<\/p>\n\t\t\n<style>\n#text-2595095670 {\n  text-align: center;\n}\n<\/style>\n\t<\/div>\n\t\n\t<div id=\"text-1919016300\" class=\"text\">\n\t\t\n\n<h4><span class=\"count-up\">24<br \/><\/span><\/h4>\n<p>N\u0102M KINH NGHI\u1ec6M<\/p>\n\t\t\n<style>\n#text-1919016300 {\n  text-align: center;\n}\n<\/style>\n\t<\/div>\n\t\n\n\t\t\n<style>\n#stack-1640464031 > * {\n  --stack-gap: 0rem;\n}\n<\/style>\n\t<\/div>\n\t\n\n\t\t<\/div>\n\t\t\t\t\t<\/div>\n\n\t\n\n<\/div>\n\n\t\t<\/div>\n\n\t\t\n<style>\n#section_548980149 {\n  padding-top: 60px;\n  padding-bottom: 60px;\n}\n<\/style>\n\t<\/section>","protected":false},"excerpt":{"rendered":"","protected":false},"author":2,"featured_media":0,"parent":377,"menu_order":0,"comment_status":"closed","ping_status":"closed","template":"page-blank.php","meta":{"footnotes":""},"class_list":["post-912","page","type-page","status-publish","hentry"],"yoast_head":"<!-- This site is optimized with the Yoast SEO plugin v20.13 - https:\/\/yoast.com\/wordpress\/plugins\/seo\/ -->\n<title>Pool Plumping Repair - Linh Linh Dan Store<\/title>\n<meta name=\"robots\" content=\"index, follow, max-snippet:-1, max-image-preview:large, max-video-preview:-1\" \/>\n<link rel=\"canonical\" href=\"https:\/\/linhlinhdan.com\/vi\/service\/pool-plumping-repair\/\" \/>\n<meta property=\"og:locale\" content=\"vi_VN\" \/>\n<meta property=\"og:type\" content=\"article\" \/>\n<meta property=\"og:title\" content=\"Pool Plumping Repair - Linh Linh Dan Store\" \/>\n<meta property=\"og:url\" content=\"https:\/\/linhlinhdan.com\/vi\/service\/pool-plumping-repair\/\" \/>\n<meta property=\"og:site_name\" content=\"Linh Linh Dan Store\" \/>\n<meta property=\"article:modified_time\" content=\"2022-07-04T02:48:05+00:00\" \/>\n<meta name=\"twitter:card\" content=\"summary_large_image\" \/>\n<meta name=\"twitter:label1\" content=\"\u01af\u1edbc t\u00ednh th\u1eddi gian \u0111\u1ecdc\" \/>\n\t<meta name=\"twitter:data1\" content=\"2 ph\u00fat\" \/>\n<script type=\"application\/ld+json\" class=\"yoast-schema-graph\">{\"@context\":\"https:\/\/schema.org\",\"@graph\":[{\"@type\":\"WebPage\",\"@id\":\"https:\/\/linhlinhdan.com\/service\/pool-plumping-repair\/\",\"url\":\"https:\/\/linhlinhdan.com\/service\/pool-plumping-repair\/\",\"name\":\"Pool Plumping Repair - Linh Linh Dan Store\",\"isPartOf\":{\"@id\":\"https:\/\/linhlinhdan.com\/#website\"},\"datePublished\":\"2022-06-28T02:37:28+00:00\",\"dateModified\":\"2022-07-04T02:48:05+00:00\",\"breadcrumb\":{\"@id\":\"https:\/\/linhlinhdan.com\/service\/pool-plumping-repair\/#breadcrumb\"},\"inLanguage\":\"vi\",\"potentialAction\":[{\"@type\":\"ReadAction\",\"target\":[\"https:\/\/linhlinhdan.com\/service\/pool-plumping-repair\/\"]}]},{\"@type\":\"BreadcrumbList\",\"@id\":\"https:\/\/linhlinhdan.com\/service\/pool-plumping-repair\/#breadcrumb\",\"itemListElement\":[{\"@type\":\"ListItem\",\"position\":1,\"name\":\"Home\",\"item\":\"https:\/\/linhlinhdan.com\/\"},{\"@type\":\"ListItem\",\"position\":2,\"name\":\"Service\",\"item\":\"https:\/\/linhlinhdan.com\/service\/\"},{\"@type\":\"ListItem\",\"position\":3,\"name\":\"Pool Plumping Repair\"}]},{\"@type\":\"WebSite\",\"@id\":\"https:\/\/linhlinhdan.com\/#website\",\"url\":\"https:\/\/linhlinhdan.com\/\",\"name\":\"Linh Linh Dan Store\",\"description\":\"\",\"potentialAction\":[{\"@type\":\"SearchAction\",\"target\":{\"@type\":\"EntryPoint\",\"urlTemplate\":\"https:\/\/linhlinhdan.com\/?s={search_term_string}\"},\"query-input\":\"required name=search_term_string\"}],\"inLanguage\":\"vi\"}]}<\/script>\n<!-- \/ Yoast SEO plugin. -->","yoast_head_json":{"title":"Pool Plumping Repair - Linh Linh Dan Store","robots":{"index":"index","follow":"follow","max-snippet":"max-snippet:-1","max-image-preview":"max-image-preview:large","max-video-preview":"max-video-preview:-1"},"canonical":"https:\/\/linhlinhdan.com\/vi\/service\/pool-plumping-repair\/","og_locale":"vi_VN","og_type":"article","og_title":"Pool Plumping Repair - Linh Linh Dan Store","og_url":"https:\/\/linhlinhdan.com\/vi\/service\/pool-plumping-repair\/","og_site_name":"Linh Linh Dan Store","article_modified_time":"2022-07-04T02:48:05+00:00","twitter_card":"summary_large_image","twitter_misc":{"\u01af\u1edbc t\u00ednh th\u1eddi gian \u0111\u1ecdc":"2 ph\u00fat"},"schema":{"@context":"https:\/\/schema.org","@graph":[{"@type":"WebPage","@id":"https:\/\/linhlinhdan.com\/service\/pool-plumping-repair\/","url":"https:\/\/linhlinhdan.com\/service\/pool-plumping-repair\/","name":"Pool Plumping Repair - Linh Linh Dan Store","isPartOf":{"@id":"https:\/\/linhlinhdan.com\/#website"},"datePublished":"2022-06-28T02:37:28+00:00","dateModified":"2022-07-04T02:48:05+00:00","breadcrumb":{"@id":"https:\/\/linhlinhdan.com\/service\/pool-plumping-repair\/#breadcrumb"},"inLanguage":"vi","potentialAction":[{"@type":"ReadAction","target":["https:\/\/linhlinhdan.com\/service\/pool-plumping-repair\/"]}]},{"@type":"BreadcrumbList","@id":"https:\/\/linhlinhdan.com\/service\/pool-plumping-repair\/#breadcrumb","itemListElement":[{"@type":"ListItem","position":1,"name":"Home","item":"https:\/\/linhlinhdan.com\/"},{"@type":"ListItem","position":2,"name":"Service","item":"https:\/\/linhlinhdan.com\/service\/"},{"@type":"ListItem","position":3,"name":"Pool Plumping Repair"}]},{"@type":"WebSite","@id":"https:\/\/linhlinhdan.com\/#website","url":"https:\/\/linhlinhdan.com\/","name":"Linh Linh Dan Store","description":"","potentialAction":[{"@type":"SearchAction","target":{"@type":"EntryPoint","urlTemplate":"https:\/\/linhlinhdan.com\/?s={search_term_string}"},"query-input":"required name=search_term_string"}],"inLanguage":"vi"}]}},"_links":{"self":[{"href":"https:\/\/linhlinhdan.com\/vi\/wp-json\/wp\/v2\/pages\/912","targetHints":{"allow":["GET"]}}],"collection":[{"href":"https:\/\/linhlinhdan.com\/vi\/wp-json\/wp\/v2\/pages"}],"about":[{"href":"https:\/\/linhlinhdan.com\/vi\/wp-json\/wp\/v2\/types\/page"}],"author":[{"embeddable":true,"href":"https:\/\/linhlinhdan.com\/vi\/wp-json\/wp\/v2\/users\/2"}],"replies":[{"embeddable":true,"href":"https:\/\/linhlinhdan.com\/vi\/wp-json\/wp\/v2\/comments?post=912"}],"version-history":[{"count":3,"href":"https:\/\/linhlinhdan.com\/vi\/wp-json\/wp\/v2\/pages\/912\/revisions"}],"predecessor-version":[{"id":1051,"href":"https:\/\/linhlinhdan.com\/vi\/wp-json\/wp\/v2\/pages\/912\/revisions\/1051"}],"up":[{"embeddable":true,"href":"https:\/\/linhlinhdan.com\/vi\/wp-json\/wp\/v2\/pages\/377"}],"wp:attachment":[{"href":"https:\/\/linhlinhdan.com\/vi\/wp-json\/wp\/v2\/media?parent=912"}],"curies":[{"name":"wp","href":"https:\/\/api.w.org\/{rel}","templated":true}]}}