{"id":914,"date":"2022-06-28T02:44:32","date_gmt":"2022-06-28T02:44:32","guid":{"rendered":"https:\/\/store.linhlinhdan.servisense.xyz\/?page_id=914"},"modified":"2022-07-04T02:51:54","modified_gmt":"2022-07-04T02:51:54","slug":"pool-draining","status":"publish","type":"page","link":"https:\/\/linhlinhdan.com\/vi\/service\/pool-draining\/","title":{"rendered":"H\u00fat c\u1ea1n h\u1ed3 b\u01a1i"},"content":{"rendered":"<div id=\"page-header-1920263894\" class=\"page-header-wrapper\">\n  <div class=\"page-title dark featured-title\">\n\n    \n    <div class=\"page-title-inner container align-center text-center flex-row-col medium-flex-wrap\" >\n              <div class=\"title-wrapper flex-col\">\n          <h1 class=\"entry-title mb-0\">\n            D\u1ecaCH V\u1ee4 CHUY\u00caN BI\u1ec6T          <\/h1>\n        <\/div>\n                    <div class=\"title-content flex-col\">\n        <div class=\"title-breadcrumbs pb-half pt-half\"><\/div>      <\/div>\n    <\/div>\n\n       <\/div>\n    <\/div>\n  \n\t<div id=\"gap-1985589649\" class=\"gap-element clearfix\" style=\"display:block; height:auto;\">\n\t\t\n<style>\n#gap-1985589649 {\n  padding-top: 3em;\n}\n<\/style>\n\t<\/div>\n\t\n<div class=\"row\"  id=\"row-369308870\">\n\n\t<div id=\"col-398570721\" class=\"col col-sidebar medium-3 small-12 large-3\"  >\n\t\t\t\t<div class=\"col-inner\"  >\n\t\t\t\n\t\t\t\n<h5>B\u1ea2O TR\u00cc<\/h5>\n<ul>\n<li><a href=\"https:\/\/linhlinhdan.com\/vi\/service\/pool-service\/\">D\u1ecbch v\u1ee5 b\u1ea3o tr\u00ec h\u1ed3 b\u01a1i chuy\u00ean nghi\u1ec7p<\/a><\/li>\n<li><a href=\"https:\/\/linhlinhdan.com\/vi\/service\/steam-sauna-service\/\">D\u1ecbch v\u1ee5 b\u1ea3o tr\u00ec ph\u00f2ng spa h\u01a1i &amp; sauna<\/a><\/li>\n<li><a href=\"https:\/\/linhlinhdan.com\/vi\/service\/garden-service\/\">D\u1ecbch v\u1ee5 b\u1ea3o tr\u00ec s\u00e2n v\u01b0\u1eddn<\/a><\/li>\n<li><a href=\"https:\/\/linhlinhdan.com\/vi\/service\/commercial-service\/\">D\u1ecbch v\u1ee5 b\u1ea3o tr\u00ec th\u01b0\u01a1ng m\u1ea1i<\/a><\/li>\n<\/ul>\n<div class=\"is-divider divider clearfix\" style=\"max-width:100%;height:1px;background-color:rgb(34, 56, 200);\"><\/div>\n\n<h5>S\u1eecA CH\u1eeeA TR\u00d9NG TU<\/h5>\n<ul>\n<li><a href=\"https:\/\/linhlinhdan.com\/vi\/service\/acid-wash-service\/\">T\u1ea9y s\u1ea1ch ax\u00edt<\/a><\/li>\n<li><a href=\"https:\/\/linhlinhdan.com\/vi\/service\/pool-sand-replacement\/\">Thay c\u00e1t h\u1ed3 b\u01a1i<\/a><\/li>\n<li><a href=\"https:\/\/linhlinhdan.com\/vi\/service\/pool-filter-clean-up\/\">L\u00e0m s\u1ea1ch h\u1ec7 th\u1ed1ng l\u1ecdc h\u1ed3<\/a><\/li>\n<li><a href=\"https:\/\/linhlinhdan.com\/vi\/service\/salt-cell-install-service\/\">C\u00e0i \u0111\u1eb7t \u00f4 mu\u1ed1i<\/a><\/li>\n<li><a href=\"https:\/\/linhlinhdan.com\/vi\/service\/pool-plumping-repair\/\">S\u1eefa ch\u1eefa m\u00e1y b\u01a1m h\u1ed3 b\u01a1i<\/a><\/li>\n<li><a href=\"https:\/\/linhlinhdan.com\/vi\/service\/pool-draining\/\">H\u00fat c\u1ea1n h\u1ed3 b\u01a1i<\/a><\/li>\n<li><a href=\"https:\/\/linhlinhdan.com\/vi\/service\/pool-heater-tune-up\/\">Ch\u1ec9nh b\u1ed9 nhi\u1ec7t n\u00f3ng h\u1ed3 b\u01a1i<\/a><\/li>\n<li><a href=\"https:\/\/linhlinhdan.com\/vi\/service\/pool-tile-care\/\">Ch\u0103m s\u00f3c g\u1ea1ch h\u1ed3<\/a><\/li>\n<\/ul>\n\t<div id=\"text-4235977886\" class=\"text hidden\">\n\t\t\n\n<h5>XEM TH\u00caM<\/h5>\n<ul>\n<li><a href=\"#\">D\u1ecbch v\u1ee5 l\u1eafp \u0111\u1eb7t<\/a><\/li>\n<li><a href=\"#\">C\u00e2u h\u1ecfi th\u01b0\u1eddng g\u1eb7p v\u1ec1 d\u1ef1 \u00e1n v\u00e0 x\u00e2y d\u1ef1ng<\/a><\/li>\n<li><a href=\"#\">D\u1ef1 to\u00e1n d\u1ef1 \u00e1n<\/a><\/li>\n<li><a href=\"https:\/\/linhlinhdan.com\/vi\/community\/\">C\u1ed9ng \u0110\u1ed3ng<\/a><\/li>\n<\/ul>\n\t\t\t<\/div>\n\t\n\t\t<\/div>\n\t\t\t\t\t<\/div>\n\n\t\n\n\t<div id=\"col-154211839\" class=\"col stack_table single-post block-page-title medium-9 small-12 large-9\"  >\n\t\t\t\t<div class=\"col-inner\"  >\n\t\t\t\n\t\t\t\n\t<div id=\"gap-352423698\" class=\"gap-element clearfix\" style=\"display:block; height:auto;\">\n\t\t\n<style>\n#gap-352423698 {\n  padding-top: 20px;\n}\n<\/style>\n\t<\/div>\n\t\n  <div id=\"page-header-1523437008\" class=\"page-header-wrapper\">\n  <div class=\"page-title service_title light simple-title\">\n\n    \n    <div class=\"page-title-inner container align-top flex-row medium-flex-wrap\" >\n              <div class=\"title-wrapper uppercase flex-col text-left medium-text-center\">\n          <h1 class=\"entry-title mb-0\">\n            H\u00fat c\u1ea1n h\u1ed3 b\u01a1i          <\/h1>\n        <\/div>\n                    <div class=\"title-content flex-col flex-right text-right medium-text-center\">\n        <div class=\"title-breadcrumbs pb-half pt-half\"><\/div>      <\/div>\n    <\/div>\n\n       <\/div>\n    <\/div>\n  \n<p><b>LLD pool &amp; spa s\u1eb5n s\u00e0ng h\u00fat c\u1ea1n n\u01b0\u1edbc h\u1ed3 b\u01a1i c\u1ee7a qu\u00fd kh\u00e1ch m\u1ed9t c\u00e1ch chuy\u00ean nghi\u1ec7p nh\u1ea5t!\u00a0<\/b><\/p>\n<p><span style=\"font-weight: 400\">H\u00fat c\u1ea1n n\u01b0\u1edbc h\u1ed3 b\u01a1i \u0111\u1ec3 s\u1eeda ch\u1eefa ho\u00e0n to\u00e0n kh\u00e1c v\u1edbi vi\u1ec7c gi\u1ea3m m\u1ef1c n\u01b0\u1edbc h\u1ed3 sau m\u1ed9t c\u01a1n b\u00e3o. \u0110\u00f4i khi b\u1ea1n c\u1ea7n ph\u1ea3i h\u00fat c\u1ea1n h\u1ed3 \u0111\u1ec3 s\u1eeda nh\u1eefng ch\u1ed7 c\u1ea7n thi\u1ebft. C\u00f3 nh\u1eefng tr\u01b0\u1eddng h\u1ee3p b\u1ea1n c\u00f3 th\u1ec3 thu\u00ea m\u1ed9t \u0111\u1ed9i th\u1ee3 l\u1eb7n \u0111\u1ec3 s\u1eeda ch\u1eefa h\u1ed3 m\u00e0 kh\u00f4ng c\u00e0n ph\u1ea3i h\u00fat c\u1ea1n. Nh\u01b0ng chi ph\u00ed \u0111\u1ec3 thu\u00ea h\u1ecd s\u1ebd c\u00f2n cao h\u01a1n vi\u1ec7c h\u00fat c\u1ea1n h\u1ed3. N\u1ebfu h\u1ed3 b\u01a1i b\u1ea1n c\u00f3 c\u00e1c v\u1ebft n\u1ee9t, k\u1ebd h\u1edf ho\u1eb7c r\u00f2 r\u1ec9 nghi\u00eam tr\u1ecdng, ch\u00fang t\u00f4i khuy\u00ean b\u1ea1n n\u00ean h\u00fat c\u1ea1n h\u1ed3 \u0111\u1ec3 s\u1eeda ch\u1eefa ch\u00fang. Khi b\u1ea1n kh\u00f4ng l\u00e0m vi\u1ec7c n\u00e0y theo \u0111\u00fang quy t\u1eafc, b\u1ea1n s\u1ebd g\u00e2y ra r\u1ea5t nhi\u1ec1u r\u1eafc r\u1ed1i. H\u00e3y li\u00ean h\u1ec7 chuy\u00ean vi\u00ean LLD Pool &amp; Spa \u0111\u1ec3 gi\u00fap b\u1ea1n h\u00fat c\u1ea1n h\u1ed3 \u0111\u00fang c\u00e1ch v\u00e0 tr\u00e1nh c\u00e1c chi ph\u00ed v\u01b0\u1ee3t d\u1ef1 \u0111o\u00e1n. <\/span><\/p>\n<p>&nbsp;<\/p>\n<p><em><span style=\"font-weight: 400\">Mu\u1ed1n gi\u1ea3m thi\u1ec3u t\u1ed5n h\u1ea1i, h\u00e3y s\u1eed d\u1ee5ng d\u1ecbch v\u1ee5 \u0111\u1ea3m b\u1ea3o an to\u00e0n v\u00e0 hi\u1ec7u qu\u1ea3 cao nh\u1ea5t c\u1ee7a Linh Linh Dan<\/span><\/em><\/p>\n<p><span style=\"font-weight: 400\">Vi\u1ec7c tho\u00e1t n\u01b0\u1edbc h\u1ed3 b\u01a1i s\u1ebd \u0111\u01b0\u1ee3c y\u00eau c\u1ea7u trong t\u00ecnh hu\u1ed1ng ph\u00e1t hi\u1ec7n c\u00e1c v\u1ebft n\u1ee9t nghi\u00eam tr\u1ecdng ho\u1eb7c h\u1ec7 th\u1ed1ng h\u00fat b\u1ed9 l\u1ecdc b\u1ecb t\u1eafc, nh\u01b0ng \u0111\u00f4i khi, n\u00f3 c\u00f2n \u0111i xa h\u01a1n th\u1ebf.\u00a0<\/span><\/p>\n<p><span style=\"font-weight: 400\">\u0110\u00e2y l\u00e0 nh\u1eefng s\u1ef1 c\u1ed1 c\u00f3 th\u1ec3 x\u1ea3y ra khi h\u1ed3 b\u01a1i kh\u00f4ng \u0111\u01b0\u1ee3c h\u00fat c\u1eb7n n\u01b0\u1edbc \u0111\u00fang c\u00e1ch:<\/span><\/p>\n<ul>\n<li style=\"font-weight: 400\"><span style=\"font-weight: 400\">N\u1ed5i do \u00e1p su\u1ea5t ch\u1ea5t l\u1ecfng<\/span><\/li>\n<li style=\"font-weight: 400\"><span style=\"font-weight: 400\">L\u1edbp v\u1ecf ngo\u00e0i h\u1ed3 b\u01a1i c\u00f3 th\u1ec3 n\u1ee9t<\/span><\/li>\n<li style=\"font-weight: 400\"><span style=\"font-weight: 400\">V\u1eefa h\u1ed3 b\u01a1i c\u00f3 th\u1ec3 ph\u1ed3ng r\u1ed9p<\/span><\/li>\n<li style=\"font-weight: 400\"><span style=\"font-weight: 400\">Ng\u01b0\u1eddi ho\u1eb7c \u0111\u1ed9ng v\u1eadt c\u00f3 th\u1ec3 ng\u00e3 v\u00e0o trong h\u1ed3 tr\u1ed1ng<\/span><\/li>\n<li style=\"font-weight: 400\"><span style=\"font-weight: 400\">\u0110\u00e8n h\u1ed3 b\u01a1i c\u00f3 th\u1ec3 b\u1ecb h\u01b0 h\u1ea1i ho\u1eb7c ch\u00e1y n\u1ed5<\/span><\/li>\n<\/ul>\n<p><span style=\"font-weight: 400\">Tr\u1ecdng l\u01b0\u1ee3ng c\u1ee7a n\u01b0\u1edbc gi\u00fap gi\u1eef h\u00ecnh d\u1ea1ng v\u00e0 \u0111\u1ed9 li\u1ec1n kh\u1ed1i c\u1ee7a k\u1ebft c\u1ea5u h\u1ed3 b\u01a1i c\u1ee7a b\u1ea1n. Vi\u1ec7c h\u00fat c\u1ea1n h\u1ed3 s\u1ebd l\u00e0m c\u00e1c v\u1ea5n \u0111\u1ec1 nh\u01b0 n\u1ee9t v\u1eefa t\u1ec7 h\u01a1n. X\u1ea3 n\u01b0\u1edbc h\u1ed3 b\u01a1i v\u00e0o h\u1ec7 th\u1ed1ng n\u01b0\u1edbc th\u1ea3i l\u00e0 vi\u1ec7c l\u00e0m b\u1ea5t h\u1ee3p ph\u00e1p. LLD Pool &amp; Spa c\u00f3 kinh nghi\u1ec7m v\u00e0 k\u1ef9 n\u0103ng chuy\u00ean m\u00f4n \u0111\u1ec3 tr\u00e1nh c\u00e1c s\u1ef1 c\u1ed1 ngo\u00e0i \u00fd mu\u1ed1n. <\/span><\/p>\n\t<div id=\"text-4226965484\" class=\"text d-flex text-inline\">\n\t\t\n\t\t\t<\/div>\n\t\n\t<div id=\"gap-2079062158\" class=\"gap-element clearfix\" style=\"display:block; height:auto;\">\n\t\t\n<style>\n#gap-2079062158 {\n  padding-top: 2em;\n}\n<\/style>\n\t<\/div>\n\t\n<p>D\u1ecbch v\u1ee5 h\u1ed3 b\u01a1i c\u1ee7a LLD Pool Service, tin r\u1eb1ng qu\u00fd kh\u00e1ch th\u00edch b\u01a1i trong h\u1ed3 b\u01a1i c\u1ee7a m\u00ecnh h\u01a1n l\u00e0 l\u00e0m s\u1ea1ch n\u00f3. M\u1ed9t h\u1ed3 b\u01a1i s\u1ea1ch s\u1ebd, ti\u1ec7n d\u1ee5ng l\u00e0 \u0111i\u1ec1u lu\u00f4n \u0111\u01b0\u1ee3c \u01b0u ti\u1ebfn h\u00e0ng \u0111\u1ea7u. Ch\u00fang t\u00f4i th\u1ef1c hi\u1ec7n d\u1ecbch v\u1ee5 v\u1ec7 sinh h\u1ed3 b\u01a1i truy\u1ec1n th\u1ed1ng h\u00e0ng tu\u1ea7n. D\u1ecbch v\u1ee5 v\u1ec7 sinh h\u1ed3 b\u01a1i tr\u1ecdn g\u00f3i bao g\u1ed3m: c\u1ecd to\u00e0n b\u1ed9 t\u01b0\u1eddng &amp; g\u1ea1ch, b\u0103ng gh\u1ebf, b\u1eadc tam c\u1ea5p; l\u01b0\u1edbi v\u1edbt, l\u00e0m s\u1ea1ch t\u1ea5t c\u1ea3 c\u00e1c gi\u1ecf; ki\u1ec3m tra v\u00e0 c\u00e2n b\u1eb1ng h\u00f3a ch\u1ea5t, v\u00e0 ki\u1ec3m tra tr\u1ef1c quan thi\u1ebft b\u1ecb.<\/p>\n\t<div id=\"gap-1340905790\" class=\"gap-element clearfix\" style=\"display:block; height:auto;\">\n\t\t\n<style>\n#gap-1340905790 {\n  padding-top: 3em;\n}\n<\/style>\n\t<\/div>\n\t\n\t<div id=\"text-96490235\" class=\"text\">\n\t\t\n<p>LLD x\u00e1c \u0111\u1ecbnh c\u00e1c v\u1eadt li\u1ec7u v\u00e0 thi\u1ebft b\u1ecb s\u1eed d\u1ee5ng l\u00e0 ch\u1ea5t l\u01b0\u1ee3ng cao nh\u1ea5t. \u0110\u01b0\u1ee3c l\u1ef1a ch\u1ecdn c\u1ea9n th\u1eadn v\u00e0 ph\u00f9 h\u1ee3p v\u1edbi t\u00fai ti\u1ec1n cho m\u1ecdi \u0111\u1ed1i t\u01b0\u1ee3ng. H\u00e3y \u0111\u1ec3 Linh Linh Dan, c\u00f9ng v\u1edbi tay ngh\u1ec1 chuy\u00ean nghi\u1ec7p v\u00e0 kinh nghi\u1ec7m l\u00e2u n\u0103m mang \u0111\u1ebfn cho qu\u00fd kh\u00e1ch nh\u1eefng tr\u1ea3i nghi\u1ec7m t\u1ed1t nh\u1ea5t trong d\u1ecbch v\u1ee5 h\u1ed3 b\u01a1i v\u00e0 s\u00e2n v\u01b0\u1eddn.<\/p>\n<p><strong>Linh Linh \u0110an cung c\u1ea5p c\u00e1c g\u00f3i d\u1ecbch v\u1ee5 gi\u00e1 c\u1ea3 ph\u1ea3i ch\u0103ng cho c\u00e1c ch\u1ee7 nh\u00e0 v\u00e0 c\u00e1c gi\u1ea3i ph\u00e1p t\u1ed1i \u01b0u \u0111\u1ebfn cho c\u00e1c d\u1ef1 \u00e1n th\u01b0\u01a1ng m\u1ea1i. S\u1eed d\u1ee5ng d\u1ecbch v\u1ee5 c\u1ee7a Linh Linh Dan l\u00e0 s\u1ef1 l\u1ef1a ch\u1ecdn an to\u00e0n, chuy\u00ean nghi\u1ec7p, \u0111\u00e1ng tin c\u1eady v\u00e0 ph\u00f9 h\u1ee3p nh\u1ea5t cho t\u1ea5t c\u1ea3 c\u00e1c nhu c\u1ea7u d\u1ecbch v\u1ee5 c\u1ee7a qu\u00fd kh\u00e1ch. Gi\u00fap duy tr\u00ec ng\u00f4i nh\u00e0 \/ d\u1ef1 \u00e1n xinh \u0111\u1eb9p c\u1ee7a qu\u00fd kh\u00e1ch tr\u1edf th\u00e0nh m\u1ed9t tr\u1ea3i nghi\u1ec7m t\u1ed1t \u0111\u1eb9p.<\/strong><br \/>\n\t\t\n<style>\n#text-96490235 {\n  font-size: 1.0625rem;\n}\n<\/style>\n\t<\/div>\n\t\n\t<div id=\"gap-292420001\" class=\"gap-element clearfix\" style=\"display:block; height:auto;\">\n\t\t\n<style>\n#gap-292420001 {\n  padding-top: 1.5em;\n}\n<\/style>\n\t<\/div>\n\t\n<a href=\"https:\/\/linhlinhdan.com\/vi\/service\/free-service-estimation\/\" target=\"_self\" class=\"button primary btn-full\"  style=\"border-radius:25px;\">\n    <span>\u0110\u1eb6T H\u1eb8N D\u1ecaCH V\u1ee4 C\u1ee6A CH\u00daNG T\u00d4I NGAY H\u00d4M NAY<\/span>\n  <\/a>\n\n\t\t<\/div>\n\t\t\t\t\t<\/div>\n\n\t\n<\/div>\n\t<section class=\"section section_counter_white\" id=\"section_39973232\">\n\t\t<div class=\"bg section-bg fill bg-fill  bg-loaded\" >\n\n\t\t\t\n\t\t\t\n\t\t\t\n\n\t\t<\/div>\n\n\t\t<div class=\"section-content relative\">\n\t\t\t\n\n\t\t<div class=\"wase\">\n\t\t\t\t\n\n<svg xmlns=\"http:\/\/www.w3.org\/2000\/svg\" width=\"1918\" height=\"226.888\" viewbox=\"0 0 1918 226.888\">\n  <path id=\"Path_1\" data-name=\"Path 1\" d=\"M1921,1745V1518.112c-57.278,14.256-428.156,87.547-827,78.888-430.983-9.356-445.135-102.1-1091-19.22V1745Z\" transform=\"translate(-3 -1518.112)\" fill=\"#77aabc\"\/>\n<\/svg>\n\t\t<\/div>\n\t\n<div class=\"row row_counter\"  id=\"row-2141859660\">\n\n\n\t<div id=\"col-2026067868\" class=\"col small-12 large-12\"  >\n\t\t\t\t<div class=\"col-inner\"  >\n\t\t\t\n\t\t\t\n\n\t<div id=\"stack-948147407\" class=\"stack stack-row justify-between items-end\">\n\t\t\n\n\t<div id=\"text-3349409049\" class=\"text\">\n\t\t\n\n<h4><span class=\"count-up\">337<\/span><\/h4>\n<p>H\u1ed8 GIA \u0110\u00ccNH<\/p>\n\t\t\n<style>\n#text-3349409049 {\n  text-align: center;\n}\n<\/style>\n\t<\/div>\n\t\n\t<div id=\"text-2487905468\" class=\"text\">\n\t\t\n\n<h4><span class=\"count-up\">1000<\/span><\/h4>\n<p>D\u1ecaCH V\u1ee4 S\u1eec D\u1ee4NG<\/p>\n\t\t\n<style>\n#text-2487905468 {\n  text-align: center;\n}\n<\/style>\n\t<\/div>\n\t\n\t<div id=\"text-2465267262\" class=\"text\">\n\t\t\n\n<h4><span class=\"count-up\">1000<\/span><\/h4>\n<p>H\u1ed2 B\u01a0I THI C\u00d4NG<\/p>\n\t\t\n<style>\n#text-2465267262 {\n  text-align: center;\n}\n<\/style>\n\t<\/div>\n\t\n\t<div id=\"text-2640514888\" class=\"text\">\n\t\t\n\n<h4><span class=\"count-up\">24<br \/><\/span><\/h4>\n<p>N\u0102M KINH NGHI\u1ec6M<\/p>\n\t\t\n<style>\n#text-2640514888 {\n  text-align: center;\n}\n<\/style>\n\t<\/div>\n\t\n\n\t\t\n<style>\n#stack-948147407 > * {\n  --stack-gap: 0rem;\n}\n<\/style>\n\t<\/div>\n\t\n\n\t\t<\/div>\n\t\t\t\t\t<\/div>\n\n\t\n\n<\/div>\n\n\t\t<\/div>\n\n\t\t\n<style>\n#section_39973232 {\n  padding-top: 60px;\n  padding-bottom: 60px;\n}\n<\/style>\n\t<\/section>","protected":false},"excerpt":{"rendered":"","protected":false},"author":2,"featured_media":0,"parent":377,"menu_order":0,"comment_status":"closed","ping_status":"closed","template":"page-blank.php","meta":{"footnotes":""},"class_list":["post-914","page","type-page","status-publish","hentry"],"yoast_head":"<!-- This site is optimized with the Yoast SEO plugin v20.13 - https:\/\/yoast.com\/wordpress\/plugins\/seo\/ -->\n<title>Pool Draining - Linh Linh Dan Store<\/title>\n<meta name=\"robots\" content=\"index, follow, max-snippet:-1, max-image-preview:large, max-video-preview:-1\" \/>\n<link rel=\"canonical\" href=\"https:\/\/linhlinhdan.com\/vi\/service\/pool-draining\/\" \/>\n<meta property=\"og:locale\" content=\"vi_VN\" \/>\n<meta property=\"og:type\" content=\"article\" \/>\n<meta property=\"og:title\" content=\"Pool Draining - Linh Linh Dan Store\" \/>\n<meta property=\"og:url\" content=\"https:\/\/linhlinhdan.com\/vi\/service\/pool-draining\/\" \/>\n<meta property=\"og:site_name\" content=\"Linh Linh Dan Store\" \/>\n<meta property=\"article:modified_time\" content=\"2022-07-04T02:51:54+00:00\" \/>\n<meta name=\"twitter:card\" content=\"summary_large_image\" \/>\n<meta name=\"twitter:label1\" content=\"\u01af\u1edbc t\u00ednh th\u1eddi gian \u0111\u1ecdc\" \/>\n\t<meta name=\"twitter:data1\" content=\"2 ph\u00fat\" \/>\n<script type=\"application\/ld+json\" class=\"yoast-schema-graph\">{\"@context\":\"https:\/\/schema.org\",\"@graph\":[{\"@type\":\"WebPage\",\"@id\":\"https:\/\/linhlinhdan.com\/service\/pool-draining\/\",\"url\":\"https:\/\/linhlinhdan.com\/service\/pool-draining\/\",\"name\":\"Pool Draining - Linh Linh Dan Store\",\"isPartOf\":{\"@id\":\"https:\/\/linhlinhdan.com\/#website\"},\"datePublished\":\"2022-06-28T02:44:32+00:00\",\"dateModified\":\"2022-07-04T02:51:54+00:00\",\"breadcrumb\":{\"@id\":\"https:\/\/linhlinhdan.com\/service\/pool-draining\/#breadcrumb\"},\"inLanguage\":\"vi\",\"potentialAction\":[{\"@type\":\"ReadAction\",\"target\":[\"https:\/\/linhlinhdan.com\/service\/pool-draining\/\"]}]},{\"@type\":\"BreadcrumbList\",\"@id\":\"https:\/\/linhlinhdan.com\/service\/pool-draining\/#breadcrumb\",\"itemListElement\":[{\"@type\":\"ListItem\",\"position\":1,\"name\":\"Home\",\"item\":\"https:\/\/linhlinhdan.com\/\"},{\"@type\":\"ListItem\",\"position\":2,\"name\":\"Service\",\"item\":\"https:\/\/linhlinhdan.com\/service\/\"},{\"@type\":\"ListItem\",\"position\":3,\"name\":\"Pool Draining\"}]},{\"@type\":\"WebSite\",\"@id\":\"https:\/\/linhlinhdan.com\/#website\",\"url\":\"https:\/\/linhlinhdan.com\/\",\"name\":\"Linh Linh Dan Store\",\"description\":\"\",\"potentialAction\":[{\"@type\":\"SearchAction\",\"target\":{\"@type\":\"EntryPoint\",\"urlTemplate\":\"https:\/\/linhlinhdan.com\/?s={search_term_string}\"},\"query-input\":\"required name=search_term_string\"}],\"inLanguage\":\"vi\"}]}<\/script>\n<!-- \/ Yoast SEO plugin. -->","yoast_head_json":{"title":"Pool Draining - Linh Linh Dan Store","robots":{"index":"index","follow":"follow","max-snippet":"max-snippet:-1","max-image-preview":"max-image-preview:large","max-video-preview":"max-video-preview:-1"},"canonical":"https:\/\/linhlinhdan.com\/vi\/service\/pool-draining\/","og_locale":"vi_VN","og_type":"article","og_title":"Pool Draining - Linh Linh Dan Store","og_url":"https:\/\/linhlinhdan.com\/vi\/service\/pool-draining\/","og_site_name":"Linh Linh Dan Store","article_modified_time":"2022-07-04T02:51:54+00:00","twitter_card":"summary_large_image","twitter_misc":{"\u01af\u1edbc t\u00ednh th\u1eddi gian \u0111\u1ecdc":"2 ph\u00fat"},"schema":{"@context":"https:\/\/schema.org","@graph":[{"@type":"WebPage","@id":"https:\/\/linhlinhdan.com\/service\/pool-draining\/","url":"https:\/\/linhlinhdan.com\/service\/pool-draining\/","name":"Pool Draining - Linh Linh Dan Store","isPartOf":{"@id":"https:\/\/linhlinhdan.com\/#website"},"datePublished":"2022-06-28T02:44:32+00:00","dateModified":"2022-07-04T02:51:54+00:00","breadcrumb":{"@id":"https:\/\/linhlinhdan.com\/service\/pool-draining\/#breadcrumb"},"inLanguage":"vi","potentialAction":[{"@type":"ReadAction","target":["https:\/\/linhlinhdan.com\/service\/pool-draining\/"]}]},{"@type":"BreadcrumbList","@id":"https:\/\/linhlinhdan.com\/service\/pool-draining\/#breadcrumb","itemListElement":[{"@type":"ListItem","position":1,"name":"Home","item":"https:\/\/linhlinhdan.com\/"},{"@type":"ListItem","position":2,"name":"Service","item":"https:\/\/linhlinhdan.com\/service\/"},{"@type":"ListItem","position":3,"name":"Pool Draining"}]},{"@type":"WebSite","@id":"https:\/\/linhlinhdan.com\/#website","url":"https:\/\/linhlinhdan.com\/","name":"Linh Linh Dan Store","description":"","potentialAction":[{"@type":"SearchAction","target":{"@type":"EntryPoint","urlTemplate":"https:\/\/linhlinhdan.com\/?s={search_term_string}"},"query-input":"required name=search_term_string"}],"inLanguage":"vi"}]}},"_links":{"self":[{"href":"https:\/\/linhlinhdan.com\/vi\/wp-json\/wp\/v2\/pages\/914","targetHints":{"allow":["GET"]}}],"collection":[{"href":"https:\/\/linhlinhdan.com\/vi\/wp-json\/wp\/v2\/pages"}],"about":[{"href":"https:\/\/linhlinhdan.com\/vi\/wp-json\/wp\/v2\/types\/page"}],"author":[{"embeddable":true,"href":"https:\/\/linhlinhdan.com\/vi\/wp-json\/wp\/v2\/users\/2"}],"replies":[{"embeddable":true,"href":"https:\/\/linhlinhdan.com\/vi\/wp-json\/wp\/v2\/comments?post=914"}],"version-history":[{"count":3,"href":"https:\/\/linhlinhdan.com\/vi\/wp-json\/wp\/v2\/pages\/914\/revisions"}],"predecessor-version":[{"id":1053,"href":"https:\/\/linhlinhdan.com\/vi\/wp-json\/wp\/v2\/pages\/914\/revisions\/1053"}],"up":[{"embeddable":true,"href":"https:\/\/linhlinhdan.com\/vi\/wp-json\/wp\/v2\/pages\/377"}],"wp:attachment":[{"href":"https:\/\/linhlinhdan.com\/vi\/wp-json\/wp\/v2\/media?parent=914"}],"curies":[{"name":"wp","href":"https:\/\/api.w.org\/{rel}","templated":true}]}}