{"id":916,"date":"2022-06-28T02:45:10","date_gmt":"2022-06-28T02:45:10","guid":{"rendered":"https:\/\/store.linhlinhdan.servisense.xyz\/?page_id=916"},"modified":"2022-07-04T02:53:00","modified_gmt":"2022-07-04T02:53:00","slug":"pool-heater-tune-up","status":"publish","type":"page","link":"https:\/\/linhlinhdan.com\/vi\/service\/pool-heater-tune-up\/","title":{"rendered":"Ch\u1ec9nh b\u1ed9 nhi\u1ec7t n\u00f3ng h\u1ed3 b\u01a1i"},"content":{"rendered":"<div id=\"page-header-370768717\" class=\"page-header-wrapper\">\n  <div class=\"page-title dark featured-title\">\n\n    \n    <div class=\"page-title-inner container align-center text-center flex-row-col medium-flex-wrap\" >\n              <div class=\"title-wrapper flex-col\">\n          <h1 class=\"entry-title mb-0\">\n            D\u1ecaCH V\u1ee4 CHUY\u00caN BI\u1ec6T          <\/h1>\n        <\/div>\n                    <div class=\"title-content flex-col\">\n        <div class=\"title-breadcrumbs pb-half pt-half\"><\/div>      <\/div>\n    <\/div>\n\n       <\/div>\n    <\/div>\n  \n\t<div id=\"gap-1705264181\" class=\"gap-element clearfix\" style=\"display:block; height:auto;\">\n\t\t\n<style>\n#gap-1705264181 {\n  padding-top: 3em;\n}\n<\/style>\n\t<\/div>\n\t\n<div class=\"row\"  id=\"row-772612279\">\n\n\t<div id=\"col-403921922\" class=\"col col-sidebar medium-3 small-12 large-3\"  >\n\t\t\t\t<div class=\"col-inner\"  >\n\t\t\t\n\t\t\t\n<h5>B\u1ea2O TR\u00cc<\/h5>\n<ul>\n<li><a href=\"https:\/\/linhlinhdan.com\/vi\/service\/pool-service\/\">D\u1ecbch v\u1ee5 b\u1ea3o tr\u00ec h\u1ed3 b\u01a1i chuy\u00ean nghi\u1ec7p<\/a><\/li>\n<li><a href=\"https:\/\/linhlinhdan.com\/vi\/service\/steam-sauna-service\/\">D\u1ecbch v\u1ee5 b\u1ea3o tr\u00ec ph\u00f2ng spa h\u01a1i &amp; sauna<\/a><\/li>\n<li><a href=\"https:\/\/linhlinhdan.com\/vi\/service\/garden-service\/\">D\u1ecbch v\u1ee5 b\u1ea3o tr\u00ec s\u00e2n v\u01b0\u1eddn<\/a><\/li>\n<li><a href=\"https:\/\/linhlinhdan.com\/vi\/service\/commercial-service\/\">D\u1ecbch v\u1ee5 b\u1ea3o tr\u00ec th\u01b0\u01a1ng m\u1ea1i<\/a><\/li>\n<\/ul>\n<div class=\"is-divider divider clearfix\" style=\"max-width:100%;height:1px;background-color:rgb(34, 56, 200);\"><\/div>\n\n<h5>S\u1eecA CH\u1eeeA TR\u00d9NG TU<\/h5>\n<ul>\n<li><a href=\"https:\/\/linhlinhdan.com\/vi\/service\/acid-wash-service\/\">T\u1ea9y s\u1ea1ch ax\u00edt<\/a><\/li>\n<li><a href=\"https:\/\/linhlinhdan.com\/vi\/service\/pool-sand-replacement\/\">Thay c\u00e1t h\u1ed3 b\u01a1i<\/a><\/li>\n<li><a href=\"https:\/\/linhlinhdan.com\/vi\/service\/pool-filter-clean-up\/\">L\u00e0m s\u1ea1ch h\u1ec7 th\u1ed1ng l\u1ecdc h\u1ed3<\/a><\/li>\n<li><a href=\"https:\/\/linhlinhdan.com\/vi\/service\/salt-cell-install-service\/\">C\u00e0i \u0111\u1eb7t \u00f4 mu\u1ed1i<\/a><\/li>\n<li><a href=\"https:\/\/linhlinhdan.com\/vi\/service\/pool-plumping-repair\/\">S\u1eefa ch\u1eefa m\u00e1y b\u01a1m h\u1ed3 b\u01a1i<\/a><\/li>\n<li><a href=\"https:\/\/linhlinhdan.com\/vi\/service\/pool-draining\/\">H\u00fat c\u1ea1n h\u1ed3 b\u01a1i<\/a><\/li>\n<li><a href=\"https:\/\/linhlinhdan.com\/vi\/service\/pool-heater-tune-up\/\">Ch\u1ec9nh b\u1ed9 nhi\u1ec7t n\u00f3ng h\u1ed3 b\u01a1i<\/a><\/li>\n<li><a href=\"https:\/\/linhlinhdan.com\/vi\/service\/pool-tile-care\/\">Ch\u0103m s\u00f3c g\u1ea1ch h\u1ed3<\/a><\/li>\n<\/ul>\n\t<div id=\"text-537847966\" class=\"text hidden\">\n\t\t\n\n<h5>XEM TH\u00caM<\/h5>\n<ul>\n<li><a href=\"#\">D\u1ecbch v\u1ee5 l\u1eafp \u0111\u1eb7t<\/a><\/li>\n<li><a href=\"#\">C\u00e2u h\u1ecfi th\u01b0\u1eddng g\u1eb7p v\u1ec1 d\u1ef1 \u00e1n v\u00e0 x\u00e2y d\u1ef1ng<\/a><\/li>\n<li><a href=\"#\">D\u1ef1 to\u00e1n d\u1ef1 \u00e1n<\/a><\/li>\n<li><a href=\"https:\/\/linhlinhdan.com\/vi\/community\/\">C\u1ed9ng \u0110\u1ed3ng<\/a><\/li>\n<\/ul>\n\t\t\t<\/div>\n\t\n\t\t<\/div>\n\t\t\t\t\t<\/div>\n\n\t\n\n\t<div id=\"col-1022811626\" class=\"col stack_table single-post block-page-title medium-9 small-12 large-9\"  >\n\t\t\t\t<div class=\"col-inner\"  >\n\t\t\t\n\t\t\t\n\t<div id=\"gap-89128134\" class=\"gap-element clearfix\" style=\"display:block; height:auto;\">\n\t\t\n<style>\n#gap-89128134 {\n  padding-top: 20px;\n}\n<\/style>\n\t<\/div>\n\t\n  <div id=\"page-header-1311273765\" class=\"page-header-wrapper\">\n  <div class=\"page-title service_title light simple-title\">\n\n    \n    <div class=\"page-title-inner container align-top flex-row medium-flex-wrap\" >\n              <div class=\"title-wrapper uppercase flex-col text-left medium-text-center\">\n          <h1 class=\"entry-title mb-0\">\n            Ch\u1ec9nh b\u1ed9 nhi\u1ec7t n\u00f3ng h\u1ed3 b\u01a1i          <\/h1>\n        <\/div>\n                    <div class=\"title-content flex-col flex-right text-right medium-text-center\">\n        <div class=\"title-breadcrumbs pb-half pt-half\"><\/div>      <\/div>\n    <\/div>\n\n       <\/div>\n    <\/div>\n  \n<p><span style=\"font-weight: 400\">N\u00e2ng c\u1ea5p, s\u1eeda ch\u1eefa v\u00e0 kh\u1eafc ph\u1ee5c l\u1ed7i m\u00e1y s\u01b0\u1edfi h\u1ed3 b\u01a1i kh\u00f4ng ph\u1ea3i l\u00e0 vi\u1ec7c d\u1ec5 d\u00e0ng n\u1ebfu b\u1ea1n t\u1ef1 l\u00e0m. N\u1ebfu b\u1ea1n \u01b0u ti\u00ean b\u1ea3o tr\u00ec tr\u01b0\u1edbc, b\u1ea1n c\u00f3 th\u1ec3 r\u1ea5t nhi\u1ec1u ti\u1ebft ki\u1ec7m chi ph\u00ed sau n\u00e0y. N\u00e2ng c\u1ea5p theo m\u00f9a s\u1ebd k\u00e9o d\u00e0i tu\u1ed5i th\u1ecd m\u00e1y s\u01b0\u1edfi v\u00e0 gi\u1ea3m thi\u1ec3u s\u1ef1 c\u1ed1. \nCh\u00fang t\u00f4i s\u1eeda ch\u1eefa c\u00e1c h\u00e3ng m\u00e1y s\u01b0\u1edfi h\u1ed3 b\u01a1i l\u1edbn nh\u1ea5t\nLLD pool &amp; spa s\u1ebd gi\u00fap b\u1ea1n n\u00e2ng c\u1ea5p m\u00e1y s\u01b0\u1edfi t\u1eeb c\u00e1c h\u00e3ng Hayward, Pentair, Jandy\/Zodiac, RayPak, Rheem, AquaComfort, Built Right, AquaPro, v\u00e0 nhi\u1ec1u h\u01a1n n\u1eefa.\u00a0<\/span><\/p>\n<p><em><span style=\"font-weight: 400\">Quy tr\u00ecnh c\u1ee7a d\u1ecbch v\u1ee5 n\u00e2ng c\u1ea5p h\u1ec7 th\u1ed1ng s\u01b0\u1edfi h\u1ed3 b\u01a1i c\u1ee7a ch\u00fang t\u00f4i g\u1ed3m c\u00f3:<\/span><\/em><\/p>\n<ul>\n<li style=\"font-weight: 400\"><span style=\"font-weight: 400\">Ki\u1ec3m tra v\u00e0 l\u00e0m s\u1ea1ch c\u00e1c b\u1ed9 ph\u1eadn quan tr\u1ecdng<\/span><\/li>\n<li style=\"font-weight: 400\"><span style=\"font-weight: 400\">Ki\u1ec3m tra l\u00f2 \u0111\u1ed1t ch\u00ednh v\u00e0 bi\u1ec3u \u0111\u1ed3 l\u1eeda m\u1ed3i<\/span><\/li>\n<li style=\"font-weight: 400\"><span style=\"font-weight: 400\">Ki\u1ec3m tra v\u00e0 l\u00e0m s\u1ea1ch l\u00f2 \u0111\u1ed1t ch\u00ednh, l\u1ed7 v\u00e0 l\u1ed7 l\u1eeda m\u1ed3i<\/span><\/li>\n<li style=\"font-weight: 400\"><span style=\"font-weight: 400\">L\u00e0m s\u1ea1ch k\u1ebft n\u1ed1i mili-v\u00f4n<\/span><\/li>\n<li style=\"font-weight: 400\"><span style=\"font-weight: 400\">Ki\u1ec3m tra v\u1eadn h\u00e0nh m\u00e1y s\u01b0\u1edfi theo \u0111\u00fang quy t\u1eafc<\/span><\/li>\n<li style=\"font-weight: 400\"><span style=\"font-weight: 400\">L\u00e0m \u1ea9m v\u00e0 tr\u01a1n nh\u1eefng b\u1ed9 ph\u1eadn di \u0111\u1ed9ng n\u1ebfu c\u1ea7n thi\u1ebft<\/span><\/li>\n<\/ul>\n\t<div id=\"text-4052463169\" class=\"text d-flex text-inline\">\n\t\t\n\t\t\t<\/div>\n\t\n\t<div id=\"gap-138814553\" class=\"gap-element clearfix\" style=\"display:block; height:auto;\">\n\t\t\n<style>\n#gap-138814553 {\n  padding-top: 2em;\n}\n<\/style>\n\t<\/div>\n\t\n<p>D\u1ecbch v\u1ee5 h\u1ed3 b\u01a1i c\u1ee7a LLD Pool Service, tin r\u1eb1ng qu\u00fd kh\u00e1ch th\u00edch b\u01a1i trong h\u1ed3 b\u01a1i c\u1ee7a m\u00ecnh h\u01a1n l\u00e0 l\u00e0m s\u1ea1ch n\u00f3. M\u1ed9t h\u1ed3 b\u01a1i s\u1ea1ch s\u1ebd, ti\u1ec7n d\u1ee5ng l\u00e0 \u0111i\u1ec1u lu\u00f4n \u0111\u01b0\u1ee3c \u01b0u ti\u1ebfn h\u00e0ng \u0111\u1ea7u. Ch\u00fang t\u00f4i th\u1ef1c hi\u1ec7n d\u1ecbch v\u1ee5 v\u1ec7 sinh h\u1ed3 b\u01a1i truy\u1ec1n th\u1ed1ng h\u00e0ng tu\u1ea7n. D\u1ecbch v\u1ee5 v\u1ec7 sinh h\u1ed3 b\u01a1i tr\u1ecdn g\u00f3i bao g\u1ed3m: c\u1ecd to\u00e0n b\u1ed9 t\u01b0\u1eddng &amp; g\u1ea1ch, b\u0103ng gh\u1ebf, b\u1eadc tam c\u1ea5p; l\u01b0\u1edbi v\u1edbt, l\u00e0m s\u1ea1ch t\u1ea5t c\u1ea3 c\u00e1c gi\u1ecf; ki\u1ec3m tra v\u00e0 c\u00e2n b\u1eb1ng h\u00f3a ch\u1ea5t, v\u00e0 ki\u1ec3m tra tr\u1ef1c quan thi\u1ebft b\u1ecb.<\/p>\n\t<div id=\"gap-1314955030\" class=\"gap-element clearfix\" style=\"display:block; height:auto;\">\n\t\t\n<style>\n#gap-1314955030 {\n  padding-top: 3em;\n}\n<\/style>\n\t<\/div>\n\t\n\t<div id=\"text-1957913989\" class=\"text\">\n\t\t\n<p>LLD x\u00e1c \u0111\u1ecbnh c\u00e1c v\u1eadt li\u1ec7u v\u00e0 thi\u1ebft b\u1ecb s\u1eed d\u1ee5ng l\u00e0 ch\u1ea5t l\u01b0\u1ee3ng cao nh\u1ea5t. \u0110\u01b0\u1ee3c l\u1ef1a ch\u1ecdn c\u1ea9n th\u1eadn v\u00e0 ph\u00f9 h\u1ee3p v\u1edbi t\u00fai ti\u1ec1n cho m\u1ecdi \u0111\u1ed1i t\u01b0\u1ee3ng. Gi\u00fap qu\u00fd kh\u00e1ch c\u00f3 \u0111\u01b0\u1ee3c tr\u1ea3i nghi\u1ec7m t\u1ed1t nh\u1ea5t v\u1edbi s\u1ed1 ti\u1ec1n b\u1ecf ra. H\u00e3y \u0111\u1ec3 Linh Linh Dan, c\u00f9ng v\u1edbi tay ngh\u1ec1 chuy\u00ean nghi\u1ec7p v\u00e0 kinh nghi\u1ec7m l\u00e2u n\u0103m mang \u0111\u1ebfn cho qu\u00fd kh\u00e1ch nh\u1eefng tr\u1ea3i nghi\u1ec7m t\u1ed1t nh\u1ea5t trong s\u1eeda ch\u1eefa h\u1ed3 b\u01a1i.<\/p>\n<p><strong>Linh Linh \u0110an cung c\u1ea5p c\u00e1c g\u00f3i d\u1ecbch v\u1ee5 gi\u00e1 c\u1ea3 ph\u1ea3i ch\u0103ng cho c\u00e1c ch\u1ee7 nh\u00e0 v\u00e0 c\u00e1c gi\u1ea3i ph\u00e1p t\u1ed1i \u01b0u \u0111\u1ebfn cho c\u00e1c d\u1ef1 \u00e1n th\u01b0\u01a1ng m\u1ea1i. Giao ti\u1ebfp ch\u1eb7t ch\u1ebd v\u1edbi c\u00e1c chuy\u00ean gia \u0111\u01b0\u1ee3c \u0111\u00e0o t\u1ea1o b\u00e0i b\u1ea3n, D\u1ecbch v\u1ee5 H\u1ed3 b\u01a1i Linh Linh Dan l\u00e0 s\u1ef1 l\u1ef1a ch\u1ecdn an to\u00e0n, chuy\u00ean nghi\u1ec7p, \u0111\u00e1ng tin c\u1eady v\u00e0 ph\u00f9 h\u1ee3p nh\u1ea5t cho t\u1ea5t c\u1ea3 c\u00e1c nhu c\u1ea7u s\u1eeda ch\u1eefa v\u00e0 d\u1ecbch v\u1ee5 h\u1ed3 b\u01a1i c\u1ee7a qu\u00fd kh\u00e1ch. Gi\u00fap duy tr\u00ec ng\u00f4i nh\u00e0 \/ d\u1ef1 \u00e1n xinh \u0111\u1eb9p c\u1ee7a qu\u00fd kh\u00e1ch tr\u1edf th\u00e0nh m\u1ed9t tr\u1ea3i nghi\u1ec7m t\u1ed1t \u0111\u1eb9p.<\/strong><br \/>\n\t\t\n<style>\n#text-1957913989 {\n  font-size: 1.0625rem;\n}\n<\/style>\n\t<\/div>\n\t\n\t<div id=\"gap-843858928\" class=\"gap-element clearfix\" style=\"display:block; height:auto;\">\n\t\t\n<style>\n#gap-843858928 {\n  padding-top: 1.5em;\n}\n<\/style>\n\t<\/div>\n\t\n<a href=\"https:\/\/linhlinhdan.com\/vi\/service\/free-service-estimation\/\" target=\"_self\" class=\"button primary btn-full\"  style=\"border-radius:25px;\">\n    <span>\u0110\u1eb6T H\u1eb8N D\u1ecaCH V\u1ee4 C\u1ee6A CH\u00daNG T\u00d4I NGAY H\u00d4M NAY<\/span>\n  <\/a>\n\n\t\t<\/div>\n\t\t\t\t\t<\/div>\n\n\t\n<\/div>\n\t<section class=\"section section_counter_white\" id=\"section_295433818\">\n\t\t<div class=\"bg section-bg fill bg-fill  bg-loaded\" >\n\n\t\t\t\n\t\t\t\n\t\t\t\n\n\t\t<\/div>\n\n\t\t<div class=\"section-content relative\">\n\t\t\t\n\n\t\t<div class=\"wase\">\n\t\t\t\t\n\n<svg xmlns=\"http:\/\/www.w3.org\/2000\/svg\" width=\"1918\" height=\"226.888\" viewbox=\"0 0 1918 226.888\">\n  <path id=\"Path_1\" data-name=\"Path 1\" d=\"M1921,1745V1518.112c-57.278,14.256-428.156,87.547-827,78.888-430.983-9.356-445.135-102.1-1091-19.22V1745Z\" transform=\"translate(-3 -1518.112)\" fill=\"#77aabc\"\/>\n<\/svg>\n\t\t<\/div>\n\t\n<div class=\"row row_counter\"  id=\"row-1962953583\">\n\n\n\t<div id=\"col-203305545\" class=\"col small-12 large-12\"  >\n\t\t\t\t<div class=\"col-inner\"  >\n\t\t\t\n\t\t\t\n\n\t<div id=\"stack-28571006\" class=\"stack stack-row justify-between items-end\">\n\t\t\n\n\t<div id=\"text-1532736342\" class=\"text\">\n\t\t\n\n<h4><span class=\"count-up\">337<\/span><\/h4>\n<p>H\u1ed8 GIA \u0110\u00ccNH<\/p>\n\t\t\n<style>\n#text-1532736342 {\n  text-align: center;\n}\n<\/style>\n\t<\/div>\n\t\n\t<div id=\"text-3669648946\" class=\"text\">\n\t\t\n\n<h4><span class=\"count-up\">1000<\/span><\/h4>\n<p>D\u1ecaCH V\u1ee4 S\u1eec D\u1ee4NG<\/p>\n\t\t\n<style>\n#text-3669648946 {\n  text-align: center;\n}\n<\/style>\n\t<\/div>\n\t\n\t<div id=\"text-4013901931\" class=\"text\">\n\t\t\n\n<h4><span class=\"count-up\">1000<\/span><\/h4>\n<p>H\u1ed2 B\u01a0I THI C\u00d4NG<\/p>\n\t\t\n<style>\n#text-4013901931 {\n  text-align: center;\n}\n<\/style>\n\t<\/div>\n\t\n\t<div id=\"text-584023118\" class=\"text\">\n\t\t\n\n<h4><span class=\"count-up\">24<br \/><\/span><\/h4>\n<p>N\u0102M KINH NGHI\u1ec6M<\/p>\n\t\t\n<style>\n#text-584023118 {\n  text-align: center;\n}\n<\/style>\n\t<\/div>\n\t\n\n\t\t\n<style>\n#stack-28571006 > * {\n  --stack-gap: 0rem;\n}\n<\/style>\n\t<\/div>\n\t\n\n\t\t<\/div>\n\t\t\t\t\t<\/div>\n\n\t\n\n<\/div>\n\n\t\t<\/div>\n\n\t\t\n<style>\n#section_295433818 {\n  padding-top: 60px;\n  padding-bottom: 60px;\n}\n<\/style>\n\t<\/section>","protected":false},"excerpt":{"rendered":"","protected":false},"author":2,"featured_media":0,"parent":377,"menu_order":0,"comment_status":"closed","ping_status":"closed","template":"page-blank.php","meta":{"footnotes":""},"class_list":["post-916","page","type-page","status-publish","hentry"],"yoast_head":"<!-- This site is optimized with the Yoast SEO plugin v20.13 - https:\/\/yoast.com\/wordpress\/plugins\/seo\/ -->\n<title>Pool Heater Tune Up - Linh Linh Dan Store<\/title>\n<meta name=\"robots\" content=\"index, follow, max-snippet:-1, max-image-preview:large, max-video-preview:-1\" \/>\n<link rel=\"canonical\" href=\"https:\/\/linhlinhdan.com\/vi\/service\/pool-heater-tune-up\/\" \/>\n<meta property=\"og:locale\" content=\"vi_VN\" \/>\n<meta property=\"og:type\" content=\"article\" \/>\n<meta property=\"og:title\" content=\"Pool Heater Tune Up - Linh Linh Dan Store\" \/>\n<meta property=\"og:url\" content=\"https:\/\/linhlinhdan.com\/vi\/service\/pool-heater-tune-up\/\" \/>\n<meta property=\"og:site_name\" content=\"Linh Linh Dan Store\" \/>\n<meta property=\"article:modified_time\" content=\"2022-07-04T02:53:00+00:00\" \/>\n<meta name=\"twitter:card\" content=\"summary_large_image\" \/>\n<meta name=\"twitter:label1\" content=\"\u01af\u1edbc t\u00ednh th\u1eddi gian \u0111\u1ecdc\" \/>\n\t<meta name=\"twitter:data1\" content=\"2 ph\u00fat\" \/>\n<script type=\"application\/ld+json\" class=\"yoast-schema-graph\">{\"@context\":\"https:\/\/schema.org\",\"@graph\":[{\"@type\":\"WebPage\",\"@id\":\"https:\/\/linhlinhdan.com\/service\/pool-heater-tune-up\/\",\"url\":\"https:\/\/linhlinhdan.com\/service\/pool-heater-tune-up\/\",\"name\":\"Pool Heater Tune Up - Linh Linh Dan Store\",\"isPartOf\":{\"@id\":\"https:\/\/linhlinhdan.com\/#website\"},\"datePublished\":\"2022-06-28T02:45:10+00:00\",\"dateModified\":\"2022-07-04T02:53:00+00:00\",\"breadcrumb\":{\"@id\":\"https:\/\/linhlinhdan.com\/service\/pool-heater-tune-up\/#breadcrumb\"},\"inLanguage\":\"vi\",\"potentialAction\":[{\"@type\":\"ReadAction\",\"target\":[\"https:\/\/linhlinhdan.com\/service\/pool-heater-tune-up\/\"]}]},{\"@type\":\"BreadcrumbList\",\"@id\":\"https:\/\/linhlinhdan.com\/service\/pool-heater-tune-up\/#breadcrumb\",\"itemListElement\":[{\"@type\":\"ListItem\",\"position\":1,\"name\":\"Home\",\"item\":\"https:\/\/linhlinhdan.com\/\"},{\"@type\":\"ListItem\",\"position\":2,\"name\":\"Service\",\"item\":\"https:\/\/linhlinhdan.com\/service\/\"},{\"@type\":\"ListItem\",\"position\":3,\"name\":\"Pool Heater Tune Up\"}]},{\"@type\":\"WebSite\",\"@id\":\"https:\/\/linhlinhdan.com\/#website\",\"url\":\"https:\/\/linhlinhdan.com\/\",\"name\":\"Linh Linh Dan Store\",\"description\":\"\",\"potentialAction\":[{\"@type\":\"SearchAction\",\"target\":{\"@type\":\"EntryPoint\",\"urlTemplate\":\"https:\/\/linhlinhdan.com\/?s={search_term_string}\"},\"query-input\":\"required name=search_term_string\"}],\"inLanguage\":\"vi\"}]}<\/script>\n<!-- \/ Yoast SEO plugin. -->","yoast_head_json":{"title":"Pool Heater Tune Up - Linh Linh Dan Store","robots":{"index":"index","follow":"follow","max-snippet":"max-snippet:-1","max-image-preview":"max-image-preview:large","max-video-preview":"max-video-preview:-1"},"canonical":"https:\/\/linhlinhdan.com\/vi\/service\/pool-heater-tune-up\/","og_locale":"vi_VN","og_type":"article","og_title":"Pool Heater Tune Up - Linh Linh Dan Store","og_url":"https:\/\/linhlinhdan.com\/vi\/service\/pool-heater-tune-up\/","og_site_name":"Linh Linh Dan Store","article_modified_time":"2022-07-04T02:53:00+00:00","twitter_card":"summary_large_image","twitter_misc":{"\u01af\u1edbc t\u00ednh th\u1eddi gian \u0111\u1ecdc":"2 ph\u00fat"},"schema":{"@context":"https:\/\/schema.org","@graph":[{"@type":"WebPage","@id":"https:\/\/linhlinhdan.com\/service\/pool-heater-tune-up\/","url":"https:\/\/linhlinhdan.com\/service\/pool-heater-tune-up\/","name":"Pool Heater Tune Up - Linh Linh Dan Store","isPartOf":{"@id":"https:\/\/linhlinhdan.com\/#website"},"datePublished":"2022-06-28T02:45:10+00:00","dateModified":"2022-07-04T02:53:00+00:00","breadcrumb":{"@id":"https:\/\/linhlinhdan.com\/service\/pool-heater-tune-up\/#breadcrumb"},"inLanguage":"vi","potentialAction":[{"@type":"ReadAction","target":["https:\/\/linhlinhdan.com\/service\/pool-heater-tune-up\/"]}]},{"@type":"BreadcrumbList","@id":"https:\/\/linhlinhdan.com\/service\/pool-heater-tune-up\/#breadcrumb","itemListElement":[{"@type":"ListItem","position":1,"name":"Home","item":"https:\/\/linhlinhdan.com\/"},{"@type":"ListItem","position":2,"name":"Service","item":"https:\/\/linhlinhdan.com\/service\/"},{"@type":"ListItem","position":3,"name":"Pool Heater Tune Up"}]},{"@type":"WebSite","@id":"https:\/\/linhlinhdan.com\/#website","url":"https:\/\/linhlinhdan.com\/","name":"Linh Linh Dan Store","description":"","potentialAction":[{"@type":"SearchAction","target":{"@type":"EntryPoint","urlTemplate":"https:\/\/linhlinhdan.com\/?s={search_term_string}"},"query-input":"required name=search_term_string"}],"inLanguage":"vi"}]}},"_links":{"self":[{"href":"https:\/\/linhlinhdan.com\/vi\/wp-json\/wp\/v2\/pages\/916","targetHints":{"allow":["GET"]}}],"collection":[{"href":"https:\/\/linhlinhdan.com\/vi\/wp-json\/wp\/v2\/pages"}],"about":[{"href":"https:\/\/linhlinhdan.com\/vi\/wp-json\/wp\/v2\/types\/page"}],"author":[{"embeddable":true,"href":"https:\/\/linhlinhdan.com\/vi\/wp-json\/wp\/v2\/users\/2"}],"replies":[{"embeddable":true,"href":"https:\/\/linhlinhdan.com\/vi\/wp-json\/wp\/v2\/comments?post=916"}],"version-history":[{"count":2,"href":"https:\/\/linhlinhdan.com\/vi\/wp-json\/wp\/v2\/pages\/916\/revisions"}],"predecessor-version":[{"id":1054,"href":"https:\/\/linhlinhdan.com\/vi\/wp-json\/wp\/v2\/pages\/916\/revisions\/1054"}],"up":[{"embeddable":true,"href":"https:\/\/linhlinhdan.com\/vi\/wp-json\/wp\/v2\/pages\/377"}],"wp:attachment":[{"href":"https:\/\/linhlinhdan.com\/vi\/wp-json\/wp\/v2\/media?parent=916"}],"curies":[{"name":"wp","href":"https:\/\/api.w.org\/{rel}","templated":true}]}}