{"id":1109,"date":"2022-08-02T04:59:26","date_gmt":"2022-08-02T04:59:26","guid":{"rendered":"https:\/\/store.linhlinhdan.servisense.xyz\/?post_type=product&#038;p=1109"},"modified":"2023-11-28T09:52:45","modified_gmt":"2023-11-28T02:52:45","slug":"oval-shaped-pool-cleaner","status":"publish","type":"product","link":"https:\/\/linhlinhdan.com\/vi\/san-pham\/oval-shaped-pool-cleaner\/","title":{"rendered":"B\u00c0N H\u00daT NH\u00d4M H\u00ccNH OVAL"},"content":{"rendered":"<p>\u0110\u01b0\u1ee3c l\u00e0m t\u1eeb nh\u1ef1a c\u1ee9ng.<\/p>\n<p>B\u00e0n ch\u1ea3i th\u1ea5p \u0111\u1ec3 c\u1ecd r\u1eeda nhi\u1ec1u h\u01b0\u1edbng kh\u00e1c nhau.<\/p>","protected":false},"excerpt":{"rendered":"<p>\u0110\u01b0\u1ee3c l\u00e0m t\u1eeb nh\u1ef1a c\u1ee9ng.<\/p>\n<p>&nbsp;<\/p>","protected":false},"featured_media":2198,"template":"","meta":[],"product_cat":[48,125],"product_tag":[],"class_list":["post-1109","product","type-product","status-publish","has-post-thumbnail","hentry","product_cat-cleaning-products","product_cat-iml-cleaning-products"],"yoast_head":"<!-- This site is optimized with the Yoast SEO plugin v20.13 - https:\/\/yoast.com\/wordpress\/plugins\/seo\/ -->\n<title>OVAL SHAPED POOL CLEANER - Linh Linh Dan Store<\/title>\n<meta name=\"robots\" content=\"index, follow, max-snippet:-1, max-image-preview:large, max-video-preview:-1\" \/>\n<link rel=\"canonical\" href=\"https:\/\/linhlinhdan.com\/vi\/san-pham\/oval-shaped-pool-cleaner\/\" \/>\n<meta property=\"og:locale\" content=\"vi_VN\" \/>\n<meta property=\"og:type\" content=\"article\" \/>\n<meta property=\"og:title\" content=\"OVAL SHAPED POOL CLEANER - Linh Linh Dan Store\" \/>\n<meta property=\"og:description\" content=\"Made of rigid plastic.  &nbsp;\" \/>\n<meta property=\"og:url\" content=\"https:\/\/linhlinhdan.com\/vi\/san-pham\/oval-shaped-pool-cleaner\/\" \/>\n<meta property=\"og:site_name\" content=\"Linh Linh Dan Store\" \/>\n<meta property=\"article:modified_time\" content=\"2023-11-28T02:52:45+00:00\" \/>\n<meta property=\"og:image\" content=\"https:\/\/linhlinhdan.com\/wp-content\/uploads\/2022\/08\/OVAL-SHAPED-POOL-CLEANER-SKU.jpg\" \/>\n\t<meta property=\"og:image:width\" content=\"500\" \/>\n\t<meta property=\"og:image:height\" content=\"500\" \/>\n\t<meta property=\"og:image:type\" content=\"image\/jpeg\" \/>\n<meta name=\"twitter:card\" content=\"summary_large_image\" \/>\n<meta name=\"twitter:label1\" content=\"\u01af\u1edbc t\u00ednh th\u1eddi gian \u0111\u1ecdc\" \/>\n\t<meta name=\"twitter:data1\" content=\"1 ph\u00fat\" \/>\n<script type=\"application\/ld+json\" class=\"yoast-schema-graph\">{\"@context\":\"https:\/\/schema.org\",\"@graph\":[{\"@type\":\"WebPage\",\"@id\":\"https:\/\/linhlinhdan.com\/vi\/san-pham\/oval-shaped-pool-cleaner\/\",\"url\":\"https:\/\/linhlinhdan.com\/vi\/san-pham\/oval-shaped-pool-cleaner\/\",\"name\":\"OVAL SHAPED POOL CLEANER - Linh Linh Dan Store\",\"isPartOf\":{\"@id\":\"https:\/\/linhlinhdan.com\/#website\"},\"datePublished\":\"2022-08-02T04:59:26+00:00\",\"dateModified\":\"2023-11-28T02:52:45+00:00\",\"breadcrumb\":{\"@id\":\"https:\/\/linhlinhdan.com\/vi\/san-pham\/oval-shaped-pool-cleaner\/#breadcrumb\"},\"inLanguage\":\"vi\",\"potentialAction\":[{\"@type\":\"ReadAction\",\"target\":[\"https:\/\/linhlinhdan.com\/vi\/san-pham\/oval-shaped-pool-cleaner\/\"]}]},{\"@type\":\"BreadcrumbList\",\"@id\":\"https:\/\/linhlinhdan.com\/vi\/san-pham\/oval-shaped-pool-cleaner\/#breadcrumb\",\"itemListElement\":[{\"@type\":\"ListItem\",\"position\":1,\"name\":\"Home\",\"item\":\"https:\/\/linhlinhdan.com\/\"},{\"@type\":\"ListItem\",\"position\":2,\"name\":\"PRODUCTS\",\"item\":\"https:\/\/linhlinhdan.com\/maintenance-products\/\"},{\"@type\":\"ListItem\",\"position\":3,\"name\":\"OVAL SHAPED POOL CLEANER\"}]},{\"@type\":\"WebSite\",\"@id\":\"https:\/\/linhlinhdan.com\/#website\",\"url\":\"https:\/\/linhlinhdan.com\/\",\"name\":\"Linh Linh Dan Store\",\"description\":\"\",\"potentialAction\":[{\"@type\":\"SearchAction\",\"target\":{\"@type\":\"EntryPoint\",\"urlTemplate\":\"https:\/\/linhlinhdan.com\/?s={search_term_string}\"},\"query-input\":\"required name=search_term_string\"}],\"inLanguage\":\"vi\"}]}<\/script>\n<!-- \/ Yoast SEO plugin. -->","yoast_head_json":{"title":"OVAL SHAPED POOL CLEANER - Linh Linh Dan Store","robots":{"index":"index","follow":"follow","max-snippet":"max-snippet:-1","max-image-preview":"max-image-preview:large","max-video-preview":"max-video-preview:-1"},"canonical":"https:\/\/linhlinhdan.com\/vi\/san-pham\/oval-shaped-pool-cleaner\/","og_locale":"vi_VN","og_type":"article","og_title":"OVAL SHAPED POOL CLEANER - Linh Linh Dan Store","og_description":"Made of rigid plastic.  &nbsp;","og_url":"https:\/\/linhlinhdan.com\/vi\/san-pham\/oval-shaped-pool-cleaner\/","og_site_name":"Linh Linh Dan Store","article_modified_time":"2023-11-28T02:52:45+00:00","og_image":[{"width":500,"height":500,"url":"https:\/\/linhlinhdan.com\/wp-content\/uploads\/2022\/08\/OVAL-SHAPED-POOL-CLEANER-SKU.jpg","type":"image\/jpeg"}],"twitter_card":"summary_large_image","twitter_misc":{"\u01af\u1edbc t\u00ednh th\u1eddi gian \u0111\u1ecdc":"1 ph\u00fat"},"schema":{"@context":"https:\/\/schema.org","@graph":[{"@type":"WebPage","@id":"https:\/\/linhlinhdan.com\/vi\/san-pham\/oval-shaped-pool-cleaner\/","url":"https:\/\/linhlinhdan.com\/vi\/san-pham\/oval-shaped-pool-cleaner\/","name":"OVAL SHAPED POOL CLEANER - Linh Linh Dan Store","isPartOf":{"@id":"https:\/\/linhlinhdan.com\/#website"},"datePublished":"2022-08-02T04:59:26+00:00","dateModified":"2023-11-28T02:52:45+00:00","breadcrumb":{"@id":"https:\/\/linhlinhdan.com\/vi\/san-pham\/oval-shaped-pool-cleaner\/#breadcrumb"},"inLanguage":"vi","potentialAction":[{"@type":"ReadAction","target":["https:\/\/linhlinhdan.com\/vi\/san-pham\/oval-shaped-pool-cleaner\/"]}]},{"@type":"BreadcrumbList","@id":"https:\/\/linhlinhdan.com\/vi\/san-pham\/oval-shaped-pool-cleaner\/#breadcrumb","itemListElement":[{"@type":"ListItem","position":1,"name":"Home","item":"https:\/\/linhlinhdan.com\/"},{"@type":"ListItem","position":2,"name":"PRODUCTS","item":"https:\/\/linhlinhdan.com\/maintenance-products\/"},{"@type":"ListItem","position":3,"name":"OVAL SHAPED POOL CLEANER"}]},{"@type":"WebSite","@id":"https:\/\/linhlinhdan.com\/#website","url":"https:\/\/linhlinhdan.com\/","name":"Linh Linh Dan Store","description":"","potentialAction":[{"@type":"SearchAction","target":{"@type":"EntryPoint","urlTemplate":"https:\/\/linhlinhdan.com\/?s={search_term_string}"},"query-input":"required name=search_term_string"}],"inLanguage":"vi"}]}},"_links":{"self":[{"href":"https:\/\/linhlinhdan.com\/vi\/wp-json\/wp\/v2\/product\/1109","targetHints":{"allow":["GET"]}}],"collection":[{"href":"https:\/\/linhlinhdan.com\/vi\/wp-json\/wp\/v2\/product"}],"about":[{"href":"https:\/\/linhlinhdan.com\/vi\/wp-json\/wp\/v2\/types\/product"}],"wp:featuredmedia":[{"embeddable":true,"href":"https:\/\/linhlinhdan.com\/vi\/wp-json\/wp\/v2\/media\/2198"}],"wp:attachment":[{"href":"https:\/\/linhlinhdan.com\/vi\/wp-json\/wp\/v2\/media?parent=1109"}],"wp:term":[{"taxonomy":"product_cat","embeddable":true,"href":"https:\/\/linhlinhdan.com\/vi\/wp-json\/wp\/v2\/product_cat?post=1109"},{"taxonomy":"product_tag","embeddable":true,"href":"https:\/\/linhlinhdan.com\/vi\/wp-json\/wp\/v2\/product_tag?post=1109"}],"curies":[{"name":"wp","href":"https:\/\/api.w.org\/{rel}","templated":true}]}}