{"id":1171,"date":"2022-08-02T07:21:42","date_gmt":"2022-08-02T07:21:42","guid":{"rendered":"https:\/\/store.linhlinhdan.servisense.xyz\/?post_type=product&#038;p=1171"},"modified":"2023-11-21T08:21:53","modified_gmt":"2023-11-21T01:21:53","slug":"libosa-top","status":"publish","type":"product","link":"https:\/\/linhlinhdan.com\/vi\/san-pham\/libosa-top\/","title":{"rendered":"B\u00ccNH L\u1eccC C\u00c1T H\u1ed2 B\u01a0I LISBOA TOP"},"content":{"rendered":"<p class=\" translation-block\">B\u00ecnh l\u1ecdc c\u00e1t h\u1ed3 b\u01a1i Van tr\u00ean \u0111\u01b0\u1ee3c l\u00e0m b\u1eb1ng polyester v\u00e0 s\u1ee3i th\u1ee7y tinh.<br>\n\u0110\u01b0\u1eddng k\u00ednh b\u00ecnh l\u1ecdc t\u1eeb \u00d8350 to \u00d8950.<br>\n\u0110\u01b0\u1ee3c l\u00e0m b\u1eb1ng nh\u1ef1a polyester v\u00e0 s\u1ee3i th\u1ee7y tinh ch\u1ecbu l\u1ef1c, \u0111\u1ed9 b\u1ec1n cao (c\u00f3 \u0111\u1ebf b\u1eb1ng nh\u1ef1a).<br>\nV\u1edbi thi\u1ebft k\u1ebf b\u1ed9 thu gom 1\" gi\u00fap t\u0103ng b\u1ec1 m\u1eb7t l\u1ecdc v\u00e0 hi\u1ec7u su\u1ea5t l\u1ecdc.<br>\n\u0110\u01b0\u1ee3c trang b\u1ecb \u0111\u1ed3ng h\u1ed3 \u0111o \u00e1p su\u1ea5t, tho\u00e1t n\u01b0\u1edbc v\u00e0 tho\u00e1t kh\u00ed.<br>\nK\u1ebft n\u1ed1i v\u1edbi van \u0111a chi\u1ec1u 6 ch\u1ee9c n\u0103ng: ch\u1ec9 c\u1ea7n xoay tay c\u1ea7m t\u1edbi v\u1ecb tr\u00ed l\u00e0m vi\u1ec7c mong mu\u1ed1n v\u00e0 b\u1ed9 l\u1ecdc s\u1ebd th\u1ef1c hi\u1ec7n c\u00e1c ph\u1ea7n c\u00f2n l\u1ea1i.<br>\nV\u00f2ng \u0111ai k\u1eb9p d\u01b0\u1edbi d\u1ea1ng linh ki\u1ec7n c\u00f3 th\u1ec3 \u0111\u01b0\u1ee3c thay th\u1ebf m\u00e0 kh\u00f4ng c\u1ea7n lo\u1ea1i b\u1ecf c\u00e1t ho\u1eb7c th\u00e1o r\u1eddi ph\u1ea7n b\u00ean trong c\u1ee7a b\u1ed9 l\u1ecdc.<br>\n\u00c1p su\u1ea5t l\u00e0m vi\u1ec7c t\u1ed1i \u0111a : 2,5 Kg \/ cm2.<\/p>","protected":false},"excerpt":{"rendered":"<p>B\u00ecnh l\u1ecdc c\u00e1t h\u1ed3 b\u01a1i \u0111\u01b0\u1ee3c l\u00e0m b\u1eb1ng polyester v\u00e0 s\u1ee3i th\u1ee7y tinh.<br \/>\n\u0110\u01b0\u1eddng k\u00ednh b\u00ecnh l\u1ecdc t\u1eeb \u00d8350 to \u00d8950.<\/p>","protected":false},"featured_media":2229,"template":"","meta":[],"product_cat":[32],"product_tag":[],"class_list":["post-1171","product","type-product","status-publish","has-post-thumbnail","hentry","product_cat-iml-filter"],"yoast_head":"<!-- This site is optimized with the Yoast SEO plugin v20.13 - https:\/\/yoast.com\/wordpress\/plugins\/seo\/ -->\n<title>LISBOA TOP - Linh Linh Dan Store<\/title>\n<meta name=\"robots\" content=\"index, follow, max-snippet:-1, max-image-preview:large, max-video-preview:-1\" \/>\n<link rel=\"canonical\" href=\"https:\/\/linhlinhdan.com\/vi\/san-pham\/libosa-top\/\" \/>\n<meta property=\"og:locale\" content=\"vi_VN\" \/>\n<meta property=\"og:type\" content=\"article\" \/>\n<meta property=\"og:title\" content=\"LISBOA TOP - Linh Linh Dan Store\" \/>\n<meta property=\"og:description\" content=\"Sand filters made with polyester and fibreglass. From \u00d8350 to \u00d8950.\" \/>\n<meta property=\"og:url\" content=\"https:\/\/linhlinhdan.com\/vi\/san-pham\/libosa-top\/\" \/>\n<meta property=\"og:site_name\" content=\"Linh Linh Dan Store\" \/>\n<meta property=\"article:modified_time\" content=\"2023-11-21T01:21:53+00:00\" \/>\n<meta property=\"og:image\" content=\"https:\/\/linhlinhdan.com\/wp-content\/uploads\/2022\/08\/LIBOSA-TOP-SKU.jpg\" \/>\n\t<meta property=\"og:image:width\" content=\"500\" \/>\n\t<meta property=\"og:image:height\" content=\"500\" \/>\n\t<meta property=\"og:image:type\" content=\"image\/jpeg\" \/>\n<meta name=\"twitter:card\" content=\"summary_large_image\" \/>\n<meta name=\"twitter:label1\" content=\"\u01af\u1edbc t\u00ednh th\u1eddi gian \u0111\u1ecdc\" \/>\n\t<meta name=\"twitter:data1\" content=\"1 ph\u00fat\" \/>\n<script type=\"application\/ld+json\" class=\"yoast-schema-graph\">{\"@context\":\"https:\/\/schema.org\",\"@graph\":[{\"@type\":\"WebPage\",\"@id\":\"https:\/\/linhlinhdan.com\/product\/libosa-top\/\",\"url\":\"https:\/\/linhlinhdan.com\/product\/libosa-top\/\",\"name\":\"LISBOA TOP - Linh Linh Dan Store\",\"isPartOf\":{\"@id\":\"https:\/\/linhlinhdan.com\/#website\"},\"datePublished\":\"2022-08-02T07:21:42+00:00\",\"dateModified\":\"2023-11-21T01:21:53+00:00\",\"breadcrumb\":{\"@id\":\"https:\/\/linhlinhdan.com\/product\/libosa-top\/#breadcrumb\"},\"inLanguage\":\"vi\",\"potentialAction\":[{\"@type\":\"ReadAction\",\"target\":[\"https:\/\/linhlinhdan.com\/product\/libosa-top\/\"]}]},{\"@type\":\"BreadcrumbList\",\"@id\":\"https:\/\/linhlinhdan.com\/product\/libosa-top\/#breadcrumb\",\"itemListElement\":[{\"@type\":\"ListItem\",\"position\":1,\"name\":\"Home\",\"item\":\"https:\/\/linhlinhdan.com\/\"},{\"@type\":\"ListItem\",\"position\":2,\"name\":\"PRODUCTS\",\"item\":\"https:\/\/linhlinhdan.com\/maintenance-products\/\"},{\"@type\":\"ListItem\",\"position\":3,\"name\":\"LISBOA TOP\"}]},{\"@type\":\"WebSite\",\"@id\":\"https:\/\/linhlinhdan.com\/#website\",\"url\":\"https:\/\/linhlinhdan.com\/\",\"name\":\"Linh Linh Dan Store\",\"description\":\"\",\"potentialAction\":[{\"@type\":\"SearchAction\",\"target\":{\"@type\":\"EntryPoint\",\"urlTemplate\":\"https:\/\/linhlinhdan.com\/?s={search_term_string}\"},\"query-input\":\"required name=search_term_string\"}],\"inLanguage\":\"vi\"}]}<\/script>\n<!-- \/ Yoast SEO plugin. -->","yoast_head_json":{"title":"LISBOA TOP - Linh Linh Dan Store","robots":{"index":"index","follow":"follow","max-snippet":"max-snippet:-1","max-image-preview":"max-image-preview:large","max-video-preview":"max-video-preview:-1"},"canonical":"https:\/\/linhlinhdan.com\/vi\/san-pham\/libosa-top\/","og_locale":"vi_VN","og_type":"article","og_title":"LISBOA TOP - Linh Linh Dan Store","og_description":"Sand filters made with polyester and fibreglass. From \u00d8350 to \u00d8950.","og_url":"https:\/\/linhlinhdan.com\/vi\/san-pham\/libosa-top\/","og_site_name":"Linh Linh Dan Store","article_modified_time":"2023-11-21T01:21:53+00:00","og_image":[{"width":500,"height":500,"url":"https:\/\/linhlinhdan.com\/wp-content\/uploads\/2022\/08\/LIBOSA-TOP-SKU.jpg","type":"image\/jpeg"}],"twitter_card":"summary_large_image","twitter_misc":{"\u01af\u1edbc t\u00ednh th\u1eddi gian \u0111\u1ecdc":"1 ph\u00fat"},"schema":{"@context":"https:\/\/schema.org","@graph":[{"@type":"WebPage","@id":"https:\/\/linhlinhdan.com\/product\/libosa-top\/","url":"https:\/\/linhlinhdan.com\/product\/libosa-top\/","name":"LISBOA TOP - Linh Linh Dan Store","isPartOf":{"@id":"https:\/\/linhlinhdan.com\/#website"},"datePublished":"2022-08-02T07:21:42+00:00","dateModified":"2023-11-21T01:21:53+00:00","breadcrumb":{"@id":"https:\/\/linhlinhdan.com\/product\/libosa-top\/#breadcrumb"},"inLanguage":"vi","potentialAction":[{"@type":"ReadAction","target":["https:\/\/linhlinhdan.com\/product\/libosa-top\/"]}]},{"@type":"BreadcrumbList","@id":"https:\/\/linhlinhdan.com\/product\/libosa-top\/#breadcrumb","itemListElement":[{"@type":"ListItem","position":1,"name":"Home","item":"https:\/\/linhlinhdan.com\/"},{"@type":"ListItem","position":2,"name":"PRODUCTS","item":"https:\/\/linhlinhdan.com\/maintenance-products\/"},{"@type":"ListItem","position":3,"name":"LISBOA TOP"}]},{"@type":"WebSite","@id":"https:\/\/linhlinhdan.com\/#website","url":"https:\/\/linhlinhdan.com\/","name":"Linh Linh Dan Store","description":"","potentialAction":[{"@type":"SearchAction","target":{"@type":"EntryPoint","urlTemplate":"https:\/\/linhlinhdan.com\/?s={search_term_string}"},"query-input":"required name=search_term_string"}],"inLanguage":"vi"}]}},"_links":{"self":[{"href":"https:\/\/linhlinhdan.com\/vi\/wp-json\/wp\/v2\/product\/1171","targetHints":{"allow":["GET"]}}],"collection":[{"href":"https:\/\/linhlinhdan.com\/vi\/wp-json\/wp\/v2\/product"}],"about":[{"href":"https:\/\/linhlinhdan.com\/vi\/wp-json\/wp\/v2\/types\/product"}],"wp:featuredmedia":[{"embeddable":true,"href":"https:\/\/linhlinhdan.com\/vi\/wp-json\/wp\/v2\/media\/2229"}],"wp:attachment":[{"href":"https:\/\/linhlinhdan.com\/vi\/wp-json\/wp\/v2\/media?parent=1171"}],"wp:term":[{"taxonomy":"product_cat","embeddable":true,"href":"https:\/\/linhlinhdan.com\/vi\/wp-json\/wp\/v2\/product_cat?post=1171"},{"taxonomy":"product_tag","embeddable":true,"href":"https:\/\/linhlinhdan.com\/vi\/wp-json\/wp\/v2\/product_tag?post=1171"}],"curies":[{"name":"wp","href":"https:\/\/api.w.org\/{rel}","templated":true}]}}