{"id":1175,"date":"2022-08-02T07:24:02","date_gmt":"2022-08-02T07:24:02","guid":{"rendered":"https:\/\/store.linhlinhdan.servisense.xyz\/?post_type=product&#038;p=1175"},"modified":"2023-05-09T10:18:32","modified_gmt":"2023-05-09T03:18:32","slug":"nilo","status":"publish","type":"product","link":"https:\/\/linhlinhdan.com\/vi\/san-pham\/nilo\/","title":{"rendered":"B\u00ccNH L\u1eccC C\u00c1T H\u1ed2 B\u01a0I NILO"},"content":{"rendered":"<p class=\" translation-block\">B\u00ecnh l\u1ecdc c\u00e1t h\u1ed3 b\u01a1i hi\u1ec7u su\u1ea5t cao \u0111\u01b0\u1ee3c l\u00e0m b\u1eb1ng polyester v\u00e0 s\u1ee3i th\u1ee7y tinh(c\u00f3 \u0111\u1ebf b\u1eb1ng nh\u1ef1a).<br>\nChi\u1ec1u cao b\u00ecnh l\u1ecdc 1,0m ho\u1eb7c 1,2m. T\u1eeb \u00d8500 \u0111\u1ebfn \u00d81200.<br>\nChi\u1ec1u cao b\u00ecnh 1m  v\u00e0 1,2m, n\u0103ng su\u1ea5t l\u1ecdc cao.&lt;br.\n\u0110\u01b0\u1ee3c l\u00e0m b\u1eb1ng nh\u1ef1a polyester v\u00e0 s\u1ee3i th\u1ee7y tinh ch\u1ecbu l\u1ef1c, \u0111\u1ed9 b\u1ec1n cao.<br>\nN\u1eafp \u0111\u1eady tr\u00ean \u0111\u01b0\u1ee3c l\u00e0m b\u1eb1ng nh\u1ef1a.<br>\nN\u1eafp x\u00e3 c\u00e1t \u00d8200 d\u01b0\u1edbi \u0111\u00e1y b\u00ecnh l\u1ecdc d\u1ec5 d\u00e0ng thao t\u00e1c cho vi\u1ec7c thay th\u1ebf c\u00e1t.<br>\n\u0110\u01b0\u1ee3c trang b\u1ecb \u0111\u1ed3ng h\u1ed3 \u0111o \u00e1p su\u1ea5t, tho\u00e1t n\u01b0\u1edbc b\u1eb1ng van 1\" v\u00e0 tho\u00e1t kh\u00ed.<br>\n\u00c1p su\u1ea5t l\u00e0m vi\u1ec7c t\u1ed1i \u0111a: 2.5kg\/cm2.<br>\nNhi\u1ec7t \u0111\u1ed9 ho\u1ea1t \u0111\u1ed9ng t\u1ed1i \u0111a: 50 \u00baC.<\/p>","protected":false},"excerpt":{"rendered":"<p class=\" translation-block\">B\u00ecnh l\u1ecdc c\u00e1t h\u1ed3 b\u01a1i hi\u1ec7u su\u1ea5t cao \u0111\u01b0\u1ee3c l\u00e0m b\u1eb1ng polyester v\u00e0 s\u1ee3i th\u1ee7y tinh.<br>\nChi\u1ec1u cao b\u00ecnh l\u1ecdc 1,0m ho\u1eb7c 1,2m. T\u1eeb \u00d8500 \u0111\u1ebfn \u00d81200.<\/p>","protected":false},"featured_media":2234,"template":"","meta":[],"product_cat":[32],"product_tag":[],"class_list":["post-1175","product","type-product","status-publish","has-post-thumbnail","hentry","product_cat-iml-filter"],"yoast_head":"<!-- This site is optimized with the Yoast SEO plugin v20.13 - https:\/\/yoast.com\/wordpress\/plugins\/seo\/ -->\n<title>NILO - Linh Linh Dan Store<\/title>\n<meta name=\"robots\" content=\"index, follow, max-snippet:-1, max-image-preview:large, max-video-preview:-1\" \/>\n<link rel=\"canonical\" href=\"https:\/\/linhlinhdan.com\/vi\/san-pham\/nilo\/\" \/>\n<meta property=\"og:locale\" content=\"vi_VN\" \/>\n<meta property=\"og:type\" content=\"article\" \/>\n<meta property=\"og:title\" content=\"NILO - Linh Linh Dan Store\" \/>\n<meta property=\"og:description\" content=\"High performance sand filters made with polyester and fibreglass. Filtration bed height of 1,0 m (option 1,2 m). From \u00d8500 to \u00d81200.\" \/>\n<meta property=\"og:url\" content=\"https:\/\/linhlinhdan.com\/vi\/san-pham\/nilo\/\" \/>\n<meta property=\"og:site_name\" content=\"Linh Linh Dan Store\" \/>\n<meta property=\"article:modified_time\" content=\"2023-05-09T03:18:32+00:00\" \/>\n<meta property=\"og:image\" content=\"https:\/\/linhlinhdan.com\/wp-content\/uploads\/2022\/08\/NILO-SKU.jpg\" \/>\n\t<meta property=\"og:image:width\" content=\"500\" \/>\n\t<meta property=\"og:image:height\" content=\"500\" \/>\n\t<meta property=\"og:image:type\" content=\"image\/jpeg\" \/>\n<meta name=\"twitter:card\" content=\"summary_large_image\" \/>\n<meta name=\"twitter:label1\" content=\"\u01af\u1edbc t\u00ednh th\u1eddi gian \u0111\u1ecdc\" \/>\n\t<meta name=\"twitter:data1\" content=\"1 ph\u00fat\" \/>\n<script type=\"application\/ld+json\" class=\"yoast-schema-graph\">{\"@context\":\"https:\/\/schema.org\",\"@graph\":[{\"@type\":\"WebPage\",\"@id\":\"https:\/\/linhlinhdan.com\/product\/nilo\/\",\"url\":\"https:\/\/linhlinhdan.com\/product\/nilo\/\",\"name\":\"NILO - Linh Linh Dan Store\",\"isPartOf\":{\"@id\":\"https:\/\/linhlinhdan.com\/#website\"},\"datePublished\":\"2022-08-02T07:24:02+00:00\",\"dateModified\":\"2023-05-09T03:18:32+00:00\",\"breadcrumb\":{\"@id\":\"https:\/\/linhlinhdan.com\/product\/nilo\/#breadcrumb\"},\"inLanguage\":\"vi\",\"potentialAction\":[{\"@type\":\"ReadAction\",\"target\":[\"https:\/\/linhlinhdan.com\/product\/nilo\/\"]}]},{\"@type\":\"BreadcrumbList\",\"@id\":\"https:\/\/linhlinhdan.com\/product\/nilo\/#breadcrumb\",\"itemListElement\":[{\"@type\":\"ListItem\",\"position\":1,\"name\":\"Home\",\"item\":\"https:\/\/linhlinhdan.com\/\"},{\"@type\":\"ListItem\",\"position\":2,\"name\":\"PRODUCTS\",\"item\":\"https:\/\/linhlinhdan.com\/maintenance-products\/\"},{\"@type\":\"ListItem\",\"position\":3,\"name\":\"NILO\"}]},{\"@type\":\"WebSite\",\"@id\":\"https:\/\/linhlinhdan.com\/#website\",\"url\":\"https:\/\/linhlinhdan.com\/\",\"name\":\"Linh Linh Dan Store\",\"description\":\"\",\"potentialAction\":[{\"@type\":\"SearchAction\",\"target\":{\"@type\":\"EntryPoint\",\"urlTemplate\":\"https:\/\/linhlinhdan.com\/?s={search_term_string}\"},\"query-input\":\"required name=search_term_string\"}],\"inLanguage\":\"vi\"}]}<\/script>\n<!-- \/ Yoast SEO plugin. -->","yoast_head_json":{"title":"NILO - Linh Linh Dan Store","robots":{"index":"index","follow":"follow","max-snippet":"max-snippet:-1","max-image-preview":"max-image-preview:large","max-video-preview":"max-video-preview:-1"},"canonical":"https:\/\/linhlinhdan.com\/vi\/san-pham\/nilo\/","og_locale":"vi_VN","og_type":"article","og_title":"NILO - Linh Linh Dan Store","og_description":"High performance sand filters made with polyester and fibreglass. Filtration bed height of 1,0 m (option 1,2 m). From \u00d8500 to \u00d81200.","og_url":"https:\/\/linhlinhdan.com\/vi\/san-pham\/nilo\/","og_site_name":"Linh Linh Dan Store","article_modified_time":"2023-05-09T03:18:32+00:00","og_image":[{"width":500,"height":500,"url":"https:\/\/linhlinhdan.com\/wp-content\/uploads\/2022\/08\/NILO-SKU.jpg","type":"image\/jpeg"}],"twitter_card":"summary_large_image","twitter_misc":{"\u01af\u1edbc t\u00ednh th\u1eddi gian \u0111\u1ecdc":"1 ph\u00fat"},"schema":{"@context":"https:\/\/schema.org","@graph":[{"@type":"WebPage","@id":"https:\/\/linhlinhdan.com\/product\/nilo\/","url":"https:\/\/linhlinhdan.com\/product\/nilo\/","name":"NILO - Linh Linh Dan Store","isPartOf":{"@id":"https:\/\/linhlinhdan.com\/#website"},"datePublished":"2022-08-02T07:24:02+00:00","dateModified":"2023-05-09T03:18:32+00:00","breadcrumb":{"@id":"https:\/\/linhlinhdan.com\/product\/nilo\/#breadcrumb"},"inLanguage":"vi","potentialAction":[{"@type":"ReadAction","target":["https:\/\/linhlinhdan.com\/product\/nilo\/"]}]},{"@type":"BreadcrumbList","@id":"https:\/\/linhlinhdan.com\/product\/nilo\/#breadcrumb","itemListElement":[{"@type":"ListItem","position":1,"name":"Home","item":"https:\/\/linhlinhdan.com\/"},{"@type":"ListItem","position":2,"name":"PRODUCTS","item":"https:\/\/linhlinhdan.com\/maintenance-products\/"},{"@type":"ListItem","position":3,"name":"NILO"}]},{"@type":"WebSite","@id":"https:\/\/linhlinhdan.com\/#website","url":"https:\/\/linhlinhdan.com\/","name":"Linh Linh Dan Store","description":"","potentialAction":[{"@type":"SearchAction","target":{"@type":"EntryPoint","urlTemplate":"https:\/\/linhlinhdan.com\/?s={search_term_string}"},"query-input":"required name=search_term_string"}],"inLanguage":"vi"}]}},"_links":{"self":[{"href":"https:\/\/linhlinhdan.com\/vi\/wp-json\/wp\/v2\/product\/1175","targetHints":{"allow":["GET"]}}],"collection":[{"href":"https:\/\/linhlinhdan.com\/vi\/wp-json\/wp\/v2\/product"}],"about":[{"href":"https:\/\/linhlinhdan.com\/vi\/wp-json\/wp\/v2\/types\/product"}],"wp:featuredmedia":[{"embeddable":true,"href":"https:\/\/linhlinhdan.com\/vi\/wp-json\/wp\/v2\/media\/2234"}],"wp:attachment":[{"href":"https:\/\/linhlinhdan.com\/vi\/wp-json\/wp\/v2\/media?parent=1175"}],"wp:term":[{"taxonomy":"product_cat","embeddable":true,"href":"https:\/\/linhlinhdan.com\/vi\/wp-json\/wp\/v2\/product_cat?post=1175"},{"taxonomy":"product_tag","embeddable":true,"href":"https:\/\/linhlinhdan.com\/vi\/wp-json\/wp\/v2\/product_tag?post=1175"}],"curies":[{"name":"wp","href":"https:\/\/api.w.org\/{rel}","templated":true}]}}