{"id":1181,"date":"2022-08-02T07:28:07","date_gmt":"2022-08-02T07:28:07","guid":{"rendered":"https:\/\/store.linhlinhdan.servisense.xyz\/?post_type=product&#038;p=1181"},"modified":"2023-05-09T10:19:44","modified_gmt":"2023-05-09T03:19:44","slug":"teide-industrial","status":"publish","type":"product","link":"https:\/\/linhlinhdan.com\/vi\/san-pham\/teide-industrial\/","title":{"rendered":"B\u00ccNH L\u1eccC C\u00c1T H\u1ed2 B\u01a0I TEIDE"},"content":{"rendered":"<p class=\" translation-block\">B\u00ecnh l\u1ecdc c\u00e1t h\u1ed3 b\u01a1i \u0111\u01b0\u1ee3c l\u00e0m b\u1eb1ng polyester v\u00e0 s\u1ee3i th\u1ee7y tinh.<br>\nChi\u1ec1u cao b\u00ecnh l\u1ecdc 1,0m. T\u1eeb \u00d81050 \u0111\u1ebfn \u00d82000.<br>\nPh\u1ea1m vi \u0111\u01b0\u1eddng k\u00ednh b\u00ecnh l\u1ecdc 1050mm \u0111\u1ebfn 2500mm, chi\u1ec1u cao b\u00ecnh 1m.<br>\n\u0110\u01b0\u1ee3c thi\u1ebft k\u1ebf d\u00f9ng cho h\u1ed3 b\u01a1i c\u00f4ng c\u1ed9ng.<br>\n\u0110\u01b0\u1ee3c s\u1ea3n xu\u1ea5t b\u1eb1ng c\u00e1ch phun l\u00ean c\u00e1c l\u1edbp nh\u1ef1a polyester v\u00e0 s\u1ee3i th\u1ee7y tinh,ch\u1ecbu l\u1ef1c, \u0111\u1ed9 b\u1ec1n cao.<br> \n\u0110\u01b0\u1ee3c ph\u1ee7 l\u1edbp s\u01a1n gel b\u00ean ngo\u00e0i tuy\u1ec7t \u0111\u1eb9p.<br>\n\u0110\u1ebf b\u00ecnh \u0111\u01b0\u1ee3c l\u00e0m b\u1eb1ng polyester.<br>\nN\u1eafp b\u00ecnh l\u1ecdc c\u00f3 ren v\u00e0 \u0111ai \u1ed1c d\u1ec5 th\u00e1o d\u1ee1, l\u1eafp \u0111\u1eb7t, \u00d8400.<br>\nC\u00f3 th\u1ec3 k\u1ebft n\u1ed1i 4 - 5 van.<br>\n\u00c1p su\u1ea5t l\u00e0m vi\u1ec7c t\u1ed1i \u0111a: 2.5kg\/cm2.<br>\nNhi\u1ec7t \u0111\u1ed9 ho\u1ea1t \u0111\u1ed9ng t\u1ed1i \u0111a: 40 \u00baC.<\/p>","protected":false},"excerpt":{"rendered":"<p class=\" translation-block\">B\u00ecnh l\u1ecdc c\u00e1t d\u00f9ng cho h\u1ed3 b\u01a1i c\u00f4ng c\u1ed9ng l\u00e0m b\u1eb1ng polyester v\u00e0 s\u1ee3i th\u1ee7y tinh.<br>\nChi\u1ec1u cao b\u00ecnh l\u1ecdc 1,0m. T\u1eeb \u00d81050 \u0111\u1ebfn \u00d82000.<\/p>","protected":false},"featured_media":2237,"template":"","meta":[],"product_cat":[32],"product_tag":[],"class_list":["post-1181","product","type-product","status-publish","has-post-thumbnail","hentry","product_cat-iml-filter"],"yoast_head":"<!-- This site is optimized with the Yoast SEO plugin v20.13 - https:\/\/yoast.com\/wordpress\/plugins\/seo\/ -->\n<title>TEIDE INDUSTRIAL - Linh Linh Dan Store<\/title>\n<meta name=\"robots\" content=\"index, follow, max-snippet:-1, max-image-preview:large, max-video-preview:-1\" \/>\n<link rel=\"canonical\" href=\"https:\/\/linhlinhdan.com\/vi\/san-pham\/teide-industrial\/\" \/>\n<meta property=\"og:locale\" content=\"vi_VN\" \/>\n<meta property=\"og:type\" content=\"article\" \/>\n<meta property=\"og:title\" content=\"TEIDE INDUSTRIAL - Linh Linh Dan Store\" \/>\n<meta property=\"og:description\" content=\"Sand filters made with polyester and fibreglass. Filtration bed height of 1 m. From \u00d81050 to \u00d82000.\" \/>\n<meta property=\"og:url\" content=\"https:\/\/linhlinhdan.com\/vi\/san-pham\/teide-industrial\/\" \/>\n<meta property=\"og:site_name\" content=\"Linh Linh Dan Store\" \/>\n<meta property=\"article:modified_time\" content=\"2023-05-09T03:19:44+00:00\" \/>\n<meta property=\"og:image\" content=\"https:\/\/linhlinhdan.com\/wp-content\/uploads\/2022\/08\/TEIDE-INDUSTRIAL-SKU.jpg\" \/>\n\t<meta property=\"og:image:width\" content=\"500\" \/>\n\t<meta property=\"og:image:height\" content=\"500\" \/>\n\t<meta property=\"og:image:type\" content=\"image\/jpeg\" \/>\n<meta name=\"twitter:card\" content=\"summary_large_image\" \/>\n<meta name=\"twitter:label1\" content=\"\u01af\u1edbc t\u00ednh th\u1eddi gian \u0111\u1ecdc\" \/>\n\t<meta name=\"twitter:data1\" content=\"1 ph\u00fat\" \/>\n<script type=\"application\/ld+json\" class=\"yoast-schema-graph\">{\"@context\":\"https:\/\/schema.org\",\"@graph\":[{\"@type\":\"WebPage\",\"@id\":\"https:\/\/linhlinhdan.com\/product\/teide-industrial\/\",\"url\":\"https:\/\/linhlinhdan.com\/product\/teide-industrial\/\",\"name\":\"TEIDE INDUSTRIAL - Linh Linh Dan Store\",\"isPartOf\":{\"@id\":\"https:\/\/linhlinhdan.com\/#website\"},\"datePublished\":\"2022-08-02T07:28:07+00:00\",\"dateModified\":\"2023-05-09T03:19:44+00:00\",\"breadcrumb\":{\"@id\":\"https:\/\/linhlinhdan.com\/product\/teide-industrial\/#breadcrumb\"},\"inLanguage\":\"vi\",\"potentialAction\":[{\"@type\":\"ReadAction\",\"target\":[\"https:\/\/linhlinhdan.com\/product\/teide-industrial\/\"]}]},{\"@type\":\"BreadcrumbList\",\"@id\":\"https:\/\/linhlinhdan.com\/product\/teide-industrial\/#breadcrumb\",\"itemListElement\":[{\"@type\":\"ListItem\",\"position\":1,\"name\":\"Home\",\"item\":\"https:\/\/linhlinhdan.com\/\"},{\"@type\":\"ListItem\",\"position\":2,\"name\":\"PRODUCTS\",\"item\":\"https:\/\/linhlinhdan.com\/maintenance-products\/\"},{\"@type\":\"ListItem\",\"position\":3,\"name\":\"TEIDE INDUSTRIAL\"}]},{\"@type\":\"WebSite\",\"@id\":\"https:\/\/linhlinhdan.com\/#website\",\"url\":\"https:\/\/linhlinhdan.com\/\",\"name\":\"Linh Linh Dan Store\",\"description\":\"\",\"potentialAction\":[{\"@type\":\"SearchAction\",\"target\":{\"@type\":\"EntryPoint\",\"urlTemplate\":\"https:\/\/linhlinhdan.com\/?s={search_term_string}\"},\"query-input\":\"required name=search_term_string\"}],\"inLanguage\":\"vi\"}]}<\/script>\n<!-- \/ Yoast SEO plugin. -->","yoast_head_json":{"title":"TEIDE INDUSTRIAL - Linh Linh Dan Store","robots":{"index":"index","follow":"follow","max-snippet":"max-snippet:-1","max-image-preview":"max-image-preview:large","max-video-preview":"max-video-preview:-1"},"canonical":"https:\/\/linhlinhdan.com\/vi\/san-pham\/teide-industrial\/","og_locale":"vi_VN","og_type":"article","og_title":"TEIDE INDUSTRIAL - Linh Linh Dan Store","og_description":"Sand filters made with polyester and fibreglass. Filtration bed height of 1 m. From \u00d81050 to \u00d82000.","og_url":"https:\/\/linhlinhdan.com\/vi\/san-pham\/teide-industrial\/","og_site_name":"Linh Linh Dan Store","article_modified_time":"2023-05-09T03:19:44+00:00","og_image":[{"width":500,"height":500,"url":"https:\/\/linhlinhdan.com\/wp-content\/uploads\/2022\/08\/TEIDE-INDUSTRIAL-SKU.jpg","type":"image\/jpeg"}],"twitter_card":"summary_large_image","twitter_misc":{"\u01af\u1edbc t\u00ednh th\u1eddi gian \u0111\u1ecdc":"1 ph\u00fat"},"schema":{"@context":"https:\/\/schema.org","@graph":[{"@type":"WebPage","@id":"https:\/\/linhlinhdan.com\/product\/teide-industrial\/","url":"https:\/\/linhlinhdan.com\/product\/teide-industrial\/","name":"TEIDE INDUSTRIAL - Linh Linh Dan Store","isPartOf":{"@id":"https:\/\/linhlinhdan.com\/#website"},"datePublished":"2022-08-02T07:28:07+00:00","dateModified":"2023-05-09T03:19:44+00:00","breadcrumb":{"@id":"https:\/\/linhlinhdan.com\/product\/teide-industrial\/#breadcrumb"},"inLanguage":"vi","potentialAction":[{"@type":"ReadAction","target":["https:\/\/linhlinhdan.com\/product\/teide-industrial\/"]}]},{"@type":"BreadcrumbList","@id":"https:\/\/linhlinhdan.com\/product\/teide-industrial\/#breadcrumb","itemListElement":[{"@type":"ListItem","position":1,"name":"Home","item":"https:\/\/linhlinhdan.com\/"},{"@type":"ListItem","position":2,"name":"PRODUCTS","item":"https:\/\/linhlinhdan.com\/maintenance-products\/"},{"@type":"ListItem","position":3,"name":"TEIDE INDUSTRIAL"}]},{"@type":"WebSite","@id":"https:\/\/linhlinhdan.com\/#website","url":"https:\/\/linhlinhdan.com\/","name":"Linh Linh Dan Store","description":"","potentialAction":[{"@type":"SearchAction","target":{"@type":"EntryPoint","urlTemplate":"https:\/\/linhlinhdan.com\/?s={search_term_string}"},"query-input":"required name=search_term_string"}],"inLanguage":"vi"}]}},"_links":{"self":[{"href":"https:\/\/linhlinhdan.com\/vi\/wp-json\/wp\/v2\/product\/1181","targetHints":{"allow":["GET"]}}],"collection":[{"href":"https:\/\/linhlinhdan.com\/vi\/wp-json\/wp\/v2\/product"}],"about":[{"href":"https:\/\/linhlinhdan.com\/vi\/wp-json\/wp\/v2\/types\/product"}],"wp:featuredmedia":[{"embeddable":true,"href":"https:\/\/linhlinhdan.com\/vi\/wp-json\/wp\/v2\/media\/2237"}],"wp:attachment":[{"href":"https:\/\/linhlinhdan.com\/vi\/wp-json\/wp\/v2\/media?parent=1181"}],"wp:term":[{"taxonomy":"product_cat","embeddable":true,"href":"https:\/\/linhlinhdan.com\/vi\/wp-json\/wp\/v2\/product_cat?post=1181"},{"taxonomy":"product_tag","embeddable":true,"href":"https:\/\/linhlinhdan.com\/vi\/wp-json\/wp\/v2\/product_tag?post=1181"}],"curies":[{"name":"wp","href":"https:\/\/api.w.org\/{rel}","templated":true}]}}