{"id":1195,"date":"2022-08-02T07:40:46","date_gmt":"2022-08-02T07:40:46","guid":{"rendered":"https:\/\/store.linhlinhdan.servisense.xyz\/?post_type=product&#038;p=1195"},"modified":"2023-11-21T08:18:50","modified_gmt":"2023-11-21T01:18:50","slug":"america","status":"publish","type":"product","link":"https:\/\/linhlinhdan.com\/vi\/san-pham\/america\/","title":{"rendered":"America"},"content":{"rendered":"<p class=\" translation-block\">M\u00e1y b\u01a1m \u0111i\u1ec7n t\u1ef1 \u0111\u1ed9ng m\u1ed3i n\u01b0\u1edbc cho h\u1ed3 b\u01a1i, v\u1edbi c\u00f4ng su\u1ea5t 2-l\u00edt \u0111\u01b0\u1ee3c x\u00e2y d\u1ef1ng trong b\u1ed9 l\u1ecdc tr\u01b0\u1edbc.<br>\nM\u00e1y b\u01a1m t\u1ef1 \u0111\u1ed9ng m\u1ed3i n\u01b0\u1edbc cho h\u1ed3 tr\u00ean 2 m\u00e9t m\u00e0 kh\u00f4ng c\u00f3 van ch\u00e2n.<br>\nTh\u00e2n m\u00e1y b\u01a1m v\u00e0 b\u1ed9 ph\u1eadn khuy\u1ebfch t\u00e1n \u0111\u01b0\u1ee3c s\u1ea3n xu\u1ea5t b\u1eb1ng polypropilene v\u1edbi s\u1ee3i thu\u1ef7 tinh v\u00e0 b\u1ed9 ph\u1eadn s\u1ea1c kho\u00e1ng.<br>\nB\u1ed9 ph\u1eadn \u0111\u1ea9y trong NORYL.<br>\n\u0110\u1ed9ng c\u01a1 v\u1edbi l\u1edbp b\u1ea3o v\u1ec7 IP-55.<br>\nL\u1edbp c\u00e1ch ly c\u1ea5p F.<br>\nB\u00f3ng ch\u1ecbu \u0111\u1ef1ng 2RS.<br>\nBul\u00f4ng v\u00e0 \u0111ai \u1ed1c b\u1eb1ng th\u00e9p kh\u00f4ng r\u1ec9.<br>\nB\u1ed9 ph\u1eadn k\u1ebft n\u1ed1i h\u00fat v\u00e0 x\u1ea3 2 \u00bc\u201d for \u00d850mm.<\/p>","protected":false},"excerpt":{"rendered":"<p>M\u00e1y b\u01a1m \u0111i\u1ec7n t\u1ef1 \u0111\u1ed9ng m\u1ed3i n\u01b0\u1edbc cho h\u1ed3 b\u01a1i, \u0111\u01b0\u1ee3c thi\u1ebft k\u1ebf v\u1edbi b\u1ed9 l\u1ecdc tr\u01b0\u1edbc ti\u1ec7n l\u1ee3i cho vi\u1ec7c s\u1eed d\u1ee5ng.<\/p>","protected":false},"featured_media":2312,"template":"","meta":[],"product_cat":[57,116,58],"product_tag":[],"class_list":["post-1195","product","type-product","status-publish","has-post-thumbnail","hentry","product_cat-pump-counter-current","product_cat-iml","product_cat-filtration-pump"],"yoast_head":"<!-- This site is optimized with the Yoast SEO plugin v20.13 - https:\/\/yoast.com\/wordpress\/plugins\/seo\/ -->\n<title>America - Linh Linh Dan Store<\/title>\n<meta name=\"robots\" content=\"index, follow, max-snippet:-1, max-image-preview:large, max-video-preview:-1\" \/>\n<link rel=\"canonical\" href=\"https:\/\/linhlinhdan.com\/vi\/san-pham\/america\/\" \/>\n<meta property=\"og:locale\" content=\"vi_VN\" \/>\n<meta property=\"og:type\" content=\"article\" \/>\n<meta property=\"og:title\" content=\"America - Linh Linh Dan Store\" \/>\n<meta property=\"og:description\" content=\"Self-priming electric pump for swimming pools, with built-in pre-filter.\" \/>\n<meta property=\"og:url\" content=\"https:\/\/linhlinhdan.com\/vi\/san-pham\/america\/\" \/>\n<meta property=\"og:site_name\" content=\"Linh Linh Dan Store\" \/>\n<meta property=\"article:modified_time\" content=\"2023-11-21T01:18:50+00:00\" \/>\n<meta property=\"og:image\" content=\"https:\/\/linhlinhdan.com\/wp-content\/uploads\/2022\/08\/AMERICA-SKU-1.jpg\" \/>\n\t<meta property=\"og:image:width\" content=\"500\" \/>\n\t<meta property=\"og:image:height\" content=\"500\" \/>\n\t<meta property=\"og:image:type\" content=\"image\/jpeg\" \/>\n<meta name=\"twitter:card\" content=\"summary_large_image\" \/>\n<meta name=\"twitter:label1\" content=\"\u01af\u1edbc t\u00ednh th\u1eddi gian \u0111\u1ecdc\" \/>\n\t<meta name=\"twitter:data1\" content=\"1 ph\u00fat\" \/>\n<script type=\"application\/ld+json\" class=\"yoast-schema-graph\">{\"@context\":\"https:\/\/schema.org\",\"@graph\":[{\"@type\":\"WebPage\",\"@id\":\"https:\/\/linhlinhdan.com\/product\/america\/\",\"url\":\"https:\/\/linhlinhdan.com\/product\/america\/\",\"name\":\"America - Linh Linh Dan Store\",\"isPartOf\":{\"@id\":\"https:\/\/linhlinhdan.com\/#website\"},\"datePublished\":\"2022-08-02T07:40:46+00:00\",\"dateModified\":\"2023-11-21T01:18:50+00:00\",\"breadcrumb\":{\"@id\":\"https:\/\/linhlinhdan.com\/product\/america\/#breadcrumb\"},\"inLanguage\":\"vi\",\"potentialAction\":[{\"@type\":\"ReadAction\",\"target\":[\"https:\/\/linhlinhdan.com\/product\/america\/\"]}]},{\"@type\":\"BreadcrumbList\",\"@id\":\"https:\/\/linhlinhdan.com\/product\/america\/#breadcrumb\",\"itemListElement\":[{\"@type\":\"ListItem\",\"position\":1,\"name\":\"Home\",\"item\":\"https:\/\/linhlinhdan.com\/\"},{\"@type\":\"ListItem\",\"position\":2,\"name\":\"PRODUCTS\",\"item\":\"https:\/\/linhlinhdan.com\/maintenance-products\/\"},{\"@type\":\"ListItem\",\"position\":3,\"name\":\"America\"}]},{\"@type\":\"WebSite\",\"@id\":\"https:\/\/linhlinhdan.com\/#website\",\"url\":\"https:\/\/linhlinhdan.com\/\",\"name\":\"Linh Linh Dan Store\",\"description\":\"\",\"potentialAction\":[{\"@type\":\"SearchAction\",\"target\":{\"@type\":\"EntryPoint\",\"urlTemplate\":\"https:\/\/linhlinhdan.com\/?s={search_term_string}\"},\"query-input\":\"required name=search_term_string\"}],\"inLanguage\":\"vi\"}]}<\/script>\n<!-- \/ Yoast SEO plugin. -->","yoast_head_json":{"title":"America - Linh Linh Dan Store","robots":{"index":"index","follow":"follow","max-snippet":"max-snippet:-1","max-image-preview":"max-image-preview:large","max-video-preview":"max-video-preview:-1"},"canonical":"https:\/\/linhlinhdan.com\/vi\/san-pham\/america\/","og_locale":"vi_VN","og_type":"article","og_title":"America - Linh Linh Dan Store","og_description":"Self-priming electric pump for swimming pools, with built-in pre-filter.","og_url":"https:\/\/linhlinhdan.com\/vi\/san-pham\/america\/","og_site_name":"Linh Linh Dan Store","article_modified_time":"2023-11-21T01:18:50+00:00","og_image":[{"width":500,"height":500,"url":"https:\/\/linhlinhdan.com\/wp-content\/uploads\/2022\/08\/AMERICA-SKU-1.jpg","type":"image\/jpeg"}],"twitter_card":"summary_large_image","twitter_misc":{"\u01af\u1edbc t\u00ednh th\u1eddi gian \u0111\u1ecdc":"1 ph\u00fat"},"schema":{"@context":"https:\/\/schema.org","@graph":[{"@type":"WebPage","@id":"https:\/\/linhlinhdan.com\/product\/america\/","url":"https:\/\/linhlinhdan.com\/product\/america\/","name":"America - Linh Linh Dan Store","isPartOf":{"@id":"https:\/\/linhlinhdan.com\/#website"},"datePublished":"2022-08-02T07:40:46+00:00","dateModified":"2023-11-21T01:18:50+00:00","breadcrumb":{"@id":"https:\/\/linhlinhdan.com\/product\/america\/#breadcrumb"},"inLanguage":"vi","potentialAction":[{"@type":"ReadAction","target":["https:\/\/linhlinhdan.com\/product\/america\/"]}]},{"@type":"BreadcrumbList","@id":"https:\/\/linhlinhdan.com\/product\/america\/#breadcrumb","itemListElement":[{"@type":"ListItem","position":1,"name":"Home","item":"https:\/\/linhlinhdan.com\/"},{"@type":"ListItem","position":2,"name":"PRODUCTS","item":"https:\/\/linhlinhdan.com\/maintenance-products\/"},{"@type":"ListItem","position":3,"name":"America"}]},{"@type":"WebSite","@id":"https:\/\/linhlinhdan.com\/#website","url":"https:\/\/linhlinhdan.com\/","name":"Linh Linh Dan Store","description":"","potentialAction":[{"@type":"SearchAction","target":{"@type":"EntryPoint","urlTemplate":"https:\/\/linhlinhdan.com\/?s={search_term_string}"},"query-input":"required name=search_term_string"}],"inLanguage":"vi"}]}},"_links":{"self":[{"href":"https:\/\/linhlinhdan.com\/vi\/wp-json\/wp\/v2\/product\/1195","targetHints":{"allow":["GET"]}}],"collection":[{"href":"https:\/\/linhlinhdan.com\/vi\/wp-json\/wp\/v2\/product"}],"about":[{"href":"https:\/\/linhlinhdan.com\/vi\/wp-json\/wp\/v2\/types\/product"}],"wp:featuredmedia":[{"embeddable":true,"href":"https:\/\/linhlinhdan.com\/vi\/wp-json\/wp\/v2\/media\/2312"}],"wp:attachment":[{"href":"https:\/\/linhlinhdan.com\/vi\/wp-json\/wp\/v2\/media?parent=1195"}],"wp:term":[{"taxonomy":"product_cat","embeddable":true,"href":"https:\/\/linhlinhdan.com\/vi\/wp-json\/wp\/v2\/product_cat?post=1195"},{"taxonomy":"product_tag","embeddable":true,"href":"https:\/\/linhlinhdan.com\/vi\/wp-json\/wp\/v2\/product_tag?post=1195"}],"curies":[{"name":"wp","href":"https:\/\/api.w.org\/{rel}","templated":true}]}}