{"id":1197,"date":"2022-08-02T07:42:09","date_gmt":"2022-08-02T07:42:09","guid":{"rendered":"https:\/\/store.linhlinhdan.servisense.xyz\/?post_type=product&#038;p=1197"},"modified":"2023-10-02T14:01:38","modified_gmt":"2023-10-02T07:01:38","slug":"atlas-without-pre-filter","status":"publish","type":"product","link":"https:\/\/linhlinhdan.com\/vi\/san-pham\/atlas-without-pre-filter\/","title":{"rendered":"Atlas kh\u00f4ng c\u00f3 b\u1ed9 l\u1ecdc tr\u01b0\u1edbc"},"content":{"rendered":"<p class=\" translation-block\">M\u00e1y b\u01a1m d\u00f2ng ch\u1ea3y cao.<br>\nM\u00e1y b\u01a1m \u0111i\u1ec7n ly t\u00e2m cho h\u1ed3 b\u01a1i, kh\u00f4ng c\u00f3 r\u1ed5 l\u1ecdc tr\u01b0\u1edbc, l\u00fd t\u01b0\u1edfng cho d\u00f2ng ch\u1ea3y cao \u1edf \u00e1p su\u1ea5t th\u1ea5p.<br>\nTh\u00e2n m\u00e1y b\u01a1m \u0111\u01b0\u1ee3c l\u00e0m t\u1eeb polypropylene \u0111\u01b0\u1ee3c gia c\u1ed1 b\u1eb1ng s\u1ee3i th\u1ee7y tinh, c\u00f3 kh\u1ea3 n\u0103ng ch\u1ed1ng l\u1ea1i c\u00e1c s\u1ea3n ph\u1ea9m h\u00f3a h\u1ecdc trong b\u1ec3 b\u01a1i, \u0111\u1ea3m b\u1ea3o tu\u1ed5i th\u1ecd l\u00e2u d\u00e0i.<br>\nC\u00e1nh qu\u1ea1t b\u1eb1ng \u0111\u1ed3ng, nh\u1ef1a ho\u1eb7c th\u00e9p kh\u00f4ng g\u1ec9, t\u00f9y theo m\u00f4 h\u00ecnh.<br>\nTr\u1ee5c \u0111\u1ed9ng c\u01a1 \u0111\u01b0\u1ee3c s\u1ea3n xu\u1ea5t t\u1eeb th\u00e9p kh\u00f4ng g\u1ec9 AISI 316L.<br>\n\u0110\u1ed9ng c\u01a1 c\u00f3 b\u1ea3o v\u1ec7 IP-55, t\u1ed1c \u0111\u1ed9 2.850 v\u00f2ng \/ ph\u00fat.<br>\n\u0110i\u1ec7n \u00e1p: 50Hz - 230 \/ 400V-50Hz ho\u1eb7c 400 \/ 690V (7,5, 10 v\u00e0 12,5 HP) ba pha.<br>\nC\u00f4ng su\u1ea5t:  t\u1eeb 4HP \u0111\u1ebfn 12,5HP.<br>\n- C\u00e1nh quat b\u1eb1ng th\u00e9p kh\u00f4ng g\u1ec9 AISI 316L .<\/p>","protected":false},"excerpt":{"rendered":"<p>- M\u00e1y b\u01a1m l\u1ecdc n\u01b0\u1edbc h\u1ed3 b\u01a1i.<\/p>","protected":false},"featured_media":2300,"template":"","meta":[],"product_cat":[57,116,58],"product_tag":[],"class_list":["post-1197","product","type-product","status-publish","has-post-thumbnail","hentry","product_cat-pump-counter-current","product_cat-iml","product_cat-filtration-pump"],"yoast_head":"<!-- This site is optimized with the Yoast SEO plugin v20.13 - https:\/\/yoast.com\/wordpress\/plugins\/seo\/ -->\n<title>Atlas Without Pre-filter - Linh Linh Dan Store<\/title>\n<meta name=\"robots\" content=\"index, follow, max-snippet:-1, max-image-preview:large, max-video-preview:-1\" \/>\n<link rel=\"canonical\" href=\"https:\/\/linhlinhdan.com\/vi\/san-pham\/atlas-without-pre-filter\/\" \/>\n<meta property=\"og:locale\" content=\"vi_VN\" \/>\n<meta property=\"og:type\" content=\"article\" \/>\n<meta property=\"og:title\" content=\"Atlas Without Pre-filter - Linh Linh Dan Store\" \/>\n<meta property=\"og:description\" content=\"High Flow Plastic pumps.\" \/>\n<meta property=\"og:url\" content=\"https:\/\/linhlinhdan.com\/vi\/san-pham\/atlas-without-pre-filter\/\" \/>\n<meta property=\"og:site_name\" content=\"Linh Linh Dan Store\" \/>\n<meta property=\"article:modified_time\" content=\"2023-10-02T07:01:38+00:00\" \/>\n<meta property=\"og:image\" content=\"https:\/\/linhlinhdan.com\/wp-content\/uploads\/2022\/08\/ATLAS-WITHOUT-PRE-FILTER-SKU.jpg\" \/>\n\t<meta property=\"og:image:width\" content=\"500\" \/>\n\t<meta property=\"og:image:height\" content=\"500\" \/>\n\t<meta property=\"og:image:type\" content=\"image\/jpeg\" \/>\n<meta name=\"twitter:card\" content=\"summary_large_image\" \/>\n<meta name=\"twitter:label1\" content=\"\u01af\u1edbc t\u00ednh th\u1eddi gian \u0111\u1ecdc\" \/>\n\t<meta name=\"twitter:data1\" content=\"1 ph\u00fat\" \/>\n<script type=\"application\/ld+json\" class=\"yoast-schema-graph\">{\"@context\":\"https:\/\/schema.org\",\"@graph\":[{\"@type\":\"WebPage\",\"@id\":\"https:\/\/linhlinhdan.com\/product\/atlas-without-pre-filter\/\",\"url\":\"https:\/\/linhlinhdan.com\/product\/atlas-without-pre-filter\/\",\"name\":\"Atlas Without Pre-filter - Linh Linh Dan Store\",\"isPartOf\":{\"@id\":\"https:\/\/linhlinhdan.com\/#website\"},\"datePublished\":\"2022-08-02T07:42:09+00:00\",\"dateModified\":\"2023-10-02T07:01:38+00:00\",\"breadcrumb\":{\"@id\":\"https:\/\/linhlinhdan.com\/product\/atlas-without-pre-filter\/#breadcrumb\"},\"inLanguage\":\"vi\",\"potentialAction\":[{\"@type\":\"ReadAction\",\"target\":[\"https:\/\/linhlinhdan.com\/product\/atlas-without-pre-filter\/\"]}]},{\"@type\":\"BreadcrumbList\",\"@id\":\"https:\/\/linhlinhdan.com\/product\/atlas-without-pre-filter\/#breadcrumb\",\"itemListElement\":[{\"@type\":\"ListItem\",\"position\":1,\"name\":\"Home\",\"item\":\"https:\/\/linhlinhdan.com\/\"},{\"@type\":\"ListItem\",\"position\":2,\"name\":\"PRODUCTS\",\"item\":\"https:\/\/linhlinhdan.com\/maintenance-products\/\"},{\"@type\":\"ListItem\",\"position\":3,\"name\":\"Atlas Without Pre-filter\"}]},{\"@type\":\"WebSite\",\"@id\":\"https:\/\/linhlinhdan.com\/#website\",\"url\":\"https:\/\/linhlinhdan.com\/\",\"name\":\"Linh Linh Dan Store\",\"description\":\"\",\"potentialAction\":[{\"@type\":\"SearchAction\",\"target\":{\"@type\":\"EntryPoint\",\"urlTemplate\":\"https:\/\/linhlinhdan.com\/?s={search_term_string}\"},\"query-input\":\"required name=search_term_string\"}],\"inLanguage\":\"vi\"}]}<\/script>\n<!-- \/ Yoast SEO plugin. -->","yoast_head_json":{"title":"Atlas Without Pre-filter - Linh Linh Dan Store","robots":{"index":"index","follow":"follow","max-snippet":"max-snippet:-1","max-image-preview":"max-image-preview:large","max-video-preview":"max-video-preview:-1"},"canonical":"https:\/\/linhlinhdan.com\/vi\/san-pham\/atlas-without-pre-filter\/","og_locale":"vi_VN","og_type":"article","og_title":"Atlas Without Pre-filter - Linh Linh Dan Store","og_description":"High Flow Plastic pumps.","og_url":"https:\/\/linhlinhdan.com\/vi\/san-pham\/atlas-without-pre-filter\/","og_site_name":"Linh Linh Dan Store","article_modified_time":"2023-10-02T07:01:38+00:00","og_image":[{"width":500,"height":500,"url":"https:\/\/linhlinhdan.com\/wp-content\/uploads\/2022\/08\/ATLAS-WITHOUT-PRE-FILTER-SKU.jpg","type":"image\/jpeg"}],"twitter_card":"summary_large_image","twitter_misc":{"\u01af\u1edbc t\u00ednh th\u1eddi gian \u0111\u1ecdc":"1 ph\u00fat"},"schema":{"@context":"https:\/\/schema.org","@graph":[{"@type":"WebPage","@id":"https:\/\/linhlinhdan.com\/product\/atlas-without-pre-filter\/","url":"https:\/\/linhlinhdan.com\/product\/atlas-without-pre-filter\/","name":"Atlas Without Pre-filter - Linh Linh Dan Store","isPartOf":{"@id":"https:\/\/linhlinhdan.com\/#website"},"datePublished":"2022-08-02T07:42:09+00:00","dateModified":"2023-10-02T07:01:38+00:00","breadcrumb":{"@id":"https:\/\/linhlinhdan.com\/product\/atlas-without-pre-filter\/#breadcrumb"},"inLanguage":"vi","potentialAction":[{"@type":"ReadAction","target":["https:\/\/linhlinhdan.com\/product\/atlas-without-pre-filter\/"]}]},{"@type":"BreadcrumbList","@id":"https:\/\/linhlinhdan.com\/product\/atlas-without-pre-filter\/#breadcrumb","itemListElement":[{"@type":"ListItem","position":1,"name":"Home","item":"https:\/\/linhlinhdan.com\/"},{"@type":"ListItem","position":2,"name":"PRODUCTS","item":"https:\/\/linhlinhdan.com\/maintenance-products\/"},{"@type":"ListItem","position":3,"name":"Atlas Without Pre-filter"}]},{"@type":"WebSite","@id":"https:\/\/linhlinhdan.com\/#website","url":"https:\/\/linhlinhdan.com\/","name":"Linh Linh Dan Store","description":"","potentialAction":[{"@type":"SearchAction","target":{"@type":"EntryPoint","urlTemplate":"https:\/\/linhlinhdan.com\/?s={search_term_string}"},"query-input":"required name=search_term_string"}],"inLanguage":"vi"}]}},"_links":{"self":[{"href":"https:\/\/linhlinhdan.com\/vi\/wp-json\/wp\/v2\/product\/1197","targetHints":{"allow":["GET"]}}],"collection":[{"href":"https:\/\/linhlinhdan.com\/vi\/wp-json\/wp\/v2\/product"}],"about":[{"href":"https:\/\/linhlinhdan.com\/vi\/wp-json\/wp\/v2\/types\/product"}],"wp:featuredmedia":[{"embeddable":true,"href":"https:\/\/linhlinhdan.com\/vi\/wp-json\/wp\/v2\/media\/2300"}],"wp:attachment":[{"href":"https:\/\/linhlinhdan.com\/vi\/wp-json\/wp\/v2\/media?parent=1197"}],"wp:term":[{"taxonomy":"product_cat","embeddable":true,"href":"https:\/\/linhlinhdan.com\/vi\/wp-json\/wp\/v2\/product_cat?post=1197"},{"taxonomy":"product_tag","embeddable":true,"href":"https:\/\/linhlinhdan.com\/vi\/wp-json\/wp\/v2\/product_tag?post=1197"}],"curies":[{"name":"wp","href":"https:\/\/api.w.org\/{rel}","templated":true}]}}