{"id":1205,"date":"2022-08-02T07:49:21","date_gmt":"2022-08-02T07:49:21","guid":{"rendered":"https:\/\/store.linhlinhdan.servisense.xyz\/?post_type=product&#038;p=1205"},"modified":"2023-10-02T14:04:06","modified_gmt":"2023-10-02T07:04:06","slug":"discovery","status":"publish","type":"product","link":"https:\/\/linhlinhdan.com\/vi\/san-pham\/discovery\/","title":{"rendered":"Discovery"},"content":{"rendered":"<p class=\" translation-block\">- M\u00e1y b\u01a1m l\u1ecdc n\u01b0\u1edbc h\u1ed3 b\u01a1i<br>\n- M\u00e3 h\u00e0ng: DY300T\/400T\/550T<br>\n- Ho\u1ea1t \u0111\u1ed9ng theo nguy\u00ean l\u00fd b\u01a1m ch\u00e2n kh\u00f4ng<br>\n- T\u1ef1 \u0111\u1ed9ng m\u1ed3i n\u01b0\u1edbc cho h\u1ed3 b\u01a1i \u1edf \u0111\u1ed9 cao 2m, v\u1edbi b\u1ed9 l\u1ecdc tr\u01b0\u1edbc cho s\u1ee9c ch\u1ee9a l\u1edbn (8 l\u00edt).<br>\n- B\u1ed9 l\u1ecdc tr\u01b0\u1edbc v\u1edbi n\u1eafp trong su\u1ed1t \u0111\u01b0\u1ee3c l\u00e0m b\u1eb1ng nh\u1ef1a polycarbonate b\u1ec1n, d\u1ec5 quan s\u00e1t r\u1ed5 ch\u1ee9a r\u00e1c, \u0111\u01b0\u1ee3c g\u1eafn v\u1edbi h\u1ec7 th\u1ed1ng kho\u00e1 \u0111\u1ea3m b\u1ea3o an to\u00e0n tuy\u1ec7t \u0111\u1ed1i, d\u1ec5 d\u00e0ng cho vi\u1ec7c v\u1ec7 sinh.<br>\n- Th\u00e2n b\u01a1m \u0111\u01b0\u1ee3c l\u00e0m b\u1eb1ng nh\u1ef1a t\u1ed5ng h\u1ee3p b\u1ec1n v\u00e0 \u0111\u01b0\u1ee3c gia c\u1ed1 b\u1eb1ng s\u1ee3i th\u1ee7y tinh c\u00f3 kh\u1ea3 n\u0103ng ch\u1ed1ng \u0103n m\u00f2n c\u00e1c s\u1ea3n ph\u1ea9m h\u00f3a ch\u1ea5t th\u01b0\u1eddng g\u1eb7p trong h\u1ed3 b\u01a1i, \u0111\u1ed9 b\u1ec1n tu\u1ed5i th\u1ecd cao<br>\n- Ph\u1edbt b\u01a1m \u0111\u01b0\u1ee3c l\u00e0m b\u1eb1ng than ch\u00ec v\u00e0 g\u1ed1m s\u1ee9<br>\n- Tr\u1ee5t b\u01a1m \u0111\u01b0\u1ee3c s\u1ea3n xu\u1ea5t b\u0103ng th\u00e9p kh\u00f4ng r\u1ec9 AISI-316 , ch\u1ed1ng \u0103n m\u00f2n h\u00f3a ch\u1ea5t<br>\n- L\u1edbp b\u1ea3o v\u1ec7 \u0111\u1ed9ng c\u01a1, ho\u00e0n to\u00e0n b\u1ea3o \u0111\u1ea3m v\u00e0 kh\u00f4ng g\u00e2y ti\u1ebfng \u1ed3n v\u1edbi l\u1edbp b\u1ea3o v\u1ec7 IP-55 \u1edf t\u1ed1c \u0111\u1ed9 2850 v\u00f2ng\/ ph\u00fat<br>\n- \u0110\u1ed9ng c\u01a1 3pha: 230V\/400V-50Hz<br>\n- Kh\u1ea3 n\u0103ng 60Hz theo y\u00eau c\u1ea7u<br>\n- Ph\u1ea7n k\u1ebft n\u1ed1i \u1edf b\u1ed9 h\u00fat v\u00e0 x\u1ea3 k\u00edch th\u01b0\u1edbc 2\u201d.<\/p>","protected":false},"excerpt":{"rendered":"<p>M\u00e1y b\u01a1m \u0111i\u1ec7n t\u1ef1 \u0111\u1ed9ng m\u1ed3i n\u01b0\u1edbc cho h\u1ed3 b\u01a1i, \u0111\u01b0\u1ee3c thi\u1ebft k\u1ebf v\u1edbi b\u1ed9 l\u1ecdc tr\u01b0\u1edbc v\u1edbi s\u1ee9c ch\u1ee9a l\u1edbn.<\/p>","protected":false},"featured_media":2303,"template":"","meta":[],"product_cat":[57,116,58],"product_tag":[],"class_list":["post-1205","product","type-product","status-publish","has-post-thumbnail","hentry","product_cat-pump-counter-current","product_cat-iml","product_cat-filtration-pump"],"yoast_head":"<!-- This site is optimized with the Yoast SEO plugin v20.13 - https:\/\/yoast.com\/wordpress\/plugins\/seo\/ -->\n<title>Discovery - Linh Linh Dan Store<\/title>\n<meta name=\"robots\" content=\"index, follow, max-snippet:-1, max-image-preview:large, max-video-preview:-1\" \/>\n<link rel=\"canonical\" href=\"https:\/\/linhlinhdan.com\/vi\/san-pham\/discovery\/\" \/>\n<meta property=\"og:locale\" content=\"vi_VN\" \/>\n<meta property=\"og:type\" content=\"article\" \/>\n<meta property=\"og:title\" content=\"Discovery - Linh Linh Dan Store\" \/>\n<meta property=\"og:description\" content=\"Self-priming electric pump for swimming pools, with built-in pre-filter of great capacity.\" \/>\n<meta property=\"og:url\" content=\"https:\/\/linhlinhdan.com\/vi\/san-pham\/discovery\/\" \/>\n<meta property=\"og:site_name\" content=\"Linh Linh Dan Store\" \/>\n<meta property=\"article:modified_time\" content=\"2023-10-02T07:04:06+00:00\" \/>\n<meta property=\"og:image\" content=\"https:\/\/linhlinhdan.com\/wp-content\/uploads\/2022\/08\/DISCOVERY-SKU.jpg\" \/>\n\t<meta property=\"og:image:width\" content=\"500\" \/>\n\t<meta property=\"og:image:height\" content=\"500\" \/>\n\t<meta property=\"og:image:type\" content=\"image\/jpeg\" \/>\n<meta name=\"twitter:card\" content=\"summary_large_image\" \/>\n<meta name=\"twitter:label1\" content=\"\u01af\u1edbc t\u00ednh th\u1eddi gian \u0111\u1ecdc\" \/>\n\t<meta name=\"twitter:data1\" content=\"1 ph\u00fat\" \/>\n<script type=\"application\/ld+json\" class=\"yoast-schema-graph\">{\"@context\":\"https:\/\/schema.org\",\"@graph\":[{\"@type\":\"WebPage\",\"@id\":\"https:\/\/linhlinhdan.com\/product\/discovery\/\",\"url\":\"https:\/\/linhlinhdan.com\/product\/discovery\/\",\"name\":\"Discovery - Linh Linh Dan Store\",\"isPartOf\":{\"@id\":\"https:\/\/linhlinhdan.com\/#website\"},\"datePublished\":\"2022-08-02T07:49:21+00:00\",\"dateModified\":\"2023-10-02T07:04:06+00:00\",\"breadcrumb\":{\"@id\":\"https:\/\/linhlinhdan.com\/product\/discovery\/#breadcrumb\"},\"inLanguage\":\"vi\",\"potentialAction\":[{\"@type\":\"ReadAction\",\"target\":[\"https:\/\/linhlinhdan.com\/product\/discovery\/\"]}]},{\"@type\":\"BreadcrumbList\",\"@id\":\"https:\/\/linhlinhdan.com\/product\/discovery\/#breadcrumb\",\"itemListElement\":[{\"@type\":\"ListItem\",\"position\":1,\"name\":\"Home\",\"item\":\"https:\/\/linhlinhdan.com\/\"},{\"@type\":\"ListItem\",\"position\":2,\"name\":\"PRODUCTS\",\"item\":\"https:\/\/linhlinhdan.com\/maintenance-products\/\"},{\"@type\":\"ListItem\",\"position\":3,\"name\":\"Discovery\"}]},{\"@type\":\"WebSite\",\"@id\":\"https:\/\/linhlinhdan.com\/#website\",\"url\":\"https:\/\/linhlinhdan.com\/\",\"name\":\"Linh Linh Dan Store\",\"description\":\"\",\"potentialAction\":[{\"@type\":\"SearchAction\",\"target\":{\"@type\":\"EntryPoint\",\"urlTemplate\":\"https:\/\/linhlinhdan.com\/?s={search_term_string}\"},\"query-input\":\"required name=search_term_string\"}],\"inLanguage\":\"vi\"}]}<\/script>\n<!-- \/ Yoast SEO plugin. -->","yoast_head_json":{"title":"Discovery - Linh Linh Dan Store","robots":{"index":"index","follow":"follow","max-snippet":"max-snippet:-1","max-image-preview":"max-image-preview:large","max-video-preview":"max-video-preview:-1"},"canonical":"https:\/\/linhlinhdan.com\/vi\/san-pham\/discovery\/","og_locale":"vi_VN","og_type":"article","og_title":"Discovery - Linh Linh Dan Store","og_description":"Self-priming electric pump for swimming pools, with built-in pre-filter of great capacity.","og_url":"https:\/\/linhlinhdan.com\/vi\/san-pham\/discovery\/","og_site_name":"Linh Linh Dan Store","article_modified_time":"2023-10-02T07:04:06+00:00","og_image":[{"width":500,"height":500,"url":"https:\/\/linhlinhdan.com\/wp-content\/uploads\/2022\/08\/DISCOVERY-SKU.jpg","type":"image\/jpeg"}],"twitter_card":"summary_large_image","twitter_misc":{"\u01af\u1edbc t\u00ednh th\u1eddi gian \u0111\u1ecdc":"1 ph\u00fat"},"schema":{"@context":"https:\/\/schema.org","@graph":[{"@type":"WebPage","@id":"https:\/\/linhlinhdan.com\/product\/discovery\/","url":"https:\/\/linhlinhdan.com\/product\/discovery\/","name":"Discovery - Linh Linh Dan Store","isPartOf":{"@id":"https:\/\/linhlinhdan.com\/#website"},"datePublished":"2022-08-02T07:49:21+00:00","dateModified":"2023-10-02T07:04:06+00:00","breadcrumb":{"@id":"https:\/\/linhlinhdan.com\/product\/discovery\/#breadcrumb"},"inLanguage":"vi","potentialAction":[{"@type":"ReadAction","target":["https:\/\/linhlinhdan.com\/product\/discovery\/"]}]},{"@type":"BreadcrumbList","@id":"https:\/\/linhlinhdan.com\/product\/discovery\/#breadcrumb","itemListElement":[{"@type":"ListItem","position":1,"name":"Home","item":"https:\/\/linhlinhdan.com\/"},{"@type":"ListItem","position":2,"name":"PRODUCTS","item":"https:\/\/linhlinhdan.com\/maintenance-products\/"},{"@type":"ListItem","position":3,"name":"Discovery"}]},{"@type":"WebSite","@id":"https:\/\/linhlinhdan.com\/#website","url":"https:\/\/linhlinhdan.com\/","name":"Linh Linh Dan Store","description":"","potentialAction":[{"@type":"SearchAction","target":{"@type":"EntryPoint","urlTemplate":"https:\/\/linhlinhdan.com\/?s={search_term_string}"},"query-input":"required name=search_term_string"}],"inLanguage":"vi"}]}},"_links":{"self":[{"href":"https:\/\/linhlinhdan.com\/vi\/wp-json\/wp\/v2\/product\/1205","targetHints":{"allow":["GET"]}}],"collection":[{"href":"https:\/\/linhlinhdan.com\/vi\/wp-json\/wp\/v2\/product"}],"about":[{"href":"https:\/\/linhlinhdan.com\/vi\/wp-json\/wp\/v2\/types\/product"}],"wp:featuredmedia":[{"embeddable":true,"href":"https:\/\/linhlinhdan.com\/vi\/wp-json\/wp\/v2\/media\/2303"}],"wp:attachment":[{"href":"https:\/\/linhlinhdan.com\/vi\/wp-json\/wp\/v2\/media?parent=1205"}],"wp:term":[{"taxonomy":"product_cat","embeddable":true,"href":"https:\/\/linhlinhdan.com\/vi\/wp-json\/wp\/v2\/product_cat?post=1205"},{"taxonomy":"product_tag","embeddable":true,"href":"https:\/\/linhlinhdan.com\/vi\/wp-json\/wp\/v2\/product_tag?post=1205"}],"curies":[{"name":"wp","href":"https:\/\/api.w.org\/{rel}","templated":true}]}}