{"id":1207,"date":"2022-08-02T07:50:54","date_gmt":"2022-08-02T07:50:54","guid":{"rendered":"https:\/\/store.linhlinhdan.servisense.xyz\/?post_type=product&#038;p=1207"},"modified":"2023-10-02T14:05:17","modified_gmt":"2023-10-02T07:05:17","slug":"fe","status":"publish","type":"product","link":"https:\/\/linhlinhdan.com\/vi\/san-pham\/fe\/","title":{"rendered":"FE"},"content":{"rendered":"<p class=\" translation-block\">M\u00e1y b\u01a1m ly t\u00e2m<br>\nB\u01a1m gang d\u00f2ng ch\u1ea3y cao<br>\nM\u00e1y b\u01a1m \u0111i\u1ec7n ly t\u00e2m, t\u1ef1 \u0111\u1ed9ng m\u1ed3i n\u01b0\u1edbc cho h\u1ed3 b\u01a1i, t\u00edch h\u1ee3p b\u1ed9 l\u1ecdc tr\u01b0\u1edbc, l\u00fd t\u01b0\u1edfng cho d\u00f2ng ch\u1ea3y cao \u1edf \u00e1p su\u1ea5t th\u1ea5p.<br>\nB\u1ed9 l\u1ecdc tr\u01b0\u1edbc \u0111\u01b0\u1ee3c k\u1ebft n\u1ed1i b\u1edfi n\u00fam v\u1eb7n. D\u1ec5 d\u00e0ng \u0111i\u1ec1u ch\u1ec9nh.<br>\nTh\u00e2n b\u01a1m v\u00e0 b\u1ed9 l\u1ecdc tr\u01b0\u1edbc \u0111\u01b0\u1ee3c l\u00e0m b\u1eb1ng gang, ph\u1ee7 b\u1edfi 1 l\u1edbp s\u01a1n n\u00ean r\u1ea5t b\u1ec1n v\u00e0 c\u1ee9ng ch\u1eafc.<br>\n- C\u00e1nh qu\u1ea1t \u0111\u01b0\u1ee3c l\u00e0m b\u1eb1ng \u0111\u1ed3ng.<br>\n- Tr\u1ee5t b\u01a1m v\u00e0 b\u1ed9 l\u1ecdc tr\u01b0\u1edbc \u0111\u01b0\u1ee3c l\u00e0m b\u1eb1ng th\u00e9p kh\u00f4ng g\u1ec9<br>\n- \u0110\u1ed9ng c\u01a1 \u0111\u01b0\u1ee3c b\u1ea3o v\u1ec7 b\u1edfi l\u1edbp b\u1ea3o v\u1ec7 IP-55, t\u1ed1c \u0111\u1ed9 2.850 v\u00f2ng\/ph\u00fat<br>\n- \u0110i\u1ec7n \u00e1p 230\/400V 50Hz.<br>\nCh\u00fa \u00fd: M\u00e1y b\u01a1m c\u00f3 th\u1ec3 \u0111\u01b0\u1ee3c ch\u1ebf t\u1ea1o b\u1eb1ng \u0111\u1ed3ng n\u1ebfu theo y\u00eau c\u1ea7u.<\/p>","protected":false},"excerpt":{"rendered":"<p>M\u00e1y b\u01a1m ly t\u00e2m<br>\nB\u01a1m gang d\u00f2ng ch\u1ea3y cao<\/p>","protected":false},"featured_media":2304,"template":"","meta":[],"product_cat":[57,116,58],"product_tag":[],"class_list":["post-1207","product","type-product","status-publish","has-post-thumbnail","hentry","product_cat-pump-counter-current","product_cat-iml","product_cat-filtration-pump"],"yoast_head":"<!-- This site is optimized with the Yoast SEO plugin v20.13 - https:\/\/yoast.com\/wordpress\/plugins\/seo\/ -->\n<title>FE - Linh Linh Dan Store<\/title>\n<meta name=\"robots\" content=\"index, follow, max-snippet:-1, max-image-preview:large, max-video-preview:-1\" \/>\n<link rel=\"canonical\" href=\"https:\/\/linhlinhdan.com\/vi\/san-pham\/fe\/\" \/>\n<meta property=\"og:locale\" content=\"vi_VN\" \/>\n<meta property=\"og:type\" content=\"article\" \/>\n<meta property=\"og:title\" content=\"FE - Linh Linh Dan Store\" \/>\n<meta property=\"og:description\" content=\"High Flow cast iron pumps.\" \/>\n<meta property=\"og:url\" content=\"https:\/\/linhlinhdan.com\/vi\/san-pham\/fe\/\" \/>\n<meta property=\"og:site_name\" content=\"Linh Linh Dan Store\" \/>\n<meta property=\"article:modified_time\" content=\"2023-10-02T07:05:17+00:00\" \/>\n<meta property=\"og:image\" content=\"https:\/\/linhlinhdan.com\/wp-content\/uploads\/2022\/08\/FE-SKU.jpg\" \/>\n\t<meta property=\"og:image:width\" content=\"500\" \/>\n\t<meta property=\"og:image:height\" content=\"500\" \/>\n\t<meta property=\"og:image:type\" content=\"image\/jpeg\" \/>\n<meta name=\"twitter:card\" content=\"summary_large_image\" \/>\n<meta name=\"twitter:label1\" content=\"\u01af\u1edbc t\u00ednh th\u1eddi gian \u0111\u1ecdc\" \/>\n\t<meta name=\"twitter:data1\" content=\"1 ph\u00fat\" \/>\n<script type=\"application\/ld+json\" class=\"yoast-schema-graph\">{\"@context\":\"https:\/\/schema.org\",\"@graph\":[{\"@type\":\"WebPage\",\"@id\":\"https:\/\/linhlinhdan.com\/product\/fe\/\",\"url\":\"https:\/\/linhlinhdan.com\/product\/fe\/\",\"name\":\"FE - Linh Linh Dan Store\",\"isPartOf\":{\"@id\":\"https:\/\/linhlinhdan.com\/#website\"},\"datePublished\":\"2022-08-02T07:50:54+00:00\",\"dateModified\":\"2023-10-02T07:05:17+00:00\",\"breadcrumb\":{\"@id\":\"https:\/\/linhlinhdan.com\/product\/fe\/#breadcrumb\"},\"inLanguage\":\"vi\",\"potentialAction\":[{\"@type\":\"ReadAction\",\"target\":[\"https:\/\/linhlinhdan.com\/product\/fe\/\"]}]},{\"@type\":\"BreadcrumbList\",\"@id\":\"https:\/\/linhlinhdan.com\/product\/fe\/#breadcrumb\",\"itemListElement\":[{\"@type\":\"ListItem\",\"position\":1,\"name\":\"Home\",\"item\":\"https:\/\/linhlinhdan.com\/\"},{\"@type\":\"ListItem\",\"position\":2,\"name\":\"PRODUCTS\",\"item\":\"https:\/\/linhlinhdan.com\/maintenance-products\/\"},{\"@type\":\"ListItem\",\"position\":3,\"name\":\"FE\"}]},{\"@type\":\"WebSite\",\"@id\":\"https:\/\/linhlinhdan.com\/#website\",\"url\":\"https:\/\/linhlinhdan.com\/\",\"name\":\"Linh Linh Dan Store\",\"description\":\"\",\"potentialAction\":[{\"@type\":\"SearchAction\",\"target\":{\"@type\":\"EntryPoint\",\"urlTemplate\":\"https:\/\/linhlinhdan.com\/?s={search_term_string}\"},\"query-input\":\"required name=search_term_string\"}],\"inLanguage\":\"vi\"}]}<\/script>\n<!-- \/ Yoast SEO plugin. -->","yoast_head_json":{"title":"FE - Linh Linh Dan Store","robots":{"index":"index","follow":"follow","max-snippet":"max-snippet:-1","max-image-preview":"max-image-preview:large","max-video-preview":"max-video-preview:-1"},"canonical":"https:\/\/linhlinhdan.com\/vi\/san-pham\/fe\/","og_locale":"vi_VN","og_type":"article","og_title":"FE - Linh Linh Dan Store","og_description":"High Flow cast iron pumps.","og_url":"https:\/\/linhlinhdan.com\/vi\/san-pham\/fe\/","og_site_name":"Linh Linh Dan Store","article_modified_time":"2023-10-02T07:05:17+00:00","og_image":[{"width":500,"height":500,"url":"https:\/\/linhlinhdan.com\/wp-content\/uploads\/2022\/08\/FE-SKU.jpg","type":"image\/jpeg"}],"twitter_card":"summary_large_image","twitter_misc":{"\u01af\u1edbc t\u00ednh th\u1eddi gian \u0111\u1ecdc":"1 ph\u00fat"},"schema":{"@context":"https:\/\/schema.org","@graph":[{"@type":"WebPage","@id":"https:\/\/linhlinhdan.com\/product\/fe\/","url":"https:\/\/linhlinhdan.com\/product\/fe\/","name":"FE - Linh Linh Dan Store","isPartOf":{"@id":"https:\/\/linhlinhdan.com\/#website"},"datePublished":"2022-08-02T07:50:54+00:00","dateModified":"2023-10-02T07:05:17+00:00","breadcrumb":{"@id":"https:\/\/linhlinhdan.com\/product\/fe\/#breadcrumb"},"inLanguage":"vi","potentialAction":[{"@type":"ReadAction","target":["https:\/\/linhlinhdan.com\/product\/fe\/"]}]},{"@type":"BreadcrumbList","@id":"https:\/\/linhlinhdan.com\/product\/fe\/#breadcrumb","itemListElement":[{"@type":"ListItem","position":1,"name":"Home","item":"https:\/\/linhlinhdan.com\/"},{"@type":"ListItem","position":2,"name":"PRODUCTS","item":"https:\/\/linhlinhdan.com\/maintenance-products\/"},{"@type":"ListItem","position":3,"name":"FE"}]},{"@type":"WebSite","@id":"https:\/\/linhlinhdan.com\/#website","url":"https:\/\/linhlinhdan.com\/","name":"Linh Linh Dan Store","description":"","potentialAction":[{"@type":"SearchAction","target":{"@type":"EntryPoint","urlTemplate":"https:\/\/linhlinhdan.com\/?s={search_term_string}"},"query-input":"required name=search_term_string"}],"inLanguage":"vi"}]}},"_links":{"self":[{"href":"https:\/\/linhlinhdan.com\/vi\/wp-json\/wp\/v2\/product\/1207","targetHints":{"allow":["GET"]}}],"collection":[{"href":"https:\/\/linhlinhdan.com\/vi\/wp-json\/wp\/v2\/product"}],"about":[{"href":"https:\/\/linhlinhdan.com\/vi\/wp-json\/wp\/v2\/types\/product"}],"wp:featuredmedia":[{"embeddable":true,"href":"https:\/\/linhlinhdan.com\/vi\/wp-json\/wp\/v2\/media\/2304"}],"wp:attachment":[{"href":"https:\/\/linhlinhdan.com\/vi\/wp-json\/wp\/v2\/media?parent=1207"}],"wp:term":[{"taxonomy":"product_cat","embeddable":true,"href":"https:\/\/linhlinhdan.com\/vi\/wp-json\/wp\/v2\/product_cat?post=1207"},{"taxonomy":"product_tag","embeddable":true,"href":"https:\/\/linhlinhdan.com\/vi\/wp-json\/wp\/v2\/product_tag?post=1207"}],"curies":[{"name":"wp","href":"https:\/\/api.w.org\/{rel}","templated":true}]}}