{"id":1209,"date":"2022-08-02T07:52:53","date_gmt":"2022-08-02T07:52:53","guid":{"rendered":"https:\/\/store.linhlinhdan.servisense.xyz\/?post_type=product&#038;p=1209"},"modified":"2023-10-02T14:05:28","modified_gmt":"2023-10-02T07:05:28","slug":"hermes","status":"publish","type":"product","link":"https:\/\/linhlinhdan.com\/vi\/san-pham\/hermes\/","title":{"rendered":"Hermes"},"content":{"rendered":"<p class=\" translation-block\">M\u00e1y b\u01a1m \u0111i\u1ec7n ly t\u00e2m kh\u00f4ng c\u00f3 b\u1ed9 l\u1ecdc tr\u01b0\u1edbc, r\u1ea5t l\u00fd t\u01b0\u1edfng c\u00f3 vi\u1ec7c g\u1eafn chung v\u1edbi b\u1ed9 l\u1ecdc th\u00f4ng minh cho ph\u00e9p l\u00e0m vi\u1ec7c t\u1ed1t h\u01a1n.<br>\nTh\u00e2n c\u1ee7a m\u00e1y b\u01a1m \u0111\u01b0\u1ee3c l\u00e0m b\u1eb1ng nh\u1ef1a t\u1ed5ng h\u1ee3p b\u1ec1n, c\u00f3 kh\u1ea3 n\u0103ng ch\u1ecbu \u0111\u1ef1ng cao cho c\u00e1c s\u1ea3n ph\u1ea9m m\u00e1y m\u00f3c \u0111\u01b0\u1ee3c s\u1eed d\u1ee5ng trong c\u00e1c h\u1ed3 b\u01a1i v\u00e0 \u0111\u01b0\u1ee3c gia c\u1ed1 th\u00eam b\u1eb1ng c\u00e1c s\u1ee3 thu\u1ef7 tinh b\u00ean n\u00ean c\u00f3 th\u1ec3 s\u1eed d\u1ee5ng \u0111\u01b0\u1ee3c trong th\u1eddi gian d\u00e0i.<br>\nN\u1eafp th\u00e2n m\u00e1y b\u01a1m v\u00e0 b\u1ed9 khuy\u1ebfch  t\u00e1n , b\u1ed9 \u0111\u1ea9y \u0111\u01b0\u1ee3c l\u00e0m b\u1eb1ng v\u1eadt li\u1ec7u noryl v\u00e0 c\u1ea3 c\u00e1n c\u1ee7a m\u00e1y b\u01a1m \u0111\u01b0\u1ee3c l\u00e0m b\u1eb1ng th\u00e9p ko g\u1ec9.<br>\nC\u00e1n c\u1ee7a \u0111\u1ed9ng c\u01a1 \u0111\u01b0\u1ee3c l\u00e0m b\u1eb1ng v\u1eadt li\u1ec7u b\u1ec1n AISI-316.<br>\nL\u1edbp b\u1ea3o v\u1ec7 \u0111\u1ed9ng c\u01a1, ho\u00e0n to\u00e0n b\u1ea3o \u0111\u1ea3m v\u00e0 kh\u00f4ng g\u00e2y ti\u1ebfng \u1ed3n v\u1edbi l\u1edbp b\u1ea3o v\u1ec7 IP-55 \u1edf t\u1ed1c \u0111\u1ed9 2850 rpm.\u0110\u1ed9 c\u0103ng c\u1ee7a nh\u1eefng ph\u1ea7n ch\u00ednh \u1edf 1 Pha l\u00e0 230V v\u00e0 50Hz.<br>\nPh\u1ea7n k\u1ebft n\u1ed1i v\u1edbi b\u1ed9 h\u00fat v\u00e0 x\u1ea3 kh\u00e1 l\u00e0 linh ho\u1ea1t v\u1edbi \u1ed1ng v\u00f2i \u00d838<\/p>","protected":false},"excerpt":{"rendered":"<p>M\u00e1y b\u01a1m \u0111i\u1ec7n ly t\u00e2m kh\u00f4ng c\u00f3 b\u1ed9 l\u1ecdc tr\u01b0\u1edbc, r\u1ea5t l\u00fd t\u01b0\u1edfng c\u00f3 vi\u1ec7c g\u1eafn chung v\u1edbi b\u1ed9 l\u1ecdc th\u00f4ng minh cho ph\u00e9p l\u00e0m vi\u1ec7c t\u1ed1t h\u01a1n.<\/p>","protected":false},"featured_media":2313,"template":"","meta":[],"product_cat":[57,116,58],"product_tag":[],"class_list":["post-1209","product","type-product","status-publish","has-post-thumbnail","hentry","product_cat-pump-counter-current","product_cat-iml","product_cat-filtration-pump"],"yoast_head":"<!-- This site is optimized with the Yoast SEO plugin v20.13 - https:\/\/yoast.com\/wordpress\/plugins\/seo\/ -->\n<title>Hermes - Linh Linh Dan Store<\/title>\n<meta name=\"robots\" content=\"index, follow, max-snippet:-1, max-image-preview:large, max-video-preview:-1\" \/>\n<link rel=\"canonical\" href=\"https:\/\/linhlinhdan.com\/vi\/san-pham\/hermes\/\" \/>\n<meta property=\"og:locale\" content=\"vi_VN\" \/>\n<meta property=\"og:type\" content=\"article\" \/>\n<meta property=\"og:title\" content=\"Hermes - Linh Linh Dan Store\" \/>\n<meta property=\"og:description\" content=\"Centrifugal electric pump without pre-filter, ideal for fitting to small filters.\" \/>\n<meta property=\"og:url\" content=\"https:\/\/linhlinhdan.com\/vi\/san-pham\/hermes\/\" \/>\n<meta property=\"og:site_name\" content=\"Linh Linh Dan Store\" \/>\n<meta property=\"article:modified_time\" content=\"2023-10-02T07:05:28+00:00\" \/>\n<meta property=\"og:image\" content=\"https:\/\/linhlinhdan.com\/wp-content\/uploads\/2022\/08\/HERMES-SKU-1.jpg\" \/>\n\t<meta property=\"og:image:width\" content=\"500\" \/>\n\t<meta property=\"og:image:height\" content=\"500\" \/>\n\t<meta property=\"og:image:type\" content=\"image\/jpeg\" \/>\n<meta name=\"twitter:card\" content=\"summary_large_image\" \/>\n<meta name=\"twitter:label1\" content=\"\u01af\u1edbc t\u00ednh th\u1eddi gian \u0111\u1ecdc\" \/>\n\t<meta name=\"twitter:data1\" content=\"1 ph\u00fat\" \/>\n<script type=\"application\/ld+json\" class=\"yoast-schema-graph\">{\"@context\":\"https:\/\/schema.org\",\"@graph\":[{\"@type\":\"WebPage\",\"@id\":\"https:\/\/linhlinhdan.com\/product\/hermes\/\",\"url\":\"https:\/\/linhlinhdan.com\/product\/hermes\/\",\"name\":\"Hermes - Linh Linh Dan Store\",\"isPartOf\":{\"@id\":\"https:\/\/linhlinhdan.com\/#website\"},\"datePublished\":\"2022-08-02T07:52:53+00:00\",\"dateModified\":\"2023-10-02T07:05:28+00:00\",\"breadcrumb\":{\"@id\":\"https:\/\/linhlinhdan.com\/product\/hermes\/#breadcrumb\"},\"inLanguage\":\"vi\",\"potentialAction\":[{\"@type\":\"ReadAction\",\"target\":[\"https:\/\/linhlinhdan.com\/product\/hermes\/\"]}]},{\"@type\":\"BreadcrumbList\",\"@id\":\"https:\/\/linhlinhdan.com\/product\/hermes\/#breadcrumb\",\"itemListElement\":[{\"@type\":\"ListItem\",\"position\":1,\"name\":\"Home\",\"item\":\"https:\/\/linhlinhdan.com\/\"},{\"@type\":\"ListItem\",\"position\":2,\"name\":\"PRODUCTS\",\"item\":\"https:\/\/linhlinhdan.com\/maintenance-products\/\"},{\"@type\":\"ListItem\",\"position\":3,\"name\":\"Hermes\"}]},{\"@type\":\"WebSite\",\"@id\":\"https:\/\/linhlinhdan.com\/#website\",\"url\":\"https:\/\/linhlinhdan.com\/\",\"name\":\"Linh Linh Dan Store\",\"description\":\"\",\"potentialAction\":[{\"@type\":\"SearchAction\",\"target\":{\"@type\":\"EntryPoint\",\"urlTemplate\":\"https:\/\/linhlinhdan.com\/?s={search_term_string}\"},\"query-input\":\"required name=search_term_string\"}],\"inLanguage\":\"vi\"}]}<\/script>\n<!-- \/ Yoast SEO plugin. -->","yoast_head_json":{"title":"Hermes - Linh Linh Dan Store","robots":{"index":"index","follow":"follow","max-snippet":"max-snippet:-1","max-image-preview":"max-image-preview:large","max-video-preview":"max-video-preview:-1"},"canonical":"https:\/\/linhlinhdan.com\/vi\/san-pham\/hermes\/","og_locale":"vi_VN","og_type":"article","og_title":"Hermes - Linh Linh Dan Store","og_description":"Centrifugal electric pump without pre-filter, ideal for fitting to small filters.","og_url":"https:\/\/linhlinhdan.com\/vi\/san-pham\/hermes\/","og_site_name":"Linh Linh Dan Store","article_modified_time":"2023-10-02T07:05:28+00:00","og_image":[{"width":500,"height":500,"url":"https:\/\/linhlinhdan.com\/wp-content\/uploads\/2022\/08\/HERMES-SKU-1.jpg","type":"image\/jpeg"}],"twitter_card":"summary_large_image","twitter_misc":{"\u01af\u1edbc t\u00ednh th\u1eddi gian \u0111\u1ecdc":"1 ph\u00fat"},"schema":{"@context":"https:\/\/schema.org","@graph":[{"@type":"WebPage","@id":"https:\/\/linhlinhdan.com\/product\/hermes\/","url":"https:\/\/linhlinhdan.com\/product\/hermes\/","name":"Hermes - Linh Linh Dan Store","isPartOf":{"@id":"https:\/\/linhlinhdan.com\/#website"},"datePublished":"2022-08-02T07:52:53+00:00","dateModified":"2023-10-02T07:05:28+00:00","breadcrumb":{"@id":"https:\/\/linhlinhdan.com\/product\/hermes\/#breadcrumb"},"inLanguage":"vi","potentialAction":[{"@type":"ReadAction","target":["https:\/\/linhlinhdan.com\/product\/hermes\/"]}]},{"@type":"BreadcrumbList","@id":"https:\/\/linhlinhdan.com\/product\/hermes\/#breadcrumb","itemListElement":[{"@type":"ListItem","position":1,"name":"Home","item":"https:\/\/linhlinhdan.com\/"},{"@type":"ListItem","position":2,"name":"PRODUCTS","item":"https:\/\/linhlinhdan.com\/maintenance-products\/"},{"@type":"ListItem","position":3,"name":"Hermes"}]},{"@type":"WebSite","@id":"https:\/\/linhlinhdan.com\/#website","url":"https:\/\/linhlinhdan.com\/","name":"Linh Linh Dan Store","description":"","potentialAction":[{"@type":"SearchAction","target":{"@type":"EntryPoint","urlTemplate":"https:\/\/linhlinhdan.com\/?s={search_term_string}"},"query-input":"required name=search_term_string"}],"inLanguage":"vi"}]}},"_links":{"self":[{"href":"https:\/\/linhlinhdan.com\/vi\/wp-json\/wp\/v2\/product\/1209","targetHints":{"allow":["GET"]}}],"collection":[{"href":"https:\/\/linhlinhdan.com\/vi\/wp-json\/wp\/v2\/product"}],"about":[{"href":"https:\/\/linhlinhdan.com\/vi\/wp-json\/wp\/v2\/types\/product"}],"wp:featuredmedia":[{"embeddable":true,"href":"https:\/\/linhlinhdan.com\/vi\/wp-json\/wp\/v2\/media\/2313"}],"wp:attachment":[{"href":"https:\/\/linhlinhdan.com\/vi\/wp-json\/wp\/v2\/media?parent=1209"}],"wp:term":[{"taxonomy":"product_cat","embeddable":true,"href":"https:\/\/linhlinhdan.com\/vi\/wp-json\/wp\/v2\/product_cat?post=1209"},{"taxonomy":"product_tag","embeddable":true,"href":"https:\/\/linhlinhdan.com\/vi\/wp-json\/wp\/v2\/product_tag?post=1209"}],"curies":[{"name":"wp","href":"https:\/\/api.w.org\/{rel}","templated":true}]}}