{"id":1213,"date":"2022-08-02T07:55:50","date_gmt":"2022-08-02T07:55:50","guid":{"rendered":"https:\/\/store.linhlinhdan.servisense.xyz\/?post_type=product&#038;p=1213"},"modified":"2023-10-02T14:06:25","modified_gmt":"2023-10-02T07:06:25","slug":"new-bcc","status":"publish","type":"product","link":"https:\/\/linhlinhdan.com\/vi\/san-pham\/new-bcc\/","title":{"rendered":"New BCC"},"content":{"rendered":"<p class=\" translation-block\">B\u01a1m ly t\u00e2m l\u01b0u l\u01b0\u1ee3ng cao.<br>\nTh\u00e2n b\u01a1m \u0111\u01b0\u1ee3c l\u00e0m b\u1eb1ng polypropylene gia c\u1ed1 b\u1eb1ng s\u1ee3i th\u1ee7y tinh, c\u00f3 kh\u1ea3 n\u0103ng ch\u1ed1ng l\u1ea1i c\u00e1c s\u1ea3n ph\u1ea9m h\u00f3a ch\u1ea5t trong b\u1ec3 b\u01a1i, \u0111\u1ea3m b\u1ea3o tu\u1ed5i th\u1ecd b\u1ec1n l\u00e2u.<br>\nC\u00e1nh qu\u1ea1t Noryl.<br>\nPh\u1edbt c\u01a1 kh\u00ed b\u1eb1ng than ch\u00ec v\u00e0 g\u1ed1m s\u1ee9.<br>\nTr\u1ee5c \u0111\u1ed9ng c\u01a1 s\u1ea3n xu\u1ea5t b\u1eb1ng th\u00e9p kh\u00f4ng g\u1ec9 AISI 316L.<br>\n\u0110\u1ed9ng c\u01a1 m\u1ed9t pha 3CV \u1edf 230V-50Hz, ho\u1eb7c ba pha 3HP, 4HP ho\u1eb7c 5,5HP \u1edf \u0111\u1ed9ng c\u01a1 230 \/ 400V-50Hz, t\u1ea5t c\u1ea3 \u0111\u1ec1u \u1edf t\u1ed1c \u0111\u1ed9 2.850 v\u00f2ng \/ ph\u00fat. v\u00e0 b\u1ea3o v\u1ec7 IP-55.<br>\nC\u00f3 kh\u1ea3 n\u0103ng l\u00ean 60Hz theo y\u00eau c\u1ea7u.<br>\nK\u1ebft n\u1ed1i h\u00fat v\u00e0 h\u1ed3i \u1edf 3 \u00bd \u201d\u0111\u1ed1i v\u1edbi k\u1ebft n\u1ed1i \u1ed1ng l\u00f3t \u00d8 75 mm.<br>\nBao g\u1ed3m bush k\u1ebft n\u1ed1i v\u1edbi m\u00e1y b\u01a1m.<\/p>","protected":false},"excerpt":{"rendered":"<p>M\u00e1y b\u01a1m ly t\u00e2m c\u00f4ng su\u1ea5t cao.<\/p>","protected":false},"featured_media":2307,"template":"","meta":[],"product_cat":[57,116,58],"product_tag":[],"class_list":["post-1213","product","type-product","status-publish","has-post-thumbnail","hentry","product_cat-pump-counter-current","product_cat-iml","product_cat-filtration-pump"],"yoast_head":"<!-- This site is optimized with the Yoast SEO plugin v20.13 - https:\/\/yoast.com\/wordpress\/plugins\/seo\/ -->\n<title>New BCC - Linh Linh Dan Store<\/title>\n<meta name=\"robots\" content=\"index, follow, max-snippet:-1, max-image-preview:large, max-video-preview:-1\" \/>\n<link rel=\"canonical\" href=\"https:\/\/linhlinhdan.com\/vi\/san-pham\/new-bcc\/\" \/>\n<meta property=\"og:locale\" content=\"vi_VN\" \/>\n<meta property=\"og:type\" content=\"article\" \/>\n<meta property=\"og:title\" content=\"New BCC - Linh Linh Dan Store\" \/>\n<meta property=\"og:description\" content=\"High-flow centrifugal pump.\" \/>\n<meta property=\"og:url\" content=\"https:\/\/linhlinhdan.com\/vi\/san-pham\/new-bcc\/\" \/>\n<meta property=\"og:site_name\" content=\"Linh Linh Dan Store\" \/>\n<meta property=\"article:modified_time\" content=\"2023-10-02T07:06:25+00:00\" \/>\n<meta property=\"og:image\" content=\"https:\/\/linhlinhdan.com\/wp-content\/uploads\/2022\/08\/NEW-BCC-SKU.jpg\" \/>\n\t<meta property=\"og:image:width\" content=\"500\" \/>\n\t<meta property=\"og:image:height\" content=\"500\" \/>\n\t<meta property=\"og:image:type\" content=\"image\/jpeg\" \/>\n<meta name=\"twitter:card\" content=\"summary_large_image\" \/>\n<meta name=\"twitter:label1\" content=\"\u01af\u1edbc t\u00ednh th\u1eddi gian \u0111\u1ecdc\" \/>\n\t<meta name=\"twitter:data1\" content=\"1 ph\u00fat\" \/>\n<script type=\"application\/ld+json\" class=\"yoast-schema-graph\">{\"@context\":\"https:\/\/schema.org\",\"@graph\":[{\"@type\":\"WebPage\",\"@id\":\"https:\/\/linhlinhdan.com\/product\/new-bcc\/\",\"url\":\"https:\/\/linhlinhdan.com\/product\/new-bcc\/\",\"name\":\"New BCC - Linh Linh Dan Store\",\"isPartOf\":{\"@id\":\"https:\/\/linhlinhdan.com\/#website\"},\"datePublished\":\"2022-08-02T07:55:50+00:00\",\"dateModified\":\"2023-10-02T07:06:25+00:00\",\"breadcrumb\":{\"@id\":\"https:\/\/linhlinhdan.com\/product\/new-bcc\/#breadcrumb\"},\"inLanguage\":\"vi\",\"potentialAction\":[{\"@type\":\"ReadAction\",\"target\":[\"https:\/\/linhlinhdan.com\/product\/new-bcc\/\"]}]},{\"@type\":\"BreadcrumbList\",\"@id\":\"https:\/\/linhlinhdan.com\/product\/new-bcc\/#breadcrumb\",\"itemListElement\":[{\"@type\":\"ListItem\",\"position\":1,\"name\":\"Home\",\"item\":\"https:\/\/linhlinhdan.com\/\"},{\"@type\":\"ListItem\",\"position\":2,\"name\":\"PRODUCTS\",\"item\":\"https:\/\/linhlinhdan.com\/maintenance-products\/\"},{\"@type\":\"ListItem\",\"position\":3,\"name\":\"New BCC\"}]},{\"@type\":\"WebSite\",\"@id\":\"https:\/\/linhlinhdan.com\/#website\",\"url\":\"https:\/\/linhlinhdan.com\/\",\"name\":\"Linh Linh Dan Store\",\"description\":\"\",\"potentialAction\":[{\"@type\":\"SearchAction\",\"target\":{\"@type\":\"EntryPoint\",\"urlTemplate\":\"https:\/\/linhlinhdan.com\/?s={search_term_string}\"},\"query-input\":\"required name=search_term_string\"}],\"inLanguage\":\"vi\"}]}<\/script>\n<!-- \/ Yoast SEO plugin. -->","yoast_head_json":{"title":"New BCC - Linh Linh Dan Store","robots":{"index":"index","follow":"follow","max-snippet":"max-snippet:-1","max-image-preview":"max-image-preview:large","max-video-preview":"max-video-preview:-1"},"canonical":"https:\/\/linhlinhdan.com\/vi\/san-pham\/new-bcc\/","og_locale":"vi_VN","og_type":"article","og_title":"New BCC - Linh Linh Dan Store","og_description":"High-flow centrifugal pump.","og_url":"https:\/\/linhlinhdan.com\/vi\/san-pham\/new-bcc\/","og_site_name":"Linh Linh Dan Store","article_modified_time":"2023-10-02T07:06:25+00:00","og_image":[{"width":500,"height":500,"url":"https:\/\/linhlinhdan.com\/wp-content\/uploads\/2022\/08\/NEW-BCC-SKU.jpg","type":"image\/jpeg"}],"twitter_card":"summary_large_image","twitter_misc":{"\u01af\u1edbc t\u00ednh th\u1eddi gian \u0111\u1ecdc":"1 ph\u00fat"},"schema":{"@context":"https:\/\/schema.org","@graph":[{"@type":"WebPage","@id":"https:\/\/linhlinhdan.com\/product\/new-bcc\/","url":"https:\/\/linhlinhdan.com\/product\/new-bcc\/","name":"New BCC - Linh Linh Dan Store","isPartOf":{"@id":"https:\/\/linhlinhdan.com\/#website"},"datePublished":"2022-08-02T07:55:50+00:00","dateModified":"2023-10-02T07:06:25+00:00","breadcrumb":{"@id":"https:\/\/linhlinhdan.com\/product\/new-bcc\/#breadcrumb"},"inLanguage":"vi","potentialAction":[{"@type":"ReadAction","target":["https:\/\/linhlinhdan.com\/product\/new-bcc\/"]}]},{"@type":"BreadcrumbList","@id":"https:\/\/linhlinhdan.com\/product\/new-bcc\/#breadcrumb","itemListElement":[{"@type":"ListItem","position":1,"name":"Home","item":"https:\/\/linhlinhdan.com\/"},{"@type":"ListItem","position":2,"name":"PRODUCTS","item":"https:\/\/linhlinhdan.com\/maintenance-products\/"},{"@type":"ListItem","position":3,"name":"New BCC"}]},{"@type":"WebSite","@id":"https:\/\/linhlinhdan.com\/#website","url":"https:\/\/linhlinhdan.com\/","name":"Linh Linh Dan Store","description":"","potentialAction":[{"@type":"SearchAction","target":{"@type":"EntryPoint","urlTemplate":"https:\/\/linhlinhdan.com\/?s={search_term_string}"},"query-input":"required name=search_term_string"}],"inLanguage":"vi"}]}},"_links":{"self":[{"href":"https:\/\/linhlinhdan.com\/vi\/wp-json\/wp\/v2\/product\/1213","targetHints":{"allow":["GET"]}}],"collection":[{"href":"https:\/\/linhlinhdan.com\/vi\/wp-json\/wp\/v2\/product"}],"about":[{"href":"https:\/\/linhlinhdan.com\/vi\/wp-json\/wp\/v2\/types\/product"}],"wp:featuredmedia":[{"embeddable":true,"href":"https:\/\/linhlinhdan.com\/vi\/wp-json\/wp\/v2\/media\/2307"}],"wp:attachment":[{"href":"https:\/\/linhlinhdan.com\/vi\/wp-json\/wp\/v2\/media?parent=1213"}],"wp:term":[{"taxonomy":"product_cat","embeddable":true,"href":"https:\/\/linhlinhdan.com\/vi\/wp-json\/wp\/v2\/product_cat?post=1213"},{"taxonomy":"product_tag","embeddable":true,"href":"https:\/\/linhlinhdan.com\/vi\/wp-json\/wp\/v2\/product_tag?post=1213"}],"curies":[{"name":"wp","href":"https:\/\/api.w.org\/{rel}","templated":true}]}}