{"id":1215,"date":"2022-08-02T07:58:18","date_gmt":"2022-08-02T07:58:18","guid":{"rendered":"https:\/\/store.linhlinhdan.servisense.xyz\/?post_type=product&#038;p=1215"},"modified":"2023-10-02T14:07:35","modified_gmt":"2023-10-02T07:07:35","slug":"new-europa-se2n","status":"publish","type":"product","link":"https:\/\/linhlinhdan.com\/vi\/san-pham\/new-europa-se2n\/","title":{"rendered":"SE2R"},"content":{"rendered":"<p class=\" translation-block\">M\u00e1y b\u01a1m \u0111i\u1ec7n t\u1ef1 m\u1ed3i cho b\u1ec3 b\u01a1i, t\u00edch h\u1ee3p s\u1eb5n b\u1ed9 l\u1ecdc tr\u01b0\u1edbc c\u00f4ng su\u1ea5t l\u1edbn<br>\nB\u1ed9 l\u1ecdc tr\u01b0\u1edbc c\u00f3 n\u1eafp trong su\u1ed1t b\u1eb1ng polycarbonate cho ph\u00e9p d\u1ec5 d\u00e0ng quan s\u00e1t t\u1ea5m n\u1ec1n c\u1ee7a b\u1ed9 l\u1ecdc tr\u01b0\u1edbc. B\u1ed9 l\u1ecdc s\u01a1 b\u1ed9 \u0111\u01b0\u1ee3c \u0111\u00f3ng b\u1eb1ng h\u1ec7 th\u1ed1ng n\u00fam v\u1eb7n c\u00f3 th\u1ec3 d\u1ec5 d\u00e0ng ti\u1ebfp c\u1eadn<br>\nTh\u00e2n b\u01a1m \u0111\u01b0\u1ee3c l\u00e0m b\u1eb1ng polypropylene gia c\u1ed1 b\u1eb1ng s\u1ee3i th\u1ee7y tinh, c\u00f3 kh\u1ea3 n\u0103ng ch\u1ed1ng l\u1ea1i c\u00e1c s\u1ea3n ph\u1ea9m h\u00f3a ch\u1ea5t trong b\u1ec3 b\u01a1i, \u0111\u1ea3m b\u1ea3o tu\u1ed5i th\u1ecd b\u1ec1n l\u00e2u.<br>\nPh\u1ed1t c\u01a1 kh\u00ed b\u1eb1ng than ch\u00ec v\u00e0 g\u1ed1m s\u1ee9<br>\nTr\u1ee5c \u0111\u1ed9ng c\u01a1 \u0111\u01b0\u1ee3c s\u1ea3n xu\u1ea5t b\u1eb1ng th\u00e9p kh\u00f4ng g\u1ec9 AISI316L<br>\n\u0110\u1ed9ng c\u01a1 kh\u00e9p k\u00edn, ho\u00e0n to\u00e0n im l\u1eb7ng, v\u1edbi b\u1ea3o v\u1ec7 IP-55, \u1edf t\u1ed1c \u0111\u1ed9 2.850 v\u00f2ng \/ ph\u00fat<br>\n\u0110i\u1ec7n cao c\u1ee7a ngu\u1ed3n c\u1ea5p d\u1eef li\u1ec7u ch\u00ednh \u1edf pha d\u1ea5u 230V-50Hz ho\u1eb7c ba pha 230 \/ 400V-50Hz<br>\nC\u00f3 kh\u1ea3 n\u0103ng l\u00ean 60Hz theo y\u00eau c\u1ea7u<br>\nSE2R<br>\nK\u1ebft n\u1ed1i v\u1edbi 2 ren ngo\u00e0i 3\/4 \u201dcho c\u00e1c k\u1ebft n\u1ed1i \u1ed1ng l\u00f3t 63mm<br>\nBao g\u1ed3m bush k\u1ebft n\u1ed1i \u0111i k\u00e8m v\u1edbi m\u00e1y b\u01a1m<\/p>","protected":false},"excerpt":{"rendered":"<p>M\u00e1y b\u01a1m \u0111i\u1ec7n t\u1ef1 \u0111\u1ed9ng m\u1ed3i n\u01b0\u1edbc cho h\u1ed3 b\u01a1i, \u0111\u01b0\u1ee3c thi\u1ebft k\u1ebf v\u1edbi b\u1ed9 l\u1ecdc tr\u01b0\u1edbc v\u1edbi s\u1ee9c ch\u1ee9a l\u1edbn.<\/p>","protected":false},"featured_media":2311,"template":"","meta":[],"product_cat":[57,116,58],"product_tag":[],"class_list":["post-1215","product","type-product","status-publish","has-post-thumbnail","hentry","product_cat-pump-counter-current","product_cat-iml","product_cat-filtration-pump"],"yoast_head":"<!-- This site is optimized with the Yoast SEO plugin v20.13 - https:\/\/yoast.com\/wordpress\/plugins\/seo\/ -->\n<title>SE2R - Linh Linh Dan Store<\/title>\n<meta name=\"robots\" content=\"index, follow, max-snippet:-1, max-image-preview:large, max-video-preview:-1\" \/>\n<link rel=\"canonical\" href=\"https:\/\/linhlinhdan.com\/vi\/san-pham\/new-europa-se2n\/\" \/>\n<meta property=\"og:locale\" content=\"vi_VN\" \/>\n<meta property=\"og:type\" content=\"article\" \/>\n<meta property=\"og:title\" content=\"SE2R - Linh Linh Dan Store\" \/>\n<meta property=\"og:description\" content=\"Self-priming electric pump for swimming pools, with built-in pre-filter of great capacity.\" \/>\n<meta property=\"og:url\" content=\"https:\/\/linhlinhdan.com\/vi\/san-pham\/new-europa-se2n\/\" \/>\n<meta property=\"og:site_name\" content=\"Linh Linh Dan Store\" \/>\n<meta property=\"article:modified_time\" content=\"2023-10-02T07:07:35+00:00\" \/>\n<meta property=\"og:image\" content=\"https:\/\/linhlinhdan.com\/wp-content\/uploads\/2022\/08\/NEW-EUROPA-SE2R-SKU.jpg\" \/>\n\t<meta property=\"og:image:width\" content=\"500\" \/>\n\t<meta property=\"og:image:height\" content=\"500\" \/>\n\t<meta property=\"og:image:type\" content=\"image\/jpeg\" \/>\n<meta name=\"twitter:card\" content=\"summary_large_image\" \/>\n<meta name=\"twitter:label1\" content=\"\u01af\u1edbc t\u00ednh th\u1eddi gian \u0111\u1ecdc\" \/>\n\t<meta name=\"twitter:data1\" content=\"1 ph\u00fat\" \/>\n<script type=\"application\/ld+json\" class=\"yoast-schema-graph\">{\"@context\":\"https:\/\/schema.org\",\"@graph\":[{\"@type\":\"WebPage\",\"@id\":\"https:\/\/linhlinhdan.com\/product\/new-europa-se2n\/\",\"url\":\"https:\/\/linhlinhdan.com\/product\/new-europa-se2n\/\",\"name\":\"SE2R - Linh Linh Dan Store\",\"isPartOf\":{\"@id\":\"https:\/\/linhlinhdan.com\/#website\"},\"datePublished\":\"2022-08-02T07:58:18+00:00\",\"dateModified\":\"2023-10-02T07:07:35+00:00\",\"breadcrumb\":{\"@id\":\"https:\/\/linhlinhdan.com\/product\/new-europa-se2n\/#breadcrumb\"},\"inLanguage\":\"vi\",\"potentialAction\":[{\"@type\":\"ReadAction\",\"target\":[\"https:\/\/linhlinhdan.com\/product\/new-europa-se2n\/\"]}]},{\"@type\":\"BreadcrumbList\",\"@id\":\"https:\/\/linhlinhdan.com\/product\/new-europa-se2n\/#breadcrumb\",\"itemListElement\":[{\"@type\":\"ListItem\",\"position\":1,\"name\":\"Home\",\"item\":\"https:\/\/linhlinhdan.com\/\"},{\"@type\":\"ListItem\",\"position\":2,\"name\":\"PRODUCTS\",\"item\":\"https:\/\/linhlinhdan.com\/maintenance-products\/\"},{\"@type\":\"ListItem\",\"position\":3,\"name\":\"SE2R\"}]},{\"@type\":\"WebSite\",\"@id\":\"https:\/\/linhlinhdan.com\/#website\",\"url\":\"https:\/\/linhlinhdan.com\/\",\"name\":\"Linh Linh Dan Store\",\"description\":\"\",\"potentialAction\":[{\"@type\":\"SearchAction\",\"target\":{\"@type\":\"EntryPoint\",\"urlTemplate\":\"https:\/\/linhlinhdan.com\/?s={search_term_string}\"},\"query-input\":\"required name=search_term_string\"}],\"inLanguage\":\"vi\"}]}<\/script>\n<!-- \/ Yoast SEO plugin. -->","yoast_head_json":{"title":"SE2R - Linh Linh Dan Store","robots":{"index":"index","follow":"follow","max-snippet":"max-snippet:-1","max-image-preview":"max-image-preview:large","max-video-preview":"max-video-preview:-1"},"canonical":"https:\/\/linhlinhdan.com\/vi\/san-pham\/new-europa-se2n\/","og_locale":"vi_VN","og_type":"article","og_title":"SE2R - Linh Linh Dan Store","og_description":"Self-priming electric pump for swimming pools, with built-in pre-filter of great capacity.","og_url":"https:\/\/linhlinhdan.com\/vi\/san-pham\/new-europa-se2n\/","og_site_name":"Linh Linh Dan Store","article_modified_time":"2023-10-02T07:07:35+00:00","og_image":[{"width":500,"height":500,"url":"https:\/\/linhlinhdan.com\/wp-content\/uploads\/2022\/08\/NEW-EUROPA-SE2R-SKU.jpg","type":"image\/jpeg"}],"twitter_card":"summary_large_image","twitter_misc":{"\u01af\u1edbc t\u00ednh th\u1eddi gian \u0111\u1ecdc":"1 ph\u00fat"},"schema":{"@context":"https:\/\/schema.org","@graph":[{"@type":"WebPage","@id":"https:\/\/linhlinhdan.com\/product\/new-europa-se2n\/","url":"https:\/\/linhlinhdan.com\/product\/new-europa-se2n\/","name":"SE2R - Linh Linh Dan Store","isPartOf":{"@id":"https:\/\/linhlinhdan.com\/#website"},"datePublished":"2022-08-02T07:58:18+00:00","dateModified":"2023-10-02T07:07:35+00:00","breadcrumb":{"@id":"https:\/\/linhlinhdan.com\/product\/new-europa-se2n\/#breadcrumb"},"inLanguage":"vi","potentialAction":[{"@type":"ReadAction","target":["https:\/\/linhlinhdan.com\/product\/new-europa-se2n\/"]}]},{"@type":"BreadcrumbList","@id":"https:\/\/linhlinhdan.com\/product\/new-europa-se2n\/#breadcrumb","itemListElement":[{"@type":"ListItem","position":1,"name":"Home","item":"https:\/\/linhlinhdan.com\/"},{"@type":"ListItem","position":2,"name":"PRODUCTS","item":"https:\/\/linhlinhdan.com\/maintenance-products\/"},{"@type":"ListItem","position":3,"name":"SE2R"}]},{"@type":"WebSite","@id":"https:\/\/linhlinhdan.com\/#website","url":"https:\/\/linhlinhdan.com\/","name":"Linh Linh Dan Store","description":"","potentialAction":[{"@type":"SearchAction","target":{"@type":"EntryPoint","urlTemplate":"https:\/\/linhlinhdan.com\/?s={search_term_string}"},"query-input":"required name=search_term_string"}],"inLanguage":"vi"}]}},"_links":{"self":[{"href":"https:\/\/linhlinhdan.com\/vi\/wp-json\/wp\/v2\/product\/1215","targetHints":{"allow":["GET"]}}],"collection":[{"href":"https:\/\/linhlinhdan.com\/vi\/wp-json\/wp\/v2\/product"}],"about":[{"href":"https:\/\/linhlinhdan.com\/vi\/wp-json\/wp\/v2\/types\/product"}],"wp:featuredmedia":[{"embeddable":true,"href":"https:\/\/linhlinhdan.com\/vi\/wp-json\/wp\/v2\/media\/2311"}],"wp:attachment":[{"href":"https:\/\/linhlinhdan.com\/vi\/wp-json\/wp\/v2\/media?parent=1215"}],"wp:term":[{"taxonomy":"product_cat","embeddable":true,"href":"https:\/\/linhlinhdan.com\/vi\/wp-json\/wp\/v2\/product_cat?post=1215"},{"taxonomy":"product_tag","embeddable":true,"href":"https:\/\/linhlinhdan.com\/vi\/wp-json\/wp\/v2\/product_tag?post=1215"}],"curies":[{"name":"wp","href":"https:\/\/api.w.org\/{rel}","templated":true}]}}