{"id":1237,"date":"2022-08-02T08:19:44","date_gmt":"2022-08-02T08:19:44","guid":{"rendered":"https:\/\/store.linhlinhdan.servisense.xyz\/?post_type=product&#038;p=1237"},"modified":"2023-05-09T10:55:35","modified_gmt":"2023-05-09T03:55:35","slug":"connection-box","status":"publish","type":"product","link":"https:\/\/linhlinhdan.com\/vi\/san-pham\/connection-box\/","title":{"rendered":"H\u1ed9p k\u1ebft n\u1ed1i"},"content":{"rendered":"<p class=\" translation-block\">D\u00f9ng \u0111\u1ec3 k\u1ebft n\u1ed1i gi\u1eefa c\u00e1c \u0111\u00e8n.<br>\n\u0110\u01b0\u1ee3c l\u00e0m b\u1eb1ng nh\u1ef1a ABS m\u00e0u tr\u1eafng, ch\u1ed1ng tia c\u1ef1c t\u00edm v\u00e0 c\u00e1c h\u00f3a ch\u1ea5t th\u01b0\u1eddng g\u1eb7p trong h\u1ed3 b\u01a1i.<br>\nHo\u00e0n to\u00e0n kh\u00f4ng th\u1ea5m n\u01b0\u1edbc, nh\u1edd v\u00e0o v\u00f2ng ch\u1eef O c\u1ee7a n\u1eafp v\u00e0 c\u00e1c \u0111\u1ec7m c\u1ee7a \u0111\u1ea7u ra.<\/p>","protected":false},"excerpt":{"rendered":"<p>Ho\u00e0n to\u00e0n kh\u00f4ng th\u1ea5m n\u01b0\u1edbc, cho c\u00e1c k\u1ebft n\u1ed1i gi\u1eefa c\u00e1c \u0111\u00e8n.<\/p>","protected":false},"featured_media":2271,"template":"","meta":[],"product_cat":[72],"product_tag":[],"class_list":["post-1237","product","type-product","status-publish","has-post-thumbnail","hentry","product_cat-lighting"],"yoast_head":"<!-- This site is optimized with the Yoast SEO plugin v20.13 - https:\/\/yoast.com\/wordpress\/plugins\/seo\/ -->\n<title>CONNECTION BOX - Linh Linh Dan Store<\/title>\n<meta name=\"robots\" content=\"index, follow, max-snippet:-1, max-image-preview:large, max-video-preview:-1\" \/>\n<link rel=\"canonical\" href=\"https:\/\/linhlinhdan.com\/vi\/san-pham\/connection-box\/\" \/>\n<meta property=\"og:locale\" content=\"vi_VN\" \/>\n<meta property=\"og:type\" content=\"article\" \/>\n<meta property=\"og:title\" content=\"CONNECTION BOX - Linh Linh Dan Store\" \/>\n<meta property=\"og:description\" content=\"Fully waterproof, for connections between lights.\" \/>\n<meta property=\"og:url\" content=\"https:\/\/linhlinhdan.com\/vi\/san-pham\/connection-box\/\" \/>\n<meta property=\"og:site_name\" content=\"Linh Linh Dan Store\" \/>\n<meta property=\"article:modified_time\" content=\"2023-05-09T03:55:35+00:00\" \/>\n<meta property=\"og:image\" content=\"https:\/\/linhlinhdan.com\/wp-content\/uploads\/2022\/08\/CONNECTION-BOX-SKU.jpg\" \/>\n\t<meta property=\"og:image:width\" content=\"500\" \/>\n\t<meta property=\"og:image:height\" content=\"500\" \/>\n\t<meta property=\"og:image:type\" content=\"image\/jpeg\" \/>\n<meta name=\"twitter:card\" content=\"summary_large_image\" \/>\n<meta name=\"twitter:label1\" content=\"\u01af\u1edbc t\u00ednh th\u1eddi gian \u0111\u1ecdc\" \/>\n\t<meta name=\"twitter:data1\" content=\"1 ph\u00fat\" \/>\n<script type=\"application\/ld+json\" class=\"yoast-schema-graph\">{\"@context\":\"https:\/\/schema.org\",\"@graph\":[{\"@type\":\"WebPage\",\"@id\":\"https:\/\/linhlinhdan.com\/product\/connection-box\/\",\"url\":\"https:\/\/linhlinhdan.com\/product\/connection-box\/\",\"name\":\"CONNECTION BOX - Linh Linh Dan Store\",\"isPartOf\":{\"@id\":\"https:\/\/linhlinhdan.com\/#website\"},\"datePublished\":\"2022-08-02T08:19:44+00:00\",\"dateModified\":\"2023-05-09T03:55:35+00:00\",\"breadcrumb\":{\"@id\":\"https:\/\/linhlinhdan.com\/product\/connection-box\/#breadcrumb\"},\"inLanguage\":\"vi\",\"potentialAction\":[{\"@type\":\"ReadAction\",\"target\":[\"https:\/\/linhlinhdan.com\/product\/connection-box\/\"]}]},{\"@type\":\"BreadcrumbList\",\"@id\":\"https:\/\/linhlinhdan.com\/product\/connection-box\/#breadcrumb\",\"itemListElement\":[{\"@type\":\"ListItem\",\"position\":1,\"name\":\"Home\",\"item\":\"https:\/\/linhlinhdan.com\/\"},{\"@type\":\"ListItem\",\"position\":2,\"name\":\"PRODUCTS\",\"item\":\"https:\/\/linhlinhdan.com\/maintenance-products\/\"},{\"@type\":\"ListItem\",\"position\":3,\"name\":\"CONNECTION BOX\"}]},{\"@type\":\"WebSite\",\"@id\":\"https:\/\/linhlinhdan.com\/#website\",\"url\":\"https:\/\/linhlinhdan.com\/\",\"name\":\"Linh Linh Dan Store\",\"description\":\"\",\"potentialAction\":[{\"@type\":\"SearchAction\",\"target\":{\"@type\":\"EntryPoint\",\"urlTemplate\":\"https:\/\/linhlinhdan.com\/?s={search_term_string}\"},\"query-input\":\"required name=search_term_string\"}],\"inLanguage\":\"vi\"}]}<\/script>\n<!-- \/ Yoast SEO plugin. -->","yoast_head_json":{"title":"CONNECTION BOX - Linh Linh Dan Store","robots":{"index":"index","follow":"follow","max-snippet":"max-snippet:-1","max-image-preview":"max-image-preview:large","max-video-preview":"max-video-preview:-1"},"canonical":"https:\/\/linhlinhdan.com\/vi\/san-pham\/connection-box\/","og_locale":"vi_VN","og_type":"article","og_title":"CONNECTION BOX - Linh Linh Dan Store","og_description":"Fully waterproof, for connections between lights.","og_url":"https:\/\/linhlinhdan.com\/vi\/san-pham\/connection-box\/","og_site_name":"Linh Linh Dan Store","article_modified_time":"2023-05-09T03:55:35+00:00","og_image":[{"width":500,"height":500,"url":"https:\/\/linhlinhdan.com\/wp-content\/uploads\/2022\/08\/CONNECTION-BOX-SKU.jpg","type":"image\/jpeg"}],"twitter_card":"summary_large_image","twitter_misc":{"\u01af\u1edbc t\u00ednh th\u1eddi gian \u0111\u1ecdc":"1 ph\u00fat"},"schema":{"@context":"https:\/\/schema.org","@graph":[{"@type":"WebPage","@id":"https:\/\/linhlinhdan.com\/product\/connection-box\/","url":"https:\/\/linhlinhdan.com\/product\/connection-box\/","name":"CONNECTION BOX - Linh Linh Dan Store","isPartOf":{"@id":"https:\/\/linhlinhdan.com\/#website"},"datePublished":"2022-08-02T08:19:44+00:00","dateModified":"2023-05-09T03:55:35+00:00","breadcrumb":{"@id":"https:\/\/linhlinhdan.com\/product\/connection-box\/#breadcrumb"},"inLanguage":"vi","potentialAction":[{"@type":"ReadAction","target":["https:\/\/linhlinhdan.com\/product\/connection-box\/"]}]},{"@type":"BreadcrumbList","@id":"https:\/\/linhlinhdan.com\/product\/connection-box\/#breadcrumb","itemListElement":[{"@type":"ListItem","position":1,"name":"Home","item":"https:\/\/linhlinhdan.com\/"},{"@type":"ListItem","position":2,"name":"PRODUCTS","item":"https:\/\/linhlinhdan.com\/maintenance-products\/"},{"@type":"ListItem","position":3,"name":"CONNECTION BOX"}]},{"@type":"WebSite","@id":"https:\/\/linhlinhdan.com\/#website","url":"https:\/\/linhlinhdan.com\/","name":"Linh Linh Dan Store","description":"","potentialAction":[{"@type":"SearchAction","target":{"@type":"EntryPoint","urlTemplate":"https:\/\/linhlinhdan.com\/?s={search_term_string}"},"query-input":"required name=search_term_string"}],"inLanguage":"vi"}]}},"_links":{"self":[{"href":"https:\/\/linhlinhdan.com\/vi\/wp-json\/wp\/v2\/product\/1237","targetHints":{"allow":["GET"]}}],"collection":[{"href":"https:\/\/linhlinhdan.com\/vi\/wp-json\/wp\/v2\/product"}],"about":[{"href":"https:\/\/linhlinhdan.com\/vi\/wp-json\/wp\/v2\/types\/product"}],"wp:featuredmedia":[{"embeddable":true,"href":"https:\/\/linhlinhdan.com\/vi\/wp-json\/wp\/v2\/media\/2271"}],"wp:attachment":[{"href":"https:\/\/linhlinhdan.com\/vi\/wp-json\/wp\/v2\/media?parent=1237"}],"wp:term":[{"taxonomy":"product_cat","embeddable":true,"href":"https:\/\/linhlinhdan.com\/vi\/wp-json\/wp\/v2\/product_cat?post=1237"},{"taxonomy":"product_tag","embeddable":true,"href":"https:\/\/linhlinhdan.com\/vi\/wp-json\/wp\/v2\/product_tag?post=1237"}],"curies":[{"name":"wp","href":"https:\/\/api.w.org\/{rel}","templated":true}]}}