{"id":1243,"date":"2022-08-02T08:25:16","date_gmt":"2022-08-02T08:25:16","guid":{"rendered":"https:\/\/store.linhlinhdan.servisense.xyz\/?post_type=product&#038;p=1243"},"modified":"2023-07-10T11:36:13","modified_gmt":"2023-07-10T04:36:13","slug":"transformers","status":"publish","type":"product","link":"https:\/\/linhlinhdan.com\/vi\/san-pham\/transformers\/","title":{"rendered":"T\u0103ng ph\u00f4"},"content":{"rendered":"<p class=\" translation-block\">M\u1ed9t pha.<br>\n\u0110\u1ea7u v\u00e0o 220V, \u0111\u1ea7u ra 12V.<br>\nT\u1ea7n s\u1ed1 50-60Hz.<br>\nTrang b\u1ecb m\u1ed9t s\u1ed1 \u1ed5 c\u1eafm \u0111i\u1ec7n trong m\u1ea1ch s\u01a1 c\u1ea5p, \u0111\u1ec3 l\u1eafp \u0111\u1eb7t \u0111\u00e8n chi\u1ebfu s\u00e1ng c\u00e1ch m\u00e1y bi\u1ebfn \u00e1p \u0111\u1ebfn 40m.<br>\n\u0110\u1eb7c bi\u1ec7t \u0111\u01b0\u1ee3c khuy\u00ean d\u00f9ng cho m\u00f4i tr\u01b0\u1eddng \u1ea9m \u01b0\u1edbt v\u1edbi m\u1ed9t s\u1ed1 nguy c\u01a1 x\u1ea3y ra tai n\u1ea1n.<br>\nGi\u1ea5y ch\u1ee9ng nh\u1eadn ph\u00f9 h\u1ee3p v\u1edbi ti\u00eau chu\u1ea9n EN 61558.<\/p>","protected":false},"excerpt":{"rendered":"<p class=\" translation-block\">\u0110\u1ea7u v\u00e0o 220V \/ \u0110\u1ea7u ra 12V.<br>\nM\u1ed9t s\u1ed1 \u1ed5 c\u1eafm \u0111i\u1ec7n cho \u0111\u00e8n v\u1edbi kho\u1ea3ng c\u00e1ch l\u00ean \u0111\u1ebfn 40m.<\/p>","protected":false},"featured_media":2272,"template":"","meta":[],"product_cat":[72],"product_tag":[],"class_list":["post-1243","product","type-product","status-publish","has-post-thumbnail","hentry","product_cat-lighting"],"yoast_head":"<!-- This site is optimized with the Yoast SEO plugin v20.13 - https:\/\/yoast.com\/wordpress\/plugins\/seo\/ -->\n<title>TRANSFORMERS - Linh Linh Dan Store<\/title>\n<meta name=\"robots\" content=\"index, follow, max-snippet:-1, max-image-preview:large, max-video-preview:-1\" \/>\n<link rel=\"canonical\" href=\"https:\/\/linhlinhdan.com\/vi\/san-pham\/transformers\/\" \/>\n<meta property=\"og:locale\" content=\"vi_VN\" \/>\n<meta property=\"og:type\" content=\"article\" \/>\n<meta property=\"og:title\" content=\"TRANSFORMERS - Linh Linh Dan Store\" \/>\n<meta property=\"og:description\" content=\"Input 220V \/ Output 12V. Several power outlets for lights at distance up to 40m.\" \/>\n<meta property=\"og:url\" content=\"https:\/\/linhlinhdan.com\/vi\/san-pham\/transformers\/\" \/>\n<meta property=\"og:site_name\" content=\"Linh Linh Dan Store\" \/>\n<meta property=\"article:modified_time\" content=\"2023-07-10T04:36:13+00:00\" \/>\n<meta property=\"og:image\" content=\"https:\/\/linhlinhdan.com\/wp-content\/uploads\/2022\/08\/TRANSFORMERS-SKU.jpg\" \/>\n\t<meta property=\"og:image:width\" content=\"500\" \/>\n\t<meta property=\"og:image:height\" content=\"500\" \/>\n\t<meta property=\"og:image:type\" content=\"image\/jpeg\" \/>\n<meta name=\"twitter:card\" content=\"summary_large_image\" \/>\n<meta name=\"twitter:label1\" content=\"\u01af\u1edbc t\u00ednh th\u1eddi gian \u0111\u1ecdc\" \/>\n\t<meta name=\"twitter:data1\" content=\"1 ph\u00fat\" \/>\n<script type=\"application\/ld+json\" class=\"yoast-schema-graph\">{\"@context\":\"https:\/\/schema.org\",\"@graph\":[{\"@type\":\"WebPage\",\"@id\":\"https:\/\/linhlinhdan.com\/product\/transformers\/\",\"url\":\"https:\/\/linhlinhdan.com\/product\/transformers\/\",\"name\":\"TRANSFORMERS - Linh Linh Dan Store\",\"isPartOf\":{\"@id\":\"https:\/\/linhlinhdan.com\/#website\"},\"datePublished\":\"2022-08-02T08:25:16+00:00\",\"dateModified\":\"2023-07-10T04:36:13+00:00\",\"breadcrumb\":{\"@id\":\"https:\/\/linhlinhdan.com\/product\/transformers\/#breadcrumb\"},\"inLanguage\":\"vi\",\"potentialAction\":[{\"@type\":\"ReadAction\",\"target\":[\"https:\/\/linhlinhdan.com\/product\/transformers\/\"]}]},{\"@type\":\"BreadcrumbList\",\"@id\":\"https:\/\/linhlinhdan.com\/product\/transformers\/#breadcrumb\",\"itemListElement\":[{\"@type\":\"ListItem\",\"position\":1,\"name\":\"Home\",\"item\":\"https:\/\/linhlinhdan.com\/\"},{\"@type\":\"ListItem\",\"position\":2,\"name\":\"PRODUCTS\",\"item\":\"https:\/\/linhlinhdan.com\/maintenance-products\/\"},{\"@type\":\"ListItem\",\"position\":3,\"name\":\"TRANSFORMERS\"}]},{\"@type\":\"WebSite\",\"@id\":\"https:\/\/linhlinhdan.com\/#website\",\"url\":\"https:\/\/linhlinhdan.com\/\",\"name\":\"Linh Linh Dan Store\",\"description\":\"\",\"potentialAction\":[{\"@type\":\"SearchAction\",\"target\":{\"@type\":\"EntryPoint\",\"urlTemplate\":\"https:\/\/linhlinhdan.com\/?s={search_term_string}\"},\"query-input\":\"required name=search_term_string\"}],\"inLanguage\":\"vi\"}]}<\/script>\n<!-- \/ Yoast SEO plugin. -->","yoast_head_json":{"title":"TRANSFORMERS - Linh Linh Dan Store","robots":{"index":"index","follow":"follow","max-snippet":"max-snippet:-1","max-image-preview":"max-image-preview:large","max-video-preview":"max-video-preview:-1"},"canonical":"https:\/\/linhlinhdan.com\/vi\/san-pham\/transformers\/","og_locale":"vi_VN","og_type":"article","og_title":"TRANSFORMERS - Linh Linh Dan Store","og_description":"Input 220V \/ Output 12V. Several power outlets for lights at distance up to 40m.","og_url":"https:\/\/linhlinhdan.com\/vi\/san-pham\/transformers\/","og_site_name":"Linh Linh Dan Store","article_modified_time":"2023-07-10T04:36:13+00:00","og_image":[{"width":500,"height":500,"url":"https:\/\/linhlinhdan.com\/wp-content\/uploads\/2022\/08\/TRANSFORMERS-SKU.jpg","type":"image\/jpeg"}],"twitter_card":"summary_large_image","twitter_misc":{"\u01af\u1edbc t\u00ednh th\u1eddi gian \u0111\u1ecdc":"1 ph\u00fat"},"schema":{"@context":"https:\/\/schema.org","@graph":[{"@type":"WebPage","@id":"https:\/\/linhlinhdan.com\/product\/transformers\/","url":"https:\/\/linhlinhdan.com\/product\/transformers\/","name":"TRANSFORMERS - Linh Linh Dan Store","isPartOf":{"@id":"https:\/\/linhlinhdan.com\/#website"},"datePublished":"2022-08-02T08:25:16+00:00","dateModified":"2023-07-10T04:36:13+00:00","breadcrumb":{"@id":"https:\/\/linhlinhdan.com\/product\/transformers\/#breadcrumb"},"inLanguage":"vi","potentialAction":[{"@type":"ReadAction","target":["https:\/\/linhlinhdan.com\/product\/transformers\/"]}]},{"@type":"BreadcrumbList","@id":"https:\/\/linhlinhdan.com\/product\/transformers\/#breadcrumb","itemListElement":[{"@type":"ListItem","position":1,"name":"Home","item":"https:\/\/linhlinhdan.com\/"},{"@type":"ListItem","position":2,"name":"PRODUCTS","item":"https:\/\/linhlinhdan.com\/maintenance-products\/"},{"@type":"ListItem","position":3,"name":"TRANSFORMERS"}]},{"@type":"WebSite","@id":"https:\/\/linhlinhdan.com\/#website","url":"https:\/\/linhlinhdan.com\/","name":"Linh Linh Dan Store","description":"","potentialAction":[{"@type":"SearchAction","target":{"@type":"EntryPoint","urlTemplate":"https:\/\/linhlinhdan.com\/?s={search_term_string}"},"query-input":"required name=search_term_string"}],"inLanguage":"vi"}]}},"_links":{"self":[{"href":"https:\/\/linhlinhdan.com\/vi\/wp-json\/wp\/v2\/product\/1243","targetHints":{"allow":["GET"]}}],"collection":[{"href":"https:\/\/linhlinhdan.com\/vi\/wp-json\/wp\/v2\/product"}],"about":[{"href":"https:\/\/linhlinhdan.com\/vi\/wp-json\/wp\/v2\/types\/product"}],"wp:featuredmedia":[{"embeddable":true,"href":"https:\/\/linhlinhdan.com\/vi\/wp-json\/wp\/v2\/media\/2272"}],"wp:attachment":[{"href":"https:\/\/linhlinhdan.com\/vi\/wp-json\/wp\/v2\/media?parent=1243"}],"wp:term":[{"taxonomy":"product_cat","embeddable":true,"href":"https:\/\/linhlinhdan.com\/vi\/wp-json\/wp\/v2\/product_cat?post=1243"},{"taxonomy":"product_tag","embeddable":true,"href":"https:\/\/linhlinhdan.com\/vi\/wp-json\/wp\/v2\/product_tag?post=1243"}],"curies":[{"name":"wp","href":"https:\/\/api.w.org\/{rel}","templated":true}]}}