{"id":1274,"date":"2022-08-03T02:14:47","date_gmt":"2022-08-03T02:14:47","guid":{"rendered":"https:\/\/store.linhlinhdan.servisense.xyz\/?post_type=product&#038;p=1274"},"modified":"2023-05-09T11:16:25","modified_gmt":"2023-05-09T04:16:25","slug":"shower-aluminium-solar-32l","status":"publish","type":"product","link":"https:\/\/linhlinhdan.com\/vi\/san-pham\/shower-aluminium-solar-32l\/","title":{"rendered":"V\u00d2I SEN NH\u00d4M - N\u0102NG L\u01af\u1ee2NG M\u1eb6T TR\u1edcI 32L"},"content":{"rendered":"<p class=\" translation-block\">- \u0110\u01b0\u1ee3c l\u00e0m b\u1eb1ng ch\u1ea5t li\u1ec7u nh\u00f4m.<br>\n- V\u00f2i hoa sen b\u1eb1ng \u0111\u1ed3ng thau m\u1ea1 crom.<br>\n- 1 v\u00f2i h\u1ed7n h\u1ee3p: l\u1ea1nh v\u00e0 n\u00f3ng.<br>\n- \u0110\u1ea7u v\u00e0o n\u01b0\u1edbc k\u1ebft n\u1ed1i nhanh.<br>\n- B\u1ed3n ch\u1ee9a nh\u1ef1a \u0111en. Dung t\u00edch 32 l.<br>\n- Chi\u1ec1u cao c\u1ee7a v\u00f2i hoa sen 2,11 m.<br>\n- \u1ed0ng \u00bd inch. b\u00ean trong \u0111\u01b0\u1ee3c l\u00e0m b\u1eb1ng nh\u1ef1a.<br>\n- \u0110\u01b0\u1ee3c cung c\u1ea5p ph\u1ee5 ki\u1ec7n k\u00e8m theo \u0111\u1ec3 g\u1eafn v\u00e0o s\u00e0n.<\/p>","protected":false},"excerpt":{"rendered":"<p class=\" translation-block\">Ch\u1ea5t li\u1ec7u nh\u00f4m.<br>\nV\u00f2i hoa sen b\u1eb1ng \u0111\u1ed3ng thau m\u1ea1 crom.<\/p>","protected":false},"featured_media":2281,"template":"","meta":[],"product_cat":[73],"product_tag":[],"class_list":["post-1274","product","type-product","status-publish","has-post-thumbnail","hentry","product_cat-outside-equipment"],"yoast_head":"<!-- This site is optimized with the Yoast SEO plugin v20.13 - https:\/\/yoast.com\/wordpress\/plugins\/seo\/ -->\n<title>SHOWER - ALUMINIUM SOLAR 32L - Linh Linh Dan Store<\/title>\n<meta name=\"robots\" content=\"index, follow, max-snippet:-1, max-image-preview:large, max-video-preview:-1\" \/>\n<link rel=\"canonical\" href=\"https:\/\/linhlinhdan.com\/vi\/san-pham\/shower-aluminium-solar-32l\/\" \/>\n<meta property=\"og:locale\" content=\"vi_VN\" \/>\n<meta property=\"og:type\" content=\"article\" \/>\n<meta property=\"og:title\" content=\"SHOWER - ALUMINIUM SOLAR 32L - Linh Linh Dan Store\" \/>\n<meta property=\"og:description\" content=\"Made of aluminium. Shower heads of chromed brass.\" \/>\n<meta property=\"og:url\" content=\"https:\/\/linhlinhdan.com\/vi\/san-pham\/shower-aluminium-solar-32l\/\" \/>\n<meta property=\"og:site_name\" content=\"Linh Linh Dan Store\" \/>\n<meta property=\"article:modified_time\" content=\"2023-05-09T04:16:25+00:00\" \/>\n<meta property=\"og:image\" content=\"https:\/\/linhlinhdan.com\/wp-content\/uploads\/2022\/08\/SHOWER-ALUMINIUM-SOLAR-32L-SKU.jpg\" \/>\n\t<meta property=\"og:image:width\" content=\"500\" \/>\n\t<meta property=\"og:image:height\" content=\"500\" \/>\n\t<meta property=\"og:image:type\" content=\"image\/jpeg\" \/>\n<meta name=\"twitter:card\" content=\"summary_large_image\" \/>\n<meta name=\"twitter:label1\" content=\"\u01af\u1edbc t\u00ednh th\u1eddi gian \u0111\u1ecdc\" \/>\n\t<meta name=\"twitter:data1\" content=\"1 ph\u00fat\" \/>\n<script type=\"application\/ld+json\" class=\"yoast-schema-graph\">{\"@context\":\"https:\/\/schema.org\",\"@graph\":[{\"@type\":\"WebPage\",\"@id\":\"https:\/\/linhlinhdan.com\/product\/shower-aluminium-solar-32l\/\",\"url\":\"https:\/\/linhlinhdan.com\/product\/shower-aluminium-solar-32l\/\",\"name\":\"SHOWER - ALUMINIUM SOLAR 32L - Linh Linh Dan Store\",\"isPartOf\":{\"@id\":\"https:\/\/linhlinhdan.com\/#website\"},\"datePublished\":\"2022-08-03T02:14:47+00:00\",\"dateModified\":\"2023-05-09T04:16:25+00:00\",\"breadcrumb\":{\"@id\":\"https:\/\/linhlinhdan.com\/product\/shower-aluminium-solar-32l\/#breadcrumb\"},\"inLanguage\":\"vi\",\"potentialAction\":[{\"@type\":\"ReadAction\",\"target\":[\"https:\/\/linhlinhdan.com\/product\/shower-aluminium-solar-32l\/\"]}]},{\"@type\":\"BreadcrumbList\",\"@id\":\"https:\/\/linhlinhdan.com\/product\/shower-aluminium-solar-32l\/#breadcrumb\",\"itemListElement\":[{\"@type\":\"ListItem\",\"position\":1,\"name\":\"Home\",\"item\":\"https:\/\/linhlinhdan.com\/\"},{\"@type\":\"ListItem\",\"position\":2,\"name\":\"PRODUCTS\",\"item\":\"https:\/\/linhlinhdan.com\/maintenance-products\/\"},{\"@type\":\"ListItem\",\"position\":3,\"name\":\"SHOWER &#8211; ALUMINIUM SOLAR 32L\"}]},{\"@type\":\"WebSite\",\"@id\":\"https:\/\/linhlinhdan.com\/#website\",\"url\":\"https:\/\/linhlinhdan.com\/\",\"name\":\"Linh Linh Dan Store\",\"description\":\"\",\"potentialAction\":[{\"@type\":\"SearchAction\",\"target\":{\"@type\":\"EntryPoint\",\"urlTemplate\":\"https:\/\/linhlinhdan.com\/?s={search_term_string}\"},\"query-input\":\"required name=search_term_string\"}],\"inLanguage\":\"vi\"}]}<\/script>\n<!-- \/ Yoast SEO plugin. -->","yoast_head_json":{"title":"SHOWER - ALUMINIUM SOLAR 32L - Linh Linh Dan Store","robots":{"index":"index","follow":"follow","max-snippet":"max-snippet:-1","max-image-preview":"max-image-preview:large","max-video-preview":"max-video-preview:-1"},"canonical":"https:\/\/linhlinhdan.com\/vi\/san-pham\/shower-aluminium-solar-32l\/","og_locale":"vi_VN","og_type":"article","og_title":"SHOWER - ALUMINIUM SOLAR 32L - Linh Linh Dan Store","og_description":"Made of aluminium. Shower heads of chromed brass.","og_url":"https:\/\/linhlinhdan.com\/vi\/san-pham\/shower-aluminium-solar-32l\/","og_site_name":"Linh Linh Dan Store","article_modified_time":"2023-05-09T04:16:25+00:00","og_image":[{"width":500,"height":500,"url":"https:\/\/linhlinhdan.com\/wp-content\/uploads\/2022\/08\/SHOWER-ALUMINIUM-SOLAR-32L-SKU.jpg","type":"image\/jpeg"}],"twitter_card":"summary_large_image","twitter_misc":{"\u01af\u1edbc t\u00ednh th\u1eddi gian \u0111\u1ecdc":"1 ph\u00fat"},"schema":{"@context":"https:\/\/schema.org","@graph":[{"@type":"WebPage","@id":"https:\/\/linhlinhdan.com\/product\/shower-aluminium-solar-32l\/","url":"https:\/\/linhlinhdan.com\/product\/shower-aluminium-solar-32l\/","name":"SHOWER - ALUMINIUM SOLAR 32L - Linh Linh Dan Store","isPartOf":{"@id":"https:\/\/linhlinhdan.com\/#website"},"datePublished":"2022-08-03T02:14:47+00:00","dateModified":"2023-05-09T04:16:25+00:00","breadcrumb":{"@id":"https:\/\/linhlinhdan.com\/product\/shower-aluminium-solar-32l\/#breadcrumb"},"inLanguage":"vi","potentialAction":[{"@type":"ReadAction","target":["https:\/\/linhlinhdan.com\/product\/shower-aluminium-solar-32l\/"]}]},{"@type":"BreadcrumbList","@id":"https:\/\/linhlinhdan.com\/product\/shower-aluminium-solar-32l\/#breadcrumb","itemListElement":[{"@type":"ListItem","position":1,"name":"Home","item":"https:\/\/linhlinhdan.com\/"},{"@type":"ListItem","position":2,"name":"PRODUCTS","item":"https:\/\/linhlinhdan.com\/maintenance-products\/"},{"@type":"ListItem","position":3,"name":"SHOWER &#8211; ALUMINIUM SOLAR 32L"}]},{"@type":"WebSite","@id":"https:\/\/linhlinhdan.com\/#website","url":"https:\/\/linhlinhdan.com\/","name":"Linh Linh Dan Store","description":"","potentialAction":[{"@type":"SearchAction","target":{"@type":"EntryPoint","urlTemplate":"https:\/\/linhlinhdan.com\/?s={search_term_string}"},"query-input":"required name=search_term_string"}],"inLanguage":"vi"}]}},"_links":{"self":[{"href":"https:\/\/linhlinhdan.com\/vi\/wp-json\/wp\/v2\/product\/1274","targetHints":{"allow":["GET"]}}],"collection":[{"href":"https:\/\/linhlinhdan.com\/vi\/wp-json\/wp\/v2\/product"}],"about":[{"href":"https:\/\/linhlinhdan.com\/vi\/wp-json\/wp\/v2\/types\/product"}],"wp:featuredmedia":[{"embeddable":true,"href":"https:\/\/linhlinhdan.com\/vi\/wp-json\/wp\/v2\/media\/2281"}],"wp:attachment":[{"href":"https:\/\/linhlinhdan.com\/vi\/wp-json\/wp\/v2\/media?parent=1274"}],"wp:term":[{"taxonomy":"product_cat","embeddable":true,"href":"https:\/\/linhlinhdan.com\/vi\/wp-json\/wp\/v2\/product_cat?post=1274"},{"taxonomy":"product_tag","embeddable":true,"href":"https:\/\/linhlinhdan.com\/vi\/wp-json\/wp\/v2\/product_tag?post=1274"}],"curies":[{"name":"wp","href":"https:\/\/api.w.org\/{rel}","templated":true}]}}