{"id":1285,"date":"2022-08-03T02:43:24","date_gmt":"2022-08-03T02:43:24","guid":{"rendered":"https:\/\/store.linhlinhdan.servisense.xyz\/?post_type=product&#038;p=1285"},"modified":"2023-05-09T11:18:34","modified_gmt":"2023-05-09T04:18:34","slug":"stainless-steel-and-polyester-slide","status":"publish","type":"product","link":"https:\/\/linhlinhdan.com\/vi\/san-pham\/stainless-steel-and-polyester-slide\/","title":{"rendered":"C\u1ea6U TU\u1ed8T POLYESTER V\u00c0 TH\u00c9P KH\u00d4NG G\u1ec8"},"content":{"rendered":"<p>C\u1ea7u tr\u01b0\u1ee3t l\u00e0m b\u1eb1ng polyester v\u00e0 s\u1ee3i th\u1ee7y tinh.<br \/>\nB\u1eadc thang l\u00e0m t\u1eeb s\u1ee3i th\u1ee7y tinh v\u00e0 polypropene<br \/>\nTay v\u1ecbn th\u00e9p kh\u00f4ng g\u1ec9 \u0111\u01b0\u1ee3c \u0111\u00e1nh b\u00f3ng<br \/>\nC\u00f3 \u1ed1ng d\u1eabn n\u01b0\u1edbc v\u00e0o \u0111\u1ec3 h\u1ed7 tr\u1ee3 tr\u01b0\u1ee3t.<\/p>","protected":false},"excerpt":{"rendered":"<p>C\u1ea7u tr\u01b0\u1ee3t l\u00e0m b\u1eb1ng polyester v\u00e0 s\u1ee3i th\u1ee7y tinh.<\/p>","protected":false},"featured_media":2287,"template":"","meta":[],"product_cat":[73],"product_tag":[],"class_list":["post-1285","product","type-product","status-publish","has-post-thumbnail","hentry","product_cat-outside-equipment"],"yoast_head":"<!-- This site is optimized with the Yoast SEO plugin v20.13 - https:\/\/yoast.com\/wordpress\/plugins\/seo\/ -->\n<title>STAINLESS STEEL AND POLYESTER SLIDE - Linh Linh Dan Store<\/title>\n<meta name=\"robots\" content=\"index, follow, max-snippet:-1, max-image-preview:large, max-video-preview:-1\" \/>\n<link rel=\"canonical\" href=\"https:\/\/linhlinhdan.com\/vi\/san-pham\/stainless-steel-and-polyester-slide\/\" \/>\n<meta property=\"og:locale\" content=\"vi_VN\" \/>\n<meta property=\"og:type\" content=\"article\" \/>\n<meta property=\"og:title\" content=\"STAINLESS STEEL AND POLYESTER SLIDE - Linh Linh Dan Store\" \/>\n<meta property=\"og:description\" content=\"Slide made in polyester and fibreglass.\" \/>\n<meta property=\"og:url\" content=\"https:\/\/linhlinhdan.com\/vi\/san-pham\/stainless-steel-and-polyester-slide\/\" \/>\n<meta property=\"og:site_name\" content=\"Linh Linh Dan Store\" \/>\n<meta property=\"article:modified_time\" content=\"2023-05-09T04:18:34+00:00\" \/>\n<meta property=\"og:image\" content=\"https:\/\/linhlinhdan.com\/wp-content\/uploads\/2022\/08\/STAINLESS-STEEL-AND-POLYESTER-SLIDE-SKU.jpg\" \/>\n\t<meta property=\"og:image:width\" content=\"500\" \/>\n\t<meta property=\"og:image:height\" content=\"500\" \/>\n\t<meta property=\"og:image:type\" content=\"image\/jpeg\" \/>\n<meta name=\"twitter:card\" content=\"summary_large_image\" \/>\n<meta name=\"twitter:label1\" content=\"\u01af\u1edbc t\u00ednh th\u1eddi gian \u0111\u1ecdc\" \/>\n\t<meta name=\"twitter:data1\" content=\"1 ph\u00fat\" \/>\n<script type=\"application\/ld+json\" class=\"yoast-schema-graph\">{\"@context\":\"https:\/\/schema.org\",\"@graph\":[{\"@type\":\"WebPage\",\"@id\":\"https:\/\/linhlinhdan.com\/product\/stainless-steel-and-polyester-slide\/\",\"url\":\"https:\/\/linhlinhdan.com\/product\/stainless-steel-and-polyester-slide\/\",\"name\":\"STAINLESS STEEL AND POLYESTER SLIDE - Linh Linh Dan Store\",\"isPartOf\":{\"@id\":\"https:\/\/linhlinhdan.com\/#website\"},\"datePublished\":\"2022-08-03T02:43:24+00:00\",\"dateModified\":\"2023-05-09T04:18:34+00:00\",\"breadcrumb\":{\"@id\":\"https:\/\/linhlinhdan.com\/product\/stainless-steel-and-polyester-slide\/#breadcrumb\"},\"inLanguage\":\"vi\",\"potentialAction\":[{\"@type\":\"ReadAction\",\"target\":[\"https:\/\/linhlinhdan.com\/product\/stainless-steel-and-polyester-slide\/\"]}]},{\"@type\":\"BreadcrumbList\",\"@id\":\"https:\/\/linhlinhdan.com\/product\/stainless-steel-and-polyester-slide\/#breadcrumb\",\"itemListElement\":[{\"@type\":\"ListItem\",\"position\":1,\"name\":\"Home\",\"item\":\"https:\/\/linhlinhdan.com\/\"},{\"@type\":\"ListItem\",\"position\":2,\"name\":\"PRODUCTS\",\"item\":\"https:\/\/linhlinhdan.com\/maintenance-products\/\"},{\"@type\":\"ListItem\",\"position\":3,\"name\":\"STAINLESS STEEL AND POLYESTER SLIDE\"}]},{\"@type\":\"WebSite\",\"@id\":\"https:\/\/linhlinhdan.com\/#website\",\"url\":\"https:\/\/linhlinhdan.com\/\",\"name\":\"Linh Linh Dan Store\",\"description\":\"\",\"potentialAction\":[{\"@type\":\"SearchAction\",\"target\":{\"@type\":\"EntryPoint\",\"urlTemplate\":\"https:\/\/linhlinhdan.com\/?s={search_term_string}\"},\"query-input\":\"required name=search_term_string\"}],\"inLanguage\":\"vi\"}]}<\/script>\n<!-- \/ Yoast SEO plugin. -->","yoast_head_json":{"title":"STAINLESS STEEL AND POLYESTER SLIDE - Linh Linh Dan Store","robots":{"index":"index","follow":"follow","max-snippet":"max-snippet:-1","max-image-preview":"max-image-preview:large","max-video-preview":"max-video-preview:-1"},"canonical":"https:\/\/linhlinhdan.com\/vi\/san-pham\/stainless-steel-and-polyester-slide\/","og_locale":"vi_VN","og_type":"article","og_title":"STAINLESS STEEL AND POLYESTER SLIDE - Linh Linh Dan Store","og_description":"Slide made in polyester and fibreglass.","og_url":"https:\/\/linhlinhdan.com\/vi\/san-pham\/stainless-steel-and-polyester-slide\/","og_site_name":"Linh Linh Dan Store","article_modified_time":"2023-05-09T04:18:34+00:00","og_image":[{"width":500,"height":500,"url":"https:\/\/linhlinhdan.com\/wp-content\/uploads\/2022\/08\/STAINLESS-STEEL-AND-POLYESTER-SLIDE-SKU.jpg","type":"image\/jpeg"}],"twitter_card":"summary_large_image","twitter_misc":{"\u01af\u1edbc t\u00ednh th\u1eddi gian \u0111\u1ecdc":"1 ph\u00fat"},"schema":{"@context":"https:\/\/schema.org","@graph":[{"@type":"WebPage","@id":"https:\/\/linhlinhdan.com\/product\/stainless-steel-and-polyester-slide\/","url":"https:\/\/linhlinhdan.com\/product\/stainless-steel-and-polyester-slide\/","name":"STAINLESS STEEL AND POLYESTER SLIDE - Linh Linh Dan Store","isPartOf":{"@id":"https:\/\/linhlinhdan.com\/#website"},"datePublished":"2022-08-03T02:43:24+00:00","dateModified":"2023-05-09T04:18:34+00:00","breadcrumb":{"@id":"https:\/\/linhlinhdan.com\/product\/stainless-steel-and-polyester-slide\/#breadcrumb"},"inLanguage":"vi","potentialAction":[{"@type":"ReadAction","target":["https:\/\/linhlinhdan.com\/product\/stainless-steel-and-polyester-slide\/"]}]},{"@type":"BreadcrumbList","@id":"https:\/\/linhlinhdan.com\/product\/stainless-steel-and-polyester-slide\/#breadcrumb","itemListElement":[{"@type":"ListItem","position":1,"name":"Home","item":"https:\/\/linhlinhdan.com\/"},{"@type":"ListItem","position":2,"name":"PRODUCTS","item":"https:\/\/linhlinhdan.com\/maintenance-products\/"},{"@type":"ListItem","position":3,"name":"STAINLESS STEEL AND POLYESTER SLIDE"}]},{"@type":"WebSite","@id":"https:\/\/linhlinhdan.com\/#website","url":"https:\/\/linhlinhdan.com\/","name":"Linh Linh Dan Store","description":"","potentialAction":[{"@type":"SearchAction","target":{"@type":"EntryPoint","urlTemplate":"https:\/\/linhlinhdan.com\/?s={search_term_string}"},"query-input":"required name=search_term_string"}],"inLanguage":"vi"}]}},"_links":{"self":[{"href":"https:\/\/linhlinhdan.com\/vi\/wp-json\/wp\/v2\/product\/1285","targetHints":{"allow":["GET"]}}],"collection":[{"href":"https:\/\/linhlinhdan.com\/vi\/wp-json\/wp\/v2\/product"}],"about":[{"href":"https:\/\/linhlinhdan.com\/vi\/wp-json\/wp\/v2\/types\/product"}],"wp:featuredmedia":[{"embeddable":true,"href":"https:\/\/linhlinhdan.com\/vi\/wp-json\/wp\/v2\/media\/2287"}],"wp:attachment":[{"href":"https:\/\/linhlinhdan.com\/vi\/wp-json\/wp\/v2\/media?parent=1285"}],"wp:term":[{"taxonomy":"product_cat","embeddable":true,"href":"https:\/\/linhlinhdan.com\/vi\/wp-json\/wp\/v2\/product_cat?post=1285"},{"taxonomy":"product_tag","embeddable":true,"href":"https:\/\/linhlinhdan.com\/vi\/wp-json\/wp\/v2\/product_tag?post=1285"}],"curies":[{"name":"wp","href":"https:\/\/api.w.org\/{rel}","templated":true}]}}