{"id":1287,"date":"2022-08-03T02:44:39","date_gmt":"2022-08-03T02:44:39","guid":{"rendered":"https:\/\/store.linhlinhdan.servisense.xyz\/?post_type=product&#038;p=1287"},"modified":"2023-05-09T11:23:17","modified_gmt":"2023-05-09T04:23:17","slug":"stainless-steel-wheeled-support","status":"publish","type":"product","link":"https:\/\/linhlinhdan.com\/vi\/san-pham\/stainless-steel-wheeled-support\/","title":{"rendered":"GI\u00c1 \u0110\u1ee0 TH\u00c9P KH\u00d4NG G\u1ec8 C\u00d3 B\u00c1NH XE"},"content":{"rendered":"<p>B\u1ed9 2 gi\u00e1 treo h\u00ecnh ch\u1eef \u2018\u2019 T \u2019\u2019, AISI-304. 1 gi\u00e1 c\u00f3 b\u00e1nh v\u00e0 1 gi\u00e1 c\u1ed1 \u0111\u1ecbnh.<br \/>\nBao g\u1ed3m: b\u00e1nh xe k\u00e9o c\u00f3 tay quay.<br \/>\nBao g\u1ed3m: 8 d\u00e2y \u0111ai \u0111\u1ec3 c\u1ed1 \u0111\u1ecbnh cho n\u1eafp.<br \/>\nKh\u00f4ng bao g\u1ed3m \u1ed1ng trung t\u00e2m.<\/p>","protected":false},"excerpt":{"rendered":"<p>B\u1ed9 2 gi\u00e1 treo h\u00ecnh ch\u1eef \u2018\u2019 T \u2019\u2019, AISI-304. 1 gi\u00e1 c\u00f3 b\u00e1nh v\u00e0 1 gi\u00e1 c\u1ed1 \u0111\u1ecbnh.<\/p>","protected":false},"featured_media":2294,"template":"","meta":[],"product_cat":[73],"product_tag":[],"class_list":["post-1287","product","type-product","status-publish","has-post-thumbnail","hentry","product_cat-outside-equipment"],"yoast_head":"<!-- This site is optimized with the Yoast SEO plugin v20.13 - https:\/\/yoast.com\/wordpress\/plugins\/seo\/ -->\n<title>STAINLESS STEEL WHEELED SUPPORT - Linh Linh Dan Store<\/title>\n<meta name=\"robots\" content=\"index, follow, max-snippet:-1, max-image-preview:large, max-video-preview:-1\" \/>\n<link rel=\"canonical\" href=\"https:\/\/linhlinhdan.com\/vi\/san-pham\/stainless-steel-wheeled-support\/\" \/>\n<meta property=\"og:locale\" content=\"vi_VN\" \/>\n<meta property=\"og:type\" content=\"article\" \/>\n<meta property=\"og:title\" content=\"STAINLESS STEEL WHEELED SUPPORT - Linh Linh Dan Store\" \/>\n<meta property=\"og:description\" content=\"Set of 2 brackets in \u2018\u2019T\u2019\u2019 shape, in AISI-304. One with wheels and one fixed.\" \/>\n<meta property=\"og:url\" content=\"https:\/\/linhlinhdan.com\/vi\/san-pham\/stainless-steel-wheeled-support\/\" \/>\n<meta property=\"og:site_name\" content=\"Linh Linh Dan Store\" \/>\n<meta property=\"article:modified_time\" content=\"2023-05-09T04:23:17+00:00\" \/>\n<meta property=\"og:image\" content=\"https:\/\/linhlinhdan.com\/wp-content\/uploads\/2022\/08\/STAINLESS-STEEL-WHEELED-SUPPORT-SKU.jpg\" \/>\n\t<meta property=\"og:image:width\" content=\"500\" \/>\n\t<meta property=\"og:image:height\" content=\"500\" \/>\n\t<meta property=\"og:image:type\" content=\"image\/jpeg\" \/>\n<meta name=\"twitter:card\" content=\"summary_large_image\" \/>\n<meta name=\"twitter:label1\" content=\"\u01af\u1edbc t\u00ednh th\u1eddi gian \u0111\u1ecdc\" \/>\n\t<meta name=\"twitter:data1\" content=\"1 ph\u00fat\" \/>\n<script type=\"application\/ld+json\" class=\"yoast-schema-graph\">{\"@context\":\"https:\/\/schema.org\",\"@graph\":[{\"@type\":\"WebPage\",\"@id\":\"https:\/\/linhlinhdan.com\/product\/stainless-steel-wheeled-support\/\",\"url\":\"https:\/\/linhlinhdan.com\/product\/stainless-steel-wheeled-support\/\",\"name\":\"STAINLESS STEEL WHEELED SUPPORT - Linh Linh Dan Store\",\"isPartOf\":{\"@id\":\"https:\/\/linhlinhdan.com\/#website\"},\"datePublished\":\"2022-08-03T02:44:39+00:00\",\"dateModified\":\"2023-05-09T04:23:17+00:00\",\"breadcrumb\":{\"@id\":\"https:\/\/linhlinhdan.com\/product\/stainless-steel-wheeled-support\/#breadcrumb\"},\"inLanguage\":\"vi\",\"potentialAction\":[{\"@type\":\"ReadAction\",\"target\":[\"https:\/\/linhlinhdan.com\/product\/stainless-steel-wheeled-support\/\"]}]},{\"@type\":\"BreadcrumbList\",\"@id\":\"https:\/\/linhlinhdan.com\/product\/stainless-steel-wheeled-support\/#breadcrumb\",\"itemListElement\":[{\"@type\":\"ListItem\",\"position\":1,\"name\":\"Home\",\"item\":\"https:\/\/linhlinhdan.com\/\"},{\"@type\":\"ListItem\",\"position\":2,\"name\":\"PRODUCTS\",\"item\":\"https:\/\/linhlinhdan.com\/maintenance-products\/\"},{\"@type\":\"ListItem\",\"position\":3,\"name\":\"STAINLESS STEEL WHEELED SUPPORT\"}]},{\"@type\":\"WebSite\",\"@id\":\"https:\/\/linhlinhdan.com\/#website\",\"url\":\"https:\/\/linhlinhdan.com\/\",\"name\":\"Linh Linh Dan Store\",\"description\":\"\",\"potentialAction\":[{\"@type\":\"SearchAction\",\"target\":{\"@type\":\"EntryPoint\",\"urlTemplate\":\"https:\/\/linhlinhdan.com\/?s={search_term_string}\"},\"query-input\":\"required name=search_term_string\"}],\"inLanguage\":\"vi\"}]}<\/script>\n<!-- \/ Yoast SEO plugin. -->","yoast_head_json":{"title":"STAINLESS STEEL WHEELED SUPPORT - Linh Linh Dan Store","robots":{"index":"index","follow":"follow","max-snippet":"max-snippet:-1","max-image-preview":"max-image-preview:large","max-video-preview":"max-video-preview:-1"},"canonical":"https:\/\/linhlinhdan.com\/vi\/san-pham\/stainless-steel-wheeled-support\/","og_locale":"vi_VN","og_type":"article","og_title":"STAINLESS STEEL WHEELED SUPPORT - Linh Linh Dan Store","og_description":"Set of 2 brackets in \u2018\u2019T\u2019\u2019 shape, in AISI-304. One with wheels and one fixed.","og_url":"https:\/\/linhlinhdan.com\/vi\/san-pham\/stainless-steel-wheeled-support\/","og_site_name":"Linh Linh Dan Store","article_modified_time":"2023-05-09T04:23:17+00:00","og_image":[{"width":500,"height":500,"url":"https:\/\/linhlinhdan.com\/wp-content\/uploads\/2022\/08\/STAINLESS-STEEL-WHEELED-SUPPORT-SKU.jpg","type":"image\/jpeg"}],"twitter_card":"summary_large_image","twitter_misc":{"\u01af\u1edbc t\u00ednh th\u1eddi gian \u0111\u1ecdc":"1 ph\u00fat"},"schema":{"@context":"https:\/\/schema.org","@graph":[{"@type":"WebPage","@id":"https:\/\/linhlinhdan.com\/product\/stainless-steel-wheeled-support\/","url":"https:\/\/linhlinhdan.com\/product\/stainless-steel-wheeled-support\/","name":"STAINLESS STEEL WHEELED SUPPORT - Linh Linh Dan Store","isPartOf":{"@id":"https:\/\/linhlinhdan.com\/#website"},"datePublished":"2022-08-03T02:44:39+00:00","dateModified":"2023-05-09T04:23:17+00:00","breadcrumb":{"@id":"https:\/\/linhlinhdan.com\/product\/stainless-steel-wheeled-support\/#breadcrumb"},"inLanguage":"vi","potentialAction":[{"@type":"ReadAction","target":["https:\/\/linhlinhdan.com\/product\/stainless-steel-wheeled-support\/"]}]},{"@type":"BreadcrumbList","@id":"https:\/\/linhlinhdan.com\/product\/stainless-steel-wheeled-support\/#breadcrumb","itemListElement":[{"@type":"ListItem","position":1,"name":"Home","item":"https:\/\/linhlinhdan.com\/"},{"@type":"ListItem","position":2,"name":"PRODUCTS","item":"https:\/\/linhlinhdan.com\/maintenance-products\/"},{"@type":"ListItem","position":3,"name":"STAINLESS STEEL WHEELED SUPPORT"}]},{"@type":"WebSite","@id":"https:\/\/linhlinhdan.com\/#website","url":"https:\/\/linhlinhdan.com\/","name":"Linh Linh Dan Store","description":"","potentialAction":[{"@type":"SearchAction","target":{"@type":"EntryPoint","urlTemplate":"https:\/\/linhlinhdan.com\/?s={search_term_string}"},"query-input":"required name=search_term_string"}],"inLanguage":"vi"}]}},"_links":{"self":[{"href":"https:\/\/linhlinhdan.com\/vi\/wp-json\/wp\/v2\/product\/1287","targetHints":{"allow":["GET"]}}],"collection":[{"href":"https:\/\/linhlinhdan.com\/vi\/wp-json\/wp\/v2\/product"}],"about":[{"href":"https:\/\/linhlinhdan.com\/vi\/wp-json\/wp\/v2\/types\/product"}],"wp:featuredmedia":[{"embeddable":true,"href":"https:\/\/linhlinhdan.com\/vi\/wp-json\/wp\/v2\/media\/2294"}],"wp:attachment":[{"href":"https:\/\/linhlinhdan.com\/vi\/wp-json\/wp\/v2\/media?parent=1287"}],"wp:term":[{"taxonomy":"product_cat","embeddable":true,"href":"https:\/\/linhlinhdan.com\/vi\/wp-json\/wp\/v2\/product_cat?post=1287"},{"taxonomy":"product_tag","embeddable":true,"href":"https:\/\/linhlinhdan.com\/vi\/wp-json\/wp\/v2\/product_tag?post=1287"}],"curies":[{"name":"wp","href":"https:\/\/api.w.org\/{rel}","templated":true}]}}