{"id":1298,"date":"2022-08-03T02:51:42","date_gmt":"2022-08-03T02:51:42","guid":{"rendered":"https:\/\/store.linhlinhdan.servisense.xyz\/?post_type=product&#038;p=1298"},"modified":"2023-05-09T11:24:19","modified_gmt":"2023-05-09T04:24:19","slug":"wide-ladder","status":"publish","type":"product","link":"https:\/\/linhlinhdan.com\/vi\/san-pham\/wide-ladder\/","title":{"rendered":"THANG INOX H\u1ed2 B\u01a0I"},"content":{"rendered":"<p class=\" translation-block\">Thang Inox h\u1ed3 b\u01a1i<br>\n- \u0110\u01b0\u1ee3c l\u00e0m b\u1eb1ng th\u00e9p kh\u00f4ng g\u1ec9 AISI-304, \u0111\u01b0\u1eddng k\u00ednh tay v\u1ecbn \u00d843 (ho\u1eb7c AISI-316 theo \u0111\u01a1n \u0111\u1eb7t h\u00e0ng).<br>\n- Kho\u1ea3ng c\u00e1ch gi\u1eefa c\u00e1c tay v\u1ecbn: 500 mm.<br>\n- Ch\u00e2n thang \u0111\u01b0\u1ee3c b\u1ea3o v\u1ec7 b\u1edfi l\u1edbp nh\u1ef1a m\u1ec1m.<br>\n- \u0110\u01b0\u1ee3c cung c\u1ea5p v\u1edbi t\u1ea5t c\u1ea3 c\u00e1c ph\u1ee5 ki\u1ec7n l\u1eafp r\u00e1p c\u1ea7n thi\u1ebft.<br>\n- C\u00f3 k\u00e8m neo nh\u1ef1a v\u00e0 khung th\u00e9p kh\u00f4ng g\u1ec9.<\/p>","protected":false},"excerpt":{"rendered":"<p>- \u0110\u01b0\u1ee3c l\u00e0m b\u1eb1ng th\u00e9p kh\u00f4ng g\u1ec9 AISI-304, \u0111\u01b0\u1eddng k\u00ednh tay v\u1ecbn \u00d843 (ho\u1eb7c AISI-316 theo \u0111\u01a1n \u0111\u1eb7t h\u00e0ng).<\/p>","protected":false},"featured_media":2297,"template":"","meta":[],"product_cat":[73],"product_tag":[],"class_list":["post-1298","product","type-product","status-publish","has-post-thumbnail","hentry","product_cat-outside-equipment"],"yoast_head":"<!-- This site is optimized with the Yoast SEO plugin v20.13 - https:\/\/yoast.com\/wordpress\/plugins\/seo\/ -->\n<title>WIDE LADDER - Linh Linh Dan Store<\/title>\n<meta name=\"robots\" content=\"index, follow, max-snippet:-1, max-image-preview:large, max-video-preview:-1\" \/>\n<link rel=\"canonical\" href=\"https:\/\/linhlinhdan.com\/vi\/san-pham\/wide-ladder\/\" \/>\n<meta property=\"og:locale\" content=\"vi_VN\" \/>\n<meta property=\"og:type\" content=\"article\" \/>\n<meta property=\"og:title\" content=\"WIDE LADDER - Linh Linh Dan Store\" \/>\n<meta property=\"og:description\" content=\"Made of \u00d843 AISI-304 stainless steel handrails (AISI-316 available on order).\" \/>\n<meta property=\"og:url\" content=\"https:\/\/linhlinhdan.com\/vi\/san-pham\/wide-ladder\/\" \/>\n<meta property=\"og:site_name\" content=\"Linh Linh Dan Store\" \/>\n<meta property=\"article:modified_time\" content=\"2023-05-09T04:24:19+00:00\" \/>\n<meta property=\"og:image\" content=\"https:\/\/linhlinhdan.com\/wp-content\/uploads\/2022\/08\/WIDE-LADDER-SKU.jpg\" \/>\n\t<meta property=\"og:image:width\" content=\"500\" \/>\n\t<meta property=\"og:image:height\" content=\"500\" \/>\n\t<meta property=\"og:image:type\" content=\"image\/jpeg\" \/>\n<meta name=\"twitter:card\" content=\"summary_large_image\" \/>\n<meta name=\"twitter:label1\" content=\"\u01af\u1edbc t\u00ednh th\u1eddi gian \u0111\u1ecdc\" \/>\n\t<meta name=\"twitter:data1\" content=\"1 ph\u00fat\" \/>\n<script type=\"application\/ld+json\" class=\"yoast-schema-graph\">{\"@context\":\"https:\/\/schema.org\",\"@graph\":[{\"@type\":\"WebPage\",\"@id\":\"https:\/\/linhlinhdan.com\/product\/wide-ladder\/\",\"url\":\"https:\/\/linhlinhdan.com\/product\/wide-ladder\/\",\"name\":\"WIDE LADDER - Linh Linh Dan Store\",\"isPartOf\":{\"@id\":\"https:\/\/linhlinhdan.com\/#website\"},\"datePublished\":\"2022-08-03T02:51:42+00:00\",\"dateModified\":\"2023-05-09T04:24:19+00:00\",\"breadcrumb\":{\"@id\":\"https:\/\/linhlinhdan.com\/product\/wide-ladder\/#breadcrumb\"},\"inLanguage\":\"vi\",\"potentialAction\":[{\"@type\":\"ReadAction\",\"target\":[\"https:\/\/linhlinhdan.com\/product\/wide-ladder\/\"]}]},{\"@type\":\"BreadcrumbList\",\"@id\":\"https:\/\/linhlinhdan.com\/product\/wide-ladder\/#breadcrumb\",\"itemListElement\":[{\"@type\":\"ListItem\",\"position\":1,\"name\":\"Home\",\"item\":\"https:\/\/linhlinhdan.com\/\"},{\"@type\":\"ListItem\",\"position\":2,\"name\":\"PRODUCTS\",\"item\":\"https:\/\/linhlinhdan.com\/maintenance-products\/\"},{\"@type\":\"ListItem\",\"position\":3,\"name\":\"WIDE LADDER\"}]},{\"@type\":\"WebSite\",\"@id\":\"https:\/\/linhlinhdan.com\/#website\",\"url\":\"https:\/\/linhlinhdan.com\/\",\"name\":\"Linh Linh Dan Store\",\"description\":\"\",\"potentialAction\":[{\"@type\":\"SearchAction\",\"target\":{\"@type\":\"EntryPoint\",\"urlTemplate\":\"https:\/\/linhlinhdan.com\/?s={search_term_string}\"},\"query-input\":\"required name=search_term_string\"}],\"inLanguage\":\"vi\"}]}<\/script>\n<!-- \/ Yoast SEO plugin. -->","yoast_head_json":{"title":"WIDE LADDER - Linh Linh Dan Store","robots":{"index":"index","follow":"follow","max-snippet":"max-snippet:-1","max-image-preview":"max-image-preview:large","max-video-preview":"max-video-preview:-1"},"canonical":"https:\/\/linhlinhdan.com\/vi\/san-pham\/wide-ladder\/","og_locale":"vi_VN","og_type":"article","og_title":"WIDE LADDER - Linh Linh Dan Store","og_description":"Made of \u00d843 AISI-304 stainless steel handrails (AISI-316 available on order).","og_url":"https:\/\/linhlinhdan.com\/vi\/san-pham\/wide-ladder\/","og_site_name":"Linh Linh Dan Store","article_modified_time":"2023-05-09T04:24:19+00:00","og_image":[{"width":500,"height":500,"url":"https:\/\/linhlinhdan.com\/wp-content\/uploads\/2022\/08\/WIDE-LADDER-SKU.jpg","type":"image\/jpeg"}],"twitter_card":"summary_large_image","twitter_misc":{"\u01af\u1edbc t\u00ednh th\u1eddi gian \u0111\u1ecdc":"1 ph\u00fat"},"schema":{"@context":"https:\/\/schema.org","@graph":[{"@type":"WebPage","@id":"https:\/\/linhlinhdan.com\/product\/wide-ladder\/","url":"https:\/\/linhlinhdan.com\/product\/wide-ladder\/","name":"WIDE LADDER - Linh Linh Dan Store","isPartOf":{"@id":"https:\/\/linhlinhdan.com\/#website"},"datePublished":"2022-08-03T02:51:42+00:00","dateModified":"2023-05-09T04:24:19+00:00","breadcrumb":{"@id":"https:\/\/linhlinhdan.com\/product\/wide-ladder\/#breadcrumb"},"inLanguage":"vi","potentialAction":[{"@type":"ReadAction","target":["https:\/\/linhlinhdan.com\/product\/wide-ladder\/"]}]},{"@type":"BreadcrumbList","@id":"https:\/\/linhlinhdan.com\/product\/wide-ladder\/#breadcrumb","itemListElement":[{"@type":"ListItem","position":1,"name":"Home","item":"https:\/\/linhlinhdan.com\/"},{"@type":"ListItem","position":2,"name":"PRODUCTS","item":"https:\/\/linhlinhdan.com\/maintenance-products\/"},{"@type":"ListItem","position":3,"name":"WIDE LADDER"}]},{"@type":"WebSite","@id":"https:\/\/linhlinhdan.com\/#website","url":"https:\/\/linhlinhdan.com\/","name":"Linh Linh Dan Store","description":"","potentialAction":[{"@type":"SearchAction","target":{"@type":"EntryPoint","urlTemplate":"https:\/\/linhlinhdan.com\/?s={search_term_string}"},"query-input":"required name=search_term_string"}],"inLanguage":"vi"}]}},"_links":{"self":[{"href":"https:\/\/linhlinhdan.com\/vi\/wp-json\/wp\/v2\/product\/1298","targetHints":{"allow":["GET"]}}],"collection":[{"href":"https:\/\/linhlinhdan.com\/vi\/wp-json\/wp\/v2\/product"}],"about":[{"href":"https:\/\/linhlinhdan.com\/vi\/wp-json\/wp\/v2\/types\/product"}],"wp:featuredmedia":[{"embeddable":true,"href":"https:\/\/linhlinhdan.com\/vi\/wp-json\/wp\/v2\/media\/2297"}],"wp:attachment":[{"href":"https:\/\/linhlinhdan.com\/vi\/wp-json\/wp\/v2\/media?parent=1298"}],"wp:term":[{"taxonomy":"product_cat","embeddable":true,"href":"https:\/\/linhlinhdan.com\/vi\/wp-json\/wp\/v2\/product_cat?post=1298"},{"taxonomy":"product_tag","embeddable":true,"href":"https:\/\/linhlinhdan.com\/vi\/wp-json\/wp\/v2\/product_tag?post=1298"}],"curies":[{"name":"wp","href":"https:\/\/api.w.org\/{rel}","templated":true}]}}