{"id":1311,"date":"2022-08-03T03:15:52","date_gmt":"2022-08-03T03:15:52","guid":{"rendered":"https:\/\/store.linhlinhdan.servisense.xyz\/?post_type=product&#038;p=1311"},"modified":"2023-05-09T10:26:32","modified_gmt":"2023-05-09T03:26:32","slug":"automatic-multiport-valve-2","status":"publish","type":"product","link":"https:\/\/linhlinhdan.com\/vi\/san-pham\/automatic-multiport-valve-2\/","title":{"rendered":"VAN \u0110A CHI\u1ec0U T\u1ef0 \u0110\u1ed8NG"},"content":{"rendered":"<p>- D\u00e0nh cho b\u00ecnh l\u1ecdc v\u1edbi van n\u1eb1m \u1edf b\u00ean.<br \/>\n- Van \u0111a chi\u1ec1u v\u1edbi 6 ch\u1ee9c n\u0103ng \u0111i\u1ec1u khi\u1ec3n t\u1ef1 \u0111\u1ed9ng<br \/>\n- L\u1eadp tr\u00ecnh b\u1eb1ng b\u00e0n ph\u00edm.<br \/>\n- Ch\u1ee9c n\u0103ng b\u00e1o l\u1ed7i<br \/>\n- Ch\u1ee9c n\u0103ng r\u1eeda b\u1edfi \u00e1p l\u1ef1c \u0111i\u1ec1u khi\u1ec3n b\u1eb1ng c\u00f4ng t\u1eafc ho\u1eb7c t\u1ef1 \u0111\u1ed9ng c\u00e0i \u0111\u1eb7t th\u1eddi gian.<br \/>\n- C\u1ef1 ly \u0111i\u1ec1u ch\u1ec9nh \u00e1p l\u1ef1c : 0.3 t\u1edbi 1.2Kg\/cm2 .<br \/>\n-S\u1eb5n s\u00e0ng l\u1eafp \u0111\u1eb7t van an to\u00e0n trong \u0111\u01b0\u1eddng tho\u00e1t n\u01b0\u1edbc.<br \/>\n- Ho\u1ea1t \u0111\u1ed9ng v\u1edbi t\u1ee7 hi\u1ec7n c\u00f3 trong qu\u00e1 tr\u00ecnh c\u00e0i \u0111\u1eb7t<br \/>\n- \u0110i\u1ec7n \u00e1p: 115-230 Vac 50-60Hz.<br \/>\n- B\u1ea3o v\u1ec7: IP65<br \/>\n- \u00c1p l\u1ef1c l\u00e0m vi\u1ec7c t\u1ed1i \u0111a: 3.5Bar.<br \/>\n- T\u1ed1c \u0111\u1ed9 th\u1ed5i t\u1ed1i \u0111a 11\/2\" : 14m3\/h.<br \/>\n- T\u1ed1c \u0111\u1ed9 th\u1ed5i t\u1ed1i \u0111a 2\" : 18m3\/h.<\/p>","protected":false},"excerpt":{"rendered":"<p>- D\u00e0nh cho b\u00ecnh l\u1ecdc v\u1edbi van n\u1eb1m \u1edf b\u00ean.<\/p>","protected":false},"featured_media":2251,"template":"","meta":[],"product_cat":[32],"product_tag":[],"class_list":["post-1311","product","type-product","status-publish","has-post-thumbnail","hentry","product_cat-iml-filter"],"yoast_head":"<!-- This site is optimized with the Yoast SEO plugin v20.13 - https:\/\/yoast.com\/wordpress\/plugins\/seo\/ -->\n<title>AUTOMATIC MULTIPORT VALVE - Linh Linh Dan Store<\/title>\n<meta name=\"robots\" content=\"index, follow, max-snippet:-1, max-image-preview:large, max-video-preview:-1\" \/>\n<link rel=\"canonical\" href=\"https:\/\/linhlinhdan.com\/vi\/san-pham\/automatic-multiport-valve-2\/\" \/>\n<meta property=\"og:locale\" content=\"vi_VN\" \/>\n<meta property=\"og:type\" content=\"article\" \/>\n<meta property=\"og:title\" content=\"AUTOMATIC MULTIPORT VALVE - Linh Linh Dan Store\" \/>\n<meta property=\"og:description\" content=\"For filters with side valve connection.\" \/>\n<meta property=\"og:url\" content=\"https:\/\/linhlinhdan.com\/vi\/san-pham\/automatic-multiport-valve-2\/\" \/>\n<meta property=\"og:site_name\" content=\"Linh Linh Dan Store\" \/>\n<meta property=\"article:modified_time\" content=\"2023-05-09T03:26:32+00:00\" \/>\n<meta property=\"og:image\" content=\"https:\/\/linhlinhdan.com\/wp-content\/uploads\/2022\/08\/AUTOMATIC-MULTIPORT-VALVE-SKU.jpg\" \/>\n\t<meta property=\"og:image:width\" content=\"500\" \/>\n\t<meta property=\"og:image:height\" content=\"500\" \/>\n\t<meta property=\"og:image:type\" content=\"image\/jpeg\" \/>\n<meta name=\"twitter:card\" content=\"summary_large_image\" \/>\n<meta name=\"twitter:label1\" content=\"\u01af\u1edbc t\u00ednh th\u1eddi gian \u0111\u1ecdc\" \/>\n\t<meta name=\"twitter:data1\" content=\"1 ph\u00fat\" \/>\n<script type=\"application\/ld+json\" class=\"yoast-schema-graph\">{\"@context\":\"https:\/\/schema.org\",\"@graph\":[{\"@type\":\"WebPage\",\"@id\":\"https:\/\/linhlinhdan.com\/product\/automatic-multiport-valve-2\/\",\"url\":\"https:\/\/linhlinhdan.com\/product\/automatic-multiport-valve-2\/\",\"name\":\"AUTOMATIC MULTIPORT VALVE - Linh Linh Dan Store\",\"isPartOf\":{\"@id\":\"https:\/\/linhlinhdan.com\/#website\"},\"datePublished\":\"2022-08-03T03:15:52+00:00\",\"dateModified\":\"2023-05-09T03:26:32+00:00\",\"breadcrumb\":{\"@id\":\"https:\/\/linhlinhdan.com\/product\/automatic-multiport-valve-2\/#breadcrumb\"},\"inLanguage\":\"vi\",\"potentialAction\":[{\"@type\":\"ReadAction\",\"target\":[\"https:\/\/linhlinhdan.com\/product\/automatic-multiport-valve-2\/\"]}]},{\"@type\":\"BreadcrumbList\",\"@id\":\"https:\/\/linhlinhdan.com\/product\/automatic-multiport-valve-2\/#breadcrumb\",\"itemListElement\":[{\"@type\":\"ListItem\",\"position\":1,\"name\":\"Home\",\"item\":\"https:\/\/linhlinhdan.com\/\"},{\"@type\":\"ListItem\",\"position\":2,\"name\":\"PRODUCTS\",\"item\":\"https:\/\/linhlinhdan.com\/maintenance-products\/\"},{\"@type\":\"ListItem\",\"position\":3,\"name\":\"AUTOMATIC MULTIPORT VALVE\"}]},{\"@type\":\"WebSite\",\"@id\":\"https:\/\/linhlinhdan.com\/#website\",\"url\":\"https:\/\/linhlinhdan.com\/\",\"name\":\"Linh Linh Dan Store\",\"description\":\"\",\"potentialAction\":[{\"@type\":\"SearchAction\",\"target\":{\"@type\":\"EntryPoint\",\"urlTemplate\":\"https:\/\/linhlinhdan.com\/?s={search_term_string}\"},\"query-input\":\"required name=search_term_string\"}],\"inLanguage\":\"vi\"}]}<\/script>\n<!-- \/ Yoast SEO plugin. -->","yoast_head_json":{"title":"AUTOMATIC MULTIPORT VALVE - Linh Linh Dan Store","robots":{"index":"index","follow":"follow","max-snippet":"max-snippet:-1","max-image-preview":"max-image-preview:large","max-video-preview":"max-video-preview:-1"},"canonical":"https:\/\/linhlinhdan.com\/vi\/san-pham\/automatic-multiport-valve-2\/","og_locale":"vi_VN","og_type":"article","og_title":"AUTOMATIC MULTIPORT VALVE - Linh Linh Dan Store","og_description":"For filters with side valve connection.","og_url":"https:\/\/linhlinhdan.com\/vi\/san-pham\/automatic-multiport-valve-2\/","og_site_name":"Linh Linh Dan Store","article_modified_time":"2023-05-09T03:26:32+00:00","og_image":[{"width":500,"height":500,"url":"https:\/\/linhlinhdan.com\/wp-content\/uploads\/2022\/08\/AUTOMATIC-MULTIPORT-VALVE-SKU.jpg","type":"image\/jpeg"}],"twitter_card":"summary_large_image","twitter_misc":{"\u01af\u1edbc t\u00ednh th\u1eddi gian \u0111\u1ecdc":"1 ph\u00fat"},"schema":{"@context":"https:\/\/schema.org","@graph":[{"@type":"WebPage","@id":"https:\/\/linhlinhdan.com\/product\/automatic-multiport-valve-2\/","url":"https:\/\/linhlinhdan.com\/product\/automatic-multiport-valve-2\/","name":"AUTOMATIC MULTIPORT VALVE - Linh Linh Dan Store","isPartOf":{"@id":"https:\/\/linhlinhdan.com\/#website"},"datePublished":"2022-08-03T03:15:52+00:00","dateModified":"2023-05-09T03:26:32+00:00","breadcrumb":{"@id":"https:\/\/linhlinhdan.com\/product\/automatic-multiport-valve-2\/#breadcrumb"},"inLanguage":"vi","potentialAction":[{"@type":"ReadAction","target":["https:\/\/linhlinhdan.com\/product\/automatic-multiport-valve-2\/"]}]},{"@type":"BreadcrumbList","@id":"https:\/\/linhlinhdan.com\/product\/automatic-multiport-valve-2\/#breadcrumb","itemListElement":[{"@type":"ListItem","position":1,"name":"Home","item":"https:\/\/linhlinhdan.com\/"},{"@type":"ListItem","position":2,"name":"PRODUCTS","item":"https:\/\/linhlinhdan.com\/maintenance-products\/"},{"@type":"ListItem","position":3,"name":"AUTOMATIC MULTIPORT VALVE"}]},{"@type":"WebSite","@id":"https:\/\/linhlinhdan.com\/#website","url":"https:\/\/linhlinhdan.com\/","name":"Linh Linh Dan Store","description":"","potentialAction":[{"@type":"SearchAction","target":{"@type":"EntryPoint","urlTemplate":"https:\/\/linhlinhdan.com\/?s={search_term_string}"},"query-input":"required name=search_term_string"}],"inLanguage":"vi"}]}},"_links":{"self":[{"href":"https:\/\/linhlinhdan.com\/vi\/wp-json\/wp\/v2\/product\/1311","targetHints":{"allow":["GET"]}}],"collection":[{"href":"https:\/\/linhlinhdan.com\/vi\/wp-json\/wp\/v2\/product"}],"about":[{"href":"https:\/\/linhlinhdan.com\/vi\/wp-json\/wp\/v2\/types\/product"}],"wp:featuredmedia":[{"embeddable":true,"href":"https:\/\/linhlinhdan.com\/vi\/wp-json\/wp\/v2\/media\/2251"}],"wp:attachment":[{"href":"https:\/\/linhlinhdan.com\/vi\/wp-json\/wp\/v2\/media?parent=1311"}],"wp:term":[{"taxonomy":"product_cat","embeddable":true,"href":"https:\/\/linhlinhdan.com\/vi\/wp-json\/wp\/v2\/product_cat?post=1311"},{"taxonomy":"product_tag","embeddable":true,"href":"https:\/\/linhlinhdan.com\/vi\/wp-json\/wp\/v2\/product_tag?post=1311"}],"curies":[{"name":"wp","href":"https:\/\/api.w.org\/{rel}","templated":true}]}}