{"id":1313,"date":"2022-08-03T03:17:05","date_gmt":"2022-08-03T03:17:05","guid":{"rendered":"https:\/\/store.linhlinhdan.servisense.xyz\/?post_type=product&#038;p=1313"},"modified":"2023-05-09T10:25:39","modified_gmt":"2023-05-09T03:25:39","slug":"hidraulic-safety-valve","status":"publish","type":"product","link":"https:\/\/linhlinhdan.com\/vi\/san-pham\/hidraulic-safety-valve\/","title":{"rendered":"VAN AN TO\u00c0N THU\u1ef6 L\u1ef0C"},"content":{"rendered":"<p>- \u0110\u1eb7c bi\u1ec7t \u0111\u01b0\u1ee3c ch\u1ec9 \u0111\u1ecbnh l\u1eafp \u0111\u1eb7t v\u1edbi ch\u1ee9c n\u0103ng x\u1ea3 th\u1ea3i c\u1ee7a van \u0111a chi\u1ec1u t\u1ef1 \u0111\u1ed9ng<br \/>\n- Tr\u00e1nh \u0111\u01b0\u1ee3c vi\u1ec7c h\u1ed3 b\u01a1i c\u1ea1n n\u01b0\u1edbc trong tr\u01b0\u1eddng h\u1ee3p van b\u1ecb h\u1ecfng hay m\u00e1y b\u01a1m b\u1ecb h\u01b0, \u0111\u1eb7c bi\u1ec7t l\u00e0 khi thi\u1ebft b\u1ecb l\u1ecdc n\u1eb1m d\u01b0\u1edbi m\u1ef1c n\u01b0\u1edbc c\u1ee7a h\u1ed3 b\u01a1i.<br \/>\n- Gi\u00fap tr\u00e1nh l\u00e3ng ph\u00ed v\u00e0 tr\u00e0n n\u01b0\u1edbc khi van thay \u0111\u1ed5i v\u1ecb tr\u00ed l\u00e0m vi\u1ec7c.<br \/>\n- \u1ed0ng k\u1ebft n\u1ed1i \u00f850 ho\u1eb7c 1 \u00bd\u201d.<br \/>\n- \u0110i\u1ec7n \u00e1p : 24 Vac \/0.125 A.<br \/>\n- \u00c1p l\u1ef1c l\u00e0m vi\u1ec7c: 0.2-3kg\/cm2 .<br \/>\n- T\u1ed1c \u0111\u1ed9 ch\u1ea3y: 0.5 - 14m3\/h<\/p>","protected":false},"excerpt":{"rendered":"<p>- \u0110\u1eb7c bi\u1ec7t \u0111\u01b0\u1ee3c ch\u1ec9 \u0111\u1ecbnh l\u1eafp \u0111\u1eb7t v\u1edbi ch\u1ee9c n\u0103ng x\u1ea3 th\u1ea3i c\u1ee7a van \u0111a chi\u1ec1u t\u1ef1 \u0111\u1ed9ng<\/p>","protected":false},"featured_media":2248,"template":"","meta":[],"product_cat":[32],"product_tag":[],"class_list":["post-1313","product","type-product","status-publish","has-post-thumbnail","hentry","product_cat-iml-filter"],"yoast_head":"<!-- This site is optimized with the Yoast SEO plugin v20.13 - https:\/\/yoast.com\/wordpress\/plugins\/seo\/ -->\n<title>HIDRAULIC SAFETY VALVE - Linh Linh Dan Store<\/title>\n<meta name=\"robots\" content=\"index, follow, max-snippet:-1, max-image-preview:large, max-video-preview:-1\" \/>\n<link rel=\"canonical\" href=\"https:\/\/linhlinhdan.com\/vi\/san-pham\/hidraulic-safety-valve\/\" \/>\n<meta property=\"og:locale\" content=\"vi_VN\" \/>\n<meta property=\"og:type\" content=\"article\" \/>\n<meta property=\"og:title\" content=\"HIDRAULIC SAFETY VALVE - Linh Linh Dan Store\" \/>\n<meta property=\"og:description\" content=\"Especially indicated for installation in the waste outlet of an automatic multiport valve.\" \/>\n<meta property=\"og:url\" content=\"https:\/\/linhlinhdan.com\/vi\/san-pham\/hidraulic-safety-valve\/\" \/>\n<meta property=\"og:site_name\" content=\"Linh Linh Dan Store\" \/>\n<meta property=\"article:modified_time\" content=\"2023-05-09T03:25:39+00:00\" \/>\n<meta property=\"og:image\" content=\"https:\/\/linhlinhdan.com\/wp-content\/uploads\/2022\/08\/HIDRAULIC-SAFETY-VALVE-SKU.jpg\" \/>\n\t<meta property=\"og:image:width\" content=\"500\" \/>\n\t<meta property=\"og:image:height\" content=\"500\" \/>\n\t<meta property=\"og:image:type\" content=\"image\/jpeg\" \/>\n<meta name=\"twitter:card\" content=\"summary_large_image\" \/>\n<meta name=\"twitter:label1\" content=\"\u01af\u1edbc t\u00ednh th\u1eddi gian \u0111\u1ecdc\" \/>\n\t<meta name=\"twitter:data1\" content=\"1 ph\u00fat\" \/>\n<script type=\"application\/ld+json\" class=\"yoast-schema-graph\">{\"@context\":\"https:\/\/schema.org\",\"@graph\":[{\"@type\":\"WebPage\",\"@id\":\"https:\/\/linhlinhdan.com\/product\/hidraulic-safety-valve\/\",\"url\":\"https:\/\/linhlinhdan.com\/product\/hidraulic-safety-valve\/\",\"name\":\"HIDRAULIC SAFETY VALVE - Linh Linh Dan Store\",\"isPartOf\":{\"@id\":\"https:\/\/linhlinhdan.com\/#website\"},\"datePublished\":\"2022-08-03T03:17:05+00:00\",\"dateModified\":\"2023-05-09T03:25:39+00:00\",\"breadcrumb\":{\"@id\":\"https:\/\/linhlinhdan.com\/product\/hidraulic-safety-valve\/#breadcrumb\"},\"inLanguage\":\"vi\",\"potentialAction\":[{\"@type\":\"ReadAction\",\"target\":[\"https:\/\/linhlinhdan.com\/product\/hidraulic-safety-valve\/\"]}]},{\"@type\":\"BreadcrumbList\",\"@id\":\"https:\/\/linhlinhdan.com\/product\/hidraulic-safety-valve\/#breadcrumb\",\"itemListElement\":[{\"@type\":\"ListItem\",\"position\":1,\"name\":\"Home\",\"item\":\"https:\/\/linhlinhdan.com\/\"},{\"@type\":\"ListItem\",\"position\":2,\"name\":\"PRODUCTS\",\"item\":\"https:\/\/linhlinhdan.com\/maintenance-products\/\"},{\"@type\":\"ListItem\",\"position\":3,\"name\":\"HIDRAULIC SAFETY VALVE\"}]},{\"@type\":\"WebSite\",\"@id\":\"https:\/\/linhlinhdan.com\/#website\",\"url\":\"https:\/\/linhlinhdan.com\/\",\"name\":\"Linh Linh Dan Store\",\"description\":\"\",\"potentialAction\":[{\"@type\":\"SearchAction\",\"target\":{\"@type\":\"EntryPoint\",\"urlTemplate\":\"https:\/\/linhlinhdan.com\/?s={search_term_string}\"},\"query-input\":\"required name=search_term_string\"}],\"inLanguage\":\"vi\"}]}<\/script>\n<!-- \/ Yoast SEO plugin. -->","yoast_head_json":{"title":"HIDRAULIC SAFETY VALVE - Linh Linh Dan Store","robots":{"index":"index","follow":"follow","max-snippet":"max-snippet:-1","max-image-preview":"max-image-preview:large","max-video-preview":"max-video-preview:-1"},"canonical":"https:\/\/linhlinhdan.com\/vi\/san-pham\/hidraulic-safety-valve\/","og_locale":"vi_VN","og_type":"article","og_title":"HIDRAULIC SAFETY VALVE - Linh Linh Dan Store","og_description":"Especially indicated for installation in the waste outlet of an automatic multiport valve.","og_url":"https:\/\/linhlinhdan.com\/vi\/san-pham\/hidraulic-safety-valve\/","og_site_name":"Linh Linh Dan Store","article_modified_time":"2023-05-09T03:25:39+00:00","og_image":[{"width":500,"height":500,"url":"https:\/\/linhlinhdan.com\/wp-content\/uploads\/2022\/08\/HIDRAULIC-SAFETY-VALVE-SKU.jpg","type":"image\/jpeg"}],"twitter_card":"summary_large_image","twitter_misc":{"\u01af\u1edbc t\u00ednh th\u1eddi gian \u0111\u1ecdc":"1 ph\u00fat"},"schema":{"@context":"https:\/\/schema.org","@graph":[{"@type":"WebPage","@id":"https:\/\/linhlinhdan.com\/product\/hidraulic-safety-valve\/","url":"https:\/\/linhlinhdan.com\/product\/hidraulic-safety-valve\/","name":"HIDRAULIC SAFETY VALVE - Linh Linh Dan Store","isPartOf":{"@id":"https:\/\/linhlinhdan.com\/#website"},"datePublished":"2022-08-03T03:17:05+00:00","dateModified":"2023-05-09T03:25:39+00:00","breadcrumb":{"@id":"https:\/\/linhlinhdan.com\/product\/hidraulic-safety-valve\/#breadcrumb"},"inLanguage":"vi","potentialAction":[{"@type":"ReadAction","target":["https:\/\/linhlinhdan.com\/product\/hidraulic-safety-valve\/"]}]},{"@type":"BreadcrumbList","@id":"https:\/\/linhlinhdan.com\/product\/hidraulic-safety-valve\/#breadcrumb","itemListElement":[{"@type":"ListItem","position":1,"name":"Home","item":"https:\/\/linhlinhdan.com\/"},{"@type":"ListItem","position":2,"name":"PRODUCTS","item":"https:\/\/linhlinhdan.com\/maintenance-products\/"},{"@type":"ListItem","position":3,"name":"HIDRAULIC SAFETY VALVE"}]},{"@type":"WebSite","@id":"https:\/\/linhlinhdan.com\/#website","url":"https:\/\/linhlinhdan.com\/","name":"Linh Linh Dan Store","description":"","potentialAction":[{"@type":"SearchAction","target":{"@type":"EntryPoint","urlTemplate":"https:\/\/linhlinhdan.com\/?s={search_term_string}"},"query-input":"required name=search_term_string"}],"inLanguage":"vi"}]}},"_links":{"self":[{"href":"https:\/\/linhlinhdan.com\/vi\/wp-json\/wp\/v2\/product\/1313","targetHints":{"allow":["GET"]}}],"collection":[{"href":"https:\/\/linhlinhdan.com\/vi\/wp-json\/wp\/v2\/product"}],"about":[{"href":"https:\/\/linhlinhdan.com\/vi\/wp-json\/wp\/v2\/types\/product"}],"wp:featuredmedia":[{"embeddable":true,"href":"https:\/\/linhlinhdan.com\/vi\/wp-json\/wp\/v2\/media\/2248"}],"wp:attachment":[{"href":"https:\/\/linhlinhdan.com\/vi\/wp-json\/wp\/v2\/media?parent=1313"}],"wp:term":[{"taxonomy":"product_cat","embeddable":true,"href":"https:\/\/linhlinhdan.com\/vi\/wp-json\/wp\/v2\/product_cat?post=1313"},{"taxonomy":"product_tag","embeddable":true,"href":"https:\/\/linhlinhdan.com\/vi\/wp-json\/wp\/v2\/product_tag?post=1313"}],"curies":[{"name":"wp","href":"https:\/\/api.w.org\/{rel}","templated":true}]}}