{"id":1601,"date":"2022-11-25T02:13:08","date_gmt":"2022-11-25T02:13:08","guid":{"rendered":"https:\/\/store.linhlinhdan.servisense.xyz\/?post_type=product&#038;p=1601"},"modified":"2023-02-21T14:03:09","modified_gmt":"2023-02-21T07:03:09","slug":"japan-chlorine-granules-90","status":"publish","type":"product","link":"https:\/\/linhlinhdan.com\/vi\/san-pham\/japan-chlorine-granules-90\/","title":{"rendered":"CLO NH\u1eacT D\u1ea0NG H\u1ea0T 90%"},"content":{"rendered":"<p>T\u00ean S\u1ea3n ph\u1ea9m: Chlorine d\u1ea1ng h\u1ea1t 90%<br \/>\nD\u00f9ng \u0111\u1ec3 di\u1ec7t v\u00e0 h\u1ea1n ch\u1ebf rong t\u1ea3o v\u00e0 vi khu\u1ea9n trong h\u1ed3<br \/>\n- H\u00e0m l\u01b0\u1ee3ng: 90%<br \/>\n- D\u1ea1ng h\u1ea1t<br \/>\n- Xu\u1ea5t x\u1ee9: Nh\u1eadt B\u1ea3n<br \/>\n- Lo\u1ea1i ch\u1ea5t l\u00e0m s\u1ea1ch: Ch\u1ea5t kh\u1eed tr\u00f9ng<br \/>\n- Qui c\u00e1ch \u0111\u00f3ng g\u00f3i: 5kg 10kg\/th\u00f9ng<\/p>","protected":false},"excerpt":{"rendered":"<p>T\u00ean S\u1ea3n ph\u1ea9m: Chlorine d\u1ea1ng h\u1ea1t 90%<br \/>\nD\u00f9ng \u0111\u1ec3 di\u1ec7t v\u00e0 h\u1ea1n ch\u1ebf rong t\u1ea3o v\u00e0 vi khu\u1ea9n trong h\u1ed3<br \/>\n- H\u00e0m l\u01b0\u1ee3ng: 90%<\/p>","protected":false},"featured_media":1600,"template":"","meta":[],"product_cat":[82],"product_tag":[],"class_list":["post-1601","product","type-product","status-publish","has-post-thumbnail","hentry","product_cat-chemical"],"yoast_head":"<!-- This site is optimized with the Yoast SEO plugin v20.13 - https:\/\/yoast.com\/wordpress\/plugins\/seo\/ -->\n<title>JAPAN CHLORINE GRANULAR 90% - Linh Linh Dan Store<\/title>\n<meta name=\"robots\" content=\"index, follow, max-snippet:-1, max-image-preview:large, max-video-preview:-1\" \/>\n<link rel=\"canonical\" href=\"https:\/\/linhlinhdan.com\/vi\/san-pham\/japan-chlorine-granules-90\/\" \/>\n<meta property=\"og:locale\" content=\"vi_VN\" \/>\n<meta property=\"og:type\" content=\"article\" \/>\n<meta property=\"og:title\" content=\"JAPAN CHLORINE GRANULAR 90% - Linh Linh Dan Store\" \/>\n<meta property=\"og:description\" content=\"Product Name: Trichloroisocyanuric Acid 90% Kill and contronls algea and bacteria in Swimming Pools - Contenl : 90%\" \/>\n<meta property=\"og:url\" content=\"https:\/\/linhlinhdan.com\/vi\/san-pham\/japan-chlorine-granules-90\/\" \/>\n<meta property=\"og:site_name\" content=\"Linh Linh Dan Store\" \/>\n<meta property=\"article:modified_time\" content=\"2023-02-21T07:03:09+00:00\" \/>\n<meta property=\"og:image\" content=\"https:\/\/linhlinhdan.com\/wp-content\/uploads\/2022\/11\/clo-5kg.jpg\" \/>\n\t<meta property=\"og:image:width\" content=\"500\" \/>\n\t<meta property=\"og:image:height\" content=\"500\" \/>\n\t<meta property=\"og:image:type\" content=\"image\/jpeg\" \/>\n<meta name=\"twitter:card\" content=\"summary_large_image\" \/>\n<meta name=\"twitter:label1\" content=\"\u01af\u1edbc t\u00ednh th\u1eddi gian \u0111\u1ecdc\" \/>\n\t<meta name=\"twitter:data1\" content=\"1 ph\u00fat\" \/>\n<script type=\"application\/ld+json\" class=\"yoast-schema-graph\">{\"@context\":\"https:\/\/schema.org\",\"@graph\":[{\"@type\":\"WebPage\",\"@id\":\"https:\/\/linhlinhdan.com\/product\/japan-chlorine-granules-90\/\",\"url\":\"https:\/\/linhlinhdan.com\/product\/japan-chlorine-granules-90\/\",\"name\":\"JAPAN CHLORINE GRANULAR 90% - Linh Linh Dan Store\",\"isPartOf\":{\"@id\":\"https:\/\/linhlinhdan.com\/#website\"},\"datePublished\":\"2022-11-25T02:13:08+00:00\",\"dateModified\":\"2023-02-21T07:03:09+00:00\",\"breadcrumb\":{\"@id\":\"https:\/\/linhlinhdan.com\/product\/japan-chlorine-granules-90\/#breadcrumb\"},\"inLanguage\":\"vi\",\"potentialAction\":[{\"@type\":\"ReadAction\",\"target\":[\"https:\/\/linhlinhdan.com\/product\/japan-chlorine-granules-90\/\"]}]},{\"@type\":\"BreadcrumbList\",\"@id\":\"https:\/\/linhlinhdan.com\/product\/japan-chlorine-granules-90\/#breadcrumb\",\"itemListElement\":[{\"@type\":\"ListItem\",\"position\":1,\"name\":\"Home\",\"item\":\"https:\/\/linhlinhdan.com\/\"},{\"@type\":\"ListItem\",\"position\":2,\"name\":\"PRODUCTS\",\"item\":\"https:\/\/linhlinhdan.com\/maintenance-products\/\"},{\"@type\":\"ListItem\",\"position\":3,\"name\":\"JAPAN CHLORINE GRANULAR 90%\"}]},{\"@type\":\"WebSite\",\"@id\":\"https:\/\/linhlinhdan.com\/#website\",\"url\":\"https:\/\/linhlinhdan.com\/\",\"name\":\"Linh Linh Dan Store\",\"description\":\"\",\"potentialAction\":[{\"@type\":\"SearchAction\",\"target\":{\"@type\":\"EntryPoint\",\"urlTemplate\":\"https:\/\/linhlinhdan.com\/?s={search_term_string}\"},\"query-input\":\"required name=search_term_string\"}],\"inLanguage\":\"vi\"}]}<\/script>\n<!-- \/ Yoast SEO plugin. -->","yoast_head_json":{"title":"JAPAN CHLORINE GRANULAR 90% - Linh Linh Dan Store","robots":{"index":"index","follow":"follow","max-snippet":"max-snippet:-1","max-image-preview":"max-image-preview:large","max-video-preview":"max-video-preview:-1"},"canonical":"https:\/\/linhlinhdan.com\/vi\/san-pham\/japan-chlorine-granules-90\/","og_locale":"vi_VN","og_type":"article","og_title":"JAPAN CHLORINE GRANULAR 90% - Linh Linh Dan Store","og_description":"Product Name: Trichloroisocyanuric Acid 90% Kill and contronls algea and bacteria in Swimming Pools - Contenl : 90%","og_url":"https:\/\/linhlinhdan.com\/vi\/san-pham\/japan-chlorine-granules-90\/","og_site_name":"Linh Linh Dan Store","article_modified_time":"2023-02-21T07:03:09+00:00","og_image":[{"width":500,"height":500,"url":"https:\/\/linhlinhdan.com\/wp-content\/uploads\/2022\/11\/clo-5kg.jpg","type":"image\/jpeg"}],"twitter_card":"summary_large_image","twitter_misc":{"\u01af\u1edbc t\u00ednh th\u1eddi gian \u0111\u1ecdc":"1 ph\u00fat"},"schema":{"@context":"https:\/\/schema.org","@graph":[{"@type":"WebPage","@id":"https:\/\/linhlinhdan.com\/product\/japan-chlorine-granules-90\/","url":"https:\/\/linhlinhdan.com\/product\/japan-chlorine-granules-90\/","name":"JAPAN CHLORINE GRANULAR 90% - Linh Linh Dan Store","isPartOf":{"@id":"https:\/\/linhlinhdan.com\/#website"},"datePublished":"2022-11-25T02:13:08+00:00","dateModified":"2023-02-21T07:03:09+00:00","breadcrumb":{"@id":"https:\/\/linhlinhdan.com\/product\/japan-chlorine-granules-90\/#breadcrumb"},"inLanguage":"vi","potentialAction":[{"@type":"ReadAction","target":["https:\/\/linhlinhdan.com\/product\/japan-chlorine-granules-90\/"]}]},{"@type":"BreadcrumbList","@id":"https:\/\/linhlinhdan.com\/product\/japan-chlorine-granules-90\/#breadcrumb","itemListElement":[{"@type":"ListItem","position":1,"name":"Home","item":"https:\/\/linhlinhdan.com\/"},{"@type":"ListItem","position":2,"name":"PRODUCTS","item":"https:\/\/linhlinhdan.com\/maintenance-products\/"},{"@type":"ListItem","position":3,"name":"JAPAN CHLORINE GRANULAR 90%"}]},{"@type":"WebSite","@id":"https:\/\/linhlinhdan.com\/#website","url":"https:\/\/linhlinhdan.com\/","name":"Linh Linh Dan Store","description":"","potentialAction":[{"@type":"SearchAction","target":{"@type":"EntryPoint","urlTemplate":"https:\/\/linhlinhdan.com\/?s={search_term_string}"},"query-input":"required name=search_term_string"}],"inLanguage":"vi"}]}},"_links":{"self":[{"href":"https:\/\/linhlinhdan.com\/vi\/wp-json\/wp\/v2\/product\/1601","targetHints":{"allow":["GET"]}}],"collection":[{"href":"https:\/\/linhlinhdan.com\/vi\/wp-json\/wp\/v2\/product"}],"about":[{"href":"https:\/\/linhlinhdan.com\/vi\/wp-json\/wp\/v2\/types\/product"}],"wp:featuredmedia":[{"embeddable":true,"href":"https:\/\/linhlinhdan.com\/vi\/wp-json\/wp\/v2\/media\/1600"}],"wp:attachment":[{"href":"https:\/\/linhlinhdan.com\/vi\/wp-json\/wp\/v2\/media?parent=1601"}],"wp:term":[{"taxonomy":"product_cat","embeddable":true,"href":"https:\/\/linhlinhdan.com\/vi\/wp-json\/wp\/v2\/product_cat?post=1601"},{"taxonomy":"product_tag","embeddable":true,"href":"https:\/\/linhlinhdan.com\/vi\/wp-json\/wp\/v2\/product_tag?post=1601"}],"curies":[{"name":"wp","href":"https:\/\/api.w.org\/{rel}","templated":true}]}}