{"id":1618,"date":"2022-11-25T03:19:18","date_gmt":"2022-11-25T03:19:18","guid":{"rendered":"https:\/\/store.linhlinhdan.servisense.xyz\/?post_type=product&#038;p=1618"},"modified":"2023-02-21T14:11:19","modified_gmt":"2023-02-21T07:11:19","slug":"australian-water-polisher","status":"publish","type":"product","link":"https:\/\/linhlinhdan.com\/vi\/san-pham\/australian-water-polisher\/","title":{"rendered":"CH\u1ea4T L\u00c0M B\u00d3NG N\u01af\u1edaC"},"content":{"rendered":"<p>T\u00ean s\u1ea3n ph\u1ea9m: Ch\u1ea5t l\u00e0m b\u00f3ng n\u01b0\u1edbc<br \/>\n- Gi\u00fap cho n\u01b0\u1edbc h\u1ed3 b\u01a1i trong v\u1eaft v\u00e0 \u1ed1ng \u00e1nh<br \/>\n- Th\u00e0nh ph\u1ea7n ho\u1ea1t t\u00ednh: Ch\u1ea5t poly-diallydimethylammonium Chloride<br \/>\n- H\u00f3a ch\u1ea5t l\u00e0m b\u00f3ng n\u01b0\u1edbc th\u00edch h\u1ee3p v\u1edbi t\u1ea5t c\u1ea3 m\u1ecdi h\u00f3a ch\u1ea5t kh\u00e1c v\u00e0 kh\u00f4ng \u1ea3nh h\u01b0\u1edfng g\u00ec \u0111\u1ebfn m\u1ee9c c\u00e2n b\u1eb1ng h\u00f3a ch\u1ea5t c\u1ee7a h\u1ed3 b\u01a1i<br \/>\n- Xu\u1ea5t x\u1ee9: \u00dac<br \/>\n- Qui c\u00e1ch \u0111\u00f3ng g\u00f3i: 1l\u00edt\/b\u00ecnh<\/p>","protected":false},"excerpt":{"rendered":"<p>- Th\u00e0nh ph\u1ea7n ho\u1ea1t t\u00ednh: Ch\u1ea5t poly-diallydimethylammonium Chloride<br \/>\n- Gi\u00fap cho n\u01b0\u1edbc h\u1ed3 b\u01a1i trong v\u1eaft v\u00e0 \u1ed1ng \u00e1nh<\/p>","protected":false},"featured_media":1619,"template":"","meta":[],"product_cat":[82],"product_tag":[],"class_list":["post-1618","product","type-product","status-publish","has-post-thumbnail","hentry","product_cat-chemical"],"yoast_head":"<!-- This site is optimized with the Yoast SEO plugin v20.13 - https:\/\/yoast.com\/wordpress\/plugins\/seo\/ -->\n<title>AUSTRALIA WATER POLISHER - Linh Linh Dan Store<\/title>\n<meta name=\"robots\" content=\"index, follow, max-snippet:-1, max-image-preview:large, max-video-preview:-1\" \/>\n<link rel=\"canonical\" href=\"https:\/\/linhlinhdan.com\/vi\/san-pham\/australian-water-polisher\/\" \/>\n<meta property=\"og:locale\" content=\"vi_VN\" \/>\n<meta property=\"og:type\" content=\"article\" \/>\n<meta property=\"og:title\" content=\"AUSTRALIA WATER POLISHER - Linh Linh Dan Store\" \/>\n<meta property=\"og:description\" content=\"- Active Constituent : Poly-diallydimethylammonium Chloride - For crystal clear Swimming Pool\" \/>\n<meta property=\"og:url\" content=\"https:\/\/linhlinhdan.com\/vi\/san-pham\/australian-water-polisher\/\" \/>\n<meta property=\"og:site_name\" content=\"Linh Linh Dan Store\" \/>\n<meta property=\"article:modified_time\" content=\"2023-02-21T07:11:19+00:00\" \/>\n<meta property=\"og:image\" content=\"https:\/\/linhlinhdan.com\/wp-content\/uploads\/2022\/11\/nuoc-lam-bong.jpg\" \/>\n\t<meta property=\"og:image:width\" content=\"500\" \/>\n\t<meta property=\"og:image:height\" content=\"500\" \/>\n\t<meta property=\"og:image:type\" content=\"image\/jpeg\" \/>\n<meta name=\"twitter:card\" content=\"summary_large_image\" \/>\n<meta name=\"twitter:label1\" content=\"\u01af\u1edbc t\u00ednh th\u1eddi gian \u0111\u1ecdc\" \/>\n\t<meta name=\"twitter:data1\" content=\"1 ph\u00fat\" \/>\n<script type=\"application\/ld+json\" class=\"yoast-schema-graph\">{\"@context\":\"https:\/\/schema.org\",\"@graph\":[{\"@type\":\"WebPage\",\"@id\":\"https:\/\/linhlinhdan.com\/product\/australian-water-polisher\/\",\"url\":\"https:\/\/linhlinhdan.com\/product\/australian-water-polisher\/\",\"name\":\"AUSTRALIA WATER POLISHER - Linh Linh Dan Store\",\"isPartOf\":{\"@id\":\"https:\/\/linhlinhdan.com\/#website\"},\"datePublished\":\"2022-11-25T03:19:18+00:00\",\"dateModified\":\"2023-02-21T07:11:19+00:00\",\"breadcrumb\":{\"@id\":\"https:\/\/linhlinhdan.com\/product\/australian-water-polisher\/#breadcrumb\"},\"inLanguage\":\"vi\",\"potentialAction\":[{\"@type\":\"ReadAction\",\"target\":[\"https:\/\/linhlinhdan.com\/product\/australian-water-polisher\/\"]}]},{\"@type\":\"BreadcrumbList\",\"@id\":\"https:\/\/linhlinhdan.com\/product\/australian-water-polisher\/#breadcrumb\",\"itemListElement\":[{\"@type\":\"ListItem\",\"position\":1,\"name\":\"Home\",\"item\":\"https:\/\/linhlinhdan.com\/\"},{\"@type\":\"ListItem\",\"position\":2,\"name\":\"PRODUCTS\",\"item\":\"https:\/\/linhlinhdan.com\/maintenance-products\/\"},{\"@type\":\"ListItem\",\"position\":3,\"name\":\"AUSTRALIA WATER POLISHER\"}]},{\"@type\":\"WebSite\",\"@id\":\"https:\/\/linhlinhdan.com\/#website\",\"url\":\"https:\/\/linhlinhdan.com\/\",\"name\":\"Linh Linh Dan Store\",\"description\":\"\",\"potentialAction\":[{\"@type\":\"SearchAction\",\"target\":{\"@type\":\"EntryPoint\",\"urlTemplate\":\"https:\/\/linhlinhdan.com\/?s={search_term_string}\"},\"query-input\":\"required name=search_term_string\"}],\"inLanguage\":\"vi\"}]}<\/script>\n<!-- \/ Yoast SEO plugin. -->","yoast_head_json":{"title":"AUSTRALIA WATER POLISHER - Linh Linh Dan Store","robots":{"index":"index","follow":"follow","max-snippet":"max-snippet:-1","max-image-preview":"max-image-preview:large","max-video-preview":"max-video-preview:-1"},"canonical":"https:\/\/linhlinhdan.com\/vi\/san-pham\/australian-water-polisher\/","og_locale":"vi_VN","og_type":"article","og_title":"AUSTRALIA WATER POLISHER - Linh Linh Dan Store","og_description":"- Active Constituent : Poly-diallydimethylammonium Chloride - For crystal clear Swimming Pool","og_url":"https:\/\/linhlinhdan.com\/vi\/san-pham\/australian-water-polisher\/","og_site_name":"Linh Linh Dan Store","article_modified_time":"2023-02-21T07:11:19+00:00","og_image":[{"width":500,"height":500,"url":"https:\/\/linhlinhdan.com\/wp-content\/uploads\/2022\/11\/nuoc-lam-bong.jpg","type":"image\/jpeg"}],"twitter_card":"summary_large_image","twitter_misc":{"\u01af\u1edbc t\u00ednh th\u1eddi gian \u0111\u1ecdc":"1 ph\u00fat"},"schema":{"@context":"https:\/\/schema.org","@graph":[{"@type":"WebPage","@id":"https:\/\/linhlinhdan.com\/product\/australian-water-polisher\/","url":"https:\/\/linhlinhdan.com\/product\/australian-water-polisher\/","name":"AUSTRALIA WATER POLISHER - Linh Linh Dan Store","isPartOf":{"@id":"https:\/\/linhlinhdan.com\/#website"},"datePublished":"2022-11-25T03:19:18+00:00","dateModified":"2023-02-21T07:11:19+00:00","breadcrumb":{"@id":"https:\/\/linhlinhdan.com\/product\/australian-water-polisher\/#breadcrumb"},"inLanguage":"vi","potentialAction":[{"@type":"ReadAction","target":["https:\/\/linhlinhdan.com\/product\/australian-water-polisher\/"]}]},{"@type":"BreadcrumbList","@id":"https:\/\/linhlinhdan.com\/product\/australian-water-polisher\/#breadcrumb","itemListElement":[{"@type":"ListItem","position":1,"name":"Home","item":"https:\/\/linhlinhdan.com\/"},{"@type":"ListItem","position":2,"name":"PRODUCTS","item":"https:\/\/linhlinhdan.com\/maintenance-products\/"},{"@type":"ListItem","position":3,"name":"AUSTRALIA WATER POLISHER"}]},{"@type":"WebSite","@id":"https:\/\/linhlinhdan.com\/#website","url":"https:\/\/linhlinhdan.com\/","name":"Linh Linh Dan Store","description":"","potentialAction":[{"@type":"SearchAction","target":{"@type":"EntryPoint","urlTemplate":"https:\/\/linhlinhdan.com\/?s={search_term_string}"},"query-input":"required name=search_term_string"}],"inLanguage":"vi"}]}},"_links":{"self":[{"href":"https:\/\/linhlinhdan.com\/vi\/wp-json\/wp\/v2\/product\/1618","targetHints":{"allow":["GET"]}}],"collection":[{"href":"https:\/\/linhlinhdan.com\/vi\/wp-json\/wp\/v2\/product"}],"about":[{"href":"https:\/\/linhlinhdan.com\/vi\/wp-json\/wp\/v2\/types\/product"}],"wp:featuredmedia":[{"embeddable":true,"href":"https:\/\/linhlinhdan.com\/vi\/wp-json\/wp\/v2\/media\/1619"}],"wp:attachment":[{"href":"https:\/\/linhlinhdan.com\/vi\/wp-json\/wp\/v2\/media?parent=1618"}],"wp:term":[{"taxonomy":"product_cat","embeddable":true,"href":"https:\/\/linhlinhdan.com\/vi\/wp-json\/wp\/v2\/product_cat?post=1618"},{"taxonomy":"product_tag","embeddable":true,"href":"https:\/\/linhlinhdan.com\/vi\/wp-json\/wp\/v2\/product_tag?post=1618"}],"curies":[{"name":"wp","href":"https:\/\/api.w.org\/{rel}","templated":true}]}}