{"id":1911,"date":"2023-02-16T09:16:28","date_gmt":"2023-02-16T02:16:28","guid":{"rendered":"https:\/\/store.linhlinhdan.demo.servisense.agency\/?post_type=product&#038;p=1911"},"modified":"2023-11-21T08:23:01","modified_gmt":"2023-11-21T01:23:01","slug":"lisboa-alto-rendimient-to-08m","status":"publish","type":"product","link":"https:\/\/linhlinhdan.com\/vi\/san-pham\/lisboa-alto-rendimient-to-08m\/","title":{"rendered":"B\u00ccNH L\u1eccC C\u00c1T H\u1ed2 B\u01a0I LISBOA 0,8M"},"content":{"rendered":"<p class=\" translation-block\">B\u00ecnh l\u1ecdc c\u00e1t h\u1ed3 b\u01a1i hi\u1ec7u su\u1ea5t cao \u0111\u01b0\u1ee3c l\u00e0m b\u1eb1ng polyester v\u00e0 s\u1ee3i th\u1ee7y tinh ch\u1ecbu l\u1ef1c, \u0111\u1ed9 b\u1ec1n cao.<br>\nChi\u1ec1u cao b\u00ecnh l\u1ecdc 0,8m. T\u1eeb \u00d8500 \u0111\u1ebfn \u00d8900.<br>\nChi\u1ec1u cao 0,8m v\u1edbi n\u0103ng su\u1ea5t l\u1ecdc cao.<br>\n\u0110\u01b0\u1ee3c l\u00e0m b\u1eb1ng nh\u1ef1a polyester v\u00e0 s\u1ee3i th\u1ee7y tinh ch\u1ecbu l\u1ef1c, \u0111\u1ed9 b\u1ec1n cao (c\u00f3 \u0111\u1ebf b\u1eb1ng nh\u1ef1a).<br>\nV\u1edbi thi\u1ebft k\u1ebf b\u1ed9 thu gom 1\" gi\u00fap t\u0103ng b\u1ec1 m\u1eb7t l\u1ecdc v\u00e0 hi\u1ec7u su\u1ea5t l\u1ecdc.<br>\n\u0110\u01b0\u1ee3c trang b\u1ecb \u0111\u1ed3ng h\u1ed3 \u0111o \u00e1p su\u1ea5t, tho\u00e1t n\u01b0\u1edbc v\u00e0 tho\u00e1t kh\u00ed.<br>\nC\u1ed1ng x\u1ea3 c\u00e1t 2 \u00bd\u201d.<br>\nK\u1ebft n\u1ed1i v\u1edbi Van \u0111a chi\u1ec1u 6 ch\u1ee9c n\u0103ng: l\u1ecdc tu\u1ea7n ho\u00e0n, r\u1eeda b\u00ecnh l\u1ecdc, r\u1eeda \u0111\u01b0\u1eddng \u1ed1ng, van, x\u1ea3 b\u1ecf n\u01b0\u1edbc h\u1ed3, tu\u1ea7n ho\u00e0n kh\u00f4ng qua l\u1ecdc, \u0111\u00f3ng h\u1ec7 th\u1ed1ng.<br>\n\u00c1p su\u1ea5t ho\u1ea1t \u0111\u1ed9ng t\u1ed1i \u0111a: 2,5 Kg \/ cm2.<\/p>","protected":false},"excerpt":{"rendered":"<p>B\u00ecnh l\u1ecdc c\u00e1t h\u1ed3 b\u01a1i hi\u1ec7u su\u1ea5t cao \u0111\u01b0\u1ee3c l\u00e0m b\u1eb1ng polyester v\u00e0 s\u1ee3i th\u1ee7y tinh ch\u1ecbu l\u1ef1c, \u0111\u1ed9 b\u1ec1n cao.<br \/>\nChi\u1ec1u cao b\u00ecnh l\u1ecdc 0,8m. T\u1eeb \u00d8500 \u0111\u1ebfn \u00d8900.<\/p>","protected":false},"featured_media":1912,"template":"","meta":[],"product_cat":[32],"product_tag":[],"class_list":["post-1911","product","type-product","status-publish","has-post-thumbnail","hentry","product_cat-iml-filter"],"yoast_head":"<!-- This site is optimized with the Yoast SEO plugin v20.13 - https:\/\/yoast.com\/wordpress\/plugins\/seo\/ -->\n<title>LISBOA ALTO RENDIMIENT TO 0,8M - Linh Linh Dan Store<\/title>\n<meta name=\"robots\" content=\"index, follow, max-snippet:-1, max-image-preview:large, max-video-preview:-1\" \/>\n<link rel=\"canonical\" href=\"https:\/\/linhlinhdan.com\/vi\/san-pham\/lisboa-alto-rendimient-to-08m\/\" \/>\n<meta property=\"og:locale\" content=\"vi_VN\" \/>\n<meta property=\"og:type\" content=\"article\" \/>\n<meta property=\"og:title\" content=\"LISBOA ALTO RENDIMIENT TO 0,8M - Linh Linh Dan Store\" \/>\n<meta property=\"og:description\" content=\"High performance sand filters made with polyester and fibreglass. Filtration bed height of 800 mm. From \u00d8500 to \u00d8900.\" \/>\n<meta property=\"og:url\" content=\"https:\/\/linhlinhdan.com\/vi\/san-pham\/lisboa-alto-rendimient-to-08m\/\" \/>\n<meta property=\"og:site_name\" content=\"Linh Linh Dan Store\" \/>\n<meta property=\"article:modified_time\" content=\"2023-11-21T01:23:01+00:00\" \/>\n<meta property=\"og:image\" content=\"https:\/\/linhlinhdan.com\/wp-content\/uploads\/2023\/02\/500-x-500-product-template-1.jpg\" \/>\n\t<meta property=\"og:image:width\" content=\"500\" \/>\n\t<meta property=\"og:image:height\" content=\"500\" \/>\n\t<meta property=\"og:image:type\" content=\"image\/jpeg\" \/>\n<meta name=\"twitter:card\" content=\"summary_large_image\" \/>\n<meta name=\"twitter:label1\" content=\"\u01af\u1edbc t\u00ednh th\u1eddi gian \u0111\u1ecdc\" \/>\n\t<meta name=\"twitter:data1\" content=\"1 ph\u00fat\" \/>\n<script type=\"application\/ld+json\" class=\"yoast-schema-graph\">{\"@context\":\"https:\/\/schema.org\",\"@graph\":[{\"@type\":\"WebPage\",\"@id\":\"https:\/\/linhlinhdan.com\/product\/lisboa-alto-rendimient-to-08m\/\",\"url\":\"https:\/\/linhlinhdan.com\/product\/lisboa-alto-rendimient-to-08m\/\",\"name\":\"LISBOA ALTO RENDIMIENT TO 0,8M - Linh Linh Dan Store\",\"isPartOf\":{\"@id\":\"https:\/\/linhlinhdan.com\/#website\"},\"datePublished\":\"2023-02-16T02:16:28+00:00\",\"dateModified\":\"2023-11-21T01:23:01+00:00\",\"breadcrumb\":{\"@id\":\"https:\/\/linhlinhdan.com\/product\/lisboa-alto-rendimient-to-08m\/#breadcrumb\"},\"inLanguage\":\"vi\",\"potentialAction\":[{\"@type\":\"ReadAction\",\"target\":[\"https:\/\/linhlinhdan.com\/product\/lisboa-alto-rendimient-to-08m\/\"]}]},{\"@type\":\"BreadcrumbList\",\"@id\":\"https:\/\/linhlinhdan.com\/product\/lisboa-alto-rendimient-to-08m\/#breadcrumb\",\"itemListElement\":[{\"@type\":\"ListItem\",\"position\":1,\"name\":\"Home\",\"item\":\"https:\/\/linhlinhdan.com\/\"},{\"@type\":\"ListItem\",\"position\":2,\"name\":\"PRODUCTS\",\"item\":\"https:\/\/linhlinhdan.com\/maintenance-products\/\"},{\"@type\":\"ListItem\",\"position\":3,\"name\":\"LISBOA ALTO RENDIMIENT TO 0,8M\"}]},{\"@type\":\"WebSite\",\"@id\":\"https:\/\/linhlinhdan.com\/#website\",\"url\":\"https:\/\/linhlinhdan.com\/\",\"name\":\"Linh Linh Dan Store\",\"description\":\"\",\"potentialAction\":[{\"@type\":\"SearchAction\",\"target\":{\"@type\":\"EntryPoint\",\"urlTemplate\":\"https:\/\/linhlinhdan.com\/?s={search_term_string}\"},\"query-input\":\"required name=search_term_string\"}],\"inLanguage\":\"vi\"}]}<\/script>\n<!-- \/ Yoast SEO plugin. -->","yoast_head_json":{"title":"LISBOA ALTO RENDIMIENT TO 0,8M - Linh Linh Dan Store","robots":{"index":"index","follow":"follow","max-snippet":"max-snippet:-1","max-image-preview":"max-image-preview:large","max-video-preview":"max-video-preview:-1"},"canonical":"https:\/\/linhlinhdan.com\/vi\/san-pham\/lisboa-alto-rendimient-to-08m\/","og_locale":"vi_VN","og_type":"article","og_title":"LISBOA ALTO RENDIMIENT TO 0,8M - Linh Linh Dan Store","og_description":"High performance sand filters made with polyester and fibreglass. Filtration bed height of 800 mm. From \u00d8500 to \u00d8900.","og_url":"https:\/\/linhlinhdan.com\/vi\/san-pham\/lisboa-alto-rendimient-to-08m\/","og_site_name":"Linh Linh Dan Store","article_modified_time":"2023-11-21T01:23:01+00:00","og_image":[{"width":500,"height":500,"url":"https:\/\/linhlinhdan.com\/wp-content\/uploads\/2023\/02\/500-x-500-product-template-1.jpg","type":"image\/jpeg"}],"twitter_card":"summary_large_image","twitter_misc":{"\u01af\u1edbc t\u00ednh th\u1eddi gian \u0111\u1ecdc":"1 ph\u00fat"},"schema":{"@context":"https:\/\/schema.org","@graph":[{"@type":"WebPage","@id":"https:\/\/linhlinhdan.com\/product\/lisboa-alto-rendimient-to-08m\/","url":"https:\/\/linhlinhdan.com\/product\/lisboa-alto-rendimient-to-08m\/","name":"LISBOA ALTO RENDIMIENT TO 0,8M - Linh Linh Dan Store","isPartOf":{"@id":"https:\/\/linhlinhdan.com\/#website"},"datePublished":"2023-02-16T02:16:28+00:00","dateModified":"2023-11-21T01:23:01+00:00","breadcrumb":{"@id":"https:\/\/linhlinhdan.com\/product\/lisboa-alto-rendimient-to-08m\/#breadcrumb"},"inLanguage":"vi","potentialAction":[{"@type":"ReadAction","target":["https:\/\/linhlinhdan.com\/product\/lisboa-alto-rendimient-to-08m\/"]}]},{"@type":"BreadcrumbList","@id":"https:\/\/linhlinhdan.com\/product\/lisboa-alto-rendimient-to-08m\/#breadcrumb","itemListElement":[{"@type":"ListItem","position":1,"name":"Home","item":"https:\/\/linhlinhdan.com\/"},{"@type":"ListItem","position":2,"name":"PRODUCTS","item":"https:\/\/linhlinhdan.com\/maintenance-products\/"},{"@type":"ListItem","position":3,"name":"LISBOA ALTO RENDIMIENT TO 0,8M"}]},{"@type":"WebSite","@id":"https:\/\/linhlinhdan.com\/#website","url":"https:\/\/linhlinhdan.com\/","name":"Linh Linh Dan Store","description":"","potentialAction":[{"@type":"SearchAction","target":{"@type":"EntryPoint","urlTemplate":"https:\/\/linhlinhdan.com\/?s={search_term_string}"},"query-input":"required name=search_term_string"}],"inLanguage":"vi"}]}},"_links":{"self":[{"href":"https:\/\/linhlinhdan.com\/vi\/wp-json\/wp\/v2\/product\/1911","targetHints":{"allow":["GET"]}}],"collection":[{"href":"https:\/\/linhlinhdan.com\/vi\/wp-json\/wp\/v2\/product"}],"about":[{"href":"https:\/\/linhlinhdan.com\/vi\/wp-json\/wp\/v2\/types\/product"}],"wp:featuredmedia":[{"embeddable":true,"href":"https:\/\/linhlinhdan.com\/vi\/wp-json\/wp\/v2\/media\/1912"}],"wp:attachment":[{"href":"https:\/\/linhlinhdan.com\/vi\/wp-json\/wp\/v2\/media?parent=1911"}],"wp:term":[{"taxonomy":"product_cat","embeddable":true,"href":"https:\/\/linhlinhdan.com\/vi\/wp-json\/wp\/v2\/product_cat?post=1911"},{"taxonomy":"product_tag","embeddable":true,"href":"https:\/\/linhlinhdan.com\/vi\/wp-json\/wp\/v2\/product_tag?post=1911"}],"curies":[{"name":"wp","href":"https:\/\/api.w.org\/{rel}","templated":true}]}}