{"id":2025,"date":"2023-02-27T10:43:24","date_gmt":"2023-02-27T03:43:24","guid":{"rendered":"https:\/\/store.linhlinhdan.demo.servisense.agency\/?post_type=product&#038;p=2025"},"modified":"2023-07-10T10:45:04","modified_gmt":"2023-07-10T03:45:04","slug":"underwater-led-lights","status":"publish","type":"product","link":"https:\/\/linhlinhdan.com\/vi\/san-pham\/underwater-led-lights\/","title":{"rendered":"\u0110\u00e8n led h\u1ed3 b\u01a1i"},"content":{"rendered":"<p>\u0110\u01b0\u1ee3c l\u00e0m b\u1eb1ng nh\u1ef1a ABS m\u00e0u tr\u1eafng, b\u1ec1n, ch\u1ed1ng \u0111\u01b0\u1ee3c tia c\u1ef1c t\u00edm v\u00e0 c\u00e1c lo\u1ea1i ho\u00e1 ch\u1ea5t th\u01b0\u1eddng g\u1eb7p trong h\u1ed3 b\u01a1i.<br \/>\n\u0110\u00e8n LED ti\u00eau th\u1ee5 th\u1ea5p v\u00e0 hi\u1ec7u su\u1ea5t \u00e1nh s\u00e1ng cao.<br \/>\nKh\u1ea3 n\u0103ng thay \u0111\u1ed5i m\u00e0u s\u1eafc c\u1ee7a \u00e1nh s\u00e1ng v\u1edbi c\u00e1c chu k\u1ef3 c\u00f3 th\u1ec3 l\u1eadp tr\u00ecnh.<\/p>","protected":false},"excerpt":{"rendered":"<p>\u0110\u01b0\u1ee3c l\u00e0m b\u1eb1ng nh\u1ef1a ABS m\u00e0u tr\u1eafng, b\u1ec1n, ch\u1ed1ng \u0111\u01b0\u1ee3c tia c\u1ef1c t\u00edm v\u00e0 c\u00e1c lo\u1ea1i ho\u00e1 ch\u1ea5t th\u01b0\u1eddng g\u1eb7p trong h\u1ed3 b\u01a1i.<\/p>","protected":false},"featured_media":2676,"template":"","meta":[],"product_cat":[72],"product_tag":[],"class_list":["post-2025","product","type-product","status-publish","has-post-thumbnail","hentry","product_cat-lighting"],"yoast_head":"<!-- This site is optimized with the Yoast SEO plugin v20.13 - https:\/\/yoast.com\/wordpress\/plugins\/seo\/ -->\n<title>UNDERWATER LED LIGHTS - Linh Linh Dan Store<\/title>\n<meta name=\"robots\" content=\"index, follow, max-snippet:-1, max-image-preview:large, max-video-preview:-1\" \/>\n<link rel=\"canonical\" href=\"https:\/\/linhlinhdan.com\/vi\/san-pham\/underwater-led-lights\/\" \/>\n<meta property=\"og:locale\" content=\"vi_VN\" \/>\n<meta property=\"og:type\" content=\"article\" \/>\n<meta property=\"og:title\" content=\"UNDERWATER LED LIGHTS - Linh Linh Dan Store\" \/>\n<meta property=\"og:description\" content=\"Made of white ABS, UVA unalterable and resistant to chemicals common in a pool.\" \/>\n<meta property=\"og:url\" content=\"https:\/\/linhlinhdan.com\/vi\/san-pham\/underwater-led-lights\/\" \/>\n<meta property=\"og:site_name\" content=\"Linh Linh Dan Store\" \/>\n<meta property=\"article:modified_time\" content=\"2023-07-10T03:45:04+00:00\" \/>\n<meta property=\"og:image\" content=\"https:\/\/linhlinhdan.com\/wp-content\/uploads\/2023\/02\/UNDERWATER-LED-LIGHTS-SKU-1.jpg\" \/>\n\t<meta property=\"og:image:width\" content=\"500\" \/>\n\t<meta property=\"og:image:height\" content=\"500\" \/>\n\t<meta property=\"og:image:type\" content=\"image\/jpeg\" \/>\n<meta name=\"twitter:card\" content=\"summary_large_image\" \/>\n<script type=\"application\/ld+json\" class=\"yoast-schema-graph\">{\"@context\":\"https:\/\/schema.org\",\"@graph\":[{\"@type\":\"WebPage\",\"@id\":\"https:\/\/linhlinhdan.com\/product\/underwater-led-lights\/\",\"url\":\"https:\/\/linhlinhdan.com\/product\/underwater-led-lights\/\",\"name\":\"UNDERWATER LED LIGHTS - Linh Linh Dan Store\",\"isPartOf\":{\"@id\":\"https:\/\/linhlinhdan.com\/#website\"},\"datePublished\":\"2023-02-27T03:43:24+00:00\",\"dateModified\":\"2023-07-10T03:45:04+00:00\",\"breadcrumb\":{\"@id\":\"https:\/\/linhlinhdan.com\/product\/underwater-led-lights\/#breadcrumb\"},\"inLanguage\":\"vi\",\"potentialAction\":[{\"@type\":\"ReadAction\",\"target\":[\"https:\/\/linhlinhdan.com\/product\/underwater-led-lights\/\"]}]},{\"@type\":\"BreadcrumbList\",\"@id\":\"https:\/\/linhlinhdan.com\/product\/underwater-led-lights\/#breadcrumb\",\"itemListElement\":[{\"@type\":\"ListItem\",\"position\":1,\"name\":\"Home\",\"item\":\"https:\/\/linhlinhdan.com\/\"},{\"@type\":\"ListItem\",\"position\":2,\"name\":\"PRODUCTS\",\"item\":\"https:\/\/linhlinhdan.com\/maintenance-products\/\"},{\"@type\":\"ListItem\",\"position\":3,\"name\":\"UNDERWATER LED LIGHTS\"}]},{\"@type\":\"WebSite\",\"@id\":\"https:\/\/linhlinhdan.com\/#website\",\"url\":\"https:\/\/linhlinhdan.com\/\",\"name\":\"Linh Linh Dan Store\",\"description\":\"\",\"potentialAction\":[{\"@type\":\"SearchAction\",\"target\":{\"@type\":\"EntryPoint\",\"urlTemplate\":\"https:\/\/linhlinhdan.com\/?s={search_term_string}\"},\"query-input\":\"required name=search_term_string\"}],\"inLanguage\":\"vi\"}]}<\/script>\n<!-- \/ Yoast SEO plugin. -->","yoast_head_json":{"title":"UNDERWATER LED LIGHTS - Linh Linh Dan Store","robots":{"index":"index","follow":"follow","max-snippet":"max-snippet:-1","max-image-preview":"max-image-preview:large","max-video-preview":"max-video-preview:-1"},"canonical":"https:\/\/linhlinhdan.com\/vi\/san-pham\/underwater-led-lights\/","og_locale":"vi_VN","og_type":"article","og_title":"UNDERWATER LED LIGHTS - Linh Linh Dan Store","og_description":"Made of white ABS, UVA unalterable and resistant to chemicals common in a pool.","og_url":"https:\/\/linhlinhdan.com\/vi\/san-pham\/underwater-led-lights\/","og_site_name":"Linh Linh Dan Store","article_modified_time":"2023-07-10T03:45:04+00:00","og_image":[{"width":500,"height":500,"url":"https:\/\/linhlinhdan.com\/wp-content\/uploads\/2023\/02\/UNDERWATER-LED-LIGHTS-SKU-1.jpg","type":"image\/jpeg"}],"twitter_card":"summary_large_image","schema":{"@context":"https:\/\/schema.org","@graph":[{"@type":"WebPage","@id":"https:\/\/linhlinhdan.com\/product\/underwater-led-lights\/","url":"https:\/\/linhlinhdan.com\/product\/underwater-led-lights\/","name":"UNDERWATER LED LIGHTS - Linh Linh Dan Store","isPartOf":{"@id":"https:\/\/linhlinhdan.com\/#website"},"datePublished":"2023-02-27T03:43:24+00:00","dateModified":"2023-07-10T03:45:04+00:00","breadcrumb":{"@id":"https:\/\/linhlinhdan.com\/product\/underwater-led-lights\/#breadcrumb"},"inLanguage":"vi","potentialAction":[{"@type":"ReadAction","target":["https:\/\/linhlinhdan.com\/product\/underwater-led-lights\/"]}]},{"@type":"BreadcrumbList","@id":"https:\/\/linhlinhdan.com\/product\/underwater-led-lights\/#breadcrumb","itemListElement":[{"@type":"ListItem","position":1,"name":"Home","item":"https:\/\/linhlinhdan.com\/"},{"@type":"ListItem","position":2,"name":"PRODUCTS","item":"https:\/\/linhlinhdan.com\/maintenance-products\/"},{"@type":"ListItem","position":3,"name":"UNDERWATER LED LIGHTS"}]},{"@type":"WebSite","@id":"https:\/\/linhlinhdan.com\/#website","url":"https:\/\/linhlinhdan.com\/","name":"Linh Linh Dan Store","description":"","potentialAction":[{"@type":"SearchAction","target":{"@type":"EntryPoint","urlTemplate":"https:\/\/linhlinhdan.com\/?s={search_term_string}"},"query-input":"required name=search_term_string"}],"inLanguage":"vi"}]}},"_links":{"self":[{"href":"https:\/\/linhlinhdan.com\/vi\/wp-json\/wp\/v2\/product\/2025","targetHints":{"allow":["GET"]}}],"collection":[{"href":"https:\/\/linhlinhdan.com\/vi\/wp-json\/wp\/v2\/product"}],"about":[{"href":"https:\/\/linhlinhdan.com\/vi\/wp-json\/wp\/v2\/types\/product"}],"wp:featuredmedia":[{"embeddable":true,"href":"https:\/\/linhlinhdan.com\/vi\/wp-json\/wp\/v2\/media\/2676"}],"wp:attachment":[{"href":"https:\/\/linhlinhdan.com\/vi\/wp-json\/wp\/v2\/media?parent=2025"}],"wp:term":[{"taxonomy":"product_cat","embeddable":true,"href":"https:\/\/linhlinhdan.com\/vi\/wp-json\/wp\/v2\/product_cat?post=2025"},{"taxonomy":"product_tag","embeddable":true,"href":"https:\/\/linhlinhdan.com\/vi\/wp-json\/wp\/v2\/product_tag?post=2025"}],"curies":[{"name":"wp","href":"https:\/\/api.w.org\/{rel}","templated":true}]}}