{"id":2034,"date":"2023-02-27T10:45:53","date_gmt":"2023-02-27T03:45:53","guid":{"rendered":"https:\/\/store.linhlinhdan.demo.servisense.agency\/?post_type=product&#038;p=2034"},"modified":"2023-05-09T10:49:12","modified_gmt":"2023-05-09T03:49:12","slug":"std-underwater-lights","status":"publish","type":"product","link":"https:\/\/linhlinhdan.com\/vi\/san-pham\/std-underwater-lights\/","title":{"rendered":"\u0110\u00e8n h\u1ed3 b\u01a1i"},"content":{"rendered":"<p>\u0110\u01b0\u1ee3c l\u00e0m b\u1eb1ng nh\u1ef1a ABS m\u00e0u tr\u1eafng, b\u1ec1n, ch\u1ed1ng \u0111\u01b0\u1ee3c tia c\u1ef1c t\u00edm v\u00e0 c\u00e1c lo\u1ea1i ho\u00e1 ch\u1ea5t th\u01b0\u1eddng g\u1eb7p trong h\u1ed3 b\u01a1i.<br \/>\nC\u01a1 ch\u1ebf hai v\u00edt c\u1ee7a n\u00f3 \u0111\u1ea3m b\u1ea3o s\u1ef1 g\u1eafn k\u1ebft ho\u00e0n h\u1ea3o c\u1ee7a \u0111\u00e8n chi\u1ebfu, b\u1ea3o v\u1ec7 \u0111\u00e8n kh\u00f4ng b\u1ecb r\u01a1i ra ho\u1eb7c di chuy\u1ec3n khi ng\u01b0\u1eddi t\u1eafm ch\u1ea1m v\u00e0o.<br \/>\n\u0110\u1ea7u ra ng\u00e1ch v\u1edbi con d\u1ea5u \u0111\u1ec7m th\u00edch h\u1ee3p cho vi\u1ec7c lu\u1ed3n \u1ed1ng c\u00e1p.<br \/>\nC\u00f4ng su\u1ea5t: 12V-300W<\/p>","protected":false},"excerpt":{"rendered":"<p class=\" translation-block\">C\u00f4ng su\u1ea5t: 12V-300W.<br>\nC\u1ed1 \u0111\u1ecbnh t\u1ea1i h\u1ed1c b\u1eb1ng hai \u1ed1c v\u00edt.<\/p>","protected":false},"featured_media":2260,"template":"","meta":[],"product_cat":[72],"product_tag":[],"class_list":["post-2034","product","type-product","status-publish","has-post-thumbnail","hentry","product_cat-lighting"],"yoast_head":"<!-- This site is optimized with the Yoast SEO plugin v20.13 - https:\/\/yoast.com\/wordpress\/plugins\/seo\/ -->\n<title>STD UNDERWATER LIGHTS - Linh Linh Dan Store<\/title>\n<meta name=\"robots\" content=\"index, follow, max-snippet:-1, max-image-preview:large, max-video-preview:-1\" \/>\n<link rel=\"canonical\" href=\"https:\/\/linhlinhdan.com\/vi\/san-pham\/std-underwater-lights\/\" \/>\n<meta property=\"og:locale\" content=\"vi_VN\" \/>\n<meta property=\"og:type\" content=\"article\" \/>\n<meta property=\"og:title\" content=\"STD UNDERWATER LIGHTS - Linh Linh Dan Store\" \/>\n<meta property=\"og:description\" content=\"300 W \/ 12 V. Fixed at the niche with two screws.\" \/>\n<meta property=\"og:url\" content=\"https:\/\/linhlinhdan.com\/vi\/san-pham\/std-underwater-lights\/\" \/>\n<meta property=\"og:site_name\" content=\"Linh Linh Dan Store\" \/>\n<meta property=\"article:modified_time\" content=\"2023-05-09T03:49:12+00:00\" \/>\n<meta property=\"og:image\" content=\"https:\/\/linhlinhdan.com\/wp-content\/uploads\/2023\/02\/STD-UNDERWATER-LIGHTS-SKU.jpg\" \/>\n\t<meta property=\"og:image:width\" content=\"500\" \/>\n\t<meta property=\"og:image:height\" content=\"500\" \/>\n\t<meta property=\"og:image:type\" content=\"image\/jpeg\" \/>\n<meta name=\"twitter:card\" content=\"summary_large_image\" \/>\n<script type=\"application\/ld+json\" class=\"yoast-schema-graph\">{\"@context\":\"https:\/\/schema.org\",\"@graph\":[{\"@type\":\"WebPage\",\"@id\":\"https:\/\/linhlinhdan.com\/product\/std-underwater-lights\/\",\"url\":\"https:\/\/linhlinhdan.com\/product\/std-underwater-lights\/\",\"name\":\"STD UNDERWATER LIGHTS - Linh Linh Dan Store\",\"isPartOf\":{\"@id\":\"https:\/\/linhlinhdan.com\/#website\"},\"datePublished\":\"2023-02-27T03:45:53+00:00\",\"dateModified\":\"2023-05-09T03:49:12+00:00\",\"breadcrumb\":{\"@id\":\"https:\/\/linhlinhdan.com\/product\/std-underwater-lights\/#breadcrumb\"},\"inLanguage\":\"vi\",\"potentialAction\":[{\"@type\":\"ReadAction\",\"target\":[\"https:\/\/linhlinhdan.com\/product\/std-underwater-lights\/\"]}]},{\"@type\":\"BreadcrumbList\",\"@id\":\"https:\/\/linhlinhdan.com\/product\/std-underwater-lights\/#breadcrumb\",\"itemListElement\":[{\"@type\":\"ListItem\",\"position\":1,\"name\":\"Home\",\"item\":\"https:\/\/linhlinhdan.com\/\"},{\"@type\":\"ListItem\",\"position\":2,\"name\":\"PRODUCTS\",\"item\":\"https:\/\/linhlinhdan.com\/maintenance-products\/\"},{\"@type\":\"ListItem\",\"position\":3,\"name\":\"STD UNDERWATER LIGHTS\"}]},{\"@type\":\"WebSite\",\"@id\":\"https:\/\/linhlinhdan.com\/#website\",\"url\":\"https:\/\/linhlinhdan.com\/\",\"name\":\"Linh Linh Dan Store\",\"description\":\"\",\"potentialAction\":[{\"@type\":\"SearchAction\",\"target\":{\"@type\":\"EntryPoint\",\"urlTemplate\":\"https:\/\/linhlinhdan.com\/?s={search_term_string}\"},\"query-input\":\"required name=search_term_string\"}],\"inLanguage\":\"vi\"}]}<\/script>\n<!-- \/ Yoast SEO plugin. -->","yoast_head_json":{"title":"STD UNDERWATER LIGHTS - Linh Linh Dan Store","robots":{"index":"index","follow":"follow","max-snippet":"max-snippet:-1","max-image-preview":"max-image-preview:large","max-video-preview":"max-video-preview:-1"},"canonical":"https:\/\/linhlinhdan.com\/vi\/san-pham\/std-underwater-lights\/","og_locale":"vi_VN","og_type":"article","og_title":"STD UNDERWATER LIGHTS - Linh Linh Dan Store","og_description":"300 W \/ 12 V. Fixed at the niche with two screws.","og_url":"https:\/\/linhlinhdan.com\/vi\/san-pham\/std-underwater-lights\/","og_site_name":"Linh Linh Dan Store","article_modified_time":"2023-05-09T03:49:12+00:00","og_image":[{"width":500,"height":500,"url":"https:\/\/linhlinhdan.com\/wp-content\/uploads\/2023\/02\/STD-UNDERWATER-LIGHTS-SKU.jpg","type":"image\/jpeg"}],"twitter_card":"summary_large_image","schema":{"@context":"https:\/\/schema.org","@graph":[{"@type":"WebPage","@id":"https:\/\/linhlinhdan.com\/product\/std-underwater-lights\/","url":"https:\/\/linhlinhdan.com\/product\/std-underwater-lights\/","name":"STD UNDERWATER LIGHTS - Linh Linh Dan Store","isPartOf":{"@id":"https:\/\/linhlinhdan.com\/#website"},"datePublished":"2023-02-27T03:45:53+00:00","dateModified":"2023-05-09T03:49:12+00:00","breadcrumb":{"@id":"https:\/\/linhlinhdan.com\/product\/std-underwater-lights\/#breadcrumb"},"inLanguage":"vi","potentialAction":[{"@type":"ReadAction","target":["https:\/\/linhlinhdan.com\/product\/std-underwater-lights\/"]}]},{"@type":"BreadcrumbList","@id":"https:\/\/linhlinhdan.com\/product\/std-underwater-lights\/#breadcrumb","itemListElement":[{"@type":"ListItem","position":1,"name":"Home","item":"https:\/\/linhlinhdan.com\/"},{"@type":"ListItem","position":2,"name":"PRODUCTS","item":"https:\/\/linhlinhdan.com\/maintenance-products\/"},{"@type":"ListItem","position":3,"name":"STD UNDERWATER LIGHTS"}]},{"@type":"WebSite","@id":"https:\/\/linhlinhdan.com\/#website","url":"https:\/\/linhlinhdan.com\/","name":"Linh Linh Dan Store","description":"","potentialAction":[{"@type":"SearchAction","target":{"@type":"EntryPoint","urlTemplate":"https:\/\/linhlinhdan.com\/?s={search_term_string}"},"query-input":"required name=search_term_string"}],"inLanguage":"vi"}]}},"_links":{"self":[{"href":"https:\/\/linhlinhdan.com\/vi\/wp-json\/wp\/v2\/product\/2034","targetHints":{"allow":["GET"]}}],"collection":[{"href":"https:\/\/linhlinhdan.com\/vi\/wp-json\/wp\/v2\/product"}],"about":[{"href":"https:\/\/linhlinhdan.com\/vi\/wp-json\/wp\/v2\/types\/product"}],"wp:featuredmedia":[{"embeddable":true,"href":"https:\/\/linhlinhdan.com\/vi\/wp-json\/wp\/v2\/media\/2260"}],"wp:attachment":[{"href":"https:\/\/linhlinhdan.com\/vi\/wp-json\/wp\/v2\/media?parent=2034"}],"wp:term":[{"taxonomy":"product_cat","embeddable":true,"href":"https:\/\/linhlinhdan.com\/vi\/wp-json\/wp\/v2\/product_cat?post=2034"},{"taxonomy":"product_tag","embeddable":true,"href":"https:\/\/linhlinhdan.com\/vi\/wp-json\/wp\/v2\/product_tag?post=2034"}],"curies":[{"name":"wp","href":"https:\/\/api.w.org\/{rel}","templated":true}]}}