{"id":2037,"date":"2023-02-27T10:48:07","date_gmt":"2023-02-27T03:48:07","guid":{"rendered":"https:\/\/store.linhlinhdan.demo.servisense.agency\/?post_type=product&#038;p=2037"},"modified":"2023-05-09T10:51:32","modified_gmt":"2023-05-09T03:51:32","slug":"pressing-underwater-lights","status":"publish","type":"product","link":"https:\/\/linhlinhdan.com\/vi\/san-pham\/pressing-underwater-lights\/","title":{"rendered":"\u0110\u00e8n h\u1ed3 b\u01a1i"},"content":{"rendered":"<p class=\" translation-block\">\u0110\u01b0\u1ee3c l\u00e0m b\u1eb1ng nh\u1ef1a ABS m\u00e0u tr\u1eafng, ch\u1ed1ng tia c\u1ef1c t\u00edm v\u00e0 c\u00e1c h\u00f3a ch\u1ea5t th\u01b0\u1eddng g\u1eb7p trong h\u1ed3 b\u01a1i.<br>\nNh\u1edd thi\u1ebft k\u1ebf \u0111\u1eb7c bi\u1ec7t c\u1ee7a n\u1ec1n \u0111\u00e8n s\u00e2n kh\u1ea5u, \u0111\u1ea3m b\u1ea3o ph\u00f9 h\u1ee3p ho\u00e0n h\u1ea3o v\u1edbi ng\u00e1ch, cho ph\u00e9p c\u1ed1 \u0111\u1ecbnh n\u00f3 ch\u1ec9 \u0111\u01a1n gi\u1ea3n b\u1eb1ng c\u00e1ch nh\u1ea5n v\u00e0o.<br>\nM\u1eb7t ngo\u00e0i trang tr\u00ed cho m\u1ed9t k\u1ebft th\u00fac ho\u00e0n thi\u1ec7n ho\u00e0n h\u1ea3o.<br>\n\u0110\u1ea7u ra ng\u00e1ch v\u1edbi con d\u1ea5u \u0111\u1ec7m th\u00edch h\u1ee3p cho vi\u1ec7c lu\u1ed3n \u1ed1ng c\u00e1p.<\/p>","protected":false},"excerpt":{"rendered":"<p class=\" translation-block\">C\u00f4ng su\u1ea5t: 12V-300W.<br>\nCho ph\u00e9p c\u1ed1 \u0111\u1ecbnh n\u00f3 ch\u1ec9 \u0111\u01a1n gi\u1ea3n b\u1eb1ng c\u00e1ch nh\u1ea5n v\u00e0o.<\/p>","protected":false},"featured_media":2262,"template":"","meta":[],"product_cat":[72],"product_tag":[],"class_list":["post-2037","product","type-product","status-publish","has-post-thumbnail","hentry","product_cat-lighting"],"yoast_head":"<!-- This site is optimized with the Yoast SEO plugin v20.13 - https:\/\/yoast.com\/wordpress\/plugins\/seo\/ -->\n<title>PRESSING UNDERWATER LIGHTS - Linh Linh Dan Store<\/title>\n<meta name=\"robots\" content=\"index, follow, max-snippet:-1, max-image-preview:large, max-video-preview:-1\" \/>\n<link rel=\"canonical\" href=\"https:\/\/linhlinhdan.com\/vi\/san-pham\/pressing-underwater-lights\/\" \/>\n<meta property=\"og:locale\" content=\"vi_VN\" \/>\n<meta property=\"og:type\" content=\"article\" \/>\n<meta property=\"og:title\" content=\"PRESSING UNDERWATER LIGHTS - Linh Linh Dan Store\" \/>\n<meta property=\"og:description\" content=\"300 W \/ 12 V. Fixed at the niche simply by pressing on.\" \/>\n<meta property=\"og:url\" content=\"https:\/\/linhlinhdan.com\/vi\/san-pham\/pressing-underwater-lights\/\" \/>\n<meta property=\"og:site_name\" content=\"Linh Linh Dan Store\" \/>\n<meta property=\"article:modified_time\" content=\"2023-05-09T03:51:32+00:00\" \/>\n<meta property=\"og:image\" content=\"https:\/\/linhlinhdan.com\/wp-content\/uploads\/2023\/02\/PRESSING-UNDERWATER-LIGHTS-SKU.jpg\" \/>\n\t<meta property=\"og:image:width\" content=\"500\" \/>\n\t<meta property=\"og:image:height\" content=\"500\" \/>\n\t<meta property=\"og:image:type\" content=\"image\/jpeg\" \/>\n<meta name=\"twitter:card\" content=\"summary_large_image\" \/>\n<script type=\"application\/ld+json\" class=\"yoast-schema-graph\">{\"@context\":\"https:\/\/schema.org\",\"@graph\":[{\"@type\":\"WebPage\",\"@id\":\"https:\/\/linhlinhdan.com\/product\/pressing-underwater-lights\/\",\"url\":\"https:\/\/linhlinhdan.com\/product\/pressing-underwater-lights\/\",\"name\":\"PRESSING UNDERWATER LIGHTS - Linh Linh Dan Store\",\"isPartOf\":{\"@id\":\"https:\/\/linhlinhdan.com\/#website\"},\"datePublished\":\"2023-02-27T03:48:07+00:00\",\"dateModified\":\"2023-05-09T03:51:32+00:00\",\"breadcrumb\":{\"@id\":\"https:\/\/linhlinhdan.com\/product\/pressing-underwater-lights\/#breadcrumb\"},\"inLanguage\":\"vi\",\"potentialAction\":[{\"@type\":\"ReadAction\",\"target\":[\"https:\/\/linhlinhdan.com\/product\/pressing-underwater-lights\/\"]}]},{\"@type\":\"BreadcrumbList\",\"@id\":\"https:\/\/linhlinhdan.com\/product\/pressing-underwater-lights\/#breadcrumb\",\"itemListElement\":[{\"@type\":\"ListItem\",\"position\":1,\"name\":\"Home\",\"item\":\"https:\/\/linhlinhdan.com\/\"},{\"@type\":\"ListItem\",\"position\":2,\"name\":\"PRODUCTS\",\"item\":\"https:\/\/linhlinhdan.com\/maintenance-products\/\"},{\"@type\":\"ListItem\",\"position\":3,\"name\":\"PRESSING UNDERWATER LIGHTS\"}]},{\"@type\":\"WebSite\",\"@id\":\"https:\/\/linhlinhdan.com\/#website\",\"url\":\"https:\/\/linhlinhdan.com\/\",\"name\":\"Linh Linh Dan Store\",\"description\":\"\",\"potentialAction\":[{\"@type\":\"SearchAction\",\"target\":{\"@type\":\"EntryPoint\",\"urlTemplate\":\"https:\/\/linhlinhdan.com\/?s={search_term_string}\"},\"query-input\":\"required name=search_term_string\"}],\"inLanguage\":\"vi\"}]}<\/script>\n<!-- \/ Yoast SEO plugin. -->","yoast_head_json":{"title":"PRESSING UNDERWATER LIGHTS - Linh Linh Dan Store","robots":{"index":"index","follow":"follow","max-snippet":"max-snippet:-1","max-image-preview":"max-image-preview:large","max-video-preview":"max-video-preview:-1"},"canonical":"https:\/\/linhlinhdan.com\/vi\/san-pham\/pressing-underwater-lights\/","og_locale":"vi_VN","og_type":"article","og_title":"PRESSING UNDERWATER LIGHTS - Linh Linh Dan Store","og_description":"300 W \/ 12 V. Fixed at the niche simply by pressing on.","og_url":"https:\/\/linhlinhdan.com\/vi\/san-pham\/pressing-underwater-lights\/","og_site_name":"Linh Linh Dan Store","article_modified_time":"2023-05-09T03:51:32+00:00","og_image":[{"width":500,"height":500,"url":"https:\/\/linhlinhdan.com\/wp-content\/uploads\/2023\/02\/PRESSING-UNDERWATER-LIGHTS-SKU.jpg","type":"image\/jpeg"}],"twitter_card":"summary_large_image","schema":{"@context":"https:\/\/schema.org","@graph":[{"@type":"WebPage","@id":"https:\/\/linhlinhdan.com\/product\/pressing-underwater-lights\/","url":"https:\/\/linhlinhdan.com\/product\/pressing-underwater-lights\/","name":"PRESSING UNDERWATER LIGHTS - Linh Linh Dan Store","isPartOf":{"@id":"https:\/\/linhlinhdan.com\/#website"},"datePublished":"2023-02-27T03:48:07+00:00","dateModified":"2023-05-09T03:51:32+00:00","breadcrumb":{"@id":"https:\/\/linhlinhdan.com\/product\/pressing-underwater-lights\/#breadcrumb"},"inLanguage":"vi","potentialAction":[{"@type":"ReadAction","target":["https:\/\/linhlinhdan.com\/product\/pressing-underwater-lights\/"]}]},{"@type":"BreadcrumbList","@id":"https:\/\/linhlinhdan.com\/product\/pressing-underwater-lights\/#breadcrumb","itemListElement":[{"@type":"ListItem","position":1,"name":"Home","item":"https:\/\/linhlinhdan.com\/"},{"@type":"ListItem","position":2,"name":"PRODUCTS","item":"https:\/\/linhlinhdan.com\/maintenance-products\/"},{"@type":"ListItem","position":3,"name":"PRESSING UNDERWATER LIGHTS"}]},{"@type":"WebSite","@id":"https:\/\/linhlinhdan.com\/#website","url":"https:\/\/linhlinhdan.com\/","name":"Linh Linh Dan Store","description":"","potentialAction":[{"@type":"SearchAction","target":{"@type":"EntryPoint","urlTemplate":"https:\/\/linhlinhdan.com\/?s={search_term_string}"},"query-input":"required name=search_term_string"}],"inLanguage":"vi"}]}},"_links":{"self":[{"href":"https:\/\/linhlinhdan.com\/vi\/wp-json\/wp\/v2\/product\/2037","targetHints":{"allow":["GET"]}}],"collection":[{"href":"https:\/\/linhlinhdan.com\/vi\/wp-json\/wp\/v2\/product"}],"about":[{"href":"https:\/\/linhlinhdan.com\/vi\/wp-json\/wp\/v2\/types\/product"}],"wp:featuredmedia":[{"embeddable":true,"href":"https:\/\/linhlinhdan.com\/vi\/wp-json\/wp\/v2\/media\/2262"}],"wp:attachment":[{"href":"https:\/\/linhlinhdan.com\/vi\/wp-json\/wp\/v2\/media?parent=2037"}],"wp:term":[{"taxonomy":"product_cat","embeddable":true,"href":"https:\/\/linhlinhdan.com\/vi\/wp-json\/wp\/v2\/product_cat?post=2037"},{"taxonomy":"product_tag","embeddable":true,"href":"https:\/\/linhlinhdan.com\/vi\/wp-json\/wp\/v2\/product_tag?post=2037"}],"curies":[{"name":"wp","href":"https:\/\/api.w.org\/{rel}","templated":true}]}}