{"id":2757,"date":"2023-09-07T15:07:53","date_gmt":"2023-09-07T08:07:53","guid":{"rendered":"https:\/\/store.linhlinhdan.demo.servisense.agency\/?post_type=product&#038;p=2757"},"modified":"2023-09-07T15:07:53","modified_gmt":"2023-09-07T08:07:53","slug":"sense-comercial-6","status":"publish","type":"product","link":"https:\/\/linhlinhdan.com\/vi\/san-pham\/sense-comercial-6\/","title":{"rendered":"M\u00e1y x\u00f4ng h\u01a1i Commercial 6"},"content":{"rendered":"<p class=\" translation-block\">Th\u01b0\u01a1ng hi\u1ec7u: Tyl\u00f6<br>\nS\u1ea3n xu\u1ea5t t\u1ea1i: Th\u1ee5y \u0110i\u1ec3n<br>\nM\u00e1y x\u00f4ng h\u01a1i kh\u00f4 ch\u1ea1y b\u1eb1ng \u0111i\u1ec7n d\u00e0nh cho c\u00e1c ph\u00f2ng x\u00f4ng h\u01a1i kh\u00f4 th\u01b0\u01a1ng m\u1ea1i ho\u1eb7c c\u00f4ng c\u1ed9ng nh\u1ecf h\u01a1n. M\u1ed9t l\u1ef1a ch\u1ecdn tuy\u1ec7t v\u1eddi \u0111\u1ec3 thay th\u1ebf c\u00e1c c\u00e0i \u0111\u1eb7t l\u1ed7i th\u1eddi v\u00ec n\u00f3 ho\u00e0n to\u00e0n t\u01b0\u01a1ng th\u00edch v\u1edbi c\u00e1c b\u1ed9 \u0111i\u1ec1u khi\u1ec3n c\u01a1 ho\u1eb7c \u0111i\u1ec7n t\u1eed ho\u1eb7c v\u1edbi b\u1ea3ng \u0111i\u1ec1u khi\u1ec3n th\u1ebf h\u1ec7 k\u1ef9 thu\u1eadt s\u1ed1 m\u1edbi Elite v\u00e0 Pure. M\u00e1y x\u00f4ng h\u01a1i Sense Commercial c\u0169ng c\u00f3 s\u1eb5n v\u1edbi hai c\u00f4ng su\u1ea5t \u0111\u1ea7u ra kh\u00e1c nhau<br>\n\u2022 K\u1ebft n\u1ed1i WiFi v\u1edbi b\u1ea3ng \u0111i\u1ec1u khi\u1ec3n k\u1ef9 thu\u1eadt s\u1ed1 Elite<br>\n\u2022 L\u1edbp ph\u1ee7 b\u1ea3o v\u1ec7 Thermosafe. Ng\u0103n ng\u1eeba b\u1ecfng da do tai n\u1ea1n.<br>\n\u2022 Ch\u1ee9c n\u0103ng S\u1eb5n s\u00e0ng. Ch\u1ecdn th\u1eddi gian b\u1ea1n mu\u1ed1n ph\u00f2ng x\u00f4ng h\u01a1i kh\u00f4 \u1edf nhi\u1ec7t \u0111\u1ed9 mong mu\u1ed1n.<br>\n\u2022 T\u00e1ch ch\u1ee9c n\u0103ng \u0111\u1ea7u ra. Gi\u1ea3m s\u1ea3n l\u01b0\u1ee3ng \u0111i\u1ec7n khi \u0111\u1ea1t \u0111\u1ebfn nhi\u1ec7t \u0111\u1ed9 c\u00e0i \u0111\u1eb7t<br>\nC\u00f4ng su\u1ea5t: 6,6kW<br>\n\u0110i\u1ec7n \u00e1p : 1P 230V \/ 3P 380V<br>\nK\u00edch th\u01b0\u1edbc (WxHxD): 430x615x375<br>\nK\u00edch th\u01b0\u1edbc ph\u00f2ng x\u00f4ng h\u01a1i (m3): 4-8<br>\n\u0110\u00e1 : 20kg<\/p>","protected":false},"excerpt":{"rendered":"<p class=\" translation-block\">Th\u01b0\u01a1ng hi\u1ec7u: Tyl\u00f6<br>\nS\u1ea3n xu\u1ea5t t\u1ea1i: Th\u1ee5y \u0110i\u1ec3n<\/p>","protected":false},"featured_media":2758,"template":"","meta":[],"product_cat":[105,106,108],"product_tag":[],"class_list":["post-2757","product","type-product","status-publish","has-post-thumbnail","hentry","product_cat-sauna-steam","product_cat-sauna","product_cat-sauna-heater"],"yoast_head":"<!-- This site is optimized with the Yoast SEO plugin v20.13 - https:\/\/yoast.com\/wordpress\/plugins\/seo\/ -->\n<title>Sense Comercial 6 - Linh Linh Dan Store<\/title>\n<meta name=\"robots\" content=\"index, follow, max-snippet:-1, max-image-preview:large, max-video-preview:-1\" \/>\n<link rel=\"canonical\" href=\"https:\/\/linhlinhdan.com\/vi\/san-pham\/sense-comercial-6\/\" \/>\n<meta property=\"og:locale\" content=\"vi_VN\" \/>\n<meta property=\"og:type\" content=\"article\" \/>\n<meta property=\"og:title\" content=\"Sense Comercial 6 - Linh Linh Dan Store\" \/>\n<meta property=\"og:description\" content=\"Brand name: Tyl\u00f6 Origin: Sweden\" \/>\n<meta property=\"og:url\" content=\"https:\/\/linhlinhdan.com\/vi\/san-pham\/sense-comercial-6\/\" \/>\n<meta property=\"og:site_name\" content=\"Linh Linh Dan Store\" \/>\n<meta property=\"og:image\" content=\"https:\/\/linhlinhdan.com\/wp-content\/uploads\/2023\/09\/SENSE-COMMERCIAL-6-8-SKU.jpg\" \/>\n\t<meta property=\"og:image:width\" content=\"500\" \/>\n\t<meta property=\"og:image:height\" content=\"500\" \/>\n\t<meta property=\"og:image:type\" content=\"image\/jpeg\" \/>\n<meta name=\"twitter:card\" content=\"summary_large_image\" \/>\n<meta name=\"twitter:label1\" content=\"\u01af\u1edbc t\u00ednh th\u1eddi gian \u0111\u1ecdc\" \/>\n\t<meta name=\"twitter:data1\" content=\"1 ph\u00fat\" \/>\n<script type=\"application\/ld+json\" class=\"yoast-schema-graph\">{\"@context\":\"https:\/\/schema.org\",\"@graph\":[{\"@type\":\"WebPage\",\"@id\":\"https:\/\/linhlinhdan.com\/product\/sense-comercial-6\/\",\"url\":\"https:\/\/linhlinhdan.com\/product\/sense-comercial-6\/\",\"name\":\"Sense Comercial 6 - Linh Linh Dan Store\",\"isPartOf\":{\"@id\":\"https:\/\/linhlinhdan.com\/#website\"},\"datePublished\":\"2023-09-07T08:07:53+00:00\",\"dateModified\":\"2023-09-07T08:07:53+00:00\",\"breadcrumb\":{\"@id\":\"https:\/\/linhlinhdan.com\/product\/sense-comercial-6\/#breadcrumb\"},\"inLanguage\":\"vi\",\"potentialAction\":[{\"@type\":\"ReadAction\",\"target\":[\"https:\/\/linhlinhdan.com\/product\/sense-comercial-6\/\"]}]},{\"@type\":\"BreadcrumbList\",\"@id\":\"https:\/\/linhlinhdan.com\/product\/sense-comercial-6\/#breadcrumb\",\"itemListElement\":[{\"@type\":\"ListItem\",\"position\":1,\"name\":\"Home\",\"item\":\"https:\/\/linhlinhdan.com\/\"},{\"@type\":\"ListItem\",\"position\":2,\"name\":\"PRODUCTS\",\"item\":\"https:\/\/linhlinhdan.com\/maintenance-products\/\"},{\"@type\":\"ListItem\",\"position\":3,\"name\":\"Sense Comercial 6\"}]},{\"@type\":\"WebSite\",\"@id\":\"https:\/\/linhlinhdan.com\/#website\",\"url\":\"https:\/\/linhlinhdan.com\/\",\"name\":\"Linh Linh Dan Store\",\"description\":\"\",\"potentialAction\":[{\"@type\":\"SearchAction\",\"target\":{\"@type\":\"EntryPoint\",\"urlTemplate\":\"https:\/\/linhlinhdan.com\/?s={search_term_string}\"},\"query-input\":\"required name=search_term_string\"}],\"inLanguage\":\"vi\"}]}<\/script>\n<!-- \/ Yoast SEO plugin. -->","yoast_head_json":{"title":"Sense Comercial 6 - Linh Linh Dan Store","robots":{"index":"index","follow":"follow","max-snippet":"max-snippet:-1","max-image-preview":"max-image-preview:large","max-video-preview":"max-video-preview:-1"},"canonical":"https:\/\/linhlinhdan.com\/vi\/san-pham\/sense-comercial-6\/","og_locale":"vi_VN","og_type":"article","og_title":"Sense Comercial 6 - Linh Linh Dan Store","og_description":"Brand name: Tyl\u00f6 Origin: Sweden","og_url":"https:\/\/linhlinhdan.com\/vi\/san-pham\/sense-comercial-6\/","og_site_name":"Linh Linh Dan Store","og_image":[{"width":500,"height":500,"url":"https:\/\/linhlinhdan.com\/wp-content\/uploads\/2023\/09\/SENSE-COMMERCIAL-6-8-SKU.jpg","type":"image\/jpeg"}],"twitter_card":"summary_large_image","twitter_misc":{"\u01af\u1edbc t\u00ednh th\u1eddi gian \u0111\u1ecdc":"1 ph\u00fat"},"schema":{"@context":"https:\/\/schema.org","@graph":[{"@type":"WebPage","@id":"https:\/\/linhlinhdan.com\/product\/sense-comercial-6\/","url":"https:\/\/linhlinhdan.com\/product\/sense-comercial-6\/","name":"Sense Comercial 6 - Linh Linh Dan Store","isPartOf":{"@id":"https:\/\/linhlinhdan.com\/#website"},"datePublished":"2023-09-07T08:07:53+00:00","dateModified":"2023-09-07T08:07:53+00:00","breadcrumb":{"@id":"https:\/\/linhlinhdan.com\/product\/sense-comercial-6\/#breadcrumb"},"inLanguage":"vi","potentialAction":[{"@type":"ReadAction","target":["https:\/\/linhlinhdan.com\/product\/sense-comercial-6\/"]}]},{"@type":"BreadcrumbList","@id":"https:\/\/linhlinhdan.com\/product\/sense-comercial-6\/#breadcrumb","itemListElement":[{"@type":"ListItem","position":1,"name":"Home","item":"https:\/\/linhlinhdan.com\/"},{"@type":"ListItem","position":2,"name":"PRODUCTS","item":"https:\/\/linhlinhdan.com\/maintenance-products\/"},{"@type":"ListItem","position":3,"name":"Sense Comercial 6"}]},{"@type":"WebSite","@id":"https:\/\/linhlinhdan.com\/#website","url":"https:\/\/linhlinhdan.com\/","name":"Linh Linh Dan Store","description":"","potentialAction":[{"@type":"SearchAction","target":{"@type":"EntryPoint","urlTemplate":"https:\/\/linhlinhdan.com\/?s={search_term_string}"},"query-input":"required name=search_term_string"}],"inLanguage":"vi"}]}},"_links":{"self":[{"href":"https:\/\/linhlinhdan.com\/vi\/wp-json\/wp\/v2\/product\/2757","targetHints":{"allow":["GET"]}}],"collection":[{"href":"https:\/\/linhlinhdan.com\/vi\/wp-json\/wp\/v2\/product"}],"about":[{"href":"https:\/\/linhlinhdan.com\/vi\/wp-json\/wp\/v2\/types\/product"}],"wp:featuredmedia":[{"embeddable":true,"href":"https:\/\/linhlinhdan.com\/vi\/wp-json\/wp\/v2\/media\/2758"}],"wp:attachment":[{"href":"https:\/\/linhlinhdan.com\/vi\/wp-json\/wp\/v2\/media?parent=2757"}],"wp:term":[{"taxonomy":"product_cat","embeddable":true,"href":"https:\/\/linhlinhdan.com\/vi\/wp-json\/wp\/v2\/product_cat?post=2757"},{"taxonomy":"product_tag","embeddable":true,"href":"https:\/\/linhlinhdan.com\/vi\/wp-json\/wp\/v2\/product_tag?post=2757"}],"curies":[{"name":"wp","href":"https:\/\/api.w.org\/{rel}","templated":true}]}}