{"id":2772,"date":"2023-09-07T15:21:00","date_gmt":"2023-09-07T08:21:00","guid":{"rendered":"https:\/\/store.linhlinhdan.demo.servisense.agency\/?post_type=product&#038;p=2772"},"modified":"2023-09-07T15:21:00","modified_gmt":"2023-09-07T08:21:00","slug":"steam-commercial-12","status":"publish","type":"product","link":"https:\/\/linhlinhdan.com\/vi\/san-pham\/steam-commercial-12\/","title":{"rendered":"M\u00e1y x\u00f4ng h\u01a1i \u01b0\u1edbt 12kW"},"content":{"rendered":"<p class=\" translation-block\">Th\u01b0\u01a1ng hi\u1ec7u: Tyl\u00f6<br>\nS\u1ea3n xu\u1ea5t t\u1ea1i: Th\u1ee5y \u0110i\u1ec3n<br>\nM\u00e1y t\u1ea1o h\u01a1i n\u01b0\u1edbc Steam Commercial 12 th\u00edch h\u1ee3p l\u1eafp \u0111\u1eb7t cho khu t\u1eafm h\u01a1i c\u00f4ng c\u1ed9ng v\u1edbi ti\u00eau chu\u1ea9n cho c\u00e1c gi\u1ea3i ph\u00e1p th\u00f4ng minh \u0111\u1ec3 \u0111\u1ea1t \u0111\u01b0\u1ee3c c\u00f4ng su\u1ea5t t\u1ed1i \u0111a.<br>\nTi\u00eau th\u1ee5 n\u01b0\u1edbc t\u1ed1i thi\u1ec3u v\u00e0 hi\u1ec7u qu\u1ea3 n\u0103ng l\u01b0\u1ee3ng cao th\u00f4ng qua ch\u1ee9c n\u0103ng \"chia s\u1ebb n\u0103ng l\u01b0\u1ee3ng\" \u0111\u00e3 \u0111\u01b0\u1ee3c c\u1ea5p b\u1eb1ng s\u00e1ng ch\u1ebf, giao ti\u1ebfp hai chi\u1ec1u gi\u1eefa b\u1ea3ng \u0111i\u1ec1u khi\u1ec3n v\u00e0 b\u1ed9 t\u1ea1o h\u01a1i n\u01b0\u1edbc cung c\u1ea5p kh\u1ea3 n\u0103ng gi\u00e1m s\u00e1t h\u01a1i n\u01b0\u1edbc v\u00e0 nhi\u1ec7t \u0111\u1ed9 t\u1ef1 \u0111\u1ed9ng v\u00e0 li\u00ean t\u1ee5c.<br>\n\u1ed4 c\u1eafm h\u01a1i n\u01b0\u1edbc v\u00e0 b\u1ea3ng \u0111i\u1ec1u khi\u1ec3n \u0111\u01b0\u1ee3c mua ri\u00eang. Khi s\u1eed d\u1ee5ng m\u00e1y b\u01a1m h\u01b0\u01a1ng th\u01a1m, m\u00e1y x\u00f4ng h\u01a1i k\u1ebft h\u1ee3p v\u1edbi b\u1ea3ng \u0111i\u1ec1u khi\u1ec3n Elite.<br>\nC\u00f4ng su\u1ea5t: 12kW<br>\n\u0110i\u1ec7n \u00e1p: 1P 230V \/ 3P 380V<br>\nK\u00edch th\u01b0\u1edbc (WxHxD): 585x685x230<\/p>","protected":false},"excerpt":{"rendered":"<p class=\" translation-block\">Th\u01b0\u01a1ng hi\u1ec7u: Tyl\u00f6<br>\nS\u1ea3n xu\u1ea5t t\u1ea1i: Th\u1ee5y \u0110i\u1ec3n<\/p>","protected":false},"featured_media":2773,"template":"","meta":[],"product_cat":[105,107,110],"product_tag":[],"class_list":["post-2772","product","type-product","status-publish","has-post-thumbnail","hentry","product_cat-sauna-steam","product_cat-steam","product_cat-steam-generator"],"yoast_head":"<!-- This site is optimized with the Yoast SEO plugin v20.13 - https:\/\/yoast.com\/wordpress\/plugins\/seo\/ -->\n<title>Steam Commercial 12 - Linh Linh Dan Store<\/title>\n<meta name=\"robots\" content=\"index, follow, max-snippet:-1, max-image-preview:large, max-video-preview:-1\" \/>\n<link rel=\"canonical\" href=\"https:\/\/linhlinhdan.com\/vi\/san-pham\/steam-commercial-12\/\" \/>\n<meta property=\"og:locale\" content=\"vi_VN\" \/>\n<meta property=\"og:type\" content=\"article\" \/>\n<meta property=\"og:title\" content=\"Steam Commercial 12 - Linh Linh Dan Store\" \/>\n<meta property=\"og:description\" content=\"Brand name: Tyl\u00f6 Origin: Sweden\" \/>\n<meta property=\"og:url\" content=\"https:\/\/linhlinhdan.com\/vi\/san-pham\/steam-commercial-12\/\" \/>\n<meta property=\"og:site_name\" content=\"Linh Linh Dan Store\" \/>\n<meta property=\"og:image\" content=\"https:\/\/linhlinhdan.com\/wp-content\/uploads\/2023\/09\/STEAM-COMMERCIAL-9-SKU-3.jpg\" \/>\n\t<meta property=\"og:image:width\" content=\"500\" \/>\n\t<meta property=\"og:image:height\" content=\"500\" \/>\n\t<meta property=\"og:image:type\" content=\"image\/jpeg\" \/>\n<meta name=\"twitter:card\" content=\"summary_large_image\" \/>\n<meta name=\"twitter:label1\" content=\"\u01af\u1edbc t\u00ednh th\u1eddi gian \u0111\u1ecdc\" \/>\n\t<meta name=\"twitter:data1\" content=\"1 ph\u00fat\" \/>\n<script type=\"application\/ld+json\" class=\"yoast-schema-graph\">{\"@context\":\"https:\/\/schema.org\",\"@graph\":[{\"@type\":\"WebPage\",\"@id\":\"https:\/\/linhlinhdan.com\/product\/steam-commercial-12\/\",\"url\":\"https:\/\/linhlinhdan.com\/product\/steam-commercial-12\/\",\"name\":\"Steam Commercial 12 - Linh Linh Dan Store\",\"isPartOf\":{\"@id\":\"https:\/\/linhlinhdan.com\/#website\"},\"datePublished\":\"2023-09-07T08:21:00+00:00\",\"dateModified\":\"2023-09-07T08:21:00+00:00\",\"breadcrumb\":{\"@id\":\"https:\/\/linhlinhdan.com\/product\/steam-commercial-12\/#breadcrumb\"},\"inLanguage\":\"vi\",\"potentialAction\":[{\"@type\":\"ReadAction\",\"target\":[\"https:\/\/linhlinhdan.com\/product\/steam-commercial-12\/\"]}]},{\"@type\":\"BreadcrumbList\",\"@id\":\"https:\/\/linhlinhdan.com\/product\/steam-commercial-12\/#breadcrumb\",\"itemListElement\":[{\"@type\":\"ListItem\",\"position\":1,\"name\":\"Home\",\"item\":\"https:\/\/linhlinhdan.com\/\"},{\"@type\":\"ListItem\",\"position\":2,\"name\":\"PRODUCTS\",\"item\":\"https:\/\/linhlinhdan.com\/maintenance-products\/\"},{\"@type\":\"ListItem\",\"position\":3,\"name\":\"Steam Commercial 12\"}]},{\"@type\":\"WebSite\",\"@id\":\"https:\/\/linhlinhdan.com\/#website\",\"url\":\"https:\/\/linhlinhdan.com\/\",\"name\":\"Linh Linh Dan Store\",\"description\":\"\",\"potentialAction\":[{\"@type\":\"SearchAction\",\"target\":{\"@type\":\"EntryPoint\",\"urlTemplate\":\"https:\/\/linhlinhdan.com\/?s={search_term_string}\"},\"query-input\":\"required name=search_term_string\"}],\"inLanguage\":\"vi\"}]}<\/script>\n<!-- \/ Yoast SEO plugin. -->","yoast_head_json":{"title":"Steam Commercial 12 - Linh Linh Dan Store","robots":{"index":"index","follow":"follow","max-snippet":"max-snippet:-1","max-image-preview":"max-image-preview:large","max-video-preview":"max-video-preview:-1"},"canonical":"https:\/\/linhlinhdan.com\/vi\/san-pham\/steam-commercial-12\/","og_locale":"vi_VN","og_type":"article","og_title":"Steam Commercial 12 - Linh Linh Dan Store","og_description":"Brand name: Tyl\u00f6 Origin: Sweden","og_url":"https:\/\/linhlinhdan.com\/vi\/san-pham\/steam-commercial-12\/","og_site_name":"Linh Linh Dan Store","og_image":[{"width":500,"height":500,"url":"https:\/\/linhlinhdan.com\/wp-content\/uploads\/2023\/09\/STEAM-COMMERCIAL-9-SKU-3.jpg","type":"image\/jpeg"}],"twitter_card":"summary_large_image","twitter_misc":{"\u01af\u1edbc t\u00ednh th\u1eddi gian \u0111\u1ecdc":"1 ph\u00fat"},"schema":{"@context":"https:\/\/schema.org","@graph":[{"@type":"WebPage","@id":"https:\/\/linhlinhdan.com\/product\/steam-commercial-12\/","url":"https:\/\/linhlinhdan.com\/product\/steam-commercial-12\/","name":"Steam Commercial 12 - Linh Linh Dan Store","isPartOf":{"@id":"https:\/\/linhlinhdan.com\/#website"},"datePublished":"2023-09-07T08:21:00+00:00","dateModified":"2023-09-07T08:21:00+00:00","breadcrumb":{"@id":"https:\/\/linhlinhdan.com\/product\/steam-commercial-12\/#breadcrumb"},"inLanguage":"vi","potentialAction":[{"@type":"ReadAction","target":["https:\/\/linhlinhdan.com\/product\/steam-commercial-12\/"]}]},{"@type":"BreadcrumbList","@id":"https:\/\/linhlinhdan.com\/product\/steam-commercial-12\/#breadcrumb","itemListElement":[{"@type":"ListItem","position":1,"name":"Home","item":"https:\/\/linhlinhdan.com\/"},{"@type":"ListItem","position":2,"name":"PRODUCTS","item":"https:\/\/linhlinhdan.com\/maintenance-products\/"},{"@type":"ListItem","position":3,"name":"Steam Commercial 12"}]},{"@type":"WebSite","@id":"https:\/\/linhlinhdan.com\/#website","url":"https:\/\/linhlinhdan.com\/","name":"Linh Linh Dan Store","description":"","potentialAction":[{"@type":"SearchAction","target":{"@type":"EntryPoint","urlTemplate":"https:\/\/linhlinhdan.com\/?s={search_term_string}"},"query-input":"required name=search_term_string"}],"inLanguage":"vi"}]}},"_links":{"self":[{"href":"https:\/\/linhlinhdan.com\/vi\/wp-json\/wp\/v2\/product\/2772","targetHints":{"allow":["GET"]}}],"collection":[{"href":"https:\/\/linhlinhdan.com\/vi\/wp-json\/wp\/v2\/product"}],"about":[{"href":"https:\/\/linhlinhdan.com\/vi\/wp-json\/wp\/v2\/types\/product"}],"wp:featuredmedia":[{"embeddable":true,"href":"https:\/\/linhlinhdan.com\/vi\/wp-json\/wp\/v2\/media\/2773"}],"wp:attachment":[{"href":"https:\/\/linhlinhdan.com\/vi\/wp-json\/wp\/v2\/media?parent=2772"}],"wp:term":[{"taxonomy":"product_cat","embeddable":true,"href":"https:\/\/linhlinhdan.com\/vi\/wp-json\/wp\/v2\/product_cat?post=2772"},{"taxonomy":"product_tag","embeddable":true,"href":"https:\/\/linhlinhdan.com\/vi\/wp-json\/wp\/v2\/product_tag?post=2772"}],"curies":[{"name":"wp","href":"https:\/\/api.w.org\/{rel}","templated":true}]}}