{"id":2806,"date":"2023-09-07T16:01:56","date_gmt":"2023-09-07T09:01:56","guid":{"rendered":"https:\/\/store.linhlinhdan.demo.servisense.agency\/?post_type=product&#038;p=2806"},"modified":"2023-09-07T16:01:57","modified_gmt":"2023-09-07T09:01:57","slug":"control-panel-tylo-elite-cloud","status":"publish","type":"product","link":"https:\/\/linhlinhdan.com\/vi\/san-pham\/control-panel-tylo-elite-cloud\/","title":{"rendered":"B\u1ea3ng \u0111i\u1ec1u khi\u1ec3n Tylo Elite Cloud"},"content":{"rendered":"<p class=\" translation-block\">Th\u01b0\u01a1ng hi\u1ec7u: Tyl\u00f6<br>\nS\u1ea3n xu\u1ea5t t\u1ea1i: Th\u1ee5y \u0110i\u1ec3n<br>\nB\u1ea3ng \u0111i\u1ec1u khi\u1ec3n Elite Cloud \u0111\u00e3 \u0111\u01b0\u1ee3c c\u1eadp nh\u1eadt phi\u00ean b\u1ea3n m\u1edbi v\u1edbi ch\u1ee9c n\u0103ng d\u1ef1a tr\u00ean \u0111\u00e1m m\u00e2y \u0111\u1ec3 b\u1ea1n c\u00f3 th\u1ec3 \u0111i\u1ec1u khi\u1ec3n ph\u00f2ng x\u00f4ng h\u01a1i kh\u00f4 c\u1ee7a m\u00ecnh t\u1eeb m\u1ecdi n\u01a1i.<br>\nNh\u1edd v\u00e0o c\u00e1c t\u00ednh n\u0103ng n\u00e2ng cao c\u1ee7a b\u1ed9 vi x\u1eed l\u00fd v\u00e0 h\u1ec7 \u0111i\u1ec1u h\u00e0nh.<br>\nNgo\u00e0i c\u00e1c c\u00e0i \u0111\u1eb7t \u0111\u01b0\u1ee3c c\u00e1 nh\u00e2n h\u00f3a cao, Elite Cloud c\u00f3 th\u1ec3 \u0111\u01b0\u1ee3c l\u1eadp tr\u00ecnh ri\u00eang theo l\u1ecbch tr\u00ecnh c\u1ee7a ri\u00eang b\u1ea1n.<br>\nTh\u00eam c\u00e1c t\u00ednh n\u0103ng nh\u01b0 qu\u1ea1t ph\u1ee5, m\u00e1y b\u01a1m h\u01b0\u01a1ng th\u01a1m ho\u1eb7c \u0111\u00e8n - b\u1ea3ng \u0111i\u1ec1u khi\u1ec3n Elite Cloud x\u1eed l\u00fd t\u1ea5t c\u1ea3 v\u1edbi \u0111\u1ed9 ch\u00ednh x\u00e1c r\u00f5 r\u00e0ng v\u00e0 ng\u1eafn g\u1ecdn.<br>\nM\u00e0n h\u00ecnh c\u1ea3m \u1ee9ng 4,5 inch cung c\u1ea5p tr\u1ea1ng th\u00e1i th\u1eddi gian th\u1ef1c tr\u00ean m\u1ecdi kh\u00eda c\u1ea1nh c\u1ee7a ph\u00f2ng x\u00f4ng h\u01a1i kh\u00f4 v\u00e0 ph\u00f2ng x\u00f4ng h\u01a1i \u01b0\u1edbt.<br>\nC\u1ea7n ph\u1ea3i ho\u00e0n th\u00e0nh v\u1edbi li\u00ean h\u1ec7 c\u1eeda cho ch\u1ee9c n\u0103ng \u0111\u00e1m m\u00e2y.<br>\nK\u00edch th\u01b0\u1edbt (WxHxD): 85x127x12<\/p>","protected":false},"excerpt":{"rendered":"<p class=\" translation-block\">Th\u01b0\u01a1ng hi\u1ec7u: Tyl\u00f6<br>\nS\u1ea3n xu\u1ea5t t\u1ea1i: Th\u1ee5y \u0110i\u1ec3n<\/p>","protected":false},"featured_media":2807,"template":"","meta":[],"product_cat":[105,112],"product_tag":[],"class_list":["post-2806","product","type-product","status-publish","has-post-thumbnail","hentry","product_cat-sauna-steam","product_cat-control-panel"],"yoast_head":"<!-- This site is optimized with the Yoast SEO plugin v20.13 - https:\/\/yoast.com\/wordpress\/plugins\/seo\/ -->\n<title>Control Panel Tylo Elite Cloud - Linh Linh Dan Store<\/title>\n<meta name=\"robots\" content=\"index, follow, max-snippet:-1, max-image-preview:large, max-video-preview:-1\" \/>\n<link rel=\"canonical\" href=\"https:\/\/linhlinhdan.com\/vi\/san-pham\/control-panel-tylo-elite-cloud\/\" \/>\n<meta property=\"og:locale\" content=\"vi_VN\" \/>\n<meta property=\"og:type\" content=\"article\" \/>\n<meta property=\"og:title\" content=\"Control Panel Tylo Elite Cloud - Linh Linh Dan Store\" \/>\n<meta property=\"og:description\" content=\"Brand name: Tyl\u00f6 Origin: Sweden\" \/>\n<meta property=\"og:url\" content=\"https:\/\/linhlinhdan.com\/vi\/san-pham\/control-panel-tylo-elite-cloud\/\" \/>\n<meta property=\"og:site_name\" content=\"Linh Linh Dan Store\" \/>\n<meta property=\"article:modified_time\" content=\"2023-09-07T09:01:57+00:00\" \/>\n<meta property=\"og:image\" content=\"https:\/\/linhlinhdan.com\/wp-content\/uploads\/2023\/09\/CONTROL-PANEL-TYLO-ELITE-CLOUD-SKU.jpg\" \/>\n\t<meta property=\"og:image:width\" content=\"500\" \/>\n\t<meta property=\"og:image:height\" content=\"500\" \/>\n\t<meta property=\"og:image:type\" content=\"image\/jpeg\" \/>\n<meta name=\"twitter:card\" content=\"summary_large_image\" \/>\n<meta name=\"twitter:label1\" content=\"\u01af\u1edbc t\u00ednh th\u1eddi gian \u0111\u1ecdc\" \/>\n\t<meta name=\"twitter:data1\" content=\"1 ph\u00fat\" \/>\n<script type=\"application\/ld+json\" class=\"yoast-schema-graph\">{\"@context\":\"https:\/\/schema.org\",\"@graph\":[{\"@type\":\"WebPage\",\"@id\":\"https:\/\/linhlinhdan.com\/product\/control-panel-tylo-elite-cloud\/\",\"url\":\"https:\/\/linhlinhdan.com\/product\/control-panel-tylo-elite-cloud\/\",\"name\":\"Control Panel Tylo Elite Cloud - Linh Linh Dan Store\",\"isPartOf\":{\"@id\":\"https:\/\/linhlinhdan.com\/#website\"},\"datePublished\":\"2023-09-07T09:01:56+00:00\",\"dateModified\":\"2023-09-07T09:01:57+00:00\",\"breadcrumb\":{\"@id\":\"https:\/\/linhlinhdan.com\/product\/control-panel-tylo-elite-cloud\/#breadcrumb\"},\"inLanguage\":\"vi\",\"potentialAction\":[{\"@type\":\"ReadAction\",\"target\":[\"https:\/\/linhlinhdan.com\/product\/control-panel-tylo-elite-cloud\/\"]}]},{\"@type\":\"BreadcrumbList\",\"@id\":\"https:\/\/linhlinhdan.com\/product\/control-panel-tylo-elite-cloud\/#breadcrumb\",\"itemListElement\":[{\"@type\":\"ListItem\",\"position\":1,\"name\":\"Home\",\"item\":\"https:\/\/linhlinhdan.com\/\"},{\"@type\":\"ListItem\",\"position\":2,\"name\":\"PRODUCTS\",\"item\":\"https:\/\/linhlinhdan.com\/maintenance-products\/\"},{\"@type\":\"ListItem\",\"position\":3,\"name\":\"Control Panel Tylo Elite Cloud\"}]},{\"@type\":\"WebSite\",\"@id\":\"https:\/\/linhlinhdan.com\/#website\",\"url\":\"https:\/\/linhlinhdan.com\/\",\"name\":\"Linh Linh Dan Store\",\"description\":\"\",\"potentialAction\":[{\"@type\":\"SearchAction\",\"target\":{\"@type\":\"EntryPoint\",\"urlTemplate\":\"https:\/\/linhlinhdan.com\/?s={search_term_string}\"},\"query-input\":\"required name=search_term_string\"}],\"inLanguage\":\"vi\"}]}<\/script>\n<!-- \/ Yoast SEO plugin. -->","yoast_head_json":{"title":"Control Panel Tylo Elite Cloud - Linh Linh Dan Store","robots":{"index":"index","follow":"follow","max-snippet":"max-snippet:-1","max-image-preview":"max-image-preview:large","max-video-preview":"max-video-preview:-1"},"canonical":"https:\/\/linhlinhdan.com\/vi\/san-pham\/control-panel-tylo-elite-cloud\/","og_locale":"vi_VN","og_type":"article","og_title":"Control Panel Tylo Elite Cloud - Linh Linh Dan Store","og_description":"Brand name: Tyl\u00f6 Origin: Sweden","og_url":"https:\/\/linhlinhdan.com\/vi\/san-pham\/control-panel-tylo-elite-cloud\/","og_site_name":"Linh Linh Dan Store","article_modified_time":"2023-09-07T09:01:57+00:00","og_image":[{"width":500,"height":500,"url":"https:\/\/linhlinhdan.com\/wp-content\/uploads\/2023\/09\/CONTROL-PANEL-TYLO-ELITE-CLOUD-SKU.jpg","type":"image\/jpeg"}],"twitter_card":"summary_large_image","twitter_misc":{"\u01af\u1edbc t\u00ednh th\u1eddi gian \u0111\u1ecdc":"1 ph\u00fat"},"schema":{"@context":"https:\/\/schema.org","@graph":[{"@type":"WebPage","@id":"https:\/\/linhlinhdan.com\/product\/control-panel-tylo-elite-cloud\/","url":"https:\/\/linhlinhdan.com\/product\/control-panel-tylo-elite-cloud\/","name":"Control Panel Tylo Elite Cloud - Linh Linh Dan Store","isPartOf":{"@id":"https:\/\/linhlinhdan.com\/#website"},"datePublished":"2023-09-07T09:01:56+00:00","dateModified":"2023-09-07T09:01:57+00:00","breadcrumb":{"@id":"https:\/\/linhlinhdan.com\/product\/control-panel-tylo-elite-cloud\/#breadcrumb"},"inLanguage":"vi","potentialAction":[{"@type":"ReadAction","target":["https:\/\/linhlinhdan.com\/product\/control-panel-tylo-elite-cloud\/"]}]},{"@type":"BreadcrumbList","@id":"https:\/\/linhlinhdan.com\/product\/control-panel-tylo-elite-cloud\/#breadcrumb","itemListElement":[{"@type":"ListItem","position":1,"name":"Home","item":"https:\/\/linhlinhdan.com\/"},{"@type":"ListItem","position":2,"name":"PRODUCTS","item":"https:\/\/linhlinhdan.com\/maintenance-products\/"},{"@type":"ListItem","position":3,"name":"Control Panel Tylo Elite Cloud"}]},{"@type":"WebSite","@id":"https:\/\/linhlinhdan.com\/#website","url":"https:\/\/linhlinhdan.com\/","name":"Linh Linh Dan Store","description":"","potentialAction":[{"@type":"SearchAction","target":{"@type":"EntryPoint","urlTemplate":"https:\/\/linhlinhdan.com\/?s={search_term_string}"},"query-input":"required name=search_term_string"}],"inLanguage":"vi"}]}},"_links":{"self":[{"href":"https:\/\/linhlinhdan.com\/vi\/wp-json\/wp\/v2\/product\/2806","targetHints":{"allow":["GET"]}}],"collection":[{"href":"https:\/\/linhlinhdan.com\/vi\/wp-json\/wp\/v2\/product"}],"about":[{"href":"https:\/\/linhlinhdan.com\/vi\/wp-json\/wp\/v2\/types\/product"}],"wp:featuredmedia":[{"embeddable":true,"href":"https:\/\/linhlinhdan.com\/vi\/wp-json\/wp\/v2\/media\/2807"}],"wp:attachment":[{"href":"https:\/\/linhlinhdan.com\/vi\/wp-json\/wp\/v2\/media?parent=2806"}],"wp:term":[{"taxonomy":"product_cat","embeddable":true,"href":"https:\/\/linhlinhdan.com\/vi\/wp-json\/wp\/v2\/product_cat?post=2806"},{"taxonomy":"product_tag","embeddable":true,"href":"https:\/\/linhlinhdan.com\/vi\/wp-json\/wp\/v2\/product_tag?post=2806"}],"curies":[{"name":"wp","href":"https:\/\/api.w.org\/{rel}","templated":true}]}}