{"id":2808,"date":"2023-09-07T16:03:54","date_gmt":"2023-09-07T09:03:54","guid":{"rendered":"https:\/\/store.linhlinhdan.demo.servisense.agency\/?post_type=product&#038;p=2808"},"modified":"2023-09-07T16:03:54","modified_gmt":"2023-09-07T09:03:54","slug":"control-panel-pure","status":"publish","type":"product","link":"https:\/\/linhlinhdan.com\/vi\/san-pham\/control-panel-pure\/","title":{"rendered":"B\u1ea3ng \u0111i\u1ec1u khi\u1ec3n Tylo Pure"},"content":{"rendered":"<p class=\" translation-block\">Th\u01b0\u01a1ng hi\u1ec7u: Tyl\u00f6<br>\nS\u1ea3n xu\u1ea5t t\u1ea1i: Th\u1ee5y \u0110i\u1ec3n<br>\nThi\u1ebft k\u1ebf thanh l\u1ecbch, nh\u1ecf g\u1ecdn c\u1ee7a b\u1ea3ng \u0111i\u1ec1u khi\u1ec3n Pure khi\u1ebfn n\u00f3 tr\u1edf th\u00e0nh l\u1ef1a ch\u1ecdn h\u00e0ng \u0111\u1ea7u cho nh\u1eefng ng\u01b0\u1eddi coi tr\u1ecdng ch\u1ee9c n\u0103ng v\u00e0 s\u1ef1 \u0111\u01a1n gi\u1ea3n.<br>\nB\u1ed9 \u0111i\u1ec1u khi\u1ec3n m\u1ecfng m\u00e0u \u0111en cho ph\u00e9p b\u1ea1n c\u00e0i \u0111\u1eb7t \u00e1nh s\u00e1ng, nhi\u1ec7t \u0111\u1ed9 v\u00e0 th\u1eddi gian x\u00f4ng h\u01a1i d\u1ec5 d\u00e0ng ch\u1ec9 v\u1edbi m\u1ed9t v\u00e0i c\u00fa ch\u1ea1m.<br>\nT\u1ea5t nhi\u00ean, ch\u1ecdn th\u1eddi gian b\u1eaft \u0111\u1ea7u tr\u01b0\u1edbc m\u01b0\u1eddi gi\u1edd \u0111\u1ed3ng ngh\u0129a v\u1edbi vi\u1ec7c b\u1ea1n c\u00f3 th\u1ec3 b\u01b0\u1edbc v\u00e0o ph\u00f2ng x\u00f4ng h\u01a1i kh\u00f4 ho\u1eb7c x\u00f4ng h\u01a1i n\u01b0\u1edbc n\u00f3ng tuy\u1ec7t v\u1eddi ngay khi v\u1ec1 \u0111\u1ebfn nh\u00e0 (c\u1ea7n b\u1ed5 sung ti\u1ebfp \u0111i\u1ec3m c\u1eeda).<br>\n\u2022 B\u1ea3ng \u0111i\u1ec1u khi\u1ec3n thu\u1ea7n t\u00fay \u0111\u01b0\u1ee3c v\u1eadn h\u00e0nh th\u00f4ng qua \u0111i\u1ec1u khi\u1ec3n c\u1ea3m \u1ee9ng m\u1ec1m m\u01b0\u1ee3t v\u00e0 t\u01b0\u01a1ng th\u00edch v\u1edbi c\u1ea3 ph\u00f2ng x\u00f4ng kh\u00f4 v\u00e0 ph\u00f2ng x\u00f4ng h\u01a1i \u01b0\u1edbt.<br>\n\u2022 \u0110\u01b0\u1ee3c thi\u1ebft k\u1ebf \u0111\u1eb7c bi\u1ec7t \u0111\u1ec3 v\u1eadn h\u00e0nh tr\u01a1n tru v\u1edbi m\u00e1y x\u00f4ng h\u01a1i kh\u00f4 Tyl\u00f6 v\u00e0 Helo.<br>\n\u2022 K\u1ef9 thu\u1eadt linh ho\u1ea1t \u0111\u1eb1ng sau Pure gi\u00fap c\u00f3 th\u1ec3 l\u1eafp \u0111\u1eb7t c\u1ea3 b\u00ean trong ho\u1eb7c b\u00ean ngo\u00e0i ph\u00f2ng x\u00f4ng h\u01a1i kh\u00f4 ho\u1eb7c ph\u00f2ng x\u00f4ng h\u01a1i \u01b0\u1edbt.<br>\nK\u00edch th\u01b0\u1edbt (WxHxD): 85x127x12<\/p>","protected":false},"excerpt":{"rendered":"<p class=\" translation-block\">Th\u01b0\u01a1ng hi\u1ec7u: Tyl\u00f6<br>\nS\u1ea3n xu\u1ea5t t\u1ea1i: Th\u1ee5y \u0110i\u1ec3n<\/p>","protected":false},"featured_media":2809,"template":"","meta":[],"product_cat":[105,112],"product_tag":[],"class_list":["post-2808","product","type-product","status-publish","has-post-thumbnail","hentry","product_cat-sauna-steam","product_cat-control-panel"],"yoast_head":"<!-- This site is optimized with the Yoast SEO plugin v20.13 - https:\/\/yoast.com\/wordpress\/plugins\/seo\/ -->\n<title>Control Panel Pure - Linh Linh Dan Store<\/title>\n<meta name=\"robots\" content=\"index, follow, max-snippet:-1, max-image-preview:large, max-video-preview:-1\" \/>\n<link rel=\"canonical\" href=\"https:\/\/linhlinhdan.com\/vi\/san-pham\/control-panel-pure\/\" \/>\n<meta property=\"og:locale\" content=\"vi_VN\" \/>\n<meta property=\"og:type\" content=\"article\" \/>\n<meta property=\"og:title\" content=\"Control Panel Pure - Linh Linh Dan Store\" \/>\n<meta property=\"og:description\" content=\"Brand name: Tyl\u00f6 Origin: Sweden\" \/>\n<meta property=\"og:url\" content=\"https:\/\/linhlinhdan.com\/vi\/san-pham\/control-panel-pure\/\" \/>\n<meta property=\"og:site_name\" content=\"Linh Linh Dan Store\" \/>\n<meta property=\"og:image\" content=\"https:\/\/linhlinhdan.com\/wp-content\/uploads\/2023\/09\/CONTROL-PANEL-PURE-SKU.jpg\" \/>\n\t<meta property=\"og:image:width\" content=\"500\" \/>\n\t<meta property=\"og:image:height\" content=\"500\" \/>\n\t<meta property=\"og:image:type\" content=\"image\/jpeg\" \/>\n<meta name=\"twitter:card\" content=\"summary_large_image\" \/>\n<meta name=\"twitter:label1\" content=\"\u01af\u1edbc t\u00ednh th\u1eddi gian \u0111\u1ecdc\" \/>\n\t<meta name=\"twitter:data1\" content=\"1 ph\u00fat\" \/>\n<script type=\"application\/ld+json\" class=\"yoast-schema-graph\">{\"@context\":\"https:\/\/schema.org\",\"@graph\":[{\"@type\":\"WebPage\",\"@id\":\"https:\/\/linhlinhdan.com\/vi\/san-pham\/control-panel-pure\/\",\"url\":\"https:\/\/linhlinhdan.com\/vi\/san-pham\/control-panel-pure\/\",\"name\":\"Control Panel Pure - Linh Linh Dan Store\",\"isPartOf\":{\"@id\":\"https:\/\/linhlinhdan.com\/#website\"},\"datePublished\":\"2023-09-07T09:03:54+00:00\",\"dateModified\":\"2023-09-07T09:03:54+00:00\",\"breadcrumb\":{\"@id\":\"https:\/\/linhlinhdan.com\/vi\/san-pham\/control-panel-pure\/#breadcrumb\"},\"inLanguage\":\"vi\",\"potentialAction\":[{\"@type\":\"ReadAction\",\"target\":[\"https:\/\/linhlinhdan.com\/vi\/san-pham\/control-panel-pure\/\"]}]},{\"@type\":\"BreadcrumbList\",\"@id\":\"https:\/\/linhlinhdan.com\/vi\/san-pham\/control-panel-pure\/#breadcrumb\",\"itemListElement\":[{\"@type\":\"ListItem\",\"position\":1,\"name\":\"Home\",\"item\":\"https:\/\/linhlinhdan.com\/\"},{\"@type\":\"ListItem\",\"position\":2,\"name\":\"PRODUCTS\",\"item\":\"https:\/\/linhlinhdan.com\/maintenance-products\/\"},{\"@type\":\"ListItem\",\"position\":3,\"name\":\"Control Panel Pure\"}]},{\"@type\":\"WebSite\",\"@id\":\"https:\/\/linhlinhdan.com\/#website\",\"url\":\"https:\/\/linhlinhdan.com\/\",\"name\":\"Linh Linh Dan Store\",\"description\":\"\",\"potentialAction\":[{\"@type\":\"SearchAction\",\"target\":{\"@type\":\"EntryPoint\",\"urlTemplate\":\"https:\/\/linhlinhdan.com\/?s={search_term_string}\"},\"query-input\":\"required name=search_term_string\"}],\"inLanguage\":\"vi\"}]}<\/script>\n<!-- \/ Yoast SEO plugin. -->","yoast_head_json":{"title":"Control Panel Pure - Linh Linh Dan Store","robots":{"index":"index","follow":"follow","max-snippet":"max-snippet:-1","max-image-preview":"max-image-preview:large","max-video-preview":"max-video-preview:-1"},"canonical":"https:\/\/linhlinhdan.com\/vi\/san-pham\/control-panel-pure\/","og_locale":"vi_VN","og_type":"article","og_title":"Control Panel Pure - Linh Linh Dan Store","og_description":"Brand name: Tyl\u00f6 Origin: Sweden","og_url":"https:\/\/linhlinhdan.com\/vi\/san-pham\/control-panel-pure\/","og_site_name":"Linh Linh Dan Store","og_image":[{"width":500,"height":500,"url":"https:\/\/linhlinhdan.com\/wp-content\/uploads\/2023\/09\/CONTROL-PANEL-PURE-SKU.jpg","type":"image\/jpeg"}],"twitter_card":"summary_large_image","twitter_misc":{"\u01af\u1edbc t\u00ednh th\u1eddi gian \u0111\u1ecdc":"1 ph\u00fat"},"schema":{"@context":"https:\/\/schema.org","@graph":[{"@type":"WebPage","@id":"https:\/\/linhlinhdan.com\/vi\/san-pham\/control-panel-pure\/","url":"https:\/\/linhlinhdan.com\/vi\/san-pham\/control-panel-pure\/","name":"Control Panel Pure - Linh Linh Dan Store","isPartOf":{"@id":"https:\/\/linhlinhdan.com\/#website"},"datePublished":"2023-09-07T09:03:54+00:00","dateModified":"2023-09-07T09:03:54+00:00","breadcrumb":{"@id":"https:\/\/linhlinhdan.com\/vi\/san-pham\/control-panel-pure\/#breadcrumb"},"inLanguage":"vi","potentialAction":[{"@type":"ReadAction","target":["https:\/\/linhlinhdan.com\/vi\/san-pham\/control-panel-pure\/"]}]},{"@type":"BreadcrumbList","@id":"https:\/\/linhlinhdan.com\/vi\/san-pham\/control-panel-pure\/#breadcrumb","itemListElement":[{"@type":"ListItem","position":1,"name":"Home","item":"https:\/\/linhlinhdan.com\/"},{"@type":"ListItem","position":2,"name":"PRODUCTS","item":"https:\/\/linhlinhdan.com\/maintenance-products\/"},{"@type":"ListItem","position":3,"name":"Control Panel Pure"}]},{"@type":"WebSite","@id":"https:\/\/linhlinhdan.com\/#website","url":"https:\/\/linhlinhdan.com\/","name":"Linh Linh Dan Store","description":"","potentialAction":[{"@type":"SearchAction","target":{"@type":"EntryPoint","urlTemplate":"https:\/\/linhlinhdan.com\/?s={search_term_string}"},"query-input":"required name=search_term_string"}],"inLanguage":"vi"}]}},"_links":{"self":[{"href":"https:\/\/linhlinhdan.com\/vi\/wp-json\/wp\/v2\/product\/2808","targetHints":{"allow":["GET"]}}],"collection":[{"href":"https:\/\/linhlinhdan.com\/vi\/wp-json\/wp\/v2\/product"}],"about":[{"href":"https:\/\/linhlinhdan.com\/vi\/wp-json\/wp\/v2\/types\/product"}],"wp:featuredmedia":[{"embeddable":true,"href":"https:\/\/linhlinhdan.com\/vi\/wp-json\/wp\/v2\/media\/2809"}],"wp:attachment":[{"href":"https:\/\/linhlinhdan.com\/vi\/wp-json\/wp\/v2\/media?parent=2808"}],"wp:term":[{"taxonomy":"product_cat","embeddable":true,"href":"https:\/\/linhlinhdan.com\/vi\/wp-json\/wp\/v2\/product_cat?post=2808"},{"taxonomy":"product_tag","embeddable":true,"href":"https:\/\/linhlinhdan.com\/vi\/wp-json\/wp\/v2\/product_tag?post=2808"}],"curies":[{"name":"wp","href":"https:\/\/api.w.org\/{rel}","templated":true}]}}