{"id":2817,"date":"2023-09-09T08:07:19","date_gmt":"2023-09-09T01:07:19","guid":{"rendered":"https:\/\/store.linhlinhdan.demo.servisense.agency\/?post_type=product&#038;p=2817"},"modified":"2023-09-09T08:07:19","modified_gmt":"2023-09-09T01:07:19","slug":"classic-bucket-ladle","status":"publish","type":"product","link":"https:\/\/linhlinhdan.com\/vi\/san-pham\/classic-bucket-ladle\/","title":{"rendered":"X\u00f4 g\u1ed7 &amp; g\u00e1o g\u1ed7"},"content":{"rendered":"<p class=\" translation-block\">Th\u01b0\u01a1ng hi\u1ec7u: Tyl\u00f6<br>\nS\u1ea3n xu\u1ea5t t\u1ea1i: Th\u1ee5y \u0110i\u1ec3n<br>\nX\u00f4 v\u00e0 g\u00e1o x\u00f4ng h\u01a1i ki\u1ec3u c\u1ed5 \u0111i\u1ec3n l\u00e0 s\u1ef1 b\u1ed5 sung ho\u00e0n h\u1ea3o cho b\u1ea5t k\u1ef3 ph\u00f2ng x\u00f4ng h\u01a1i kh\u00f4 n\u00e0o.<br>\nThi\u1ebft k\u1ebf th\u1ee7 c\u00f4ng \u0111\u01b0\u1ee3c l\u00e0m t\u1eeb g\u1ed7 s\u00e1ng m\u00e0u v\u00e0 c\u00f3 v\u1ebb ngo\u00e0i m\u1ed9c m\u1ea1c.<\/p>","protected":false},"excerpt":{"rendered":"<p class=\" translation-block\">Th\u01b0\u01a1ng hi\u1ec7u: Tyl\u00f6<br>\nS\u1ea3n xu\u1ea5t t\u1ea1i: Th\u1ee5y \u0110i\u1ec3n<\/p>","protected":false},"featured_media":2818,"template":"","meta":[],"product_cat":[105,106,109],"product_tag":[],"class_list":["post-2817","product","type-product","status-publish","has-post-thumbnail","hentry","product_cat-sauna-steam","product_cat-sauna","product_cat-sauna-accessories"],"yoast_head":"<!-- This site is optimized with the Yoast SEO plugin v20.13 - https:\/\/yoast.com\/wordpress\/plugins\/seo\/ -->\n<title>Classic Bucket &amp; Ladle - Linh Linh Dan Store<\/title>\n<meta name=\"robots\" content=\"index, follow, max-snippet:-1, max-image-preview:large, max-video-preview:-1\" \/>\n<link rel=\"canonical\" href=\"https:\/\/linhlinhdan.com\/vi\/san-pham\/classic-bucket-ladle\/\" \/>\n<meta property=\"og:locale\" content=\"vi_VN\" \/>\n<meta property=\"og:type\" content=\"article\" \/>\n<meta property=\"og:title\" content=\"Classic Bucket &amp; Ladle - Linh Linh Dan Store\" \/>\n<meta property=\"og:description\" content=\"Brand name: Tyl\u00f6 Origin: Sweden\" \/>\n<meta property=\"og:url\" content=\"https:\/\/linhlinhdan.com\/vi\/san-pham\/classic-bucket-ladle\/\" \/>\n<meta property=\"og:site_name\" content=\"Linh Linh Dan Store\" \/>\n<meta property=\"og:image\" content=\"https:\/\/linhlinhdan.com\/wp-content\/uploads\/2023\/09\/Classicbucket-SKU.jpg\" \/>\n\t<meta property=\"og:image:width\" content=\"500\" \/>\n\t<meta property=\"og:image:height\" content=\"500\" \/>\n\t<meta property=\"og:image:type\" content=\"image\/jpeg\" \/>\n<meta name=\"twitter:card\" content=\"summary_large_image\" \/>\n<meta name=\"twitter:label1\" content=\"\u01af\u1edbc t\u00ednh th\u1eddi gian \u0111\u1ecdc\" \/>\n\t<meta name=\"twitter:data1\" content=\"1 ph\u00fat\" \/>\n<script type=\"application\/ld+json\" class=\"yoast-schema-graph\">{\"@context\":\"https:\/\/schema.org\",\"@graph\":[{\"@type\":\"WebPage\",\"@id\":\"https:\/\/linhlinhdan.com\/product\/classic-bucket-ladle\/\",\"url\":\"https:\/\/linhlinhdan.com\/product\/classic-bucket-ladle\/\",\"name\":\"Classic Bucket &amp; Ladle - Linh Linh Dan Store\",\"isPartOf\":{\"@id\":\"https:\/\/linhlinhdan.com\/#website\"},\"datePublished\":\"2023-09-09T01:07:19+00:00\",\"dateModified\":\"2023-09-09T01:07:19+00:00\",\"breadcrumb\":{\"@id\":\"https:\/\/linhlinhdan.com\/product\/classic-bucket-ladle\/#breadcrumb\"},\"inLanguage\":\"vi\",\"potentialAction\":[{\"@type\":\"ReadAction\",\"target\":[\"https:\/\/linhlinhdan.com\/product\/classic-bucket-ladle\/\"]}]},{\"@type\":\"BreadcrumbList\",\"@id\":\"https:\/\/linhlinhdan.com\/product\/classic-bucket-ladle\/#breadcrumb\",\"itemListElement\":[{\"@type\":\"ListItem\",\"position\":1,\"name\":\"Home\",\"item\":\"https:\/\/linhlinhdan.com\/\"},{\"@type\":\"ListItem\",\"position\":2,\"name\":\"PRODUCTS\",\"item\":\"https:\/\/linhlinhdan.com\/maintenance-products\/\"},{\"@type\":\"ListItem\",\"position\":3,\"name\":\"Classic Bucket &amp; Ladle\"}]},{\"@type\":\"WebSite\",\"@id\":\"https:\/\/linhlinhdan.com\/#website\",\"url\":\"https:\/\/linhlinhdan.com\/\",\"name\":\"Linh Linh Dan Store\",\"description\":\"\",\"potentialAction\":[{\"@type\":\"SearchAction\",\"target\":{\"@type\":\"EntryPoint\",\"urlTemplate\":\"https:\/\/linhlinhdan.com\/?s={search_term_string}\"},\"query-input\":\"required name=search_term_string\"}],\"inLanguage\":\"vi\"}]}<\/script>\n<!-- \/ Yoast SEO plugin. -->","yoast_head_json":{"title":"Classic Bucket &amp; Ladle - Linh Linh Dan Store","robots":{"index":"index","follow":"follow","max-snippet":"max-snippet:-1","max-image-preview":"max-image-preview:large","max-video-preview":"max-video-preview:-1"},"canonical":"https:\/\/linhlinhdan.com\/vi\/san-pham\/classic-bucket-ladle\/","og_locale":"vi_VN","og_type":"article","og_title":"Classic Bucket &amp; Ladle - Linh Linh Dan Store","og_description":"Brand name: Tyl\u00f6 Origin: Sweden","og_url":"https:\/\/linhlinhdan.com\/vi\/san-pham\/classic-bucket-ladle\/","og_site_name":"Linh Linh Dan Store","og_image":[{"width":500,"height":500,"url":"https:\/\/linhlinhdan.com\/wp-content\/uploads\/2023\/09\/Classicbucket-SKU.jpg","type":"image\/jpeg"}],"twitter_card":"summary_large_image","twitter_misc":{"\u01af\u1edbc t\u00ednh th\u1eddi gian \u0111\u1ecdc":"1 ph\u00fat"},"schema":{"@context":"https:\/\/schema.org","@graph":[{"@type":"WebPage","@id":"https:\/\/linhlinhdan.com\/product\/classic-bucket-ladle\/","url":"https:\/\/linhlinhdan.com\/product\/classic-bucket-ladle\/","name":"Classic Bucket &amp; Ladle - Linh Linh Dan Store","isPartOf":{"@id":"https:\/\/linhlinhdan.com\/#website"},"datePublished":"2023-09-09T01:07:19+00:00","dateModified":"2023-09-09T01:07:19+00:00","breadcrumb":{"@id":"https:\/\/linhlinhdan.com\/product\/classic-bucket-ladle\/#breadcrumb"},"inLanguage":"vi","potentialAction":[{"@type":"ReadAction","target":["https:\/\/linhlinhdan.com\/product\/classic-bucket-ladle\/"]}]},{"@type":"BreadcrumbList","@id":"https:\/\/linhlinhdan.com\/product\/classic-bucket-ladle\/#breadcrumb","itemListElement":[{"@type":"ListItem","position":1,"name":"Home","item":"https:\/\/linhlinhdan.com\/"},{"@type":"ListItem","position":2,"name":"PRODUCTS","item":"https:\/\/linhlinhdan.com\/maintenance-products\/"},{"@type":"ListItem","position":3,"name":"Classic Bucket &amp; Ladle"}]},{"@type":"WebSite","@id":"https:\/\/linhlinhdan.com\/#website","url":"https:\/\/linhlinhdan.com\/","name":"Linh Linh Dan Store","description":"","potentialAction":[{"@type":"SearchAction","target":{"@type":"EntryPoint","urlTemplate":"https:\/\/linhlinhdan.com\/?s={search_term_string}"},"query-input":"required name=search_term_string"}],"inLanguage":"vi"}]}},"_links":{"self":[{"href":"https:\/\/linhlinhdan.com\/vi\/wp-json\/wp\/v2\/product\/2817","targetHints":{"allow":["GET"]}}],"collection":[{"href":"https:\/\/linhlinhdan.com\/vi\/wp-json\/wp\/v2\/product"}],"about":[{"href":"https:\/\/linhlinhdan.com\/vi\/wp-json\/wp\/v2\/types\/product"}],"wp:featuredmedia":[{"embeddable":true,"href":"https:\/\/linhlinhdan.com\/vi\/wp-json\/wp\/v2\/media\/2818"}],"wp:attachment":[{"href":"https:\/\/linhlinhdan.com\/vi\/wp-json\/wp\/v2\/media?parent=2817"}],"wp:term":[{"taxonomy":"product_cat","embeddable":true,"href":"https:\/\/linhlinhdan.com\/vi\/wp-json\/wp\/v2\/product_cat?post=2817"},{"taxonomy":"product_tag","embeddable":true,"href":"https:\/\/linhlinhdan.com\/vi\/wp-json\/wp\/v2\/product_tag?post=2817"}],"curies":[{"name":"wp","href":"https:\/\/api.w.org\/{rel}","templated":true}]}}