{"id":2829,"date":"2023-09-09T08:18:19","date_gmt":"2023-09-09T01:18:19","guid":{"rendered":"https:\/\/store.linhlinhdan.demo.servisense.agency\/?post_type=product&#038;p=2829"},"modified":"2023-09-09T08:18:19","modified_gmt":"2023-09-09T01:18:19","slug":"sauna-stones-2","status":"publish","type":"product","link":"https:\/\/linhlinhdan.com\/vi\/san-pham\/sauna-stones-2\/","title":{"rendered":"\u0110\u00e1 t\u1ea1o nhi\u1ec7t sauna"},"content":{"rendered":"<p class=\" translation-block\">Th\u01b0\u01a1ng hi\u1ec7u: Tyl\u00f6<br>\nS\u1ea3n xu\u1ea5t t\u1ea1i: Th\u1ee5y \u0110i\u1ec3n<br>\n\u0110\u00e1 x\u00f4ng h\u01a1i kh\u00f4 gi\u1eef nhi\u1ec7t vulcanite ch\u00ednh h\u00e3ng c\u1ee7a Tyl\u00f6.<br>\n\u0110\u00e1 x\u00f4ng h\u01a1i ch\u1ea5t l\u01b0\u1ee3ng h\u00e0ng \u0111\u1ea7u c\u00f3 \u0111\u1ed9 b\u1ec1n cao v\u00e0 b\u1ee9c x\u1ea1 nhi\u1ec7t c\u1ef1c t\u1ed1t.<br>\nNh\u1eefng vi\u00ean \u0111\u00e1 \u0111\u00e3 \u0111\u01b0\u1ee3c r\u1eeda s\u1ea1ch nh\u01b0ng n\u1ebfu b\u1ecb b\u1ea9n b\u1ea1n c\u00f3 th\u1ec3 r\u1eeda l\u1ea1i tr\u01b0\u1edbc khi \u0111\u1eb7t v\u00e0o m\u00e1y x\u00f4ng h\u01a1i kh\u00f4.<br>\n\u0110\u1eb7t c\u00e1c vi\u00ean \u0111\u00e1 m\u1ed9t c\u00e1ch l\u1ecfng l\u1ebbo tr\u00ean xung quanh m\u00e1y \u0111\u1ec3 r\u00fat ng\u1eafn th\u1eddi gian l\u00e0m n\u00f3ng ph\u00f2ng x\u00f4ng h\u01a1i kh\u00f4 v\u00e0 k\u00e9o d\u00e0i tu\u1ed5i th\u1ecd c\u1ee7a c\u00e1c \u0111i\u1ec7n tr\u1edf.<\/p>","protected":false},"excerpt":{"rendered":"<p class=\" translation-block\">Th\u01b0\u01a1ng hi\u1ec7u: Tyl\u00f6<br>\nS\u1ea3n xu\u1ea5t t\u1ea1i: Th\u1ee5y \u0110i\u1ec3n<\/p>","protected":false},"featured_media":2830,"template":"","meta":[],"product_cat":[105,106,109],"product_tag":[],"class_list":["post-2829","product","type-product","status-publish","has-post-thumbnail","hentry","product_cat-sauna-steam","product_cat-sauna","product_cat-sauna-accessories"],"yoast_head":"<!-- This site is optimized with the Yoast SEO plugin v20.13 - https:\/\/yoast.com\/wordpress\/plugins\/seo\/ -->\n<title>Sauna Stones - Linh Linh Dan Store<\/title>\n<meta name=\"robots\" content=\"index, follow, max-snippet:-1, max-image-preview:large, max-video-preview:-1\" \/>\n<link rel=\"canonical\" href=\"https:\/\/linhlinhdan.com\/vi\/san-pham\/sauna-stones-2\/\" \/>\n<meta property=\"og:locale\" content=\"vi_VN\" \/>\n<meta property=\"og:type\" content=\"article\" \/>\n<meta property=\"og:title\" content=\"Sauna Stones - Linh Linh Dan Store\" \/>\n<meta property=\"og:description\" content=\"Brand name: Tyl\u00f6 Origin: Sweden\" \/>\n<meta property=\"og:url\" content=\"https:\/\/linhlinhdan.com\/vi\/san-pham\/sauna-stones-2\/\" \/>\n<meta property=\"og:site_name\" content=\"Linh Linh Dan Store\" \/>\n<meta property=\"og:image\" content=\"https:\/\/linhlinhdan.com\/wp-content\/uploads\/2023\/09\/Sauna-stones-SKU.jpg\" \/>\n\t<meta property=\"og:image:width\" content=\"500\" \/>\n\t<meta property=\"og:image:height\" content=\"500\" \/>\n\t<meta property=\"og:image:type\" content=\"image\/jpeg\" \/>\n<meta name=\"twitter:card\" content=\"summary_large_image\" \/>\n<meta name=\"twitter:label1\" content=\"\u01af\u1edbc t\u00ednh th\u1eddi gian \u0111\u1ecdc\" \/>\n\t<meta name=\"twitter:data1\" content=\"1 ph\u00fat\" \/>\n<script type=\"application\/ld+json\" class=\"yoast-schema-graph\">{\"@context\":\"https:\/\/schema.org\",\"@graph\":[{\"@type\":\"WebPage\",\"@id\":\"https:\/\/linhlinhdan.com\/product\/sauna-stones-2\/\",\"url\":\"https:\/\/linhlinhdan.com\/product\/sauna-stones-2\/\",\"name\":\"Sauna Stones - Linh Linh Dan Store\",\"isPartOf\":{\"@id\":\"https:\/\/linhlinhdan.com\/#website\"},\"datePublished\":\"2023-09-09T01:18:19+00:00\",\"dateModified\":\"2023-09-09T01:18:19+00:00\",\"breadcrumb\":{\"@id\":\"https:\/\/linhlinhdan.com\/product\/sauna-stones-2\/#breadcrumb\"},\"inLanguage\":\"vi\",\"potentialAction\":[{\"@type\":\"ReadAction\",\"target\":[\"https:\/\/linhlinhdan.com\/product\/sauna-stones-2\/\"]}]},{\"@type\":\"BreadcrumbList\",\"@id\":\"https:\/\/linhlinhdan.com\/product\/sauna-stones-2\/#breadcrumb\",\"itemListElement\":[{\"@type\":\"ListItem\",\"position\":1,\"name\":\"Home\",\"item\":\"https:\/\/linhlinhdan.com\/\"},{\"@type\":\"ListItem\",\"position\":2,\"name\":\"PRODUCTS\",\"item\":\"https:\/\/linhlinhdan.com\/maintenance-products\/\"},{\"@type\":\"ListItem\",\"position\":3,\"name\":\"Sauna Stones\"}]},{\"@type\":\"WebSite\",\"@id\":\"https:\/\/linhlinhdan.com\/#website\",\"url\":\"https:\/\/linhlinhdan.com\/\",\"name\":\"Linh Linh Dan Store\",\"description\":\"\",\"potentialAction\":[{\"@type\":\"SearchAction\",\"target\":{\"@type\":\"EntryPoint\",\"urlTemplate\":\"https:\/\/linhlinhdan.com\/?s={search_term_string}\"},\"query-input\":\"required name=search_term_string\"}],\"inLanguage\":\"vi\"}]}<\/script>\n<!-- \/ Yoast SEO plugin. -->","yoast_head_json":{"title":"Sauna Stones - Linh Linh Dan Store","robots":{"index":"index","follow":"follow","max-snippet":"max-snippet:-1","max-image-preview":"max-image-preview:large","max-video-preview":"max-video-preview:-1"},"canonical":"https:\/\/linhlinhdan.com\/vi\/san-pham\/sauna-stones-2\/","og_locale":"vi_VN","og_type":"article","og_title":"Sauna Stones - Linh Linh Dan Store","og_description":"Brand name: Tyl\u00f6 Origin: Sweden","og_url":"https:\/\/linhlinhdan.com\/vi\/san-pham\/sauna-stones-2\/","og_site_name":"Linh Linh Dan Store","og_image":[{"width":500,"height":500,"url":"https:\/\/linhlinhdan.com\/wp-content\/uploads\/2023\/09\/Sauna-stones-SKU.jpg","type":"image\/jpeg"}],"twitter_card":"summary_large_image","twitter_misc":{"\u01af\u1edbc t\u00ednh th\u1eddi gian \u0111\u1ecdc":"1 ph\u00fat"},"schema":{"@context":"https:\/\/schema.org","@graph":[{"@type":"WebPage","@id":"https:\/\/linhlinhdan.com\/product\/sauna-stones-2\/","url":"https:\/\/linhlinhdan.com\/product\/sauna-stones-2\/","name":"Sauna Stones - Linh Linh Dan Store","isPartOf":{"@id":"https:\/\/linhlinhdan.com\/#website"},"datePublished":"2023-09-09T01:18:19+00:00","dateModified":"2023-09-09T01:18:19+00:00","breadcrumb":{"@id":"https:\/\/linhlinhdan.com\/product\/sauna-stones-2\/#breadcrumb"},"inLanguage":"vi","potentialAction":[{"@type":"ReadAction","target":["https:\/\/linhlinhdan.com\/product\/sauna-stones-2\/"]}]},{"@type":"BreadcrumbList","@id":"https:\/\/linhlinhdan.com\/product\/sauna-stones-2\/#breadcrumb","itemListElement":[{"@type":"ListItem","position":1,"name":"Home","item":"https:\/\/linhlinhdan.com\/"},{"@type":"ListItem","position":2,"name":"PRODUCTS","item":"https:\/\/linhlinhdan.com\/maintenance-products\/"},{"@type":"ListItem","position":3,"name":"Sauna Stones"}]},{"@type":"WebSite","@id":"https:\/\/linhlinhdan.com\/#website","url":"https:\/\/linhlinhdan.com\/","name":"Linh Linh Dan Store","description":"","potentialAction":[{"@type":"SearchAction","target":{"@type":"EntryPoint","urlTemplate":"https:\/\/linhlinhdan.com\/?s={search_term_string}"},"query-input":"required name=search_term_string"}],"inLanguage":"vi"}]}},"_links":{"self":[{"href":"https:\/\/linhlinhdan.com\/vi\/wp-json\/wp\/v2\/product\/2829","targetHints":{"allow":["GET"]}}],"collection":[{"href":"https:\/\/linhlinhdan.com\/vi\/wp-json\/wp\/v2\/product"}],"about":[{"href":"https:\/\/linhlinhdan.com\/vi\/wp-json\/wp\/v2\/types\/product"}],"wp:featuredmedia":[{"embeddable":true,"href":"https:\/\/linhlinhdan.com\/vi\/wp-json\/wp\/v2\/media\/2830"}],"wp:attachment":[{"href":"https:\/\/linhlinhdan.com\/vi\/wp-json\/wp\/v2\/media?parent=2829"}],"wp:term":[{"taxonomy":"product_cat","embeddable":true,"href":"https:\/\/linhlinhdan.com\/vi\/wp-json\/wp\/v2\/product_cat?post=2829"},{"taxonomy":"product_tag","embeddable":true,"href":"https:\/\/linhlinhdan.com\/vi\/wp-json\/wp\/v2\/product_tag?post=2829"}],"curies":[{"name":"wp","href":"https:\/\/api.w.org\/{rel}","templated":true}]}}