{"id":2833,"date":"2023-09-25T14:59:00","date_gmt":"2023-09-25T07:59:00","guid":{"rendered":"https:\/\/store.linhlinhdan.demo.servisense.agency\/?post_type=product&#038;p=2833"},"modified":"2023-09-25T16:03:19","modified_gmt":"2023-09-25T09:03:19","slug":"fiberglass-filter-series-v","status":"publish","type":"product","link":"https:\/\/linhlinhdan.com\/vi\/san-pham\/fiberglass-filter-series-v\/","title":{"rendered":"B\u00ecnh l\u1ecdc c\u00e1t Model V"},"content":{"rendered":"<p class=\" translation-block\">TH\u00d4NG TIN K\u1ef8 THU\u1eacT<br>\n-T\u00ean s\u1ea3n ph\u1ea9m: B\u00ecnh l\u1ecdc c\u00e1t Model V<br>\n\u0110\u01b0\u1eddng k\u00ednh b\u00ecnh l\u1ecdc t\u1eeb \u00d8350 to \u00d81400.<br>\nH\u00e3ng s\u1ea3n xu\u1ea5t: Emaux - China<br>\nS\u1ea3n xu\u1ea5t theo c\u00f4ng ngh\u1ec7 cu\u1ed9n ch\u1ec9 t\u1ef1 \u0111\u1ed9ng t\u1eeb s\u1ee3i th\u1ee7y tinh v\u00e0 v\u1eadt li\u1ec7u nh\u1ef1a t\u1ed5ng h\u1ee3p ch\u1ed1ng tia c\u1ef1c t\u00edm cho ph\u00e9p b\u1ed9 l\u1ecdc ch\u1ed1ng l\u1ea1i c\u00e1c \u0111i\u1ec1u ki\u1ec7n th\u1eddi ti\u1ebft kh\u1eafc nghi\u1ec7t v\u00e0 c\u00f3 tu\u1ed5i th\u1ecd l\u00e0m vi\u1ec7c l\u00e2u d\u00e0i m\u00e0 kh\u00f4ng b\u1ecb \u0103n m\u00f2n.<\/p>","protected":false},"excerpt":{"rendered":"<p class=\" translation-block\">-T\u00ean s\u1ea3n ph\u1ea9m: B\u00ecnh l\u1ecdc c\u00e1t Model V<br>\n\u0110\u01b0\u1eddng k\u00ednh b\u00ecnh l\u1ecdc t\u1eeb \u00d8350 to \u00d81400.<br>\nH\u00e3ng s\u1ea3n xu\u1ea5t: Emaux - China<\/p>","protected":false},"featured_media":2834,"template":"","meta":[],"product_cat":[113],"product_tag":[],"class_list":["post-2833","product","type-product","status-publish","has-post-thumbnail","hentry","product_cat-emaux"],"yoast_head":"<!-- This site is optimized with the Yoast SEO plugin v20.13 - https:\/\/yoast.com\/wordpress\/plugins\/seo\/ -->\n<title>FIBERGLASS FILTER - SERIES V - Linh Linh Dan Store<\/title>\n<meta name=\"robots\" content=\"index, follow, max-snippet:-1, max-image-preview:large, max-video-preview:-1\" \/>\n<link rel=\"canonical\" href=\"https:\/\/linhlinhdan.com\/vi\/san-pham\/fiberglass-filter-series-v\/\" \/>\n<meta property=\"og:locale\" content=\"vi_VN\" \/>\n<meta property=\"og:type\" content=\"article\" \/>\n<meta property=\"og:title\" content=\"FIBERGLASS FILTER - SERIES V - Linh Linh Dan Store\" \/>\n<meta property=\"og:description\" content=\"V Series Filters Product Name: Fiberglass Filter - Series V From \u00d8350 to \u00d81400. Origin: Emaux - China\" \/>\n<meta property=\"og:url\" content=\"https:\/\/linhlinhdan.com\/vi\/san-pham\/fiberglass-filter-series-v\/\" \/>\n<meta property=\"og:site_name\" content=\"Linh Linh Dan Store\" \/>\n<meta property=\"article:modified_time\" content=\"2023-09-25T09:03:19+00:00\" \/>\n<meta property=\"og:image\" content=\"https:\/\/linhlinhdan.com\/wp-content\/uploads\/2023\/09\/V-SERIES-SKU.jpg\" \/>\n\t<meta property=\"og:image:width\" content=\"500\" \/>\n\t<meta property=\"og:image:height\" content=\"500\" \/>\n\t<meta property=\"og:image:type\" content=\"image\/jpeg\" \/>\n<meta name=\"twitter:card\" content=\"summary_large_image\" \/>\n<meta name=\"twitter:label1\" content=\"\u01af\u1edbc t\u00ednh th\u1eddi gian \u0111\u1ecdc\" \/>\n\t<meta name=\"twitter:data1\" content=\"1 ph\u00fat\" \/>\n<script type=\"application\/ld+json\" class=\"yoast-schema-graph\">{\"@context\":\"https:\/\/schema.org\",\"@graph\":[{\"@type\":\"WebPage\",\"@id\":\"https:\/\/linhlinhdan.com\/product\/fiberglass-filter-series-v\/\",\"url\":\"https:\/\/linhlinhdan.com\/product\/fiberglass-filter-series-v\/\",\"name\":\"FIBERGLASS FILTER - SERIES V - Linh Linh Dan Store\",\"isPartOf\":{\"@id\":\"https:\/\/linhlinhdan.com\/#website\"},\"datePublished\":\"2023-09-25T07:59:00+00:00\",\"dateModified\":\"2023-09-25T09:03:19+00:00\",\"breadcrumb\":{\"@id\":\"https:\/\/linhlinhdan.com\/product\/fiberglass-filter-series-v\/#breadcrumb\"},\"inLanguage\":\"vi\",\"potentialAction\":[{\"@type\":\"ReadAction\",\"target\":[\"https:\/\/linhlinhdan.com\/product\/fiberglass-filter-series-v\/\"]}]},{\"@type\":\"BreadcrumbList\",\"@id\":\"https:\/\/linhlinhdan.com\/product\/fiberglass-filter-series-v\/#breadcrumb\",\"itemListElement\":[{\"@type\":\"ListItem\",\"position\":1,\"name\":\"Home\",\"item\":\"https:\/\/linhlinhdan.com\/\"},{\"@type\":\"ListItem\",\"position\":2,\"name\":\"PRODUCTS\",\"item\":\"https:\/\/linhlinhdan.com\/maintenance-products\/\"},{\"@type\":\"ListItem\",\"position\":3,\"name\":\"FIBERGLASS FILTER &#8211; SERIES V\"}]},{\"@type\":\"WebSite\",\"@id\":\"https:\/\/linhlinhdan.com\/#website\",\"url\":\"https:\/\/linhlinhdan.com\/\",\"name\":\"Linh Linh Dan Store\",\"description\":\"\",\"potentialAction\":[{\"@type\":\"SearchAction\",\"target\":{\"@type\":\"EntryPoint\",\"urlTemplate\":\"https:\/\/linhlinhdan.com\/?s={search_term_string}\"},\"query-input\":\"required name=search_term_string\"}],\"inLanguage\":\"vi\"}]}<\/script>\n<!-- \/ Yoast SEO plugin. -->","yoast_head_json":{"title":"FIBERGLASS FILTER - SERIES V - Linh Linh Dan Store","robots":{"index":"index","follow":"follow","max-snippet":"max-snippet:-1","max-image-preview":"max-image-preview:large","max-video-preview":"max-video-preview:-1"},"canonical":"https:\/\/linhlinhdan.com\/vi\/san-pham\/fiberglass-filter-series-v\/","og_locale":"vi_VN","og_type":"article","og_title":"FIBERGLASS FILTER - SERIES V - Linh Linh Dan Store","og_description":"V Series Filters Product Name: Fiberglass Filter - Series V From \u00d8350 to \u00d81400. Origin: Emaux - China","og_url":"https:\/\/linhlinhdan.com\/vi\/san-pham\/fiberglass-filter-series-v\/","og_site_name":"Linh Linh Dan Store","article_modified_time":"2023-09-25T09:03:19+00:00","og_image":[{"width":500,"height":500,"url":"https:\/\/linhlinhdan.com\/wp-content\/uploads\/2023\/09\/V-SERIES-SKU.jpg","type":"image\/jpeg"}],"twitter_card":"summary_large_image","twitter_misc":{"\u01af\u1edbc t\u00ednh th\u1eddi gian \u0111\u1ecdc":"1 ph\u00fat"},"schema":{"@context":"https:\/\/schema.org","@graph":[{"@type":"WebPage","@id":"https:\/\/linhlinhdan.com\/product\/fiberglass-filter-series-v\/","url":"https:\/\/linhlinhdan.com\/product\/fiberglass-filter-series-v\/","name":"FIBERGLASS FILTER - SERIES V - Linh Linh Dan Store","isPartOf":{"@id":"https:\/\/linhlinhdan.com\/#website"},"datePublished":"2023-09-25T07:59:00+00:00","dateModified":"2023-09-25T09:03:19+00:00","breadcrumb":{"@id":"https:\/\/linhlinhdan.com\/product\/fiberglass-filter-series-v\/#breadcrumb"},"inLanguage":"vi","potentialAction":[{"@type":"ReadAction","target":["https:\/\/linhlinhdan.com\/product\/fiberglass-filter-series-v\/"]}]},{"@type":"BreadcrumbList","@id":"https:\/\/linhlinhdan.com\/product\/fiberglass-filter-series-v\/#breadcrumb","itemListElement":[{"@type":"ListItem","position":1,"name":"Home","item":"https:\/\/linhlinhdan.com\/"},{"@type":"ListItem","position":2,"name":"PRODUCTS","item":"https:\/\/linhlinhdan.com\/maintenance-products\/"},{"@type":"ListItem","position":3,"name":"FIBERGLASS FILTER &#8211; SERIES V"}]},{"@type":"WebSite","@id":"https:\/\/linhlinhdan.com\/#website","url":"https:\/\/linhlinhdan.com\/","name":"Linh Linh Dan Store","description":"","potentialAction":[{"@type":"SearchAction","target":{"@type":"EntryPoint","urlTemplate":"https:\/\/linhlinhdan.com\/?s={search_term_string}"},"query-input":"required name=search_term_string"}],"inLanguage":"vi"}]}},"_links":{"self":[{"href":"https:\/\/linhlinhdan.com\/vi\/wp-json\/wp\/v2\/product\/2833","targetHints":{"allow":["GET"]}}],"collection":[{"href":"https:\/\/linhlinhdan.com\/vi\/wp-json\/wp\/v2\/product"}],"about":[{"href":"https:\/\/linhlinhdan.com\/vi\/wp-json\/wp\/v2\/types\/product"}],"wp:featuredmedia":[{"embeddable":true,"href":"https:\/\/linhlinhdan.com\/vi\/wp-json\/wp\/v2\/media\/2834"}],"wp:attachment":[{"href":"https:\/\/linhlinhdan.com\/vi\/wp-json\/wp\/v2\/media?parent=2833"}],"wp:term":[{"taxonomy":"product_cat","embeddable":true,"href":"https:\/\/linhlinhdan.com\/vi\/wp-json\/wp\/v2\/product_cat?post=2833"},{"taxonomy":"product_tag","embeddable":true,"href":"https:\/\/linhlinhdan.com\/vi\/wp-json\/wp\/v2\/product_tag?post=2833"}],"curies":[{"name":"wp","href":"https:\/\/api.w.org\/{rel}","templated":true}]}}