{"id":2848,"date":"2023-09-25T15:10:22","date_gmt":"2023-09-25T08:10:22","guid":{"rendered":"https:\/\/store.linhlinhdan.demo.servisense.agency\/?post_type=product&#038;p=2848"},"modified":"2023-11-21T08:28:05","modified_gmt":"2023-11-21T01:28:05","slug":"sand-filter-series-p","status":"publish","type":"product","link":"https:\/\/linhlinhdan.com\/vi\/san-pham\/sand-filter-series-p\/","title":{"rendered":"B\u00ecnh l\u1ecdc c\u00e1t Model P"},"content":{"rendered":"<p class=\" translation-block\">TH\u00d4NG TIN K\u1ef8 THU\u1eacT<br>\nT\u00ean s\u1ea3n ph\u1ea9m: B\u00ecnh l\u1ecdc c\u00e1t Model P<br>\n\u0110\u01b0\u1eddng k\u00ednh b\u00ecnh l\u1ecdc t\u1eeb \u00d8350 to \u00d8700.<br>\nH\u00e3ng s\u1ea3n xu\u1ea5t: Emaux - China.<br>\nB\u00ecnh l\u1ecdc d\u00f2ng P \u0111\u01b0\u1ee3c th\u1ed5i \u0111\u00fac th\u1ed5i nguy\u00ean kh\u1ed1i b\u1eb1ng v\u1eadt li\u1ec7u nh\u1ef1a  polyethylene HDPE, ch\u1ed1ng tia c\u1ef1c t\u00edm v\u00e0 c\u00e1c \u0111i\u1ec1u ki\u1ec7n th\u1eddi ti\u1ebft kh\u1eafc nghi\u1ec7t, c\u00f3 tu\u1ed5i th\u1ecd l\u00e0m vi\u1ec7c l\u00e2u d\u00e0i m\u00e0 kh\u00f4ng b\u1ecb \u0103n m\u00f2n.<\/p>","protected":false},"excerpt":{"rendered":"<p class=\" translation-block\">T\u00ean s\u1ea3n ph\u1ea9m: B\u00ecnh l\u1ecdc c\u00e1t Model P<br>\n\u0110\u01b0\u1eddng k\u00ednh b\u00ecnh l\u1ecdc t\u1eeb \u00d8350 to \u00d8700.<br>\nH\u00e3ng s\u1ea3n xu\u1ea5t: Emaux - China.<\/p>","protected":false},"featured_media":2849,"template":"","meta":[],"product_cat":[113],"product_tag":[],"class_list":["post-2848","product","type-product","status-publish","has-post-thumbnail","hentry","product_cat-emaux"],"yoast_head":"<!-- This site is optimized with the Yoast SEO plugin v20.13 - https:\/\/yoast.com\/wordpress\/plugins\/seo\/ -->\n<title>SAND FILTER - SERIES P - Linh Linh Dan Store<\/title>\n<meta name=\"robots\" content=\"index, follow, max-snippet:-1, max-image-preview:large, max-video-preview:-1\" \/>\n<link rel=\"canonical\" href=\"https:\/\/linhlinhdan.com\/vi\/san-pham\/sand-filter-series-p\/\" \/>\n<meta property=\"og:locale\" content=\"vi_VN\" \/>\n<meta property=\"og:type\" content=\"article\" \/>\n<meta property=\"og:title\" content=\"SAND FILTER - SERIES P - Linh Linh Dan Store\" \/>\n<meta property=\"og:description\" content=\"Product Name: Sand Filter - Series P. From \u00d8350 to \u00d8700. Origin: Emaux - China.\" \/>\n<meta property=\"og:url\" content=\"https:\/\/linhlinhdan.com\/vi\/san-pham\/sand-filter-series-p\/\" \/>\n<meta property=\"og:site_name\" content=\"Linh Linh Dan Store\" \/>\n<meta property=\"article:modified_time\" content=\"2023-11-21T01:28:05+00:00\" \/>\n<meta property=\"og:image\" content=\"https:\/\/linhlinhdan.com\/wp-content\/uploads\/2023\/09\/P-SERIES-SKU.jpg\" \/>\n\t<meta property=\"og:image:width\" content=\"500\" \/>\n\t<meta property=\"og:image:height\" content=\"500\" \/>\n\t<meta property=\"og:image:type\" content=\"image\/jpeg\" \/>\n<meta name=\"twitter:card\" content=\"summary_large_image\" \/>\n<meta name=\"twitter:label1\" content=\"\u01af\u1edbc t\u00ednh th\u1eddi gian \u0111\u1ecdc\" \/>\n\t<meta name=\"twitter:data1\" content=\"1 ph\u00fat\" \/>\n<script type=\"application\/ld+json\" class=\"yoast-schema-graph\">{\"@context\":\"https:\/\/schema.org\",\"@graph\":[{\"@type\":\"WebPage\",\"@id\":\"https:\/\/linhlinhdan.com\/product\/sand-filter-series-p\/\",\"url\":\"https:\/\/linhlinhdan.com\/product\/sand-filter-series-p\/\",\"name\":\"SAND FILTER - SERIES P - Linh Linh Dan Store\",\"isPartOf\":{\"@id\":\"https:\/\/linhlinhdan.com\/#website\"},\"datePublished\":\"2023-09-25T08:10:22+00:00\",\"dateModified\":\"2023-11-21T01:28:05+00:00\",\"breadcrumb\":{\"@id\":\"https:\/\/linhlinhdan.com\/product\/sand-filter-series-p\/#breadcrumb\"},\"inLanguage\":\"vi\",\"potentialAction\":[{\"@type\":\"ReadAction\",\"target\":[\"https:\/\/linhlinhdan.com\/product\/sand-filter-series-p\/\"]}]},{\"@type\":\"BreadcrumbList\",\"@id\":\"https:\/\/linhlinhdan.com\/product\/sand-filter-series-p\/#breadcrumb\",\"itemListElement\":[{\"@type\":\"ListItem\",\"position\":1,\"name\":\"Home\",\"item\":\"https:\/\/linhlinhdan.com\/\"},{\"@type\":\"ListItem\",\"position\":2,\"name\":\"PRODUCTS\",\"item\":\"https:\/\/linhlinhdan.com\/maintenance-products\/\"},{\"@type\":\"ListItem\",\"position\":3,\"name\":\"SAND FILTER &#8211; SERIES P\"}]},{\"@type\":\"WebSite\",\"@id\":\"https:\/\/linhlinhdan.com\/#website\",\"url\":\"https:\/\/linhlinhdan.com\/\",\"name\":\"Linh Linh Dan Store\",\"description\":\"\",\"potentialAction\":[{\"@type\":\"SearchAction\",\"target\":{\"@type\":\"EntryPoint\",\"urlTemplate\":\"https:\/\/linhlinhdan.com\/?s={search_term_string}\"},\"query-input\":\"required name=search_term_string\"}],\"inLanguage\":\"vi\"}]}<\/script>\n<!-- \/ Yoast SEO plugin. -->","yoast_head_json":{"title":"SAND FILTER - SERIES P - Linh Linh Dan Store","robots":{"index":"index","follow":"follow","max-snippet":"max-snippet:-1","max-image-preview":"max-image-preview:large","max-video-preview":"max-video-preview:-1"},"canonical":"https:\/\/linhlinhdan.com\/vi\/san-pham\/sand-filter-series-p\/","og_locale":"vi_VN","og_type":"article","og_title":"SAND FILTER - SERIES P - Linh Linh Dan Store","og_description":"Product Name: Sand Filter - Series P. From \u00d8350 to \u00d8700. Origin: Emaux - China.","og_url":"https:\/\/linhlinhdan.com\/vi\/san-pham\/sand-filter-series-p\/","og_site_name":"Linh Linh Dan Store","article_modified_time":"2023-11-21T01:28:05+00:00","og_image":[{"width":500,"height":500,"url":"https:\/\/linhlinhdan.com\/wp-content\/uploads\/2023\/09\/P-SERIES-SKU.jpg","type":"image\/jpeg"}],"twitter_card":"summary_large_image","twitter_misc":{"\u01af\u1edbc t\u00ednh th\u1eddi gian \u0111\u1ecdc":"1 ph\u00fat"},"schema":{"@context":"https:\/\/schema.org","@graph":[{"@type":"WebPage","@id":"https:\/\/linhlinhdan.com\/product\/sand-filter-series-p\/","url":"https:\/\/linhlinhdan.com\/product\/sand-filter-series-p\/","name":"SAND FILTER - SERIES P - Linh Linh Dan Store","isPartOf":{"@id":"https:\/\/linhlinhdan.com\/#website"},"datePublished":"2023-09-25T08:10:22+00:00","dateModified":"2023-11-21T01:28:05+00:00","breadcrumb":{"@id":"https:\/\/linhlinhdan.com\/product\/sand-filter-series-p\/#breadcrumb"},"inLanguage":"vi","potentialAction":[{"@type":"ReadAction","target":["https:\/\/linhlinhdan.com\/product\/sand-filter-series-p\/"]}]},{"@type":"BreadcrumbList","@id":"https:\/\/linhlinhdan.com\/product\/sand-filter-series-p\/#breadcrumb","itemListElement":[{"@type":"ListItem","position":1,"name":"Home","item":"https:\/\/linhlinhdan.com\/"},{"@type":"ListItem","position":2,"name":"PRODUCTS","item":"https:\/\/linhlinhdan.com\/maintenance-products\/"},{"@type":"ListItem","position":3,"name":"SAND FILTER &#8211; SERIES P"}]},{"@type":"WebSite","@id":"https:\/\/linhlinhdan.com\/#website","url":"https:\/\/linhlinhdan.com\/","name":"Linh Linh Dan Store","description":"","potentialAction":[{"@type":"SearchAction","target":{"@type":"EntryPoint","urlTemplate":"https:\/\/linhlinhdan.com\/?s={search_term_string}"},"query-input":"required name=search_term_string"}],"inLanguage":"vi"}]}},"_links":{"self":[{"href":"https:\/\/linhlinhdan.com\/vi\/wp-json\/wp\/v2\/product\/2848","targetHints":{"allow":["GET"]}}],"collection":[{"href":"https:\/\/linhlinhdan.com\/vi\/wp-json\/wp\/v2\/product"}],"about":[{"href":"https:\/\/linhlinhdan.com\/vi\/wp-json\/wp\/v2\/types\/product"}],"wp:featuredmedia":[{"embeddable":true,"href":"https:\/\/linhlinhdan.com\/vi\/wp-json\/wp\/v2\/media\/2849"}],"wp:attachment":[{"href":"https:\/\/linhlinhdan.com\/vi\/wp-json\/wp\/v2\/media?parent=2848"}],"wp:term":[{"taxonomy":"product_cat","embeddable":true,"href":"https:\/\/linhlinhdan.com\/vi\/wp-json\/wp\/v2\/product_cat?post=2848"},{"taxonomy":"product_tag","embeddable":true,"href":"https:\/\/linhlinhdan.com\/vi\/wp-json\/wp\/v2\/product_tag?post=2848"}],"curies":[{"name":"wp","href":"https:\/\/api.w.org\/{rel}","templated":true}]}}