{"id":2878,"date":"2023-09-25T15:33:38","date_gmt":"2023-09-25T08:33:38","guid":{"rendered":"https:\/\/store.linhlinhdan.demo.servisense.agency\/?post_type=product&#038;p=2878"},"modified":"2023-11-21T08:31:13","modified_gmt":"2023-11-21T01:31:13","slug":"pools-pump-sb","status":"publish","type":"product","link":"https:\/\/linhlinhdan.com\/vi\/san-pham\/pools-pump-sb\/","title":{"rendered":"M\u00e1y b\u01a1m h\u1ed3 b\u01a1i SB"},"content":{"rendered":"<p class=\" translation-block\">T\u00ean s\u1ea3n ph\u1ea9m: M\u00e1y b\u01a1m h\u1ed3 b\u01a1i<br>\nM\u00e3 s\u1ea3n ph\u1ea9m: SB<br>\nH\u00e3ng s\u1ea3n xu\u1ea5t: Emaux - China<br> \nM\u00e1y b\u01a1m d\u00f2ng SB mang l\u1ea1i d\u00f2ng ch\u1ea3y cao, ti\u1ebft ki\u1ec7m n\u0103ng l\u01b0\u1ee3ng.<br>\nC\u1ed5ng h\u00fat v\u00e0 x\u1ea3 2 inch c\u00f3 n\u1eafp trong su\u1ed1t.<br>\nThi\u1ebft k\u1ebf v\u00f2ng \u0111\u1ec7m k\u00edn \u0111\u1ec3 lo\u1ea1i b\u1ecf r\u00f2 r\u1ec9 h\u00fat v\u00e0 t\u1ed1i \u0111a h\u00f3a hi\u1ec7u qu\u1ea3 h\u00fat.<br>\nT\u00ednh n\u0103ng s\u1ea3n ph\u1ea9m<br>\n- C\u1ed5ng h\u00fat v\u00e0 x\u1ea3 2 inch<br>\n- N\u1eafp kh\u00f3a v\u00f2ng gi\u00fap lo\u1ea1i b\u1ecf r\u00f2 r\u1ec9 v\u00e0 t\u1ed1i \u0111a h\u00f3a hi\u1ec7u qu\u1ea3 h\u00fat<br>\n- L\u1edbp c\u00e1ch nhi\u1ec7t: 130(B)<br>\n- Ti\u00eau chu\u1ea9n ch\u1ed1ng n\u01b0\u1edbc IPX5<br>\n- T\u00edch h\u1ee3p b\u1ea3o v\u1ec7 nhi\u1ec7t<br>\n- B\u1ea3o v\u1ec7 qu\u00e1 t\u1ea3i<br>\n- \u0110i\u1ec7n \u00e1p 50Hz ho\u1eb7c 60Hz - 220V\/380V<br>\n- C\u00e1c kh\u1edbp n\u1ed1i \u0111\u01b0\u1ee3c thi\u1ebft k\u1ebf \u0111\u1eb7c bi\u1ec7t t\u01b0\u01a1ng th\u00edch v\u1edbi c\u1ea3 ti\u00eau chu\u1ea9n Imperial v\u00e0 Metric<br>\n- \u00c1p su\u1ea5t th\u1eed (50PSI \/ 3.5Bar)<br>\n- Tr\u1ee5c th\u00e9p kh\u00f4ng r\u1ec9 inox 316<br>\n- Ph\u1ed1t th\u00e9p kh\u00f4ng r\u1ec9 inox 316<\/p>","protected":false},"excerpt":{"rendered":"<p class=\" translation-block\">T\u00ean s\u1ea3n ph\u1ea9m: M\u00e1y b\u01a1m h\u1ed3 b\u01a1i<br>\nM\u00e3 s\u1ea3n ph\u1ea9m: SB<br>\nH\u00e3ng s\u1ea3n xu\u1ea5t: Emaux - China<br><\/p>","protected":false},"featured_media":2879,"template":"","meta":[],"product_cat":[57,114,115],"product_tag":[],"class_list":["post-2878","product","type-product","status-publish","has-post-thumbnail","hentry","product_cat-pump-counter-current","product_cat-emaux-pump-counter-curent","product_cat-filtration-pump-emaux-pump-counter-curent"],"yoast_head":"<!-- This site is optimized with the Yoast SEO plugin v20.13 - https:\/\/yoast.com\/wordpress\/plugins\/seo\/ -->\n<title>POOLS PUMP SB - Linh Linh Dan Store<\/title>\n<meta name=\"robots\" content=\"index, follow, max-snippet:-1, max-image-preview:large, max-video-preview:-1\" \/>\n<link rel=\"canonical\" href=\"https:\/\/linhlinhdan.com\/vi\/san-pham\/pools-pump-sb\/\" \/>\n<meta property=\"og:locale\" content=\"vi_VN\" \/>\n<meta property=\"og:type\" content=\"article\" \/>\n<meta property=\"og:title\" content=\"POOLS PUMP SB - Linh Linh Dan Store\" \/>\n<meta property=\"og:description\" content=\"Product Name: Pools Pump Model : SB Origin: Emaux - China\" \/>\n<meta property=\"og:url\" content=\"https:\/\/linhlinhdan.com\/vi\/san-pham\/pools-pump-sb\/\" \/>\n<meta property=\"og:site_name\" content=\"Linh Linh Dan Store\" \/>\n<meta property=\"article:modified_time\" content=\"2023-11-21T01:31:13+00:00\" \/>\n<meta property=\"og:image\" content=\"https:\/\/linhlinhdan.com\/wp-content\/uploads\/2023\/09\/BOMSB-SKU-1.jpg\" \/>\n\t<meta property=\"og:image:width\" content=\"500\" \/>\n\t<meta property=\"og:image:height\" content=\"500\" \/>\n\t<meta property=\"og:image:type\" content=\"image\/jpeg\" \/>\n<meta name=\"twitter:card\" content=\"summary_large_image\" \/>\n<meta name=\"twitter:label1\" content=\"\u01af\u1edbc t\u00ednh th\u1eddi gian \u0111\u1ecdc\" \/>\n\t<meta name=\"twitter:data1\" content=\"1 ph\u00fat\" \/>\n<script type=\"application\/ld+json\" class=\"yoast-schema-graph\">{\"@context\":\"https:\/\/schema.org\",\"@graph\":[{\"@type\":\"WebPage\",\"@id\":\"https:\/\/linhlinhdan.com\/product\/pools-pump-sb\/\",\"url\":\"https:\/\/linhlinhdan.com\/product\/pools-pump-sb\/\",\"name\":\"POOLS PUMP SB - Linh Linh Dan Store\",\"isPartOf\":{\"@id\":\"https:\/\/linhlinhdan.com\/#website\"},\"datePublished\":\"2023-09-25T08:33:38+00:00\",\"dateModified\":\"2023-11-21T01:31:13+00:00\",\"breadcrumb\":{\"@id\":\"https:\/\/linhlinhdan.com\/product\/pools-pump-sb\/#breadcrumb\"},\"inLanguage\":\"vi\",\"potentialAction\":[{\"@type\":\"ReadAction\",\"target\":[\"https:\/\/linhlinhdan.com\/product\/pools-pump-sb\/\"]}]},{\"@type\":\"BreadcrumbList\",\"@id\":\"https:\/\/linhlinhdan.com\/product\/pools-pump-sb\/#breadcrumb\",\"itemListElement\":[{\"@type\":\"ListItem\",\"position\":1,\"name\":\"Home\",\"item\":\"https:\/\/linhlinhdan.com\/\"},{\"@type\":\"ListItem\",\"position\":2,\"name\":\"PRODUCTS\",\"item\":\"https:\/\/linhlinhdan.com\/maintenance-products\/\"},{\"@type\":\"ListItem\",\"position\":3,\"name\":\"POOLS PUMP SB\"}]},{\"@type\":\"WebSite\",\"@id\":\"https:\/\/linhlinhdan.com\/#website\",\"url\":\"https:\/\/linhlinhdan.com\/\",\"name\":\"Linh Linh Dan Store\",\"description\":\"\",\"potentialAction\":[{\"@type\":\"SearchAction\",\"target\":{\"@type\":\"EntryPoint\",\"urlTemplate\":\"https:\/\/linhlinhdan.com\/?s={search_term_string}\"},\"query-input\":\"required name=search_term_string\"}],\"inLanguage\":\"vi\"}]}<\/script>\n<!-- \/ Yoast SEO plugin. -->","yoast_head_json":{"title":"POOLS PUMP SB - Linh Linh Dan Store","robots":{"index":"index","follow":"follow","max-snippet":"max-snippet:-1","max-image-preview":"max-image-preview:large","max-video-preview":"max-video-preview:-1"},"canonical":"https:\/\/linhlinhdan.com\/vi\/san-pham\/pools-pump-sb\/","og_locale":"vi_VN","og_type":"article","og_title":"POOLS PUMP SB - Linh Linh Dan Store","og_description":"Product Name: Pools Pump Model : SB Origin: Emaux - China","og_url":"https:\/\/linhlinhdan.com\/vi\/san-pham\/pools-pump-sb\/","og_site_name":"Linh Linh Dan Store","article_modified_time":"2023-11-21T01:31:13+00:00","og_image":[{"width":500,"height":500,"url":"https:\/\/linhlinhdan.com\/wp-content\/uploads\/2023\/09\/BOMSB-SKU-1.jpg","type":"image\/jpeg"}],"twitter_card":"summary_large_image","twitter_misc":{"\u01af\u1edbc t\u00ednh th\u1eddi gian \u0111\u1ecdc":"1 ph\u00fat"},"schema":{"@context":"https:\/\/schema.org","@graph":[{"@type":"WebPage","@id":"https:\/\/linhlinhdan.com\/product\/pools-pump-sb\/","url":"https:\/\/linhlinhdan.com\/product\/pools-pump-sb\/","name":"POOLS PUMP SB - Linh Linh Dan Store","isPartOf":{"@id":"https:\/\/linhlinhdan.com\/#website"},"datePublished":"2023-09-25T08:33:38+00:00","dateModified":"2023-11-21T01:31:13+00:00","breadcrumb":{"@id":"https:\/\/linhlinhdan.com\/product\/pools-pump-sb\/#breadcrumb"},"inLanguage":"vi","potentialAction":[{"@type":"ReadAction","target":["https:\/\/linhlinhdan.com\/product\/pools-pump-sb\/"]}]},{"@type":"BreadcrumbList","@id":"https:\/\/linhlinhdan.com\/product\/pools-pump-sb\/#breadcrumb","itemListElement":[{"@type":"ListItem","position":1,"name":"Home","item":"https:\/\/linhlinhdan.com\/"},{"@type":"ListItem","position":2,"name":"PRODUCTS","item":"https:\/\/linhlinhdan.com\/maintenance-products\/"},{"@type":"ListItem","position":3,"name":"POOLS PUMP SB"}]},{"@type":"WebSite","@id":"https:\/\/linhlinhdan.com\/#website","url":"https:\/\/linhlinhdan.com\/","name":"Linh Linh Dan Store","description":"","potentialAction":[{"@type":"SearchAction","target":{"@type":"EntryPoint","urlTemplate":"https:\/\/linhlinhdan.com\/?s={search_term_string}"},"query-input":"required name=search_term_string"}],"inLanguage":"vi"}]}},"_links":{"self":[{"href":"https:\/\/linhlinhdan.com\/vi\/wp-json\/wp\/v2\/product\/2878","targetHints":{"allow":["GET"]}}],"collection":[{"href":"https:\/\/linhlinhdan.com\/vi\/wp-json\/wp\/v2\/product"}],"about":[{"href":"https:\/\/linhlinhdan.com\/vi\/wp-json\/wp\/v2\/types\/product"}],"wp:featuredmedia":[{"embeddable":true,"href":"https:\/\/linhlinhdan.com\/vi\/wp-json\/wp\/v2\/media\/2879"}],"wp:attachment":[{"href":"https:\/\/linhlinhdan.com\/vi\/wp-json\/wp\/v2\/media?parent=2878"}],"wp:term":[{"taxonomy":"product_cat","embeddable":true,"href":"https:\/\/linhlinhdan.com\/vi\/wp-json\/wp\/v2\/product_cat?post=2878"},{"taxonomy":"product_tag","embeddable":true,"href":"https:\/\/linhlinhdan.com\/vi\/wp-json\/wp\/v2\/product_tag?post=2878"}],"curies":[{"name":"wp","href":"https:\/\/api.w.org\/{rel}","templated":true}]}}