{"id":3077,"date":"2023-10-20T10:08:02","date_gmt":"2023-10-20T03:08:02","guid":{"rendered":"https:\/\/store.linhlinhdan.demo.servisense.agency\/?post_type=product&#038;p=3077"},"modified":"2023-11-20T10:18:27","modified_gmt":"2023-11-20T03:18:27","slug":"salt-electrolysis-machine","status":"publish","type":"product","link":"https:\/\/linhlinhdan.com\/vi\/san-pham\/salt-electrolysis-machine\/","title":{"rendered":"M\u00e1y \u0111i\u1ec7n ph\u00e2n mu\u1ed1i"},"content":{"rendered":"<p class=\" translation-block\">T\u00ean s\u1ea3n ph\u1ea9m: M\u00e1y \u0111i\u1ec7n ph\u00e2n mu\u1ed1i<br>\nM\u00e3 s\u1ea3n ph\u1ea9m: SSC<br>\nH\u00e3ng sx: Emaux - China<br> \n   Kh\u1eed tr\u00f9ng b\u1eb1ng clo b\u1eb1ng mu\u1ed1i l\u00e0 ph\u01b0\u01a1ng ph\u00e1p kh\u1eed tr\u00f9ng h\u1ed3 b\u01a1i b\u1eb1ng clo \u0111\u01b0\u1ee3c t\u1ea1o ra b\u1eb1ng qu\u00e1 tr\u00ecnh \u0111i\u1ec7n ph\u00e2n.<br>\n   Qu\u00e1 tr\u00ecnh \u0111i\u1ec7n ph\u00e2n \u0111\u1ea1t \u0111\u01b0\u1ee3c b\u1eb1ng c\u00e1ch cho dung d\u1ecbch n\u01b0\u1edbc m\u1eb7n \u0111i qua m\u1ed9t \u0111i\u1ec7n t\u00edch y\u1ebfu trong m\u1ed9t t\u1ebf b\u00e0o \u0111i\u1ec7n ph\u00e2n, n\u00f3 chuy\u1ec3n natri clorua (mu\u1ed1i) trong n\u01b0\u1edbc th\u00e0nh kh\u00ed clo.<br>\n   Kh\u00ed \u0111\u01b0\u1ee3c h\u00f2a tan trong n\u01b0\u1edbc v\u00e0 tr\u1edf th\u00e0nh natri hypoclorit (clo l\u1ecfng).<br>  \n   C\u00f4ng ngh\u1ec7 n\u01b0\u1edbc m\u1eb7n an to\u00e0n v\u00e0 th\u00e2n thi\u1ec7n v\u1edbi m\u00f4i tr\u01b0\u1eddng mang \u0111\u1ebfn cho b\u1ea1n:<br>\n- Th\u01b0 gi\u00e3n: H\u1ed3 b\u01a1i c\u1ee7a b\u1ea1n \u0111\u01b0\u1ee3c t\u1ef1 \u0111\u1ed9ng kh\u1eed tr\u00f9ng<br>\n- An to\u00e0n: Gi\u1ea3m \u0111\u00e1ng k\u1ec3 nhu c\u1ea7u l\u01b0u tr\u1eef v\u00e0 x\u1eed l\u00fd clo<br>\n- S\u1ee9c kh\u1ecfe v\u00e0 tinh th\u1ea7n: N\u01b0\u1edbc m\u1eb7n kh\u00f4ng g\u00e2y k\u00edch \u1ee9ng m\u1eaft v\u00e0 l\u00e0m kh\u00f4 da<br><\/p>","protected":false},"excerpt":{"rendered":"<p class=\" translation-block\">T\u00ean s\u1ea3n ph\u1ea9m: M\u00e1y \u0111i\u1ec7n ph\u00e2n mu\u1ed1i<br>\nM\u00e3 s\u1ea3n ph\u1ea9m: SSC<br>\nH\u00e3ng sx: Emaux - China<br><\/p>","protected":false},"featured_media":3078,"template":"","meta":[],"product_cat":[75],"product_tag":[],"class_list":["post-3077","product","type-product","status-publish","has-post-thumbnail","hentry","product_cat-water-treatment"],"yoast_head":"<!-- This site is optimized with the Yoast SEO plugin v20.13 - https:\/\/yoast.com\/wordpress\/plugins\/seo\/ -->\n<title>Salt Electrolysis Machine - Linh Linh Dan Store<\/title>\n<meta name=\"robots\" content=\"index, follow, max-snippet:-1, max-image-preview:large, max-video-preview:-1\" \/>\n<link rel=\"canonical\" href=\"https:\/\/linhlinhdan.com\/vi\/san-pham\/salt-electrolysis-machine\/\" \/>\n<meta property=\"og:locale\" content=\"vi_VN\" \/>\n<meta property=\"og:type\" content=\"article\" \/>\n<meta property=\"og:title\" content=\"Salt Electrolysis Machine - Linh Linh Dan Store\" \/>\n<meta property=\"og:description\" content=\"Product Name: Pools Pump Model: SSC Origin: Emaux - China\" \/>\n<meta property=\"og:url\" content=\"https:\/\/linhlinhdan.com\/vi\/san-pham\/salt-electrolysis-machine\/\" \/>\n<meta property=\"og:site_name\" content=\"Linh Linh Dan Store\" \/>\n<meta property=\"article:modified_time\" content=\"2023-11-20T03:18:27+00:00\" \/>\n<meta property=\"og:image\" content=\"https:\/\/linhlinhdan.com\/wp-content\/uploads\/2023\/10\/Poolspump-SKU.jpg\" \/>\n\t<meta property=\"og:image:width\" content=\"500\" \/>\n\t<meta property=\"og:image:height\" content=\"500\" \/>\n\t<meta property=\"og:image:type\" content=\"image\/jpeg\" \/>\n<meta name=\"twitter:card\" content=\"summary_large_image\" \/>\n<meta name=\"twitter:label1\" content=\"\u01af\u1edbc t\u00ednh th\u1eddi gian \u0111\u1ecdc\" \/>\n\t<meta name=\"twitter:data1\" content=\"1 ph\u00fat\" \/>\n<script type=\"application\/ld+json\" class=\"yoast-schema-graph\">{\"@context\":\"https:\/\/schema.org\",\"@graph\":[{\"@type\":\"WebPage\",\"@id\":\"https:\/\/linhlinhdan.com\/product\/salt-electrolysis-machine\/\",\"url\":\"https:\/\/linhlinhdan.com\/product\/salt-electrolysis-machine\/\",\"name\":\"Salt Electrolysis Machine - Linh Linh Dan Store\",\"isPartOf\":{\"@id\":\"https:\/\/linhlinhdan.com\/#website\"},\"datePublished\":\"2023-10-20T03:08:02+00:00\",\"dateModified\":\"2023-11-20T03:18:27+00:00\",\"breadcrumb\":{\"@id\":\"https:\/\/linhlinhdan.com\/product\/salt-electrolysis-machine\/#breadcrumb\"},\"inLanguage\":\"vi\",\"potentialAction\":[{\"@type\":\"ReadAction\",\"target\":[\"https:\/\/linhlinhdan.com\/product\/salt-electrolysis-machine\/\"]}]},{\"@type\":\"BreadcrumbList\",\"@id\":\"https:\/\/linhlinhdan.com\/product\/salt-electrolysis-machine\/#breadcrumb\",\"itemListElement\":[{\"@type\":\"ListItem\",\"position\":1,\"name\":\"Home\",\"item\":\"https:\/\/linhlinhdan.com\/\"},{\"@type\":\"ListItem\",\"position\":2,\"name\":\"PRODUCTS\",\"item\":\"https:\/\/linhlinhdan.com\/maintenance-products\/\"},{\"@type\":\"ListItem\",\"position\":3,\"name\":\"Salt Electrolysis Machine\"}]},{\"@type\":\"WebSite\",\"@id\":\"https:\/\/linhlinhdan.com\/#website\",\"url\":\"https:\/\/linhlinhdan.com\/\",\"name\":\"Linh Linh Dan Store\",\"description\":\"\",\"potentialAction\":[{\"@type\":\"SearchAction\",\"target\":{\"@type\":\"EntryPoint\",\"urlTemplate\":\"https:\/\/linhlinhdan.com\/?s={search_term_string}\"},\"query-input\":\"required name=search_term_string\"}],\"inLanguage\":\"vi\"}]}<\/script>\n<!-- \/ Yoast SEO plugin. -->","yoast_head_json":{"title":"Salt Electrolysis Machine - Linh Linh Dan Store","robots":{"index":"index","follow":"follow","max-snippet":"max-snippet:-1","max-image-preview":"max-image-preview:large","max-video-preview":"max-video-preview:-1"},"canonical":"https:\/\/linhlinhdan.com\/vi\/san-pham\/salt-electrolysis-machine\/","og_locale":"vi_VN","og_type":"article","og_title":"Salt Electrolysis Machine - Linh Linh Dan Store","og_description":"Product Name: Pools Pump Model: SSC Origin: Emaux - China","og_url":"https:\/\/linhlinhdan.com\/vi\/san-pham\/salt-electrolysis-machine\/","og_site_name":"Linh Linh Dan Store","article_modified_time":"2023-11-20T03:18:27+00:00","og_image":[{"width":500,"height":500,"url":"https:\/\/linhlinhdan.com\/wp-content\/uploads\/2023\/10\/Poolspump-SKU.jpg","type":"image\/jpeg"}],"twitter_card":"summary_large_image","twitter_misc":{"\u01af\u1edbc t\u00ednh th\u1eddi gian \u0111\u1ecdc":"1 ph\u00fat"},"schema":{"@context":"https:\/\/schema.org","@graph":[{"@type":"WebPage","@id":"https:\/\/linhlinhdan.com\/product\/salt-electrolysis-machine\/","url":"https:\/\/linhlinhdan.com\/product\/salt-electrolysis-machine\/","name":"Salt Electrolysis Machine - Linh Linh Dan Store","isPartOf":{"@id":"https:\/\/linhlinhdan.com\/#website"},"datePublished":"2023-10-20T03:08:02+00:00","dateModified":"2023-11-20T03:18:27+00:00","breadcrumb":{"@id":"https:\/\/linhlinhdan.com\/product\/salt-electrolysis-machine\/#breadcrumb"},"inLanguage":"vi","potentialAction":[{"@type":"ReadAction","target":["https:\/\/linhlinhdan.com\/product\/salt-electrolysis-machine\/"]}]},{"@type":"BreadcrumbList","@id":"https:\/\/linhlinhdan.com\/product\/salt-electrolysis-machine\/#breadcrumb","itemListElement":[{"@type":"ListItem","position":1,"name":"Home","item":"https:\/\/linhlinhdan.com\/"},{"@type":"ListItem","position":2,"name":"PRODUCTS","item":"https:\/\/linhlinhdan.com\/maintenance-products\/"},{"@type":"ListItem","position":3,"name":"Salt Electrolysis Machine"}]},{"@type":"WebSite","@id":"https:\/\/linhlinhdan.com\/#website","url":"https:\/\/linhlinhdan.com\/","name":"Linh Linh Dan Store","description":"","potentialAction":[{"@type":"SearchAction","target":{"@type":"EntryPoint","urlTemplate":"https:\/\/linhlinhdan.com\/?s={search_term_string}"},"query-input":"required name=search_term_string"}],"inLanguage":"vi"}]}},"_links":{"self":[{"href":"https:\/\/linhlinhdan.com\/vi\/wp-json\/wp\/v2\/product\/3077","targetHints":{"allow":["GET"]}}],"collection":[{"href":"https:\/\/linhlinhdan.com\/vi\/wp-json\/wp\/v2\/product"}],"about":[{"href":"https:\/\/linhlinhdan.com\/vi\/wp-json\/wp\/v2\/types\/product"}],"wp:featuredmedia":[{"embeddable":true,"href":"https:\/\/linhlinhdan.com\/vi\/wp-json\/wp\/v2\/media\/3078"}],"wp:attachment":[{"href":"https:\/\/linhlinhdan.com\/vi\/wp-json\/wp\/v2\/media?parent=3077"}],"wp:term":[{"taxonomy":"product_cat","embeddable":true,"href":"https:\/\/linhlinhdan.com\/vi\/wp-json\/wp\/v2\/product_cat?post=3077"},{"taxonomy":"product_tag","embeddable":true,"href":"https:\/\/linhlinhdan.com\/vi\/wp-json\/wp\/v2\/product_tag?post=3077"}],"curies":[{"name":"wp","href":"https:\/\/api.w.org\/{rel}","templated":true}]}}