{"id":3130,"date":"2023-11-28T10:51:41","date_gmt":"2023-11-28T03:51:41","guid":{"rendered":"https:\/\/store.linhlinhdan.demo.servisense.agency\/?post_type=product&#038;p=3130"},"modified":"2023-11-28T10:51:42","modified_gmt":"2023-11-28T03:51:42","slug":"14-flexible-pool-vacuum-head","status":"publish","type":"product","link":"https:\/\/linhlinhdan.com\/vi\/san-pham\/14-flexible-pool-vacuum-head\/","title":{"rendered":"B\u00e0n h\u00fat"},"content":{"rendered":"","protected":false},"excerpt":{"rendered":"<p class=\" translation-block\">T\u00ean s\u1ea3n ph\u1ea9m: B\u00e0n h\u00fat<br>\nB\u00e0n h\u00fat \u0111\u00e1y h\u1ed3 Emaux 14\".<br>\n\u0110\u01b0\u1ee3c l\u00e0m t\u1eeb nh\u1ef1a.<br>\nXu\u1ea5t x\u1ee9: Emaux - China<\/p>","protected":false},"featured_media":3138,"template":"","meta":[],"product_cat":[48,126],"product_tag":[],"class_list":["post-3130","product","type-product","status-publish","has-post-thumbnail","hentry","product_cat-cleaning-products","product_cat-china"],"yoast_head":"<!-- This site is optimized with the Yoast SEO plugin v20.13 - https:\/\/yoast.com\/wordpress\/plugins\/seo\/ -->\n<title>14\u201d Flexible Pool Vacuum Head - Linh Linh Dan Store<\/title>\n<meta name=\"robots\" content=\"index, follow, max-snippet:-1, max-image-preview:large, max-video-preview:-1\" \/>\n<link rel=\"canonical\" href=\"https:\/\/linhlinhdan.com\/vi\/san-pham\/14-flexible-pool-vacuum-head\/\" \/>\n<meta property=\"og:locale\" content=\"vi_VN\" \/>\n<meta property=\"og:type\" content=\"article\" \/>\n<meta property=\"og:title\" content=\"14\u201d Flexible Pool Vacuum Head - Linh Linh Dan Store\" \/>\n<meta property=\"og:description\" content=\"Product Name: 14\u201d Flexible Pool Vacuum Head Made of plastic. 14&quot; Flexible Vaccum Head Origin: Emaux - China\" \/>\n<meta property=\"og:url\" content=\"https:\/\/linhlinhdan.com\/vi\/san-pham\/14-flexible-pool-vacuum-head\/\" \/>\n<meta property=\"og:site_name\" content=\"Linh Linh Dan Store\" \/>\n<meta property=\"article:modified_time\" content=\"2023-11-28T03:51:42+00:00\" \/>\n<meta property=\"og:image\" content=\"https:\/\/linhlinhdan.com\/wp-content\/uploads\/2023\/11\/14-Flexible-Pool-Vacuum-Head.SKU_.jpg\" \/>\n\t<meta property=\"og:image:width\" content=\"500\" \/>\n\t<meta property=\"og:image:height\" content=\"500\" \/>\n\t<meta property=\"og:image:type\" content=\"image\/jpeg\" \/>\n<meta name=\"twitter:card\" content=\"summary_large_image\" \/>\n<script type=\"application\/ld+json\" class=\"yoast-schema-graph\">{\"@context\":\"https:\/\/schema.org\",\"@graph\":[{\"@type\":\"WebPage\",\"@id\":\"https:\/\/linhlinhdan.com\/product\/14-flexible-pool-vacuum-head\/\",\"url\":\"https:\/\/linhlinhdan.com\/product\/14-flexible-pool-vacuum-head\/\",\"name\":\"14\u201d Flexible Pool Vacuum Head - Linh Linh Dan Store\",\"isPartOf\":{\"@id\":\"https:\/\/linhlinhdan.com\/#website\"},\"datePublished\":\"2023-11-28T03:51:41+00:00\",\"dateModified\":\"2023-11-28T03:51:42+00:00\",\"breadcrumb\":{\"@id\":\"https:\/\/linhlinhdan.com\/product\/14-flexible-pool-vacuum-head\/#breadcrumb\"},\"inLanguage\":\"vi\",\"potentialAction\":[{\"@type\":\"ReadAction\",\"target\":[\"https:\/\/linhlinhdan.com\/product\/14-flexible-pool-vacuum-head\/\"]}]},{\"@type\":\"BreadcrumbList\",\"@id\":\"https:\/\/linhlinhdan.com\/product\/14-flexible-pool-vacuum-head\/#breadcrumb\",\"itemListElement\":[{\"@type\":\"ListItem\",\"position\":1,\"name\":\"Home\",\"item\":\"https:\/\/linhlinhdan.com\/\"},{\"@type\":\"ListItem\",\"position\":2,\"name\":\"PRODUCTS\",\"item\":\"https:\/\/linhlinhdan.com\/maintenance-products\/\"},{\"@type\":\"ListItem\",\"position\":3,\"name\":\"14\u201d Flexible Pool Vacuum Head\"}]},{\"@type\":\"WebSite\",\"@id\":\"https:\/\/linhlinhdan.com\/#website\",\"url\":\"https:\/\/linhlinhdan.com\/\",\"name\":\"Linh Linh Dan Store\",\"description\":\"\",\"potentialAction\":[{\"@type\":\"SearchAction\",\"target\":{\"@type\":\"EntryPoint\",\"urlTemplate\":\"https:\/\/linhlinhdan.com\/?s={search_term_string}\"},\"query-input\":\"required name=search_term_string\"}],\"inLanguage\":\"vi\"}]}<\/script>\n<!-- \/ Yoast SEO plugin. -->","yoast_head_json":{"title":"14\u201d Flexible Pool Vacuum Head - Linh Linh Dan Store","robots":{"index":"index","follow":"follow","max-snippet":"max-snippet:-1","max-image-preview":"max-image-preview:large","max-video-preview":"max-video-preview:-1"},"canonical":"https:\/\/linhlinhdan.com\/vi\/san-pham\/14-flexible-pool-vacuum-head\/","og_locale":"vi_VN","og_type":"article","og_title":"14\u201d Flexible Pool Vacuum Head - Linh Linh Dan Store","og_description":"Product Name: 14\u201d Flexible Pool Vacuum Head Made of plastic. 14\" Flexible Vaccum Head Origin: Emaux - China","og_url":"https:\/\/linhlinhdan.com\/vi\/san-pham\/14-flexible-pool-vacuum-head\/","og_site_name":"Linh Linh Dan Store","article_modified_time":"2023-11-28T03:51:42+00:00","og_image":[{"width":500,"height":500,"url":"https:\/\/linhlinhdan.com\/wp-content\/uploads\/2023\/11\/14-Flexible-Pool-Vacuum-Head.SKU_.jpg","type":"image\/jpeg"}],"twitter_card":"summary_large_image","schema":{"@context":"https:\/\/schema.org","@graph":[{"@type":"WebPage","@id":"https:\/\/linhlinhdan.com\/product\/14-flexible-pool-vacuum-head\/","url":"https:\/\/linhlinhdan.com\/product\/14-flexible-pool-vacuum-head\/","name":"14\u201d Flexible Pool Vacuum Head - Linh Linh Dan Store","isPartOf":{"@id":"https:\/\/linhlinhdan.com\/#website"},"datePublished":"2023-11-28T03:51:41+00:00","dateModified":"2023-11-28T03:51:42+00:00","breadcrumb":{"@id":"https:\/\/linhlinhdan.com\/product\/14-flexible-pool-vacuum-head\/#breadcrumb"},"inLanguage":"vi","potentialAction":[{"@type":"ReadAction","target":["https:\/\/linhlinhdan.com\/product\/14-flexible-pool-vacuum-head\/"]}]},{"@type":"BreadcrumbList","@id":"https:\/\/linhlinhdan.com\/product\/14-flexible-pool-vacuum-head\/#breadcrumb","itemListElement":[{"@type":"ListItem","position":1,"name":"Home","item":"https:\/\/linhlinhdan.com\/"},{"@type":"ListItem","position":2,"name":"PRODUCTS","item":"https:\/\/linhlinhdan.com\/maintenance-products\/"},{"@type":"ListItem","position":3,"name":"14\u201d Flexible Pool Vacuum Head"}]},{"@type":"WebSite","@id":"https:\/\/linhlinhdan.com\/#website","url":"https:\/\/linhlinhdan.com\/","name":"Linh Linh Dan Store","description":"","potentialAction":[{"@type":"SearchAction","target":{"@type":"EntryPoint","urlTemplate":"https:\/\/linhlinhdan.com\/?s={search_term_string}"},"query-input":"required name=search_term_string"}],"inLanguage":"vi"}]}},"_links":{"self":[{"href":"https:\/\/linhlinhdan.com\/vi\/wp-json\/wp\/v2\/product\/3130","targetHints":{"allow":["GET"]}}],"collection":[{"href":"https:\/\/linhlinhdan.com\/vi\/wp-json\/wp\/v2\/product"}],"about":[{"href":"https:\/\/linhlinhdan.com\/vi\/wp-json\/wp\/v2\/types\/product"}],"wp:featuredmedia":[{"embeddable":true,"href":"https:\/\/linhlinhdan.com\/vi\/wp-json\/wp\/v2\/media\/3138"}],"wp:attachment":[{"href":"https:\/\/linhlinhdan.com\/vi\/wp-json\/wp\/v2\/media?parent=3130"}],"wp:term":[{"taxonomy":"product_cat","embeddable":true,"href":"https:\/\/linhlinhdan.com\/vi\/wp-json\/wp\/v2\/product_cat?post=3130"},{"taxonomy":"product_tag","embeddable":true,"href":"https:\/\/linhlinhdan.com\/vi\/wp-json\/wp\/v2\/product_tag?post=3130"}],"curies":[{"name":"wp","href":"https:\/\/api.w.org\/{rel}","templated":true}]}}