{"id":3143,"date":"2023-11-28T10:59:01","date_gmt":"2023-11-28T03:59:01","guid":{"rendered":"https:\/\/store.linhlinhdan.demo.servisense.agency\/?post_type=product&#038;p=3143"},"modified":"2023-11-28T10:59:01","modified_gmt":"2023-11-28T03:59:01","slug":"stainless-steel-algae-brushes-9","status":"publish","type":"product","link":"https:\/\/linhlinhdan.com\/vi\/san-pham\/stainless-steel-algae-brushes-9\/","title":{"rendered":"B\u00e0n ch\u1ea3i ch\u00e0 r\u00eau 9''"},"content":{"rendered":"","protected":false},"excerpt":{"rendered":"<p class=\" translation-block\">B\u00e0n ch\u1ea3i ch\u00e0 r\u00eau \u0111\u01b0\u1ee3c l\u00e0m b\u1eb1ng th\u00e9p kh\u00f4ng g\u1ec9 AISI-316 ch\u1ed1ng n\u01b0\u1edbc m\u1eb7n v\u00e0 nh\u1ef1a ABS \u0111\u00e1ng tin c\u1eady. <br>\nXu\u1ea5t x\u1ee9: Emaux - China<\/p>","protected":false},"featured_media":3149,"template":"","meta":[],"product_cat":[48,126],"product_tag":[],"class_list":["post-3143","product","type-product","status-publish","has-post-thumbnail","hentry","product_cat-cleaning-products","product_cat-china"],"yoast_head":"<!-- This site is optimized with the Yoast SEO plugin v20.13 - https:\/\/yoast.com\/wordpress\/plugins\/seo\/ -->\n<title>Stainless Steel Algae Brushes 9&quot; - Linh Linh Dan Store<\/title>\n<meta name=\"robots\" content=\"index, follow, max-snippet:-1, max-image-preview:large, max-video-preview:-1\" \/>\n<link rel=\"canonical\" href=\"https:\/\/linhlinhdan.com\/vi\/san-pham\/stainless-steel-algae-brushes-9\/\" \/>\n<meta property=\"og:locale\" content=\"vi_VN\" \/>\n<meta property=\"og:type\" content=\"article\" \/>\n<meta property=\"og:title\" content=\"Stainless Steel Algae Brushes 9&quot; - Linh Linh Dan Store\" \/>\n<meta property=\"og:description\" content=\"STAINLESS STEEL ALGAE BRUSHES 9&quot; Stainless steel algae brushes are made of reliable ABS and salt water resistant AISI-316 stainless steel. Used for scrubbing out stubborn algae that grows on the walls and in the grout of concrete pools. Designed to be attached to a telescopic pole. Origin: Emaux - China\" \/>\n<meta property=\"og:url\" content=\"https:\/\/linhlinhdan.com\/vi\/san-pham\/stainless-steel-algae-brushes-9\/\" \/>\n<meta property=\"og:site_name\" content=\"Linh Linh Dan Store\" \/>\n<meta property=\"og:image\" content=\"https:\/\/linhlinhdan.com\/wp-content\/uploads\/2023\/11\/STAINLESS-STEEL-ALGAE-BRUSHES-9.SKU_.jpg\" \/>\n\t<meta property=\"og:image:width\" content=\"500\" \/>\n\t<meta property=\"og:image:height\" content=\"500\" \/>\n\t<meta property=\"og:image:type\" content=\"image\/jpeg\" \/>\n<meta name=\"twitter:card\" content=\"summary_large_image\" \/>\n<script type=\"application\/ld+json\" class=\"yoast-schema-graph\">{\"@context\":\"https:\/\/schema.org\",\"@graph\":[{\"@type\":\"WebPage\",\"@id\":\"https:\/\/linhlinhdan.com\/product\/stainless-steel-algae-brushes-9\/\",\"url\":\"https:\/\/linhlinhdan.com\/product\/stainless-steel-algae-brushes-9\/\",\"name\":\"Stainless Steel Algae Brushes 9\\\" - Linh Linh Dan Store\",\"isPartOf\":{\"@id\":\"https:\/\/linhlinhdan.com\/#website\"},\"datePublished\":\"2023-11-28T03:59:01+00:00\",\"dateModified\":\"2023-11-28T03:59:01+00:00\",\"breadcrumb\":{\"@id\":\"https:\/\/linhlinhdan.com\/product\/stainless-steel-algae-brushes-9\/#breadcrumb\"},\"inLanguage\":\"vi\",\"potentialAction\":[{\"@type\":\"ReadAction\",\"target\":[\"https:\/\/linhlinhdan.com\/product\/stainless-steel-algae-brushes-9\/\"]}]},{\"@type\":\"BreadcrumbList\",\"@id\":\"https:\/\/linhlinhdan.com\/product\/stainless-steel-algae-brushes-9\/#breadcrumb\",\"itemListElement\":[{\"@type\":\"ListItem\",\"position\":1,\"name\":\"Home\",\"item\":\"https:\/\/linhlinhdan.com\/\"},{\"@type\":\"ListItem\",\"position\":2,\"name\":\"PRODUCTS\",\"item\":\"https:\/\/linhlinhdan.com\/maintenance-products\/\"},{\"@type\":\"ListItem\",\"position\":3,\"name\":\"Stainless Steel Algae Brushes 9&#8243;\"}]},{\"@type\":\"WebSite\",\"@id\":\"https:\/\/linhlinhdan.com\/#website\",\"url\":\"https:\/\/linhlinhdan.com\/\",\"name\":\"Linh Linh Dan Store\",\"description\":\"\",\"potentialAction\":[{\"@type\":\"SearchAction\",\"target\":{\"@type\":\"EntryPoint\",\"urlTemplate\":\"https:\/\/linhlinhdan.com\/?s={search_term_string}\"},\"query-input\":\"required name=search_term_string\"}],\"inLanguage\":\"vi\"}]}<\/script>\n<!-- \/ Yoast SEO plugin. -->","yoast_head_json":{"title":"Stainless Steel Algae Brushes 9\" - Linh Linh Dan Store","robots":{"index":"index","follow":"follow","max-snippet":"max-snippet:-1","max-image-preview":"max-image-preview:large","max-video-preview":"max-video-preview:-1"},"canonical":"https:\/\/linhlinhdan.com\/vi\/san-pham\/stainless-steel-algae-brushes-9\/","og_locale":"vi_VN","og_type":"article","og_title":"Stainless Steel Algae Brushes 9\" - Linh Linh Dan Store","og_description":"STAINLESS STEEL ALGAE BRUSHES 9\" Stainless steel algae brushes are made of reliable ABS and salt water resistant AISI-316 stainless steel. Used for scrubbing out stubborn algae that grows on the walls and in the grout of concrete pools. Designed to be attached to a telescopic pole. Origin: Emaux - China","og_url":"https:\/\/linhlinhdan.com\/vi\/san-pham\/stainless-steel-algae-brushes-9\/","og_site_name":"Linh Linh Dan Store","og_image":[{"width":500,"height":500,"url":"https:\/\/linhlinhdan.com\/wp-content\/uploads\/2023\/11\/STAINLESS-STEEL-ALGAE-BRUSHES-9.SKU_.jpg","type":"image\/jpeg"}],"twitter_card":"summary_large_image","schema":{"@context":"https:\/\/schema.org","@graph":[{"@type":"WebPage","@id":"https:\/\/linhlinhdan.com\/product\/stainless-steel-algae-brushes-9\/","url":"https:\/\/linhlinhdan.com\/product\/stainless-steel-algae-brushes-9\/","name":"Stainless Steel Algae Brushes 9\" - Linh Linh Dan Store","isPartOf":{"@id":"https:\/\/linhlinhdan.com\/#website"},"datePublished":"2023-11-28T03:59:01+00:00","dateModified":"2023-11-28T03:59:01+00:00","breadcrumb":{"@id":"https:\/\/linhlinhdan.com\/product\/stainless-steel-algae-brushes-9\/#breadcrumb"},"inLanguage":"vi","potentialAction":[{"@type":"ReadAction","target":["https:\/\/linhlinhdan.com\/product\/stainless-steel-algae-brushes-9\/"]}]},{"@type":"BreadcrumbList","@id":"https:\/\/linhlinhdan.com\/product\/stainless-steel-algae-brushes-9\/#breadcrumb","itemListElement":[{"@type":"ListItem","position":1,"name":"Home","item":"https:\/\/linhlinhdan.com\/"},{"@type":"ListItem","position":2,"name":"PRODUCTS","item":"https:\/\/linhlinhdan.com\/maintenance-products\/"},{"@type":"ListItem","position":3,"name":"Stainless Steel Algae Brushes 9&#8243;"}]},{"@type":"WebSite","@id":"https:\/\/linhlinhdan.com\/#website","url":"https:\/\/linhlinhdan.com\/","name":"Linh Linh Dan Store","description":"","potentialAction":[{"@type":"SearchAction","target":{"@type":"EntryPoint","urlTemplate":"https:\/\/linhlinhdan.com\/?s={search_term_string}"},"query-input":"required name=search_term_string"}],"inLanguage":"vi"}]}},"_links":{"self":[{"href":"https:\/\/linhlinhdan.com\/vi\/wp-json\/wp\/v2\/product\/3143","targetHints":{"allow":["GET"]}}],"collection":[{"href":"https:\/\/linhlinhdan.com\/vi\/wp-json\/wp\/v2\/product"}],"about":[{"href":"https:\/\/linhlinhdan.com\/vi\/wp-json\/wp\/v2\/types\/product"}],"wp:featuredmedia":[{"embeddable":true,"href":"https:\/\/linhlinhdan.com\/vi\/wp-json\/wp\/v2\/media\/3149"}],"wp:attachment":[{"href":"https:\/\/linhlinhdan.com\/vi\/wp-json\/wp\/v2\/media?parent=3143"}],"wp:term":[{"taxonomy":"product_cat","embeddable":true,"href":"https:\/\/linhlinhdan.com\/vi\/wp-json\/wp\/v2\/product_cat?post=3143"},{"taxonomy":"product_tag","embeddable":true,"href":"https:\/\/linhlinhdan.com\/vi\/wp-json\/wp\/v2\/product_tag?post=3143"}],"curies":[{"name":"wp","href":"https:\/\/api.w.org\/{rel}","templated":true}]}}